{"id":2058,"date":"2019-11-22T16:38:57","date_gmt":"2019-11-23T00:38:57","guid":{"rendered":"http:\/\/serr.disabilityrightsca.org\/?page_id=2058"},"modified":"2021-02-07T21:43:15","modified_gmt":"2021-02-08T05:43:15","slug":"6-28-thong-tin-nao-phai-co-trong-thong-bao-ve-quyen-thuc-hien-thu-tuc-phap-ly","status":"publish","type":"page","link":"https:\/\/serr.disabilityrightsca.org\/vi\/serr-manual\/chuong-6-thong-tin-ve-thu-tuc-phap-ly-tuan-thu\/6-28-thong-tin-nao-phai-co-trong-thong-bao-ve-quyen-thuc-hien-thu-tuc-phap-ly\/","title":{"rendered":"(6.28) Th\u00f4ng tin n\u00e0o ph\u1ea3i c\u00f3 trong th\u00f4ng b\u00e1o v\u1ec1 quy\u1ec1n th\u1ef1c hi\u1ec7n th\u1ee7 t\u1ee5c ph\u00e1p l\u00fd?"},"content":{"rendered":"\n<p>Th\u00f4ng b\u00e1o v\u1ec1 quy\u1ec1n th\u1ef1c hi\u1ec7n th\u1ee7 t\u1ee5c ph\u00e1p l\u00fd ph\u1ea3i b\u1eb1ng ng\u00f4n ng\u1eef b\u1ea3n \u0111\u1ecba c\u1ee7a qu\u00fd v\u1ecb (tr\u1eeb khi h\u1ecdc khu r\u00f5 r\u00e0ng kh\u00f4ng th\u1ec3 th\u1ef1c hi\u1ec7n \u0111\u01b0\u1ee3c nh\u01b0 v\u1eady). Th\u00f4ng b\u00e1o ph\u1ea3i \u0111\u01b0\u1ee3c vi\u1ebft theo c\u00e1ch d\u1ec5 hi\u1ec3u v\u00e0 ph\u1ea3i gi\u1ea3i th\u00edch \u0111\u1ea7y \u0111\u1ee7 v\u1ec1 t\u1ea5t c\u1ea3 c\u00e1c n\u1ed9i dung sau:<\/p>\n\n\n\n<ul class=\"wp-block-list\"><li>Quy\u1ec1n c\u1ee7a qu\u00fd v\u1ecb \u0111\u01b0\u1ee3c c\u00f3 \u0111\u00e1nh gi\u00e1 gi\u00e1o d\u1ee5c \u0111\u1ed9c l\u1eadp (Xem Ch\u01b0\u01a1ng 2, <em>Th\u00f4ng tin v\u1ec1 \u0110\u00e1nh Gi\u00e1\/ Th\u1ea9m \u0110\u1ecbnh<\/em>);<\/li><li>Quy\u1ec1n c\u1ee7a qu\u00fd v\u1ecb \u0111\u01b0\u1ee3c th\u00f4ng b\u00e1o tr\u01b0\u1edbc b\u1eb1ng v\u0103n b\u1ea3n v\u1ec1 vi\u1ec7c thay \u0111\u1ed5i ho\u1eb7c t\u1eeb ch\u1ed1i thay \u0111\u1ed5i ch\u01b0\u01a1ng tr\u00ecnh ho\u1eb7c d\u1ecbch v\u1ee5;<\/li><li>Quy\u1ec1n c\u1ee7a qu\u00fd v\u1ecb \u0111\u01b0\u1ee3c \u0111\u1ed3ng \u00fd ho\u1eb7c kh\u00f4ng \u0111\u1ed3ng \u00fd \u0111\u1ed1i v\u1edbi th\u1ea9m \u0111\u1ecbnh, ch\u01b0\u01a1ng tr\u00ecnh v\u00e0\/ho\u1eb7c vi\u1ec7c x\u1ebfp l\u1edbp c\u1ee7a con qu\u00fd v\u1ecb;<\/li><li>Quy\u1ec1n c\u1ee7a qu\u00fd v\u1ecb \u0111\u01b0\u1ee3c xem h\u1ed3 s\u01a1 gi\u00e1o d\u1ee5c c\u1ee7a con qu\u00fd v\u1ecb;<\/li><li>Quy\u1ec1n c\u1ee7a qu\u00fd v\u1ecb \u0111\u01b0\u1ee3c y\u00eau c\u1ea7u ti\u1ebfn h\u00e0nh phi\u00ean \u0111i\u1ec1u tr\u1ea7n theo th\u1ee7 t\u1ee5c ph\u00e1p l\u00fd;<\/li><li>Quy\u1ec1n c\u1ee7a con qu\u00fd v\u1ecb \u0111\u01b0\u1ee3c duy tr\u00ec vi\u1ec7c x\u1ebfp l\u1edbp hi\u1ec7n t\u1ea1i trong th\u1eddi gian ch\u1edd x\u1eed l\u00fd theo th\u1ee7 t\u1ee5c ph\u00e1p l\u00fd;<\/li><li>C\u00e1c th\u1ee7 t\u1ee5c c\u1ee7a h\u1ecdc khu \u0111\u1ed1i v\u1edbi h\u1ecdc sinh \u0111\u01b0\u1ee3c nh\u00e2n vi\u00ean nh\u00e0 tr\u01b0\u1eddng ho\u1eb7c ALJ x\u1ebfp l\u1edbp t\u1ea1i c\u00e1c \u201cm\u00f4i tr\u01b0\u1eddng gi\u00e1o d\u1ee5c thay th\u1ebf\u201d t\u1ea1m th\u1eddi trong th\u1eddi gian h\u1ea1n ch\u1ebf;<\/li><li>C\u00e1c y\u00eau c\u1ea7u trong th\u1eddi \u0111i\u1ec3m qu\u00fd v\u1ecb mu\u1ed1n \u0111\u0103ng k\u00fd cho con theo h\u1ecdc t\u1ea1i tr\u01b0\u1eddng t\u01b0 v\u00e0 t\u00ecm ki\u1ebfm ngu\u1ed3n t\u00e0i ch\u00ednh c\u00f4ng;<\/li><li>T\u00ednh s\u1eb5n c\u00f3 c\u1ee7a bi\u1ec7n ph\u00e1p h\u00f2a gi\u1ea3i v\u00e0 th\u1ee7 t\u1ee5c h\u00f2a gi\u1ea3i;<\/li><li>C\u00e1c th\u1ee7 t\u1ee5c li\u00ean quan \u0111\u1ebfn th\u1ee7 t\u1ee5c ph\u00e1p l\u00fd, bao g\u1ed3m y\u00eau c\u1ea7u t\u1ea5t c\u1ea3 c\u00e1c k\u1ebft qu\u1ea3 \u0111\u00e1nh gi\u00e1 v\u00e0 khuy\u1ebfn ngh\u1ecb ph\u1ea3i \u0111\u01b0\u1ee3c ph\u1ee5 huynh th\u00f4ng b\u00e1o cho h\u1ecdc khu v\u00e0 h\u1ecdc khu th\u00f4ng b\u00e1o cho ph\u1ee5 huynh \u00edt nh\u1ea5t n\u0103m ng\u00e0y l\u00e0m vi\u1ec7c tr\u01b0\u1edbc phi\u00ean \u0111i\u1ec1u tr\u1ea7n;<\/li><li>T\u00ednh s\u1eb5n c\u00f3 c\u1ee7a \u201ch\u00e0nh \u0111\u1ed9ng d\u00e2n s\u1ef1\u201d nh\u01b0 kh\u00e1ng c\u00e1o l\u00ean t\u00f2a \u00e1n sau quy\u1ebft \u0111\u1ecbnh c\u1ee7a phi\u00ean \u0111i\u1ec1u tr\u1ea7n theo th\u1ee7 t\u1ee5c ph\u00e1p l\u00fd;<\/li><li>Kh\u1ea3 n\u0103ng ph\u00ed lu\u1eadt s\u01b0 \u0111\u01b0\u1ee3c h\u1ecdc khu tr\u1ea3 cho ph\u1ee5 huynh khi ph\u1ee5 huynh l\u00e0 \u201cb\u00ean th\u1eafng\u201d trong phi\u00ean \u0111i\u1ec1u tr\u1ea7n theo th\u1ee7 t\u1ee5c ph\u00e1p l\u00fd, v\u00e0 gi\u1ea3i th\u00edch \u0111\u1ea7y \u0111\u1ee7 v\u1ec1 b\u1ea5t k\u1ef3 gi\u1edbi h\u1ea1n n\u00e0o trong quy\u1ec1n \u0111\u00f3 hay vi\u1ec7c c\u00f3 th\u1ec3 t\u1eeb ch\u1ed1i ho\u1eb7c gi\u1ea3m tr\u1eeb ph\u00ed lu\u1eadt s\u01b0 cho ph\u1ee5 huynh; v\u00e0<\/li><li>T\u00ednh s\u1eb5n c\u00f3 c\u1ee7a c\u00e1c th\u1ee7 t\u1ee5c khi\u1ebfu n\u1ea1i v\u1ec1 s\u1ef1 tu\u00e2n th\u1ee7 c\u1ee7a ti\u1ec3u bang, bao g\u1ed3m m\u00f4 t\u1ea3 v\u1ec1 c\u00e1ch n\u1ed9p \u0111\u01a1n khi\u1ebfu n\u1ea1i v\u00e0 l\u1ecbch bi\u1ec3u theo quy tr\u00ecnh \u0111\u00f3.<\/li><\/ul>\n\n\n\n<p>[20 U.S.C. Sec. 1415(d)(2); 34 CFR Sec. 300.504(c).]<\/p>\n","protected":false},"excerpt":{"rendered":"<p>Th\u00f4ng b\u00e1o v\u1ec1 quy\u1ec1n th\u1ef1c hi\u1ec7n th\u1ee7 t\u1ee5c ph\u00e1p l\u00fd ph\u1ea3i b\u1eb1ng ng\u00f4n ng\u1eef b\u1ea3n \u0111\u1ecba c\u1ee7a qu\u00fd v\u1ecb (tr\u1eeb khi h\u1ecdc khu r\u00f5 r\u00e0ng&hellip;<\/p>\n","protected":false},"author":1,"featured_media":0,"parent":337,"menu_order":28,"comment_status":"closed","ping_status":"closed","template":"","meta":{"footnotes":""},"class_list":["post-2058","page","type-page","status-publish","hentry"],"_links":{"self":[{"href":"https:\/\/serr.disabilityrightsca.org\/vi\/wp-json\/wp\/v2\/pages\/2058","targetHints":{"allow":["GET"]}}],"collection":[{"href":"https:\/\/serr.disabilityrightsca.org\/vi\/wp-json\/wp\/v2\/pages"}],"about":[{"href":"https:\/\/serr.disabilityrightsca.org\/vi\/wp-json\/wp\/v2\/types\/page"}],"author":[{"embeddable":true,"href":"https:\/\/serr.disabilityrightsca.org\/vi\/wp-json\/wp\/v2\/users\/1"}],"replies":[{"embeddable":true,"href":"https:\/\/serr.disabilityrightsca.org\/vi\/wp-json\/wp\/v2\/comments?post=2058"}],"version-history":[{"count":2,"href":"https:\/\/serr.disabilityrightsca.org\/vi\/wp-json\/wp\/v2\/pages\/2058\/revisions"}],"predecessor-version":[{"id":3993,"href":"https:\/\/serr.disabilityrightsca.org\/vi\/wp-json\/wp\/v2\/pages\/2058\/revisions\/3993"}],"up":[{"embeddable":true,"href":"https:\/\/serr.disabilityrightsca.org\/vi\/wp-json\/wp\/v2\/pages\/337"}],"wp:attachment":[{"href":"https:\/\/serr.disabilityrightsca.org\/vi\/wp-json\/wp\/v2\/media?parent=2058"}],"curies":[{"name":"wp","href":"https:\/\/api.w.org\/{rel}","templated":true}]}}