{"id":2066,"date":"2019-11-22T16:46:46","date_gmt":"2019-11-23T00:46:46","guid":{"rendered":"http:\/\/serr.disabilityrightsca.org\/?page_id=2066"},"modified":"2021-02-07T21:47:36","modified_gmt":"2021-02-08T05:47:36","slug":"6-32-hoc-khu-cung-co-the-yeu-cau-thu-tuc-phap-ly-khong","status":"publish","type":"page","link":"https:\/\/serr.disabilityrightsca.org\/vi\/serr-manual\/chuong-6-thong-tin-ve-thu-tuc-phap-ly-tuan-thu\/6-32-hoc-khu-cung-co-the-yeu-cau-thu-tuc-phap-ly-khong\/","title":{"rendered":"(6.32) H\u1ecdc khu c\u0169ng c\u00f3 th\u1ec3 y\u00eau c\u1ea7u th\u1ee7 t\u1ee5c ph\u00e1p l\u00fd kh\u00f4ng?"},"content":{"rendered":"\n<p>C\u00f3. Ph\u1ee5 huynh hay h\u1ecdc khu \u0111\u1ec1u c\u00f3 th\u1ec3 y\u00eau c\u1ea7u th\u1ee7 t\u1ee5c ph\u00e1p l\u00fd. [34 C.F.R. Sec. 300.507(a); Cal. Ed. Code Sec. 56501(a).]<\/p>\n","protected":false},"excerpt":{"rendered":"<p>C\u00f3. Ph\u1ee5 huynh hay h\u1ecdc khu \u0111\u1ec1u c\u00f3 th\u1ec3 y\u00eau c\u1ea7u th\u1ee7 t\u1ee5c ph\u00e1p l\u00fd. [34 C.F.R. Sec. 300.507(a); Cal. Ed. Code Sec. 56501(a).]<\/p>\n","protected":false},"author":1,"featured_media":0,"parent":337,"menu_order":32,"comment_status":"closed","ping_status":"closed","template":"","meta":{"footnotes":""},"class_list":["post-2066","page","type-page","status-publish","hentry"],"_links":{"self":[{"href":"https:\/\/serr.disabilityrightsca.org\/vi\/wp-json\/wp\/v2\/pages\/2066","targetHints":{"allow":["GET"]}}],"collection":[{"href":"https:\/\/serr.disabilityrightsca.org\/vi\/wp-json\/wp\/v2\/pages"}],"about":[{"href":"https:\/\/serr.disabilityrightsca.org\/vi\/wp-json\/wp\/v2\/types\/page"}],"author":[{"embeddable":true,"href":"https:\/\/serr.disabilityrightsca.org\/vi\/wp-json\/wp\/v2\/users\/1"}],"replies":[{"embeddable":true,"href":"https:\/\/serr.disabilityrightsca.org\/vi\/wp-json\/wp\/v2\/comments?post=2066"}],"version-history":[{"count":2,"href":"https:\/\/serr.disabilityrightsca.org\/vi\/wp-json\/wp\/v2\/pages\/2066\/revisions"}],"predecessor-version":[{"id":3998,"href":"https:\/\/serr.disabilityrightsca.org\/vi\/wp-json\/wp\/v2\/pages\/2066\/revisions\/3998"}],"up":[{"embeddable":true,"href":"https:\/\/serr.disabilityrightsca.org\/vi\/wp-json\/wp\/v2\/pages\/337"}],"wp:attachment":[{"href":"https:\/\/serr.disabilityrightsca.org\/vi\/wp-json\/wp\/v2\/media?parent=2066"}],"curies":[{"name":"wp","href":"https:\/\/api.w.org\/{rel}","templated":true}]}}