{"id":2268,"date":"2019-12-05T14:03:57","date_gmt":"2019-12-05T22:03:57","guid":{"rendered":"http:\/\/serr.disabilityrightsca.org\/?page_id=2268"},"modified":"2021-02-07T22:40:09","modified_gmt":"2021-02-08T06:40:09","slug":"7-6-hoc-khu-noi-voi-toi-rang-con-toi-co-the-khong-duoc-hoa-nhap-vi-con-toi-khong-the-huong-loi-ve-mat-hoc-thuat-tu-viec-huong-dan-o-lop-hoc-thong-thuong-dieu-nay-co-dung-khong","status":"publish","type":"page","link":"https:\/\/serr.disabilityrightsca.org\/vi\/serr-manual\/chuong-7-thong-tin-ve-moi-truong-it-han-che-nhat\/7-6-hoc-khu-noi-voi-toi-rang-con-toi-co-the-khong-duoc-hoa-nhap-vi-con-toi-khong-the-huong-loi-ve-mat-hoc-thuat-tu-viec-huong-dan-o-lop-hoc-thong-thuong-dieu-nay-co-dung-khong\/","title":{"rendered":"(7.6) H\u1ecdc khu n\u00f3i v\u1edbi t\u00f4i r\u1eb1ng con t\u00f4i c\u00f3 th\u1ec3 kh\u00f4ng \u0111\u01b0\u1ee3c h\u00f2a nh\u1eadp v\u00ec con t\u00f4i kh\u00f4ng th\u1ec3 h\u01b0\u1edfng l\u1ee3i v\u1ec1 m\u1eb7t h\u1ecdc thu\u1eadt t\u1eeb vi\u1ec7c h\u01b0\u1edbng d\u1eabn \u1edf l\u1edbp h\u1ecdc th\u00f4ng th\u01b0\u1eddng. \u0110i\u1ec1u n\u00e0y c\u00f3 \u0111\u00fang kh\u00f4ng?"},"content":{"rendered":"\n<p>Kh\u00f4ng. T\u00f2a \u00e1n trong v\u1ee5 <em>Holland <\/em>l\u01b0u \u00fd r\u1eb1ng vi\u1ec7c l\u1ed3ng gh\u00e9p \u0111\u00f2i h\u1ecfi ph\u1ea3i gi\u00e1o d\u1ee5c h\u1ecdc sinh khuy\u1ebft t\u1eadt trong l\u1edbp h\u1ecdc th\u00f4ng th\u01b0\u1eddng n\u1ebfu tr\u1ebb c\u00f3 th\u1ec3 nh\u1eadn \u0111\u01b0\u1ee3c ch\u01b0\u01a1ng tr\u00ecnh gi\u00e1o d\u1ee5c th\u1ecfa \u0111\u00e1ng \u1edf \u0111\u00f3. T\u00f2a \u00e1n xem x\u00e9t li\u1ec7u c\u00e1c m\u1ee5c \u0111\u00edch v\u00e0 m\u1ee5c ti\u00eau trong IEP c\u1ee7a h\u1ecdc sinh c\u00f3 th\u1ec3 \u0111\u01b0\u1ee3c \u0111\u00e1p \u1ee9ng \u1edf l\u1edbp h\u1ecdc v\u1edbi m\u1ed9t s\u1ed1 s\u1eeda \u0111\u1ed5i ch\u01b0\u01a1ng tr\u00ecnh gi\u1ea3ng d\u1ea1y, ho\u1eb7c b\u1eb1ng c\u00e1ch cung c\u1ea5p c\u00e1c h\u1ed7 tr\u1ee3 v\u00e0 d\u1ecbch v\u1ee5 b\u1ed5 sung hay kh\u00f4ng. H\u1ecdc khu trong v\u1ee5 <em>Holland <\/em>cho r\u1eb1ng h\u1ecdc sinh n\u00ean \u0111\u01b0\u1ee3c x\u00e1c \u0111\u1ecbnh l\u00e0 kh\u00f4ng ph\u00f9 h\u1ee3p cho vi\u1ec7c x\u1ebfp l\u1edbp v\u00e0o l\u1edbp h\u1ecdc th\u00f4ng th\u01b0\u1eddng n\u1ebfu vi\u1ec7c x\u1ebfp l\u1edbp nh\u01b0 v\u1eady s\u1ebd y\u00eau c\u1ea7u s\u1eeda \u0111\u1ed5i \u0111\u00e1ng k\u1ec3 ch\u01b0\u01a1ng tr\u00ecnh gi\u1ea3ng d\u1ea1y th\u00f4ng th\u01b0\u1eddng. T\u00f2a \u00e1n \u0111\u00e3 b\u00e1c b\u1ecf \u0111i\u1ec1u n\u00e0y v\u00e0 nh\u1eadn th\u1ea5y r\u1eb1ng c\u00e1c h\u1ecdc sinh gi\u00e1o d\u1ee5c \u0111\u1eb7c bi\u1ec7t c\u00f3 th\u1ec3 y\u00eau c\u1ea7u v\u00e0 \u0111\u01b0\u1ee3c h\u01b0\u1edfng c\u00e1c s\u1eeda \u0111\u1ed5i ch\u01b0\u01a1ng tr\u00ecnh gi\u1ea3ng d\u1ea1y \u0111\u00e1ng k\u1ec3 nh\u1eb1m t\u1ea1o \u0111i\u1ec1u ki\u1ec7n cho tr\u1ebb h\u01b0\u1edfng l\u1ee3i t\u1eeb vi\u1ec7c x\u1ebfp l\u1edbp th\u00f4ng th\u01b0\u1eddng. T\u00f2a \u00e1n tuy\u00ean b\u1ed1 r\u1eb1ng \u201cvi\u1ec7c s\u1eeda \u0111\u1ed5i ch\u01b0\u01a1ng tr\u00ecnh gi\u1ea3ng d\u1ea1y cho tr\u1ebb khuy\u1ebft t\u1eadt, th\u1eadm ch\u00ed s\u1eeda \u0111\u1ed5i \u0111\u00e1ng k\u1ec3, c\u0169ng kh\u00f4ng c\u00f3 t\u00e1c \u0111\u1ed9ng \u0111\u00e1ng k\u1ec3 \u0111\u1ed1i v\u1edbi ch\u00ednh s\u1ef1 s\u1eeda \u0111\u1ed5i \u0111\u00f3. Trong quy \u0111\u1ecbnh c\u1ee7a IDEA \u0111\u1ed1i v\u1edbi quy tr\u00ecnh IEP, IDEA d\u1ef1 t\u00ednh r\u1eb1ng ch\u01b0\u01a1ng tr\u00ecnh h\u1ecdc c\u00f3 th\u1ec3 \u0111\u01b0\u1ee3c s\u1eeda \u0111\u1ed5i \u0111\u1ec3 ph\u00f9 h\u1ee3p v\u1edbi nhu c\u1ea7u c\u00e1 nh\u00e2n c\u1ee7a tr\u1ebb khuy\u1ebft t\u1eadt\u201d. [<em>Holland<\/em>, 786 F. Supp. at 879-880.]<\/p>\n\n\n\n<p>M\u1ed9t quy\u1ebft \u0111\u1ecbnh kh\u00e1c c\u1ee7a t\u00f2a ph\u00fac th\u1ea9m li\u00ean bang c\u00f3 nh\u1eadn x\u00e9t sau \u0111\u00e2y v\u1ec1 \u201cl\u1ee3i \u00edch h\u1ecdc t\u1eadp\u201d:<\/p>\n\n\n\n<p>[IDEA] kh\u00f4ng y\u00eau c\u1ea7u c\u00e1c ti\u1ec3u bang cung c\u1ea5p tr\u1ea3i nghi\u1ec7m gi\u00e1o d\u1ee5c t\u01b0\u01a1ng t\u1ef1 cho tr\u1ebb khuy\u1ebft t\u1eadt nh\u01b0 th\u01b0\u1eddng \u0111\u01b0\u1ee3c cung c\u1ea5p cho tr\u1ebb kh\u00f4ng b\u1ecb khuy\u1ebft t\u1eadt&#8230; Ng\u01b0\u1ee3c l\u1ea1i, c\u00e1c ti\u1ec3u bang ph\u1ea3i gi\u1ea3i quy\u1ebft c\u00e1c nhu c\u1ea7u \u0111\u1eb7c bi\u1ec7t c\u1ee7a tr\u1ebb khuy\u1ebft t\u1eadt, nh\u1eadn ra r\u1eb1ng tr\u1ebb c\u00f3 th\u1ec3 \u0111\u01b0\u1ee3c h\u01b0\u1edfng l\u1ee3i t\u1eeb ch\u01b0\u01a1ng tr\u00ecnh gi\u00e1o d\u1ee5c trong l\u1edbp h\u1ecdc th\u00f4ng th\u01b0\u1eddng kh\u00e1c v\u1edbi c\u00e1c h\u1ecdc sinh kh\u00e1c&#8230; N\u00f3i t\u00f3m l\u1ea1i, vi\u1ec7c tr\u1ebb khuy\u1ebft t\u1eadt s\u1ebd h\u1ecdc h\u1ecfi theo c\u00e1ch kh\u00e1c t\u1eeb ch\u01b0\u01a1ng tr\u00ecnh gi\u00e1o d\u1ee5c trong l\u1edbp h\u1ecdc th\u00f4ng th\u01b0\u1eddng kh\u00f4ng bi\u1ec7n minh cho vi\u1ec7c b\u1ecb \u0111\u01b0a ra kh\u1ecfi m\u00f4i tr\u01b0\u1eddng \u0111\u00f3. [<em>Oberti v. Board of Education<\/em>, 995 F.2d 1204 (3rd Cir. 1993).]<\/p>\n","protected":false},"excerpt":{"rendered":"<p>Kh\u00f4ng. T\u00f2a \u00e1n trong v\u1ee5 Holland l\u01b0u \u00fd r\u1eb1ng vi\u1ec7c l\u1ed3ng gh\u00e9p \u0111\u00f2i h\u1ecfi ph\u1ea3i gi\u00e1o d\u1ee5c h\u1ecdc sinh khuy\u1ebft t\u1eadt trong l\u1edbp h\u1ecdc th\u00f4ng&hellip;<\/p>\n","protected":false},"author":1,"featured_media":0,"parent":339,"menu_order":6,"comment_status":"closed","ping_status":"closed","template":"","meta":{"footnotes":""},"class_list":["post-2268","page","type-page","status-publish","hentry"],"_links":{"self":[{"href":"https:\/\/serr.disabilityrightsca.org\/vi\/wp-json\/wp\/v2\/pages\/2268","targetHints":{"allow":["GET"]}}],"collection":[{"href":"https:\/\/serr.disabilityrightsca.org\/vi\/wp-json\/wp\/v2\/pages"}],"about":[{"href":"https:\/\/serr.disabilityrightsca.org\/vi\/wp-json\/wp\/v2\/types\/page"}],"author":[{"embeddable":true,"href":"https:\/\/serr.disabilityrightsca.org\/vi\/wp-json\/wp\/v2\/users\/1"}],"replies":[{"embeddable":true,"href":"https:\/\/serr.disabilityrightsca.org\/vi\/wp-json\/wp\/v2\/comments?post=2268"}],"version-history":[{"count":3,"href":"https:\/\/serr.disabilityrightsca.org\/vi\/wp-json\/wp\/v2\/pages\/2268\/revisions"}],"predecessor-version":[{"id":4052,"href":"https:\/\/serr.disabilityrightsca.org\/vi\/wp-json\/wp\/v2\/pages\/2268\/revisions\/4052"}],"up":[{"embeddable":true,"href":"https:\/\/serr.disabilityrightsca.org\/vi\/wp-json\/wp\/v2\/pages\/339"}],"wp:attachment":[{"href":"https:\/\/serr.disabilityrightsca.org\/vi\/wp-json\/wp\/v2\/media?parent=2268"}],"curies":[{"name":"wp","href":"https:\/\/api.w.org\/{rel}","templated":true}]}}