{"id":2271,"date":"2019-12-05T14:05:44","date_gmt":"2019-12-05T22:05:44","guid":{"rendered":"http:\/\/serr.disabilityrightsca.org\/?page_id=2271"},"modified":"2021-02-07T22:41:05","modified_gmt":"2021-02-08T06:41:05","slug":"7-7-7-hoc-khu-co-phai-can-nhac-su-dung-cac-ho-tro-va-dich-vu-bo-sung-trong-lop-hoc-thong-thuong-de-giai-quyet-hanh-vi-gay-roi-cua-con-toi-truoc-khi-dua-con-toi-vao-mot-moi-truong-han-che-hon-khong","status":"publish","type":"page","link":"https:\/\/serr.disabilityrightsca.org\/vi\/serr-manual\/chuong-7-thong-tin-ve-moi-truong-it-han-che-nhat\/7-7-7-hoc-khu-co-phai-can-nhac-su-dung-cac-ho-tro-va-dich-vu-bo-sung-trong-lop-hoc-thong-thuong-de-giai-quyet-hanh-vi-gay-roi-cua-con-toi-truoc-khi-dua-con-toi-vao-mot-moi-truong-han-che-hon-khong\/","title":{"rendered":"(7.7) 7.\tH\u1ecdc khu c\u00f3 ph\u1ea3i c\u00e2n nh\u1eafc s\u1eed d\u1ee5ng c\u00e1c h\u1ed7 tr\u1ee3 v\u00e0 d\u1ecbch v\u1ee5 b\u1ed5 sung trong l\u1edbp h\u1ecdc th\u00f4ng th\u01b0\u1eddng \u0111\u1ec3 gi\u1ea3i quy\u1ebft h\u00e0nh vi g\u00e2y r\u1ed1i c\u1ee7a con t\u00f4i tr\u01b0\u1edbc khi \u0111\u01b0a con t\u00f4i v\u00e0o m\u1ed9t m\u00f4i tr\u01b0\u1eddng h\u1ea1n ch\u1ebf h\u01a1n kh\u00f4ng?"},"content":{"rendered":"\n<p>C\u00f3. Tr\u01b0\u1edbc khi x\u00e1c \u0111\u1ecbnh r\u1eb1ng m\u1ed9t h\u1ecdc sinh gi\u00e1o d\u1ee5c \u0111\u1eb7c bi\u1ec7t s\u1ebd g\u00e2y r\u1ed1i \u0111\u1ebfn m\u1ee9c tr\u1ebb l\u00e0m suy gi\u1ea3m \u0111\u00e1ng k\u1ec3 \u0111\u1ebfn vi\u1ec7c h\u1ecdc c\u1ee7a c\u00e1c h\u1ecdc sinh kh\u00e1c, h\u1ecdc khu ph\u1ea3i xem x\u00e9t \u0111\u1ea7y \u0111\u1ee7 c\u00e1c h\u1ed7 tr\u1ee3 v\u00e0 d\u1ecbch v\u1ee5 b\u1ed5 sung c\u00f3 th\u1ec3 \u0111\u01b0\u1ee3c cung c\u1ea5p cho h\u1ecdc sinh trong m\u00f4i tr\u01b0\u1eddng gi\u00e1o d\u1ee5c th\u00f4ng th\u01b0\u1eddng \u0111\u1ec3 ph\u00f9 h\u1ee3p v\u1edbi nhu c\u1ea7u \u0111\u1eb7c bi\u1ec7t c\u1ee7a tr\u1ebb. T\u00f2a \u00e1n trong v\u1ee5 <em>Sacramento City Unified School District v. Holland <\/em>\u0111\u00e3 tuy\u00ean b\u1ed1 r\u1eb1ng:<\/p>\n\n\n\n<p>\u201cKhi \u0111\u00e1nh gi\u00e1 g\u00e1nh n\u1eb7ng ph\u00e1t sinh khi \u0111\u01b0a tr\u1ebb khuy\u1ebft t\u1eadt v\u00e0o l\u1edbp h\u1ecdc th\u00f4ng th\u01b0\u1eddng, h\u1ecdc khu ph\u1ea3i xem x\u00e9t t\u1ea5t c\u1ea3 c\u00e1c ph\u01b0\u01a1ng th\u1ee9c h\u1ee3p l\u00fd \u0111\u1ec3 gi\u1ea3m thi\u1ec3u c\u00e1c y\u00eau c\u1ea7u \u0111\u1ed1i v\u1edbi gi\u00e1o vi\u00ean: M\u1ed9t tr\u1ebb khuy\u1ebft t\u1eadt ch\u1ec9 \u0111\u01a1n thu\u1ea7n \u0111\u00f2i h\u1ecfi s\u1ef1 ch\u00fa \u00fd c\u1ee7a gi\u00e1o vi\u00ean nhi\u1ec1u h\u01a1n h\u1ea7u h\u1ebft nh\u1eefng tr\u1ebb kh\u00e1c kh\u00f4ng c\u00f3 kh\u1ea3 n\u0103ng g\u00e2y r\u1ed1i \u0111\u1ebfn m\u1ee9c l\u00e0m suy gi\u1ea3m \u0111\u00e1ng k\u1ec3 vi\u1ec7c h\u1ecdc nh\u1eefng tr\u1ebb kh\u00e1c. Khi c\u00e2n nh\u1eafc y\u1ebfu t\u1ed1 n\u00e0y, h\u1ecdc khu ph\u1ea3i ghi nh\u1edb ngh\u0129a v\u1ee5 c\u1ee7a m\u00ecnh trong vi\u1ec7c xem x\u00e9t c\u00e1c h\u1ed7 tr\u1ee3 v\u00e0 d\u1ecbch v\u1ee5 b\u1ed5 sung m\u00e0 c\u00f3 th\u1ec3 \u0111\u00e1p \u1ee9ng nhu c\u1ea7u c\u1ea7n \u0111\u01b0\u1ee3c ch\u00fa \u00fd th\u00eam c\u1ee7a tr\u1ebb khuy\u1ebft t\u1eadt. Y\u1ebfu t\u1ed1 n\u00e0y ch\u1ec9 \u1ea3nh h\u01b0\u1edfng \u0111\u1ebfn vi\u1ec7c \u0111\u01b0a tr\u1ebb khuy\u1ebft t\u1eadt v\u00e0o ch\u01b0\u01a1ng tr\u00ecnh gi\u00e1o d\u1ee5c th\u00f4ng th\u01b0\u1eddng n\u1ebfu sau khi th\u1ef1c hi\u1ec7n t\u1ea5t c\u1ea3 c\u00e1c b\u01b0\u1edbc h\u1ee3p l\u00fd \u0111\u1ec3 gi\u1ea3m b\u1edbt g\u00e1nh n\u1eb7ng cho gi\u00e1o vi\u00ean, nh\u1eefng tr\u1ebb kh\u00e1c trong l\u1edbp v\u1eabn s\u1ebd b\u1ecb m\u1ea5t \u0111i s\u1ef1 ch\u00fa \u00fd c\u1ee7a gi\u00e1o vi\u00ean\u201d. [786 F. Supp. 874 (E.D. Cal. 1992).]<\/p>\n\n\n\n<p>Lu\u1eadt li\u00ean bang y\u00eau c\u1ea7u nh\u00f3m IEP xem x\u00e9t c\u00e1c chi\u1ebfn l\u01b0\u1ee3c can thi\u1ec7p h\u00e0nh vi cho b\u1ea5t k\u1ef3 h\u1ecdc sinh khuy\u1ebft t\u1eadt n\u00e0o c\u00f3 h\u00e0nh vi c\u1ea3n tr\u1edf vi\u1ec7c h\u1ecdc c\u1ee7a h\u1ecdc sinh \u0111\u00f3 ho\u1eb7c c\u1ee7a ng\u01b0\u1eddi kh\u00e1c. [20 U.S.C. Sec. 1414(d)(3)(B)(i); 34 C.F.R. Sec. 300.324(a)(2)(i).]<\/p>\n","protected":false},"excerpt":{"rendered":"<p>C\u00f3. Tr\u01b0\u1edbc khi x\u00e1c \u0111\u1ecbnh r\u1eb1ng m\u1ed9t h\u1ecdc sinh gi\u00e1o d\u1ee5c \u0111\u1eb7c bi\u1ec7t s\u1ebd g\u00e2y r\u1ed1i \u0111\u1ebfn m\u1ee9c tr\u1ebb l\u00e0m suy gi\u1ea3m \u0111\u00e1ng k\u1ec3 \u0111\u1ebfn&hellip;<\/p>\n","protected":false},"author":1,"featured_media":0,"parent":339,"menu_order":7,"comment_status":"closed","ping_status":"closed","template":"","meta":{"footnotes":""},"class_list":["post-2271","page","type-page","status-publish","hentry"],"_links":{"self":[{"href":"https:\/\/serr.disabilityrightsca.org\/vi\/wp-json\/wp\/v2\/pages\/2271","targetHints":{"allow":["GET"]}}],"collection":[{"href":"https:\/\/serr.disabilityrightsca.org\/vi\/wp-json\/wp\/v2\/pages"}],"about":[{"href":"https:\/\/serr.disabilityrightsca.org\/vi\/wp-json\/wp\/v2\/types\/page"}],"author":[{"embeddable":true,"href":"https:\/\/serr.disabilityrightsca.org\/vi\/wp-json\/wp\/v2\/users\/1"}],"replies":[{"embeddable":true,"href":"https:\/\/serr.disabilityrightsca.org\/vi\/wp-json\/wp\/v2\/comments?post=2271"}],"version-history":[{"count":2,"href":"https:\/\/serr.disabilityrightsca.org\/vi\/wp-json\/wp\/v2\/pages\/2271\/revisions"}],"predecessor-version":[{"id":4053,"href":"https:\/\/serr.disabilityrightsca.org\/vi\/wp-json\/wp\/v2\/pages\/2271\/revisions\/4053"}],"up":[{"embeddable":true,"href":"https:\/\/serr.disabilityrightsca.org\/vi\/wp-json\/wp\/v2\/pages\/339"}],"wp:attachment":[{"href":"https:\/\/serr.disabilityrightsca.org\/vi\/wp-json\/wp\/v2\/media?parent=2271"}],"curies":[{"name":"wp","href":"https:\/\/api.w.org\/{rel}","templated":true}]}}