{"id":2280,"date":"2019-12-05T14:16:03","date_gmt":"2019-12-05T22:16:03","guid":{"rendered":"http:\/\/serr.disabilityrightsca.org\/?page_id=2280"},"modified":"2021-02-07T22:44:23","modified_gmt":"2021-02-08T06:44:23","slug":"7-11-neu-con-toi-khong-the-huong-loi-tu-chuong-trinh-hoc-tap-thong-thuong-con-toi-co-the-tham-gia-vao-cac-chuong-trinh-khac-cua-nha-truong-khong","status":"publish","type":"page","link":"https:\/\/serr.disabilityrightsca.org\/vi\/serr-manual\/chuong-7-thong-tin-ve-moi-truong-it-han-che-nhat\/7-11-neu-con-toi-khong-the-huong-loi-tu-chuong-trinh-hoc-tap-thong-thuong-con-toi-co-the-tham-gia-vao-cac-chuong-trinh-khac-cua-nha-truong-khong\/","title":{"rendered":"(7.11) N\u1ebfu con t\u00f4i kh\u00f4ng th\u1ec3 h\u01b0\u1edfng l\u1ee3i t\u1eeb ch\u01b0\u01a1ng tr\u00ecnh h\u1ecdc t\u1eadp th\u00f4ng th\u01b0\u1eddng, con t\u00f4i c\u00f3 th\u1ec3 tham gia v\u00e0o c\u00e1c ch\u01b0\u01a1ng tr\u00ecnh kh\u00e1c c\u1ee7a nh\u00e0 tr\u01b0\u1eddng kh\u00f4ng?"},"content":{"rendered":"\n<p>C\u00f3. Lu\u1eadt ph\u00e1p quy \u0111\u1ecbnh r\u00f5 r\u00e0ng r\u1eb1ng h\u1ecdc sinh khuy\u1ebft t\u1eadt c\u00f3 quy\u1ec1n tham gia c\u00e1c d\u1ecbch v\u1ee5 v\u00e0 ho\u1ea1t \u0111\u1ed9ng phi h\u1ecdc thu\u1eadt v\u00e0 ngo\u1ea1i kh\u00f3a \u1edf ph\u1ea1m vi t\u1ed1i \u0111a ph\u00f9 h\u1ee3p v\u1edbi nhu c\u1ea7u c\u1ee7a tr\u1ebb. H\u01a1n n\u1eefa, c\u00e1c h\u1ecdc khu ph\u1ea3i cung c\u1ea5p c\u00e1c ho\u1ea1t \u0111\u1ed9ng n\u00e0y theo c\u00e1ch gi\u00fap h\u1ecdc sinh khuy\u1ebft t\u1eadt c\u00f3 c\u01a1 h\u1ed9i tham gia b\u00ecnh \u0111\u1eb3ng. C\u00e1c d\u1ecbch v\u1ee5 v\u00e0 ho\u1ea1t \u0111\u1ed9ng n\u00e0y bao g\u1ed3m b\u1eefa \u0103n, gi\u1edd ngh\u1ec9 gi\u1ea3i lao, d\u1ecbch v\u1ee5 t\u01b0 v\u1ea5n, th\u1ec3 thao, d\u1ecbch v\u1ee5 \u0111\u01b0a \u0111\u00f3n, d\u1ecbch v\u1ee5 y t\u1ebf, ho\u1ea1t \u0111\u1ed9ng gi\u1ea3i tr\u00ed, c\u00e1c nh\u00f3m ho\u1eb7c c\u00e2u l\u1ea1c b\u1ed9 s\u1edf th\u00edch \u0111\u1eb7c bi\u1ec7t v\u00e0 c\u01a1 h\u1ed9i vi\u1ec7c l\u00e0m. [34 C.F.R. Secs. 300.117 &amp; 300.107.] M\u1ecdi IEP ph\u1ea3i bao g\u1ed3m tuy\u00ean b\u1ed1 v\u1ec1 gi\u00e1o d\u1ee5c \u0111\u1eb7c bi\u1ec7t v\u00e0 c\u00e1c d\u1ecbch v\u1ee5 li\u00ean quan s\u1ebd \u0111\u01b0\u1ee3c cung c\u1ea5p \u0111\u1ec3 h\u1ecdc sinh \u0111\u01b0\u1ee3c \u0111\u01b0a v\u00e0o v\u00e0 tham gia c\u00e1c ho\u1ea1t \u0111\u1ed9ng ngo\u1ea1i kh\u00f3a v\u00e0 c\u00e1c ho\u1ea1t \u0111\u1ed9ng phi h\u1ecdc thu\u1eadt kh\u00e1c. [20 U.S.C. Sec. 1414(d)(1)(A)(i)(IV); 34 C.F.R. Sec. 300.320(a)(4)(ii).]<\/p>\n","protected":false},"excerpt":{"rendered":"<p>C\u00f3. Lu\u1eadt ph\u00e1p quy \u0111\u1ecbnh r\u00f5 r\u00e0ng r\u1eb1ng h\u1ecdc sinh khuy\u1ebft t\u1eadt c\u00f3 quy\u1ec1n tham gia c\u00e1c d\u1ecbch v\u1ee5 v\u00e0 ho\u1ea1t \u0111\u1ed9ng phi h\u1ecdc thu\u1eadt&hellip;<\/p>\n","protected":false},"author":1,"featured_media":0,"parent":339,"menu_order":11,"comment_status":"closed","ping_status":"closed","template":"","meta":{"footnotes":""},"class_list":["post-2280","page","type-page","status-publish","hentry"],"_links":{"self":[{"href":"https:\/\/serr.disabilityrightsca.org\/vi\/wp-json\/wp\/v2\/pages\/2280","targetHints":{"allow":["GET"]}}],"collection":[{"href":"https:\/\/serr.disabilityrightsca.org\/vi\/wp-json\/wp\/v2\/pages"}],"about":[{"href":"https:\/\/serr.disabilityrightsca.org\/vi\/wp-json\/wp\/v2\/types\/page"}],"author":[{"embeddable":true,"href":"https:\/\/serr.disabilityrightsca.org\/vi\/wp-json\/wp\/v2\/users\/1"}],"replies":[{"embeddable":true,"href":"https:\/\/serr.disabilityrightsca.org\/vi\/wp-json\/wp\/v2\/comments?post=2280"}],"version-history":[{"count":2,"href":"https:\/\/serr.disabilityrightsca.org\/vi\/wp-json\/wp\/v2\/pages\/2280\/revisions"}],"predecessor-version":[{"id":4057,"href":"https:\/\/serr.disabilityrightsca.org\/vi\/wp-json\/wp\/v2\/pages\/2280\/revisions\/4057"}],"up":[{"embeddable":true,"href":"https:\/\/serr.disabilityrightsca.org\/vi\/wp-json\/wp\/v2\/pages\/339"}],"wp:attachment":[{"href":"https:\/\/serr.disabilityrightsca.org\/vi\/wp-json\/wp\/v2\/media?parent=2280"}],"curies":[{"name":"wp","href":"https:\/\/api.w.org\/{rel}","templated":true}]}}