{"id":2284,"date":"2019-12-05T14:21:17","date_gmt":"2019-12-05T22:21:17","guid":{"rendered":"http:\/\/serr.disabilityrightsca.org\/?page_id=2284"},"modified":"2021-02-07T22:47:07","modified_gmt":"2021-02-08T06:47:07","slug":"7-13-nhom-iep-co-the-dieu-chinh-cac-hoat-dong-va-chuong-trinh-giang-day-trong-lop-hoc-giao-duc-pho-thong-cua-con-toi-nhu-the-nao","status":"publish","type":"page","link":"https:\/\/serr.disabilityrightsca.org\/vi\/serr-manual\/chuong-7-thong-tin-ve-moi-truong-it-han-che-nhat\/7-13-nhom-iep-co-the-dieu-chinh-cac-hoat-dong-va-chuong-trinh-giang-day-trong-lop-hoc-giao-duc-pho-thong-cua-con-toi-nhu-the-nao\/","title":{"rendered":"(7.13) Nh\u00f3m IEP c\u00f3 th\u1ec3 \u0111i\u1ec1u ch\u1ec9nh c\u00e1c ho\u1ea1t \u0111\u1ed9ng v\u00e0 ch\u01b0\u01a1ng tr\u00ecnh gi\u1ea3ng d\u1ea1y trong l\u1edbp h\u1ecdc gi\u00e1o d\u1ee5c ph\u1ed5 th\u00f4ng c\u1ee7a con t\u00f4i nh\u01b0 th\u1ebf n\u00e0o?"},"content":{"rendered":"\n<p>IEP c\u1ee7a con qu\u00fd v\u1ecb n\u00ean \u0111\u01b0\u1ee3c t\u00edch h\u1ee3p v\u00e0o h\u01b0\u1edbng d\u1eabn, ho\u1ea1t \u0111\u1ed9ng v\u00e0 l\u1ecbch tr\u00ecnh c\u1ee7a l\u1edbp h\u1ecdc m\u00e0 tr\u1ebb tham gia. \u0110\u00e2y kh\u00f4ng ch\u1ec9 l\u00e0 nh\u1eefng g\u00ec lu\u1eadt ph\u00e1p y\u00eau c\u1ea7u, m\u00e0 c\u00f2n c\u1ea7n thi\u1ebft \u0111\u1ec3 h\u1ecdc sinh tr\u1edf th\u00e0nh th\u00e0nh vi\u00ean trong l\u1edbp h\u1ecdc v\u00e0 kh\u00f4ng b\u1ecb c\u00f4 l\u1eadp b\u1edfi c\u00e1c t\u00e0i li\u1ec7u ho\u1eb7c ho\u1ea1t \u0111\u1ed9ng c\u1ee7a tr\u1ebb.<\/p>\n\n\n\n<p>V\u00ed d\u1ee5: con qu\u00fd v\u1ecb c\u00f3 th\u1ec3 kh\u00f4ng th\u00e0nh th\u1ea1o <strong>ho\u1ea1t \u0111\u1ed9ng vi\u1ebft <\/strong>v\u00e0 c\u00f3 c\u00e1c m\u1ee5c ti\u00eau IEP \u0111\u1ec3 gi\u1ea3i quy\u1ebft nhu c\u1ea7u n\u00e0y. N\u1ebfu c\u00e1c tr\u1ebb c\u00f2n l\u1ea1i trong l\u1edbp v\u1eabn vi\u1ebft nh\u1eadt k\u00fd nh\u01b0 m\u1ed9t ph\u1ea7n c\u1ee7a ho\u1ea1t \u0111\u1ed9ng h\u1ecdc t\u1eadp, con qu\u00fd v\u1ecb c\u00f3 th\u1ec3 tham gia b\u1eb1ng c\u00e1ch t\u00f4 ch\u1eef ho\u1eb7c s\u1eed d\u1ee5ng c\u00e1c t\u1eeb \u0111\u01b0\u1ee3c c\u1eaft r\u1eddi. N\u1ebfu ho\u1ea1t \u0111\u1ed9ng l\u00e0 vi\u1ebft c\u00e1c c\u00e2u chuy\u1ec7n d\u00e0i h\u01a1n, con qu\u00fd v\u1ecb c\u00f3 th\u1ec3 ho\u00e0n th\u00e0nh b\u00e0i t\u1eadp b\u1eb1ng c\u00e1ch \u0111\u1ecdc c\u00e2u tr\u1ea3 l\u1eddi c\u1ee7a m\u00ecnh \u0111\u1ec3 h\u1ecdc sinh kh\u00e1c vi\u1ebft h\u1ed9 ho\u1eb7c s\u1eed d\u1ee5ng m\u00e1y ghi \u00e2m. Con qu\u00fd v\u1ecb c\u0169ng c\u00f3 th\u1ec3 s\u1eed d\u1ee5ng b\u00e0n ph\u00edm m\u00e1y t\u00ednh \u0111\u1ec3 h\u1ed7 tr\u1ee3 x\u00e1c \u0111\u1ecbnh v\u00e0 s\u1eafp x\u1ebfp c\u00e1c ch\u1eef c\u00e1i. B\u1eb1ng c\u00e1ch n\u00e0y, m\u1ee5c ti\u00eau IEP cho ng\u00f4n ng\u1eef <strong>vi\u1ebft v\u00e0 n\u00f3i v\u00e0 k\u1ef9 n\u0103ng v\u1eadn \u0111\u1ed9ng tinh <\/strong>c\u00f3 th\u1ec3 \u0111\u01b0\u1ee3c \u0111\u00e1p \u1ee9ng trong c\u00f9ng m\u1ed9t ho\u1ea1t \u0111\u1ed9ng trong l\u1edbp.<\/p>\n\n\n\n<p>\u0110\u1ed1i v\u1edbi <strong>m\u00f4n to\u00e1n<\/strong>, con qu\u00fd v\u1ecb c\u00f3 th\u1ec3 s\u1eed d\u1ee5ng thao t\u00e1c cho c\u00e1c ho\u1ea1t \u0111\u1ed9ng \u0111\u1ebfm v\u00e0 c\u1ed9ng thay v\u00ec vi\u1ebft s\u1ed1 tr\u00ean gi\u1ea5y. C\u00e1c bu\u1ed5i h\u1ecdc to\u00e1n c\u00f3 th\u1ec3 \u0111\u01b0\u1ee3c gi\u1edbi h\u1ea1n t\u1ea1i m\u1ee9c \u00edt b\u00e0i to\u00e1n h\u01a1n \u1edf c\u00f9ng \u0111\u1ed9 kh\u00f3 ho\u1eb7c t\u1ea5t c\u1ea3 c\u00e1c b\u00e0i to\u00e1n \u1edf \u0111\u1ed9 kh\u00f3 \u00edt h\u01a1n. N\u1ebfu c\u00e1c tr\u1ebb c\u00f2n l\u1ea1i trong l\u1edbp s\u1ebd ho\u00e0n th\u00e0nh t\u1edd b\u00e0i t\u1eadp g\u1ed3m 20 b\u00e0i to\u00e1n ph\u00e9p chia d\u00e0i, m\u1ee5c ti\u00eau m\u00f4n to\u00e1n c\u1ee7a con qu\u00fd v\u1ecb c\u00f3 th\u1ec3 l\u00e0 t\u00ednh \u0111\u1ebfn 20. H\u1ecdc sinh khuy\u1ebft t\u1eadt n\u00ean s\u1eed d\u1ee5ng c\u00e1c t\u00e0i li\u1ec7u t\u01b0\u01a1ng t\u1ef1 ho\u1eb7c g\u1ea7n gi\u1ed1ng v\u1edbi c\u00e1c t\u00e0i li\u1ec7u \u0111\u01b0\u1ee3c s\u1eed d\u1ee5ng b\u1edfi c\u00e1c tr\u1ebb c\u00f2n l\u1ea1i trong l\u1edbp, \u0111\u1ec3 c\u1ea3m th\u1ea5y nh\u01b0 m\u1ed9t th\u00e0nh vi\u00ean ch\u00ednh th\u1ee9c c\u1ee7a l\u1edbp h\u1ecdc.<\/p>\n\n\n\n<p>Lo\u1ea1i ch\u01b0\u01a1ng tr\u00ecnh n\u00e0y y\u00eau c\u1ea7u gi\u00e1o vi\u00ean c\u00f3 k\u1ef9 n\u0103ng, s\u1ef1 s\u00e1ng t\u1ea1o v\u00e0 ki\u1ebfn th\u1ee9c v\u1ec1 c\u1ea3 ch\u01b0\u01a1ng tr\u00ecnh gi\u1ea3ng d\u1ea1y v\u00e0 h\u1ecdc sinh khuy\u1ebft t\u1eadt. S\u1ef1 h\u1ee3p t\u00e1c c\u1ee7a nh\u00e2n vi\u00ean gi\u00e1o d\u1ee5c th\u00f4ng th\u01b0\u1eddng v\u00e0 gi\u00e1o d\u1ee5c \u0111\u1eb7c bi\u1ec7t l\u00e0 r\u1ea5t c\u1ea7n thi\u1ebft trong qu\u00e1 tr\u00ecnh \u0111\u00e0o t\u1ea1o v\u00e0 h\u1ed7 tr\u1ee3 gi\u00e1o vi\u00ean l\u1edbp h\u1ecdc. M\u1ed9t ch\u01b0\u01a1ng tr\u00ecnh th\u00e0nh c\u00f4ng c\u0169ng c\u00f3 th\u1ec3 c\u1ea7n s\u1ef1 h\u1ed7 tr\u1ee3 c\u1ee7a chuy\u00ean gia h\u00f2a nh\u1eadp.<\/p>\n","protected":false},"excerpt":{"rendered":"<p>IEP c\u1ee7a con qu\u00fd v\u1ecb n\u00ean \u0111\u01b0\u1ee3c t\u00edch h\u1ee3p v\u00e0o h\u01b0\u1edbng d\u1eabn, ho\u1ea1t \u0111\u1ed9ng v\u00e0 l\u1ecbch tr\u00ecnh c\u1ee7a l\u1edbp h\u1ecdc m\u00e0 tr\u1ebb tham gia. \u0110\u00e2y&hellip;<\/p>\n","protected":false},"author":1,"featured_media":0,"parent":339,"menu_order":13,"comment_status":"closed","ping_status":"closed","template":"","meta":{"footnotes":""},"class_list":["post-2284","page","type-page","status-publish","hentry"],"_links":{"self":[{"href":"https:\/\/serr.disabilityrightsca.org\/vi\/wp-json\/wp\/v2\/pages\/2284","targetHints":{"allow":["GET"]}}],"collection":[{"href":"https:\/\/serr.disabilityrightsca.org\/vi\/wp-json\/wp\/v2\/pages"}],"about":[{"href":"https:\/\/serr.disabilityrightsca.org\/vi\/wp-json\/wp\/v2\/types\/page"}],"author":[{"embeddable":true,"href":"https:\/\/serr.disabilityrightsca.org\/vi\/wp-json\/wp\/v2\/users\/1"}],"replies":[{"embeddable":true,"href":"https:\/\/serr.disabilityrightsca.org\/vi\/wp-json\/wp\/v2\/comments?post=2284"}],"version-history":[{"count":2,"href":"https:\/\/serr.disabilityrightsca.org\/vi\/wp-json\/wp\/v2\/pages\/2284\/revisions"}],"predecessor-version":[{"id":4060,"href":"https:\/\/serr.disabilityrightsca.org\/vi\/wp-json\/wp\/v2\/pages\/2284\/revisions\/4060"}],"up":[{"embeddable":true,"href":"https:\/\/serr.disabilityrightsca.org\/vi\/wp-json\/wp\/v2\/pages\/339"}],"wp:attachment":[{"href":"https:\/\/serr.disabilityrightsca.org\/vi\/wp-json\/wp\/v2\/media?parent=2284"}],"curies":[{"name":"wp","href":"https:\/\/api.w.org\/{rel}","templated":true}]}}