{"id":2296,"date":"2019-12-05T15:15:38","date_gmt":"2019-12-05T23:15:38","guid":{"rendered":"http:\/\/serr.disabilityrightsca.org\/?page_id=2296"},"modified":"2021-02-07T22:50:51","modified_gmt":"2021-02-08T06:50:51","slug":"7-15-dieu-gi-se-xay-ra-neu-hoc-khu-chi-xep-lop-cho-con-toi-vao-trung-tam-dac-biet-danh-cho-hoc-sinh-khuyet-tat-do-hat-dieu-hanh","status":"publish","type":"page","link":"https:\/\/serr.disabilityrightsca.org\/vi\/serr-manual\/chuong-7-thong-tin-ve-moi-truong-it-han-che-nhat\/7-15-dieu-gi-se-xay-ra-neu-hoc-khu-chi-xep-lop-cho-con-toi-vao-trung-tam-dac-biet-danh-cho-hoc-sinh-khuyet-tat-do-hat-dieu-hanh\/","title":{"rendered":"(7.15) \u0110i\u1ec1u g\u00ec s\u1ebd x\u1ea3y ra n\u1ebfu h\u1ecdc khu ch\u1ec9 x\u1ebfp l\u1edbp cho con t\u00f4i v\u00e0o trung t\u00e2m \u0111\u1eb7c bi\u1ec7t d\u00e0nh cho h\u1ecdc sinh khuy\u1ebft t\u1eadt do h\u1ea1t \u0111i\u1ec1u h\u00e0nh?"},"content":{"rendered":"\n<p>H\u1ecdc khu ph\u1ea3i cung c\u1ea5p <strong>s\u1ef1 li\u00ean t\u1ee5c \u0111\u1ea7y \u0111\u1ee7 c\u1ee7a c\u00e1c t\u00f9y ch\u1ecdn x\u1ebfp l\u1edbp thay th\u1ebf <\/strong>\u0111\u1ec3 \u0111\u1ea3m b\u1ea3o r\u1eb1ng h\u1ecdc sinh nh\u1eadn \u0111\u01b0\u1ee3c c\u00e1c d\u1ecbch v\u1ee5 trong M\u00f4i Tr\u01b0\u1eddng \u00cdt H\u1ea1n Ch\u1ebf Nh\u1ea5t. \u0110i\u1ec1u n\u00e0y c\u00f3 th\u1ec3 bao g\u1ed3m nh\u1eefng vi\u1ec7c sau:<\/p>\n\n\n\n<p>(1)&nbsp; X\u1ebfp l\u1edbp v\u00e0o l\u1edbp h\u1ecdc th\u00f4ng th\u01b0\u1eddng;<\/p>\n\n\n\n<p>(2)&nbsp; L\u1edbp h\u1ecdc th\u00f4ng th\u01b0\u1eddng v\u1edbi ngu\u1ed3n l\u1ef1c ho\u1eb7c c\u00e1c d\u1ecbch v\u1ee5 h\u01b0\u1edbng d\u1eabn l\u01b0u \u0111\u1ed9ng;<\/p>\n\n\n\n<p>(3)&nbsp; L\u1edbp h\u1ecdc th\u00f4ng th\u01b0\u1eddng v\u1edbi c\u00e1c d\u1ecbch v\u1ee5 li\u00ean quan \u0111\u1ebfn gi\u00e1o d\u1ee5c \u0111\u1eb7c bi\u1ec7t;<\/p>\n\n\n\n<p>(4)&nbsp; C\u00e1c l\u1edbp h\u1ecdc \u0111\u1eb7c bi\u1ec7t ho\u1eb7c c\u00e1c tr\u01b0\u1eddng h\u1ecdc \u0111\u1eb7c bi\u1ec7t (m\u1ed9t trong hai th\u01b0\u1eddng li\u00ean quan \u0111\u1ebfn vi\u1ec7c cung c\u1ea5p c\u00e1c d\u1ecbch v\u1ee5 li\u00ean quan);<\/p>\n\n\n\n<p>(5)&nbsp; Tr\u01b0\u1eddng h\u1ecdc ngo\u00e0i c\u00f4ng l\u1eadp;<\/p>\n\n\n\n<p>(6)&nbsp; Tr\u01b0\u1eddng h\u1ecdc c\u1ee7a ti\u1ec3u bang d\u00e0nh cho h\u1ecdc sinh khuy\u1ebft t\u1eadt \u201cc\u00f3 t\u1ef7 l\u1ec7 m\u1eafc th\u1ea5p\u201d; v\u00e0<\/p>\n\n\n\n<p>(7)&nbsp; H\u01b0\u1edbng d\u1eabn trong c\u00e1c m\u00f4i tr\u01b0\u1eddng kh\u00e1c ngo\u00e0i l\u1edbp h\u1ecdc (ch\u1eb3ng h\u1ea1n nh\u01b0 t\u1ea1i nh\u00e0 ho\u1eb7c trong b\u1ec7nh vi\u1ec7n).<\/p>\n\n\n\n<p>[34 C.F.R. Secs. 300.115 &amp; 300.39; Cal. Ed. Code Sec. 56361.]<\/p>\n\n\n\n<p>T\u1eeb l\u00e2u, ch\u00ednh s\u00e1ch li\u00ean bang v\u00e0 ti\u1ec3u bang \u0111\u00e3 \u0111\u1eb7c bi\u1ec7t c\u1ea5m vi\u1ec7c x\u1ebfp l\u1edbp h\u1ecdc sinh v\u00e0o m\u00f4i tr\u01b0\u1eddng t\u00e1ch bi\u1ec7t thay v\u00ec m\u00f4i tr\u01b0\u1eddng gi\u00e1o d\u1ee5c ph\u1ed5 th\u00f4ng, n\u1ebfu quy\u1ebft \u0111\u1ecbnh x\u1ebfp l\u1edbp d\u1ef1a tr\u00ean c\u00e1c y\u1ebfu t\u1ed1 h\u00e0nh ch\u00ednh v\u00e0 kh\u00f4ng d\u1ef1a tr\u00ean nhu c\u1ea7u c\u1ee7a h\u1ecdc sinh. H\u1ecdc khu kh\u00f4ng th\u1ec3 l\u1ea5y vi\u1ec7c thi\u1ebfu c\u00e1c t\u00f9y ch\u1ecdn x\u1ebfp l\u1edbp th\u00edch h\u1ee3p l\u00e0m l\u00fd do \u0111\u1ec3 t\u1eeb ch\u1ed1i quy\u1ec1n h\u1ecdc t\u1eadp c\u1ee7a h\u1ecdc sinh trong m\u00f4i tr\u01b0\u1eddng \u00edt h\u1ea1n ch\u1ebf nh\u1ea5t. [34 C.F.R. Sec. 300.39; Federal Policy Letter on LRE, <em>Education for the Handicapped Law Reporter (EHLR) <\/em>page 211:384, March 21, 1986; CDE, Office of Special Education, Policy Statement on Least Restrictive Environment (October 10, 1986).]<\/p>\n","protected":false},"excerpt":{"rendered":"<p>H\u1ecdc khu ph\u1ea3i cung c\u1ea5p s\u1ef1 li\u00ean t\u1ee5c \u0111\u1ea7y \u0111\u1ee7 c\u1ee7a c\u00e1c t\u00f9y ch\u1ecdn x\u1ebfp l\u1edbp thay th\u1ebf \u0111\u1ec3 \u0111\u1ea3m b\u1ea3o r\u1eb1ng h\u1ecdc sinh nh\u1eadn&hellip;<\/p>\n","protected":false},"author":1,"featured_media":0,"parent":339,"menu_order":15,"comment_status":"closed","ping_status":"closed","template":"","meta":{"footnotes":""},"class_list":["post-2296","page","type-page","status-publish","hentry"],"_links":{"self":[{"href":"https:\/\/serr.disabilityrightsca.org\/vi\/wp-json\/wp\/v2\/pages\/2296","targetHints":{"allow":["GET"]}}],"collection":[{"href":"https:\/\/serr.disabilityrightsca.org\/vi\/wp-json\/wp\/v2\/pages"}],"about":[{"href":"https:\/\/serr.disabilityrightsca.org\/vi\/wp-json\/wp\/v2\/types\/page"}],"author":[{"embeddable":true,"href":"https:\/\/serr.disabilityrightsca.org\/vi\/wp-json\/wp\/v2\/users\/1"}],"replies":[{"embeddable":true,"href":"https:\/\/serr.disabilityrightsca.org\/vi\/wp-json\/wp\/v2\/comments?post=2296"}],"version-history":[{"count":2,"href":"https:\/\/serr.disabilityrightsca.org\/vi\/wp-json\/wp\/v2\/pages\/2296\/revisions"}],"predecessor-version":[{"id":4063,"href":"https:\/\/serr.disabilityrightsca.org\/vi\/wp-json\/wp\/v2\/pages\/2296\/revisions\/4063"}],"up":[{"embeddable":true,"href":"https:\/\/serr.disabilityrightsca.org\/vi\/wp-json\/wp\/v2\/pages\/339"}],"wp:attachment":[{"href":"https:\/\/serr.disabilityrightsca.org\/vi\/wp-json\/wp\/v2\/media?parent=2296"}],"curies":[{"name":"wp","href":"https:\/\/api.w.org\/{rel}","templated":true}]}}