{"id":2310,"date":"2019-12-05T15:22:43","date_gmt":"2019-12-05T23:22:43","guid":{"rendered":"http:\/\/serr.disabilityrightsca.org\/?page_id=2310"},"modified":"2021-02-07T22:57:21","modified_gmt":"2021-02-08T06:57:21","slug":"7-22-neu-toi-nghi-rang-quyen-duoc-giao-duc-trong-moi-truong-it-han-che-nhat-cua-con-toi-bi-tu-choi-toi-co-the-lam-gi","status":"publish","type":"page","link":"https:\/\/serr.disabilityrightsca.org\/vi\/serr-manual\/chuong-7-thong-tin-ve-moi-truong-it-han-che-nhat\/7-22-neu-toi-nghi-rang-quyen-duoc-giao-duc-trong-moi-truong-it-han-che-nhat-cua-con-toi-bi-tu-choi-toi-co-the-lam-gi\/","title":{"rendered":"(7.22) N\u1ebfu t\u00f4i ngh\u0129 r\u1eb1ng quy\u1ec1n \u0111\u01b0\u1ee3c gi\u00e1o d\u1ee5c trong m\u00f4i tr\u01b0\u1eddng \u00edt h\u1ea1n ch\u1ebf nh\u1ea5t c\u1ee7a con t\u00f4i b\u1ecb t\u1eeb ch\u1ed1i, t\u00f4i c\u00f3 th\u1ec3 l\u00e0m g\u00ec?"},"content":{"rendered":"\n<p>N\u1ebfu IEP c\u1ee7a con qu\u00fd v\u1ecb y\u00eau c\u1ea7u vi\u1ec7c x\u1ebfp l\u1edbp h\u00f2a nh\u1eadp c\u1ee5 th\u1ec3 (ho\u1eb7c s\u1ed1 l\u01b0\u1ee3ng ho\u1ea1t \u0111\u1ed9ng h\u00f2a nh\u1eadp c\u1ee5 th\u1ec3) v\u00e0 h\u1ecdc khu kh\u00f4ng tu\u00e2n theo IEP, qu\u00fd v\u1ecb c\u00f3 th\u1ec3 n\u1ed9p \u0111\u01a1n khi\u1ebfu n\u1ea1i v\u1ec1 s\u1ef1 tu\u00e2n th\u1ee7 t\u1edbi CDE. N\u1ebfu nh\u00e0 tr\u01b0\u1eddng t\u1eeb ch\u1ed1i \u0111\u01b0a c\u00e1c d\u1ecbch v\u1ee5 ho\u1eb7c ho\u1ea1t \u0111\u1ed9ng h\u00f2a nh\u1eadp m\u00e0 qu\u00fd v\u1ecb tin l\u00e0 ph\u00f9 h\u1ee3p v\u00e0o IEP, qu\u00fd v\u1ecb c\u00f3 th\u1ec3 y\u00eau c\u1ea7u phi\u00ean \u0111i\u1ec1u tr\u1ea7n theo th\u1ee7 t\u1ee5c ph\u00e1p l\u00fd. Xem Ch\u01b0\u01a1ng 6, <em>Th\u00f4ng Tin v\u1ec1 Th\u1ee7 T\u1ee5c Ph\u00e1p L\u00fd\/Tu\u00e2n Th\u1ee7<\/em>.<\/p>\n","protected":false},"excerpt":{"rendered":"<p>N\u1ebfu IEP c\u1ee7a con qu\u00fd v\u1ecb y\u00eau c\u1ea7u vi\u1ec7c x\u1ebfp l\u1edbp h\u00f2a nh\u1eadp c\u1ee5 th\u1ec3 (ho\u1eb7c s\u1ed1 l\u01b0\u1ee3ng ho\u1ea1t \u0111\u1ed9ng h\u00f2a nh\u1eadp c\u1ee5 th\u1ec3) v\u00e0&hellip;<\/p>\n","protected":false},"author":1,"featured_media":0,"parent":339,"menu_order":22,"comment_status":"closed","ping_status":"closed","template":"","meta":{"footnotes":""},"class_list":["post-2310","page","type-page","status-publish","hentry"],"_links":{"self":[{"href":"https:\/\/serr.disabilityrightsca.org\/vi\/wp-json\/wp\/v2\/pages\/2310","targetHints":{"allow":["GET"]}}],"collection":[{"href":"https:\/\/serr.disabilityrightsca.org\/vi\/wp-json\/wp\/v2\/pages"}],"about":[{"href":"https:\/\/serr.disabilityrightsca.org\/vi\/wp-json\/wp\/v2\/types\/page"}],"author":[{"embeddable":true,"href":"https:\/\/serr.disabilityrightsca.org\/vi\/wp-json\/wp\/v2\/users\/1"}],"replies":[{"embeddable":true,"href":"https:\/\/serr.disabilityrightsca.org\/vi\/wp-json\/wp\/v2\/comments?post=2310"}],"version-history":[{"count":3,"href":"https:\/\/serr.disabilityrightsca.org\/vi\/wp-json\/wp\/v2\/pages\/2310\/revisions"}],"predecessor-version":[{"id":4071,"href":"https:\/\/serr.disabilityrightsca.org\/vi\/wp-json\/wp\/v2\/pages\/2310\/revisions\/4071"}],"up":[{"embeddable":true,"href":"https:\/\/serr.disabilityrightsca.org\/vi\/wp-json\/wp\/v2\/pages\/339"}],"wp:attachment":[{"href":"https:\/\/serr.disabilityrightsca.org\/vi\/wp-json\/wp\/v2\/media?parent=2310"}],"curies":[{"name":"wp","href":"https:\/\/api.w.org\/{rel}","templated":true}]}}