{"id":2413,"date":"2019-12-13T14:10:00","date_gmt":"2019-12-13T22:10:00","guid":{"rendered":"https:\/\/serr.disabilityrightsca.org\/?page_id=2413"},"modified":"2021-02-07T23:16:21","modified_gmt":"2021-02-08T07:16:21","slug":"8-8-cuoc-hop-xac-dinh-bieu-hien-la-gi","status":"publish","type":"page","link":"https:\/\/serr.disabilityrightsca.org\/vi\/serr-manual\/chuong-8-thong-tin-ve-ky-luat-hoc-sinh-khuyet-tat\/8-8-cuoc-hop-xac-dinh-bieu-hien-la-gi\/","title":{"rendered":"(8.8) Cu\u1ed9c h\u1ecdp \u201cx\u00e1c \u0111\u1ecbnh bi\u1ec3u hi\u1ec7n\u201d l\u00e0 g\u00ec?"},"content":{"rendered":"\n<p>Cu\u1ed9c h\u1ecdp x\u00e1c \u0111\u1ecbnh bi\u1ec3u hi\u1ec7n l\u00e0 cu\u1ed9c h\u1ecdp IEP x\u00e1c \u0111\u1ecbnh h\u1ecdc sinh khuy\u1ebft t\u1eadt c\u00f3 th\u1ec3 b\u1ecb \u0111u\u1ed5i h\u1ecdc hay ph\u1ea3i thay \u0111\u1ed5i vi\u1ec7c x\u1ebfp l\u1edbp trong h\u01a1n 10 ng\u00e0y h\u1ecdc v\u00ec h\u00e0nh vi sai tr\u00e1i. Cu\u1ed9c h\u1ecdp n\u00e0y ph\u1ea3i \u0111\u01b0\u1ee3c t\u1ed5 ch\u1ee9c trong v\u00f2ng 10 ng\u00e0y h\u1ecdc k\u1ec3 t\u1eeb ng\u00e0y nh\u00e0 tr\u01b0\u1eddng quy\u1ebft \u0111\u1ecbnh \u0111u\u1ed5i h\u1ecdc sinh ho\u1eb7c thay \u0111\u1ed5i vi\u1ec7c x\u1ebfp l\u1edbp cho h\u1ecdc sinh. T\u1ea1i cu\u1ed9c h\u1ecdp, nh\u00f3m IEP s\u1ebd xem x\u00e9t th\u00f4ng tin li\u00ean quan t\u1eeb h\u1ed3 s\u01a1 c\u1ee7a h\u1ecdc sinh, bao g\u1ed3m c\u1ea3 IEP v\u00e0 b\u1ea5t k\u1ef3 th\u00f4ng tin n\u00e0o t\u1eeb gi\u00e1o vi\u00ean v\u00e0 ph\u1ee5 huynh, sau \u0111\u00f3 quy\u1ebft \u0111\u1ecbnh hai \u0111i\u1ec1u:<\/p>\n\n\n\n<ul class=\"wp-block-list\"><li>&nbsp;C\u00f3 ph\u1ea3i h\u00e0nh vi \u0111\u01b0\u1ee3c g\u00e2y ra b\u1edfi, ho\u1eb7c h\u00e0nh vi \u0111\u00f3 c\u00f3 \u201cm\u1ed1i quan h\u1ec7 tr\u1ef1c ti\u1ebfp v\u00e0 c\u00f3 th\u1eadt\u201d v\u1edbi t\u00ecnh tr\u1ea1ng khuy\u1ebft t\u1eadt c\u1ee7a h\u1ecdc sinh kh\u00f4ng; v\u00e0<\/li><li>&nbsp;H\u00e0nh vi c\u00f3 ph\u1ea3i l\u00e0 h\u1eadu qu\u1ea3 tr\u1ef1c ti\u1ebfp c\u1ee7a vi\u1ec7c h\u1ecdc khu kh\u00f4ng th\u1ef1c hi\u1ec7n IEP kh\u00f4ng?<\/li><\/ul>\n\n\n\n<p>[34 C.F.R. Sec. 300.530(e).]<\/p>\n\n\n\n<p><strong>N\u1ebfu nh\u00f3m IEP tr\u1ea3 l\u1eddi \u201cC\u00d3\u201d cho m\u1ed9t trong hai c\u00e2u h\u1ecfi, h\u1ecdc sinh s\u1ebd kh\u00f4ng b\u1ecb \u0111u\u1ed5i h\u1ecdc<\/strong>.&nbsp; Ngo\u00e0i ra, b\u1ea5t k\u1ef3 thay \u0111\u1ed5i n\u00e0o v\u1ec1 vi\u1ec7c x\u1ebfp l\u1edbp c\u0169ng c\u1ea7n c\u00f3 s\u1ef1 ch\u1ea5p thu\u1eadn c\u1ee7a ph\u1ee5 huynh ho\u1eb7c l\u1ec7nh c\u1ee7a ALJ. N\u1ebfu nh\u00f3m IEP x\u00e1c \u0111\u1ecbnh r\u1eb1ng h\u00e0nh vi l\u00e0 bi\u1ec3u hi\u1ec7n c\u1ee7a t\u00ecnh tr\u1ea1ng khuy\u1ebft t\u1eadt c\u1ee7a h\u1ecdc sinh, h\u1ecdc sinh c\u00f3 quy\u1ec1n quay l\u1ea1i l\u1edbp h\u1ecdc ban \u0111\u1ea7u tr\u1eeb khi nh\u00f3m IEP x\u00e1c \u0111\u1ecbnh thay \u0111\u1ed5i v\u1ec1 x\u1ebfp l\u1edbp l\u00e0 ph\u00f9 h\u1ee3p. Tr\u01b0\u1eddng h\u1ecdc c\u0169ng ph\u1ea3i th\u1ef1c hi\u1ec7n th\u1ea9m \u0111\u1ecbnh h\u00e0nh vi ch\u1ee9c n\u0103ng (functional behavioral assessment, FBA) cho h\u1ecdc sinh ho\u1eb7c s\u1eeda \u0111\u1ed5i k\u1ebf ho\u1ea1ch can thi\u1ec7p h\u00e0nh vi (behavioral intervention plan, BIP) hi\u1ec7n t\u1ea1i c\u1ee7a h\u1ecdc sinh \u0111\u1ec3 gi\u1ea3i quy\u1ebft v\u1ea5n \u0111\u1ec1 v\u1ec1 h\u00e0nh vi. [20 U.S.C. Sec. 1415(k)(1)(F); 34 C.F.R. Sec. 300.530(f).]<\/p>\n\n\n\n<p><strong>N\u1ebfu nh\u00f3m tr\u1ea3 l\u1eddi \u201cKH\u00d4NG\u201d cho c\u1ea3 hai c\u00e2u h\u1ecfi, h\u1ecdc sinh c\u00f3 th\u1ec3 b\u1ecb \u0111\u1ec1 xu\u1ea5t \u0111u\u1ed5i h\u1ecdc.<\/strong><strong><\/strong><\/p>\n","protected":false},"excerpt":{"rendered":"<p>Cu\u1ed9c h\u1ecdp x\u00e1c \u0111\u1ecbnh bi\u1ec3u hi\u1ec7n l\u00e0 cu\u1ed9c h\u1ecdp IEP x\u00e1c \u0111\u1ecbnh h\u1ecdc sinh khuy\u1ebft t\u1eadt c\u00f3 th\u1ec3 b\u1ecb \u0111u\u1ed5i h\u1ecdc hay ph\u1ea3i thay \u0111\u1ed5i&hellip;<\/p>\n","protected":false},"author":1,"featured_media":0,"parent":343,"menu_order":8,"comment_status":"closed","ping_status":"closed","template":"","meta":{"footnotes":""},"class_list":["post-2413","page","type-page","status-publish","hentry"],"_links":{"self":[{"href":"https:\/\/serr.disabilityrightsca.org\/vi\/wp-json\/wp\/v2\/pages\/2413","targetHints":{"allow":["GET"]}}],"collection":[{"href":"https:\/\/serr.disabilityrightsca.org\/vi\/wp-json\/wp\/v2\/pages"}],"about":[{"href":"https:\/\/serr.disabilityrightsca.org\/vi\/wp-json\/wp\/v2\/types\/page"}],"author":[{"embeddable":true,"href":"https:\/\/serr.disabilityrightsca.org\/vi\/wp-json\/wp\/v2\/users\/1"}],"replies":[{"embeddable":true,"href":"https:\/\/serr.disabilityrightsca.org\/vi\/wp-json\/wp\/v2\/comments?post=2413"}],"version-history":[{"count":3,"href":"https:\/\/serr.disabilityrightsca.org\/vi\/wp-json\/wp\/v2\/pages\/2413\/revisions"}],"predecessor-version":[{"id":4089,"href":"https:\/\/serr.disabilityrightsca.org\/vi\/wp-json\/wp\/v2\/pages\/2413\/revisions\/4089"}],"up":[{"embeddable":true,"href":"https:\/\/serr.disabilityrightsca.org\/vi\/wp-json\/wp\/v2\/pages\/343"}],"wp:attachment":[{"href":"https:\/\/serr.disabilityrightsca.org\/vi\/wp-json\/wp\/v2\/media?parent=2413"}],"curies":[{"name":"wp","href":"https:\/\/api.w.org\/{rel}","templated":true}]}}