{"id":2428,"date":"2019-12-13T14:53:51","date_gmt":"2019-12-13T22:53:51","guid":{"rendered":"https:\/\/serr.disabilityrightsca.org\/?page_id=2428"},"modified":"2021-02-07T23:21:13","modified_gmt":"2021-02-08T07:21:13","slug":"8-14-toi-cho-rang-tinh-trang-khuyet-tat-cua-con-toi-da-gay-ra-hanh-vi-sai-trai-cua-tre-nhung-hoc-khu-chua-bao-gio-danh-gia-con-toi-de-tre-nhan-duoc-giao-duc-dac-biet-cac-quy-tac-ve-ky-luat-hoc-sin","status":"publish","type":"page","link":"https:\/\/serr.disabilityrightsca.org\/vi\/serr-manual\/chuong-8-thong-tin-ve-ky-luat-hoc-sinh-khuyet-tat\/8-14-toi-cho-rang-tinh-trang-khuyet-tat-cua-con-toi-da-gay-ra-hanh-vi-sai-trai-cua-tre-nhung-hoc-khu-chua-bao-gio-danh-gia-con-toi-de-tre-nhan-duoc-giao-duc-dac-biet-cac-quy-tac-ve-ky-luat-hoc-sin\/","title":{"rendered":"(8.14) T\u00f4i cho r\u1eb1ng t\u00ecnh tr\u1ea1ng khuy\u1ebft t\u1eadt c\u1ee7a con t\u00f4i \u0111\u00e3 g\u00e2y ra h\u00e0nh vi sai tr\u00e1i c\u1ee7a tr\u1ebb, nh\u01b0ng h\u1ecdc khu ch\u01b0a bao gi\u1edd \u0111\u00e1nh gi\u00e1 con t\u00f4i \u0111\u1ec3 tr\u1ebb nh\u1eadn \u0111\u01b0\u1ee3c gi\u00e1o d\u1ee5c \u0111\u1eb7c bi\u1ec7t. C\u00e1c quy t\u1eafc v\u1ec1 k\u1ef7 lu\u1eadt h\u1ecdc sinh gi\u00e1o d\u1ee5c \u0111\u1eb7c bi\u1ec7t s\u1ebd \u0111\u01b0\u1ee3c \u00e1p d\u1ee5ng cho con t\u00f4i ph\u1ea3i kh\u00f4ng?"},"content":{"rendered":"\n<p>C\u00e1c quy t\u1eafc k\u1ef7 lu\u1eadt theo ch\u01b0\u01a1ng tr\u00ecnh gi\u00e1o d\u1ee5c \u0111\u1eb7c bi\u1ec7t s\u1ebd \u0111\u01b0\u1ee3c \u00e1p d\u1ee5ng n\u1ebfu, tr\u01b0\u1edbc khi x\u1ea3y ra s\u1ef1 c\u1ed1 v\u1ec1 h\u00e0nh vi, h\u1ecdc khu \u201cbi\u1ebft th\u00f4ng tin\u201d v\u1ec1 vi\u1ec7c con qu\u00fd v\u1ecb b\u1ecb ho\u1eb7c c\u00f3 th\u1ec3 b\u1ecb khuy\u1ebft t\u1eadt. N\u1ebfu con qu\u00fd v\u1ecb ch\u01b0a \u0111\u01b0\u1ee3c x\u00e1c \u0111\u1ecbnh l\u00e0 h\u1ecdc sinh gi\u00e1o d\u1ee5c \u0111\u1eb7c bi\u1ec7t, c\u00f3 ba t\u00ecnh hu\u1ed1ng m\u00e0 trong \u0111\u00f3 h\u1ecdc khu s\u1ebd \u201c\u0111\u01b0\u1ee3c coi l\u00e0\u201d bi\u1ebft th\u00f4ng tin n\u00e0y:<\/p>\n\n\n\n<p>(1)&nbsp; Khi ph\u1ee5 huynh b\u00e0y t\u1ecf m\u1ed1i lo ng\u1ea1i b\u1eb1ng v\u0103n b\u1ea3n (<em>tr\u01b0\u1edbc khi<\/em><em> <\/em><em>h\u00e0nh vi sai tr\u00e1i c\u1ee7a h\u1ecdc sinh x\u1ea3y ra<\/em>) v\u1edbi ng\u01b0\u1eddi qu\u1ea3n l\u00fd tr\u01b0\u1eddng h\u1ecdc ho\u1eb7cgi\u00e1o vi\u00ean c\u1ee7a h\u1ecdc sinh r\u1eb1ng h\u1ecdc sinh \u0111\u00f3 c\u1ea7n gi\u00e1o d\u1ee5c \u0111\u1eb7c bi\u1ec7t v\u00e0 c\u00e1c d\u1ecbch v\u1ee5 li\u00ean quan;<\/p>\n\n\n\n<p>(2)&nbsp; Khi ph\u1ee5 huynh y\u00eau c\u1ea7u (<em>tr\u01b0\u1edbc khi h\u00e0nh vi sai tr\u00e1i x\u1ea3y ra<\/em>) r\u1eb1ng h\u1ecdc sinh c\u1ea7n \u0111\u01b0\u1ee3c \u0111\u00e1nh gi\u00e1 v\u1ec1 gi\u00e1o d\u1ee5c \u0111\u1eb7c bi\u1ec7t; v\u00e0<\/p>\n\n\n\n<p>(3)&nbsp; Khi,<em> tr\u01b0\u1edbc khi h\u00e0nh vi sai tr\u00e1i x\u1ea3y ra,<\/em>&nbsp; gi\u00e1o vi\u00ean ho\u1eb7c nh\u00e2n vi\u00ean kh\u00e1c c\u1ee7a tr\u01b0\u1eddng b\u00e0y t\u1ecf tr\u1ef1c ti\u1ebfp nh\u1eefng m\u1ed1i lo ng\u1ea1i c\u1ee5 th\u1ec3 v\u1ec1 m\u1ed9t ki\u1ec3u h\u00e0nh vi v\u1edbi gi\u00e1m \u0111\u1ed1c ph\u1ee5 tr\u00e1ch gi\u00e1o d\u1ee5c \u0111\u1eb7c bi\u1ec7t ho\u1eb7c nh\u00e2n vi\u00ean gi\u00e1m s\u00e1t kh\u00e1c.<\/p>\n\n\n\n<p>[20 U.S.C. Sec. 1415(k)(5); 34 C.F.R. Sec. 300.534(b).]<\/p>\n\n\n\n<p>C\u00f3 ba t\u00ecnh hu\u1ed1ng m\u00e0 trong \u0111\u00f3 h\u1ecdc khu s\u1ebd kh\u00f4ng \u0111\u01b0\u1ee3c coi l\u00e0 bi\u1ebft th\u00f4ng tin:<\/p>\n\n\n\n<p>(1)&nbsp; Khi h\u1ecdc khu \u0111\u00e3 th\u1ea9m \u0111\u1ecbnh h\u1ecdc sinh v\u00e0 x\u00e1c \u0111\u1ecbnh h\u1ecdc sinh kh\u00f4ng h\u1ed9i \u0111\u1ee7 \u0111i\u1ec1u ki\u1ec7n nh\u1eadn gi\u00e1o d\u1ee5c \u0111\u1eb7c bi\u1ec7t;<\/p>\n\n\n\n<p>(2)&nbsp; Khi ph\u1ee5 huynh kh\u00f4ng cho ph\u00e9p \u0111\u00e1nh gi\u00e1; ho\u1eb7c<\/p>\n\n\n\n<p>(3)&nbsp; Ph\u1ee5 huynh \u0111\u00e3 t\u1eeb ch\u1ed1i c\u00e1c d\u1ecbch v\u1ee5 gi\u00e1o d\u1ee5c \u0111\u1eb7c bi\u1ec7t.<\/p>\n\n\n\n<p>[34 C.F.R. Sec. 300.534(c).]<\/p>\n\n\n\n<p>Trong nh\u1eefng t\u00ecnh hu\u1ed1ng n\u00e0y, h\u1ecdc sinh kh\u00f4ng \u0111\u01b0\u1ee3c b\u1ea3o v\u1ec7 theo c\u00e1c quy t\u1eafc k\u1ef7 lu\u1eadt theo ch\u01b0\u01a1ng tr\u00ecnh gi\u00e1o d\u1ee5c \u0111\u1eb7c bi\u1ec7t.<\/p>\n","protected":false},"excerpt":{"rendered":"<p>C\u00e1c quy t\u1eafc k\u1ef7 lu\u1eadt theo ch\u01b0\u01a1ng tr\u00ecnh gi\u00e1o d\u1ee5c \u0111\u1eb7c bi\u1ec7t s\u1ebd \u0111\u01b0\u1ee3c \u00e1p d\u1ee5ng n\u1ebfu, tr\u01b0\u1edbc khi x\u1ea3y ra s\u1ef1 c\u1ed1 v\u1ec1 h\u00e0nh&hellip;<\/p>\n","protected":false},"author":1,"featured_media":0,"parent":343,"menu_order":14,"comment_status":"closed","ping_status":"closed","template":"","meta":{"footnotes":""},"class_list":["post-2428","page","type-page","status-publish","hentry"],"_links":{"self":[{"href":"https:\/\/serr.disabilityrightsca.org\/vi\/wp-json\/wp\/v2\/pages\/2428","targetHints":{"allow":["GET"]}}],"collection":[{"href":"https:\/\/serr.disabilityrightsca.org\/vi\/wp-json\/wp\/v2\/pages"}],"about":[{"href":"https:\/\/serr.disabilityrightsca.org\/vi\/wp-json\/wp\/v2\/types\/page"}],"author":[{"embeddable":true,"href":"https:\/\/serr.disabilityrightsca.org\/vi\/wp-json\/wp\/v2\/users\/1"}],"replies":[{"embeddable":true,"href":"https:\/\/serr.disabilityrightsca.org\/vi\/wp-json\/wp\/v2\/comments?post=2428"}],"version-history":[{"count":3,"href":"https:\/\/serr.disabilityrightsca.org\/vi\/wp-json\/wp\/v2\/pages\/2428\/revisions"}],"predecessor-version":[{"id":4095,"href":"https:\/\/serr.disabilityrightsca.org\/vi\/wp-json\/wp\/v2\/pages\/2428\/revisions\/4095"}],"up":[{"embeddable":true,"href":"https:\/\/serr.disabilityrightsca.org\/vi\/wp-json\/wp\/v2\/pages\/343"}],"wp:attachment":[{"href":"https:\/\/serr.disabilityrightsca.org\/vi\/wp-json\/wp\/v2\/media?parent=2428"}],"curies":[{"name":"wp","href":"https:\/\/api.w.org\/{rel}","templated":true}]}}