{"id":2432,"date":"2019-12-13T14:57:53","date_gmt":"2019-12-13T22:57:53","guid":{"rendered":"https:\/\/serr.disabilityrightsca.org\/?page_id=2432"},"modified":"2021-02-07T23:22:41","modified_gmt":"2021-02-08T07:22:41","slug":"8-16-con-toi-dang-bi-duoi-hoc-va-chua-duoc-danh-gia-ve-kha-nang-hoi-du-dieu-kien-nhan-giao-duc-dac-biet-nhung-ke-tu-khi-su-co-xay-ra-toi-da-yeu-cau-danh-gia-dieu-gi-se-xay-ra-voi-viec-xep-lop-cua","status":"publish","type":"page","link":"https:\/\/serr.disabilityrightsca.org\/vi\/serr-manual\/chuong-8-thong-tin-ve-ky-luat-hoc-sinh-khuyet-tat\/8-16-con-toi-dang-bi-duoi-hoc-va-chua-duoc-danh-gia-ve-kha-nang-hoi-du-dieu-kien-nhan-giao-duc-dac-biet-nhung-ke-tu-khi-su-co-xay-ra-toi-da-yeu-cau-danh-gia-dieu-gi-se-xay-ra-voi-viec-xep-lop-cua\/","title":{"rendered":"(8.16) Con t\u00f4i \u0111ang b\u1ecb \u0111u\u1ed5i h\u1ecdc v\u00e0 ch\u01b0a \u0111\u01b0\u1ee3c \u0111\u00e1nh gi\u00e1 v\u1ec1 kh\u1ea3 n\u0103ng h\u1ed9i \u0111\u1ee7 \u0111i\u1ec1u ki\u1ec7n nh\u1eadn gi\u00e1o d\u1ee5c \u0111\u1eb7c bi\u1ec7t, nh\u01b0ng k\u1ec3 t\u1eeb khi s\u1ef1 c\u1ed1 x\u1ea3y ra, t\u00f4i \u0111\u00e3 y\u00eau c\u1ea7u \u0111\u00e1nh gi\u00e1. \u0110i\u1ec1u g\u00ec s\u1ebd x\u1ea3y ra v\u1edbi vi\u1ec7c x\u1ebfp l\u1edbp c\u1ee7a con t\u00f4i trong khi ch\u00fang t\u00f4i \u0111ang ch\u1edd k\u1ebft qu\u1ea3 c\u1ee7a \u0111\u00e1nh gi\u00e1 \u0111\u00f3?"},"content":{"rendered":"\n<p>Khi qu\u00fd v\u1ecb y\u00eau c\u1ea7u \u0111\u00e1nh gi\u00e1 v\u1ec1 kh\u1ea3 n\u0103ng h\u1ed9i \u0111\u1ee7 \u0111i\u1ec1u ki\u1ec7n nh\u1eadn gi\u00e1o d\u1ee5c \u0111\u1eb7c bi\u1ec7t sau khi s\u1ef1 c\u1ed1 v\u1ec1 h\u00e0nh vi d\u1eabn \u0111\u1ebfn \u0111\u1ec1 xu\u1ea5t \u0111u\u1ed5i h\u1ecdc, \u0111\u00e1nh gi\u00e1 ph\u1ea3i \u0111\u01b0\u1ee3c th\u1ef1c hi\u1ec7n nhanh h\u01a1n. Tuy nhi\u00ean, cho \u0111\u1ebfn khi c\u00f3 k\u1ebft qu\u1ea3 c\u1ee7a \u0111\u00e1nh gi\u00e1, con qu\u00fd v\u1ecb s\u1ebd \u1edf trong m\u00f4i tr\u01b0\u1eddng gi\u00e1o d\u1ee5c do l\u00e3nh \u0111\u1ea1o tr\u01b0\u1eddng h\u1ecdc quy\u1ebft \u0111\u1ecbnh. \u0110i\u1ec1u n\u00e0y ngh\u0129a l\u00e0 con qu\u00fd v\u1ecb c\u00f3 th\u1ec3 b\u1ecb \u0111u\u1ed5i h\u1ecdc tr\u01b0\u1edbc khi quy tr\u00ecnh th\u1ea9m \u0111\u1ecbnh nhanh ho\u00e0n t\u1ea5t. [20 U.S.C. Sec. 1415(k)(5)(D); 34 C.F.R. Sec. 300.534(d)(2).]<\/p>\n","protected":false},"excerpt":{"rendered":"<p>Khi qu\u00fd v\u1ecb y\u00eau c\u1ea7u \u0111\u00e1nh gi\u00e1 v\u1ec1 kh\u1ea3 n\u0103ng h\u1ed9i \u0111\u1ee7 \u0111i\u1ec1u ki\u1ec7n nh\u1eadn gi\u00e1o d\u1ee5c \u0111\u1eb7c bi\u1ec7t sau khi s\u1ef1 c\u1ed1 v\u1ec1 h\u00e0nh&hellip;<\/p>\n","protected":false},"author":1,"featured_media":0,"parent":343,"menu_order":16,"comment_status":"closed","ping_status":"closed","template":"","meta":{"footnotes":""},"class_list":["post-2432","page","type-page","status-publish","hentry"],"_links":{"self":[{"href":"https:\/\/serr.disabilityrightsca.org\/vi\/wp-json\/wp\/v2\/pages\/2432","targetHints":{"allow":["GET"]}}],"collection":[{"href":"https:\/\/serr.disabilityrightsca.org\/vi\/wp-json\/wp\/v2\/pages"}],"about":[{"href":"https:\/\/serr.disabilityrightsca.org\/vi\/wp-json\/wp\/v2\/types\/page"}],"author":[{"embeddable":true,"href":"https:\/\/serr.disabilityrightsca.org\/vi\/wp-json\/wp\/v2\/users\/1"}],"replies":[{"embeddable":true,"href":"https:\/\/serr.disabilityrightsca.org\/vi\/wp-json\/wp\/v2\/comments?post=2432"}],"version-history":[{"count":2,"href":"https:\/\/serr.disabilityrightsca.org\/vi\/wp-json\/wp\/v2\/pages\/2432\/revisions"}],"predecessor-version":[{"id":4097,"href":"https:\/\/serr.disabilityrightsca.org\/vi\/wp-json\/wp\/v2\/pages\/2432\/revisions\/4097"}],"up":[{"embeddable":true,"href":"https:\/\/serr.disabilityrightsca.org\/vi\/wp-json\/wp\/v2\/pages\/343"}],"wp:attachment":[{"href":"https:\/\/serr.disabilityrightsca.org\/vi\/wp-json\/wp\/v2\/media?parent=2432"}],"curies":[{"name":"wp","href":"https:\/\/api.w.org\/{rel}","templated":true}]}}