{"id":2444,"date":"2019-12-13T15:05:52","date_gmt":"2019-12-13T23:05:52","guid":{"rendered":"https:\/\/serr.disabilityrightsca.org\/?page_id=2444"},"modified":"2021-02-07T23:27:44","modified_gmt":"2021-02-08T07:27:44","slug":"8-22-neu-con-toi-bi-duoi-hoc-dau-la-nhung-quy-tac-dieu-chinh-viec-con-toi-nhap-hoc-o-hoc-khu-moi","status":"publish","type":"page","link":"https:\/\/serr.disabilityrightsca.org\/vi\/serr-manual\/chuong-8-thong-tin-ve-ky-luat-hoc-sinh-khuyet-tat\/8-22-neu-con-toi-bi-duoi-hoc-dau-la-nhung-quy-tac-dieu-chinh-viec-con-toi-nhap-hoc-o-hoc-khu-moi\/","title":{"rendered":"(8.22) N\u1ebfu con t\u00f4i b\u1ecb \u0111u\u1ed5i h\u1ecdc, \u0111\u00e2u l\u00e0 nh\u1eefng quy t\u1eafc \u0111i\u1ec1u ch\u1ec9nh vi\u1ec7c con t\u00f4i nh\u1eadp h\u1ecdc \u1edf h\u1ecdc khu m\u1edbi?"},"content":{"rendered":"\n<p>Con qu\u00fd v\u1ecb c\u00f3 th\u1ec3 \u0111\u01b0\u1ee3c nh\u1eadn v\u00e0o tr\u01b0\u1eddng \u1edf h\u1ecdc khu kh\u00e1c ch\u1ec9 khi:<\/p>\n\n\n\n<ul class=\"wp-block-list\"><li>&nbsp;Tr\u1ebb c\u00f3 n\u01a1i c\u01b0 tr\u00fa h\u1ee3p ph\u00e1p trong khu v\u1ef1c t\u00e0i ph\u00e1n c\u1ee7a h\u1ecdc khu m\u1edbi;<\/li><\/ul>\n\n\n\n<p>&nbsp;ho\u1eb7c<\/p>\n\n\n\n<ul class=\"wp-block-list\"><li>&nbsp;H\u1ecdc khu hi\u1ec7n t\u1ea1i c\u1ee7a tr\u1ebb c\u1ea5p cho tr\u1ebb quy\u1ec1n thuy\u00ean chuy\u1ec3n li\u00ean h\u1ecdc khu.<\/li><\/ul>\n\n\n\n<p>[Cal. Ed. Code Secs. 46600(c) (thuy\u00ean chuy\u1ec3n cho h\u1ecdc sinh b\u1ecb \u0111u\u1ed5i h\u1ecdc), 46601 (kh\u00e1ng c\u00e1o) &amp; 46603 (nh\u1eadp h\u1ecdc t\u1ea1m th\u1eddi).]<\/p>\n\n\n\n<p>H\u1ecdc khu m\u1edbi c\u00f3 th\u1ec3 y\u00eau c\u1ea7u th\u00f4ng tin v\u00e0\/ho\u1eb7c \u0111\u1ec1 xu\u1ea5t t\u1eeb h\u1ecdc khu c\u0169 v\u00e0 sau \u0111\u00f3 s\u1ebd t\u1ed5 ch\u1ee9c phi\u00ean \u0111i\u1ec1u tr\u1ea7n \u0111\u1ec3 x\u00e1c \u0111\u1ecbnh con qu\u00fd v\u1ecb c\u00f3 ti\u1ebfp t\u1ee5c g\u00e2y nguy hi\u1ec3m cho h\u1ecdc sinh ho\u1eb7c nh\u00e2n vi\u00ean c\u1ee7a h\u1ecdc khu m\u1edbi hay kh\u00f4ng. [Cal. Ed. Code Secs. 48915.1(a)-(b).] Phi\u00ean \u0111i\u1ec1u tr\u1ea7n \u0111\u01b0\u1ee3c ti\u1ebfn h\u00e0nh theo c\u00e1c quy t\u1eafc v\u00e0 quy tr\u00ecnh gi\u1ed1ng h\u1ec7t nh\u01b0 c\u00e1c phi\u00ean \u0111i\u1ec1u tr\u1ea7n v\u1ec1 \u0111u\u1ed5i h\u1ecdc th\u00f4ng th\u01b0\u1eddng. [Cal. Ed. Code Sec. 48918.] N\u1ebfu, sau phi\u00ean \u0111i\u1ec1u tr\u1ea7n, h\u1ecdc khu x\u00e1c \u0111\u1ecbnh r\u1eb1ng con qu\u00fd v\u1ecb <em>c\u00f3<\/em> ti\u1ebfp t\u1ee5c g\u00e2y nguy hi\u1ec3m, h\u1ecdc khu c\u00f3 th\u1ec3 \u0111\u01b0a ra \u0111i\u1ec1u ki\u1ec7n ghi danh v\u1ec1 vi\u1ec7c tham gia m\u1ed9t ch\u01b0\u01a1ng tr\u00ecnh c\u1ee5 th\u1ec3 ho\u1eb7c c\u00f3 th\u1ec3 <em>t\u1eeb ch\u1ed1i<\/em> y\u00eau c\u1ea7u \u0111\u01b0\u1ee3c nh\u1eadp h\u1ecdc. [Cal. Ed. Code Secs. 48915.1(c)-(d).] N\u1ebfu h\u1ecdc khu x\u00e1c \u0111\u1ecbnh r\u1eb1ng con qu\u00fd v\u1ecb kh\u00f4ng ti\u1ebfp t\u1ee5c g\u00e2y nguy hi\u1ec3m, h\u1ecdc khu ph\u1ea3i nh\u1eadn tr\u1ebb v\u00e0o m\u1ed9t trong s\u1ed1 c\u00e1c tr\u01b0\u1eddng c\u1ee7a h\u1ecd trong th\u1eddi gian c\u00f2n l\u1ea1i c\u1ee7a kho\u1ea3ng th\u1eddi gian \u0111u\u1ed5i h\u1ecdc, mi\u1ec5n l\u00e0 con qu\u00fd v\u1ecb c\u00f3 n\u01a1i c\u01b0 tr\u00fa \u1edf h\u1ecdc khu m\u1edbi ho\u1eb7c \u0111\u00e3 nh\u1eadn \u0111\u01b0\u1ee3c quy\u1ec1n thuy\u00ean chuy\u1ec3n li\u00ean h\u1ecdc khu. [Cal. Ed. Code Sec. 48915.1(e).] N\u1ebfu qu\u00fd v\u1ecb kh\u00f4ng th\u00f4ng b\u00e1o cho h\u1ecdc khu m\u1edbi v\u1ec1 vi\u1ec7c b\u1ecb \u0111u\u1ed5i kh\u1ecfi h\u1ecdc khu c\u0169 v\u00e0 h\u1ecdc khu m\u1edbi ph\u00e1t hi\u1ec7n ra th\u00ec s\u1ef1 vi\u1ec7c kh\u00f4ng ti\u1ebft l\u1ed9 ph\u1ea3i \u0111\u01b0\u1ee3c ghi l\u1ea1i v\u00e0 c\u00f3 th\u1ec3 \u0111\u01b0\u1ee3c th\u1ea3o lu\u1eadn t\u1ea1i phi\u00ean \u0111i\u1ec1u tr\u1ea7n v\u1ec1 nh\u1eadp h\u1ecdc l\u1ea1i \u0111\u01b0\u1ee3c m\u00f4 t\u1ea3 \u1edf tr\u00ean.<\/p>\n\n\n\n<p>Tuy nhi\u00ean, n\u1ebfu con qu\u00fd v\u1ecb b\u1ecb \u0111u\u1ed5i h\u1ecdc v\u00ec b\u1ea5t k\u1ef3 l\u00fd do n\u00e0o trong s\u1ed1 c\u00e1c l\u00fd do sau \u0111\u00e2y, tr\u1ebb kh\u00f4ng \u0111\u01b0\u1ee3c ghi danh v\u00e0o b\u1ea5t k\u1ef3 h\u1ecdc khu n\u00e0o kh\u00e1c \u1edf California trong th\u1eddi gian b\u1ecb \u0111u\u1ed5i h\u1ecdc, tr\u1eeb khi \u0111\u00f3 l\u00e0 <em>tr\u01b0\u1eddng c\u1ed9ng \u0111\u1ed3ng c\u1ee7a h\u1ea1t ho\u1eb7c tr\u01b0\u1eddng t\u00f2a \u00e1n v\u1ecb th\u00e0nh ni\u00ean<\/em>:<\/p>\n\n\n\n<ul class=\"wp-block-list\"><li>&nbsp;G\u00e2y th\u01b0\u01a1ng t\u1ed5n nghi\u00eam tr\u1ecdng v\u1ec1 th\u1ec3 ch\u1ea5t cho ng\u01b0\u1eddi kh\u00e1c (ngo\u1ea1i tr\u1eeb trong tr\u01b0\u1eddng h\u1ee3p t\u1ef1 v\u1ec7);<\/li><li>&nbsp;S\u1edf h\u1eefu dao, ch\u1ea5t n\u1ed5 ho\u1eb7c v\u1eadt nguy hi\u1ec3m kh\u00e1c &nbsp;v\u00e0 kh\u00f4ng s\u1eed d\u1ee5ng ch\u00fang m\u1ed9t c\u00e1ch h\u1ee3p l\u00fd \u1edf tr\u01b0\u1eddng h\u1ecdc ho\u1eb7c trong c\u00e1c ho\u1ea1t \u0111\u1ed9ng b\u00ean ngo\u00e0i khu\u00f4n vi\u00ean tr\u01b0\u1eddng h\u1ecdc;<\/li><li>&nbsp;S\u1edf h\u1eefu ch\u1ea5t b\u1ecb ki\u1ec3m so\u00e1t;<\/li><li>&nbsp;Tham gia tr\u1ed9m c\u01b0\u1edbp ho\u1eb7c t\u1ed1ng ti\u1ec1n;<\/li><li>&nbsp;T\u1ea5n c\u00f4ng ho\u1eb7c b\u1ea1o h\u00e0nh;<\/li><li>&nbsp;S\u1edf h\u1eefu ho\u1eb7c b\u00e1n s\u00fang;<\/li><li>&nbsp;Ch\u0129a dao;<\/li><li>&nbsp;B\u00e1n ch\u1ea5t b\u1ecb ki\u1ec3m so\u00e1t; ho\u1eb7c<\/li><li>&nbsp;T\u1ea5n c\u00f4ng t\u00ecnh d\u1ee5c.<\/li><\/ul>\n\n\n\n<p>[Cal Ed. Code Secs. 48915.1, 48915(a) &amp; (c), 48915.2(a).]<\/p>\n\n\n\n<p>Sau khi k\u1ebft th\u00fac kho\u1ea3ng th\u1eddi gian \u0111u\u1ed5i h\u1ecdc (v\u00ec b\u1ea5t k\u1ef3 l\u00fd do n\u00e0o \u1edf tr\u00ean), con qu\u00fd v\u1ecb c\u00f3 th\u1ec3 \u0111\u01b0\u1ee3c nh\u1eadn v\u00e0o h\u1ecdc khu m\u1edbi n\u1ebfu tr\u1ebb \u0111\u00e1p \u1ee9ng c\u00e1c y\u00eau c\u1ea7u v\u1ec1 n\u01a1i c\u01b0 tr\u00fa ho\u1eb7c thuy\u00ean chuy\u1ec3n li\u00ean h\u1ecdc khu. Vi\u1ec7c nh\u1eadp h\u1ecdc s\u1ebd ch\u1ec9 \u0111\u01b0\u1ee3c xem x\u00e9t n\u1ebfu sau phi\u00ean \u0111i\u1ec1u tr\u1ea7n, h\u1ecdc khu m\u1edbi x\u00e1c \u0111\u1ecbnh \u0111\u01b0\u1ee3c r\u1eb1ng tr\u1ebb kh\u00f4ng ti\u1ebfp t\u1ee5c g\u00e2y nguy hi\u1ec3m.<\/p>\n\n\n\n<p>N\u1ebfu con qu\u00fd v\u1ecb b\u1ecb \u0111u\u1ed5i h\u1ecdc v\u00e0 \u0111\u01b0\u1ee3c ghi danh l\u1ea1i \u1edf h\u1ecdc khu m\u1edbi, h\u1ecdc khu m\u1edbi ph\u1ea3i ti\u1ebfp t\u1ee5c cung c\u1ea5p cho con qu\u00fd v\u1ecb gi\u00e1o d\u1ee5c \u0111\u1eb7c bi\u1ec7t v\u00e0 c\u00e1c d\u1ecbch v\u1ee5 li\u00ean quan t\u01b0\u01a1ng \u0111\u01b0\u01a1ng v\u1edbi IEP hi\u1ec7n t\u1ea1i c\u1ee7a con qu\u00fd v\u1ecb.<\/p>\n","protected":false},"excerpt":{"rendered":"<p>Con qu\u00fd v\u1ecb c\u00f3 th\u1ec3 \u0111\u01b0\u1ee3c nh\u1eadn v\u00e0o tr\u01b0\u1eddng \u1edf h\u1ecdc khu kh\u00e1c ch\u1ec9 khi: &nbsp;Tr\u1ebb c\u00f3 n\u01a1i c\u01b0 tr\u00fa h\u1ee3p ph\u00e1p trong khu v\u1ef1c&hellip;<\/p>\n","protected":false},"author":1,"featured_media":0,"parent":343,"menu_order":22,"comment_status":"closed","ping_status":"closed","template":"","meta":{"footnotes":""},"class_list":["post-2444","page","type-page","status-publish","hentry"],"_links":{"self":[{"href":"https:\/\/serr.disabilityrightsca.org\/vi\/wp-json\/wp\/v2\/pages\/2444","targetHints":{"allow":["GET"]}}],"collection":[{"href":"https:\/\/serr.disabilityrightsca.org\/vi\/wp-json\/wp\/v2\/pages"}],"about":[{"href":"https:\/\/serr.disabilityrightsca.org\/vi\/wp-json\/wp\/v2\/types\/page"}],"author":[{"embeddable":true,"href":"https:\/\/serr.disabilityrightsca.org\/vi\/wp-json\/wp\/v2\/users\/1"}],"replies":[{"embeddable":true,"href":"https:\/\/serr.disabilityrightsca.org\/vi\/wp-json\/wp\/v2\/comments?post=2444"}],"version-history":[{"count":4,"href":"https:\/\/serr.disabilityrightsca.org\/vi\/wp-json\/wp\/v2\/pages\/2444\/revisions"}],"predecessor-version":[{"id":4103,"href":"https:\/\/serr.disabilityrightsca.org\/vi\/wp-json\/wp\/v2\/pages\/2444\/revisions\/4103"}],"up":[{"embeddable":true,"href":"https:\/\/serr.disabilityrightsca.org\/vi\/wp-json\/wp\/v2\/pages\/343"}],"wp:attachment":[{"href":"https:\/\/serr.disabilityrightsca.org\/vi\/wp-json\/wp\/v2\/media?parent=2444"}],"curies":[{"name":"wp","href":"https:\/\/api.w.org\/{rel}","templated":true}]}}