{"id":2508,"date":"2019-12-26T15:33:30","date_gmt":"2019-12-26T23:33:30","guid":{"rendered":"https:\/\/serr.disabilityrightsca.org\/?page_id=2508"},"modified":"2022-06-28T11:56:31","modified_gmt":"2022-06-28T18:56:31","slug":"chuong-9-muc-luc","status":"publish","type":"page","link":"https:\/\/serr.disabilityrightsca.org\/vi\/serr-manual\/chuong-9-muc-luc\/","title":{"rendered":"Ch\u01b0\u01a1ng 9: M\u1ee5c L\u1ee5c"},"content":{"rendered":"\n<p><div class=\"print-fullchapter-wrap\"><div class=\"print-fullchapter\"><a href=\"https:\/\/serr.disabilityrightsca.org\/vi\/chapter-9-print\/\">In to\u00e0n b\u1ed9 ch\u01b0\u01a1ng<\/a><\/div><\/div><\/p>\n\n\n\n<div class=\"menu-chapter-9-container\"><ul id=\"menu-chapter-9\" class=\"menu\"><li id=\"menu-item-2515\" class=\"menu-item menu-item-type-post_type menu-item-object-page menu-item-2515\"><a href=\"https:\/\/serr.disabilityrightsca.org\/vi\/serr-manual\/chuong-9-muc-luc\/9-1-cac-dich-vu-lien-quan-lien-co-quan-la-gi\/\">(9.1) C\u00e1c d\u1ecbch v\u1ee5 li\u00ean quan li\u00ean c\u01a1 quan l\u00e0 g\u00ec?<\/a><\/li>\n<li id=\"menu-item-2584\" class=\"menu-item menu-item-type-post_type menu-item-object-page menu-item-2584\"><a href=\"https:\/\/serr.disabilityrightsca.org\/vi\/serr-manual\/chuong-9-muc-luc\/9-2-co-quan-suc-khoe-tam-than-cong-dong-community-mental-health-cua-hat-co-vai-tro-cung-cap-tri-lieu-suc-khoe-tam-than-ngoai-tru-dich-vu-sap-xep-dieu-tri-ban-ngay-va-sap-xep-noi-tru-theo-ab-3632\/\">(9.2) C\u01a1 quan S\u1ee9c Kh\u1ecfe T\u00e2m Th\u1ea7n C\u1ed9ng \u0110\u1ed3ng (Community Mental Health) c\u1ee7a h\u1ea1t c\u00f3 vai tr\u00f2 cung c\u1ea5p tr\u1ecb li\u1ec7u s\u1ee9c kh\u1ecfe t\u00e2m th\u1ea7n ngo\u1ea1i tr\u00fa, d\u1ecbch v\u1ee5 s\u1eafp x\u1ebfp \u0111i\u1ec1u tr\u1ecb ban ng\u00e0y v\u00e0 s\u1eafp x\u1ebfp n\u1ed9i tr\u00fa theo AB 3632.  Hi\u1ec7n t\u1ea1i, ai s\u1ebd ch\u1ecbu tr\u00e1ch nhi\u1ec7m cho c\u00e1c d\u1ecbch v\u1ee5 \u0111\u00f3?<\/a><\/li>\n<li id=\"menu-item-2585\" class=\"menu-item menu-item-type-post_type menu-item-object-page menu-item-2585\"><a href=\"https:\/\/serr.disabilityrightsca.org\/vi\/serr-manual\/chuong-9-muc-luc\/9-3-toi-co-the-tim-thay-luat-ve-cac-dich-vu-lien-quan-lien-co-quan-o-dau\/\">(9.3) T\u00f4i c\u00f3 th\u1ec3 t\u00ecm th\u1ea5y lu\u1eadt v\u1ec1 c\u00e1c d\u1ecbch v\u1ee5 li\u00ean quan li\u00ean c\u01a1 quan \u1edf \u0111\u00e2u?<\/a><\/li>\n<li id=\"menu-item-2586\" class=\"menu-item menu-item-type-post_type menu-item-object-page menu-item-2586\"><a href=\"https:\/\/serr.disabilityrightsca.org\/vi\/serr-manual\/chuong-9-muc-luc\/9-4-ab-3632-co-phai-la-cach-duy-nhat-de-hoc-sinh-giao-duc-dac-biet-o-california-nhan-duoc-tri-lieu-nghe-nghiep-hay-vat-ly-tri-lieu-khong\/\">(9.4) AB 3632 c\u00f3 ph\u1ea3i l\u00e0 c\u00e1ch duy nh\u1ea5t \u0111\u1ec3 h\u1ecdc sinh gi\u00e1o d\u1ee5c \u0111\u1eb7c bi\u1ec7t \u1edf California nh\u1eadn \u0111\u01b0\u1ee3c tr\u1ecb li\u1ec7u ngh\u1ec1 nghi\u1ec7p hay v\u1eadt l\u00fd tr\u1ecb li\u1ec7u kh\u00f4ng?<\/a><\/li>\n<li id=\"menu-item-2587\" class=\"menu-item menu-item-type-post_type menu-item-object-page menu-item-2587\"><a href=\"https:\/\/serr.disabilityrightsca.org\/vi\/serr-manual\/chuong-9-muc-luc\/9-5-bang-cach-nao-cac-hoc-khu-tham-gia-quy-trinh-nay-khi-cac-co-quan-khac-tham-gia-cung-cap-cac-dich-vu\/\">(9.5) B\u1eb1ng c\u00e1ch n\u00e0o c\u00e1c h\u1ecdc khu tham gia quy tr\u00ecnh n\u00e0y khi c\u00e1c c\u01a1 quan kh\u00e1c tham gia cung c\u1ea5p c\u00e1c d\u1ecbch v\u1ee5?<\/a><\/li>\n<li id=\"menu-item-2588\" class=\"menu-item menu-item-type-post_type menu-item-object-page menu-item-2588\"><a href=\"https:\/\/serr.disabilityrightsca.org\/vi\/serr-manual\/chuong-9-muc-luc\/9-6-neu-ccs-tien-hanh-tham-dinh-can-dua-vao-bao-cao-bang-van-ban-nhung-dieu-gi\/\">(9.6) N\u1ebfu CCS ti\u1ebfn h\u00e0nh th\u1ea9m \u0111\u1ecbnh, c\u1ea7n \u0111\u01b0a v\u00e0o b\u00e1o c\u00e1o b\u1eb1ng v\u0103n b\u1ea3n nh\u1eefng \u0111i\u1ec1u g\u00ec?<\/a><\/li>\n<li id=\"menu-item-2589\" class=\"menu-item menu-item-type-post_type menu-item-object-page menu-item-2589\"><a href=\"https:\/\/serr.disabilityrightsca.org\/vi\/serr-manual\/chuong-9-muc-luc\/9-7-bang-cach-nao-ccs-tham-gia-phat-trien-iep-cua-tre\/\">(9.7) B\u1eb1ng c\u00e1ch n\u00e0o CCS tham gia ph\u00e1t tri\u1ec3n IEP c\u1ee7a tr\u1ebb?<\/a><\/li>\n<li id=\"menu-item-2590\" class=\"menu-item menu-item-type-post_type menu-item-object-page menu-item-2590\"><a href=\"https:\/\/serr.disabilityrightsca.org\/vi\/serr-manual\/chuong-9-muc-luc\/9-8-thu-tuc-phap-ly-ve-giao-duc-dac-biet-va-thu-tuc-khieu-nai-ve-tuan-thu-co-ap-dung-cho-cac-bat-dong-hoac-van-de-voi-ccs-khong\/\">(9.8) Th\u1ee7 t\u1ee5c ph\u00e1p l\u00fd v\u1ec1 gi\u00e1o d\u1ee5c \u0111\u1eb7c bi\u1ec7t v\u00e0 th\u1ee7 t\u1ee5c khi\u1ebfu n\u1ea1i v\u1ec1 tu\u00e2n th\u1ee7 c\u00f3 \u00e1p d\u1ee5ng cho c\u00e1c b\u1ea5t \u0111\u1ed3ng ho\u1eb7c v\u1ea5n \u0111\u1ec1 v\u1edbi CCS kh\u00f4ng?<\/a><\/li>\n<li id=\"menu-item-2591\" class=\"menu-item menu-item-type-post_type menu-item-object-page menu-item-2591\"><a href=\"https:\/\/serr.disabilityrightsca.org\/vi\/serr-manual\/chuong-9-muc-luc\/9-9-co-quan-phi-giao-duc-ccs-co-the-thay-doi-dich-vu-duoc-them-vao-iep-cua-con-toi-ma-khong-can-co-duoc-su-chap-thuan-cua-toi-khong\/\">(9.9) C\u01a1 quan phi gi\u00e1o d\u1ee5c (CCS) c\u00f3 th\u1ec3 thay \u0111\u1ed5i d\u1ecbch v\u1ee5 \u0111\u01b0\u1ee3c th\u00eam v\u00e0o IEP c\u1ee7a con t\u00f4i m\u00e0 kh\u00f4ng c\u1ea7n c\u00f3 \u0111\u01b0\u1ee3c s\u1ef1 ch\u1ea5p thu\u1eadn c\u1ee7a t\u00f4i kh\u00f4ng?<\/a><\/li>\n<li id=\"menu-item-2592\" class=\"menu-item menu-item-type-post_type menu-item-object-page menu-item-2592\"><a href=\"https:\/\/serr.disabilityrightsca.org\/vi\/serr-manual\/chuong-9-muc-luc\/9-10-nhung-hoc-sinh-nao-nhan-duoc-dich-vu-tri-lieu-nghe-nghiep-hoac-vat-ly-tri-lieu-tu-ccs\/\">(9.10) Nh\u1eefng h\u1ecdc sinh n\u00e0o nh\u1eadn \u0111\u01b0\u1ee3c d\u1ecbch v\u1ee5 tr\u1ecb li\u1ec7u ngh\u1ec1 nghi\u1ec7p ho\u1eb7c v\u1eadt l\u00fd tr\u1ecb li\u1ec7u t\u1eeb CCS?<\/a><\/li>\n<li id=\"menu-item-2593\" class=\"menu-item menu-item-type-post_type menu-item-object-page menu-item-2593\"><a href=\"https:\/\/serr.disabilityrightsca.org\/vi\/serr-manual\/chuong-9-muc-luc\/9-11-dau-la-nhung-dich-vu-lien-co-quan-ma-hoc-sinh-co-the-nhan-duoc-tu-ccs\/\">(9.11) \u0110\u00e2u l\u00e0 nh\u1eefng d\u1ecbch v\u1ee5 li\u00ean c\u01a1 quan m\u00e0 h\u1ecdc sinh c\u00f3 th\u1ec3 nh\u1eadn \u0111\u01b0\u1ee3c t\u1eeb CCS?<\/a><\/li>\n<li id=\"menu-item-2594\" class=\"menu-item menu-item-type-post_type menu-item-object-page menu-item-2594\"><a href=\"https:\/\/serr.disabilityrightsca.org\/vi\/serr-manual\/chuong-9-muc-luc\/9-12-lam-the-nao-con-toi-co-the-co-duoc-gioi-thieu-tham-dinh-va-dich-vu-cua-ccs\/\">(9.12) L\u00e0m th\u1ebf n\u00e0o con t\u00f4i c\u00f3 th\u1ec3 c\u00f3 \u0111\u01b0\u1ee3c gi\u1edbi thi\u1ec7u, th\u1ea9m \u0111\u1ecbnh v\u00e0 d\u1ecbch v\u1ee5 c\u1ee7a CCS?<\/a><\/li>\n<li id=\"menu-item-2595\" class=\"menu-item menu-item-type-post_type menu-item-object-page menu-item-2595\"><a href=\"https:\/\/serr.disabilityrightsca.org\/vi\/serr-manual\/chuong-9-muc-luc\/9-13-tre-em-khuyet-tat-tu-0-5-tuoi-co-the-nhan-cac-dich-vu-theo-ab-3632-khong\/\">(9.13) Can children with disabilities ages 0 \u2013 5 receive services under AB 3632?<\/a><\/li>\n<li id=\"menu-item-2596\" class=\"menu-item menu-item-type-post_type menu-item-object-page menu-item-2596\"><a href=\"https:\/\/serr.disabilityrightsca.org\/vi\/serr-manual\/chuong-9-muc-luc\/9-14-sau-khi-cac-dich-vu-ab-3632-duoc-dua-vao-iep-ccs-co-the-tri-hoan-viec-cung-cap-cac-dich-vu-do-khong\/\">(9.14) Sau khi c\u00e1c d\u1ecbch v\u1ee5 AB 3632 \u0111\u01b0\u1ee3c \u0111\u01b0a v\u00e0o IEP, CCS c\u00f3 th\u1ec3 tr\u00ec ho\u00e3n vi\u1ec7c cung c\u1ea5p c\u00e1c d\u1ecbch v\u1ee5 \u0111\u00f3 kh\u00f4ng?<\/a><\/li>\n<li id=\"menu-item-2597\" class=\"menu-item menu-item-type-post_type menu-item-object-page menu-item-2597\"><a href=\"https:\/\/serr.disabilityrightsca.org\/vi\/serr-manual\/chuong-9-muc-luc\/9-15-con-toi-duoc-co-quan-cong-sap-xep-vao-mot-co-so-o-tieu-bang-khac-ma-khong-thong-qua-hoc-khu-hay-co-quan-giao-duc-khac-ai-se-chiu-trach-nhiem-thanh-toan-chi-phi-giao-duc-noi-tru-va-dieu-tri-cu\/\">(9.15) Con t\u00f4i \u0111\u01b0\u1ee3c c\u01a1 quan c\u00f4ng s\u1eafp x\u1ebfp v\u00e0o m\u1ed9t c\u01a1 s\u1edf \u1edf ti\u1ec3u bang kh\u00e1c m\u00e0 kh\u00f4ng th\u00f4ng qua h\u1ecdc khu hay c\u01a1 quan gi\u00e1o d\u1ee5c kh\u00e1c. Ai s\u1ebd ch\u1ecbu tr\u00e1ch nhi\u1ec7m thanh to\u00e1n chi ph\u00ed gi\u00e1o d\u1ee5c, n\u1ed9i tr\u00fa v\u00e0 \u0111i\u1ec1u tr\u1ecb c\u1ee7a con t\u00f4i?<\/a><\/li>\n<li id=\"menu-item-2598\" class=\"menu-item menu-item-type-post_type menu-item-object-page menu-item-2598\"><a href=\"https:\/\/serr.disabilityrightsca.org\/vi\/serr-manual\/chuong-9-muc-luc\/9-16-con-toi-tam-thoi-duoc-sap-xep-vao-benh-vien-tam-than-o-hat-khac-va-co-the-can-moi-truong-dieu-tri-noi-tru-ai-chiu-trach-nhiem-cung-cap-cac-dich-vu-giao-duc\/\">(9.16) Con t\u00f4i t\u1ea1m th\u1eddi \u0111\u01b0\u1ee3c s\u1eafp x\u1ebfp v\u00e0o b\u1ec7nh vi\u1ec7n t\u00e2m th\u1ea7n \u1edf h\u1ea1t kh\u00e1c v\u00e0 c\u00f3 th\u1ec3 c\u1ea7n m\u00f4i tr\u01b0\u1eddng \u0111i\u1ec1u tr\u1ecb n\u1ed9i tr\u00fa. Ai ch\u1ecbu tr\u00e1ch nhi\u1ec7m cung c\u1ea5p c\u00e1c d\u1ecbch v\u1ee5 gi\u00e1o d\u1ee5c?<\/a><\/li>\n<li id=\"menu-item-2599\" class=\"menu-item menu-item-type-post_type menu-item-object-page menu-item-2599\"><a href=\"https:\/\/serr.disabilityrightsca.org\/vi\/serr-manual\/chuong-9-muc-luc\/9-17-neu-mot-hoc-sinh-can-dieu-tri-noi-tru-de-huong-loi-tu-giao-duc-hoc-sinh-do-co-nhat-thiet-phai-la-nguoi-duoc-bao-tro-hoac-nguoi-phu-thuoc-cua-toa-an-khong-phu-huynh-co-phai-thanh-toan-mot-phan\/\">(9.17) N\u1ebfu m\u1ed9t h\u1ecdc sinh c\u1ea7n \u0111i\u1ec1u tr\u1ecb n\u1ed9i tr\u00fa \u0111\u1ec3 h\u01b0\u1edfng l\u1ee3i t\u1eeb gi\u00e1o d\u1ee5c, h\u1ecdc sinh \u0111\u00f3 c\u00f3 nh\u1ea5t thi\u1ebft ph\u1ea3i l\u00e0 ng\u01b0\u1eddi \u0111\u01b0\u1ee3c b\u1ea3o tr\u1ee3 ho\u1eb7c ng\u01b0\u1eddi ph\u1ee5 thu\u1ed9c c\u1ee7a t\u00f2a \u00e1n kh\u00f4ng? Ph\u1ee5 huynh c\u00f3 ph\u1ea3i thanh to\u00e1n m\u1ed9t ph\u1ea7n chi ph\u00ed c\u1ee7a \u0111i\u1ec1u tr\u1ecb n\u1ed9i tr\u00fa kh\u00f4ng?<\/a><\/li>\n<li id=\"menu-item-2600\" class=\"menu-item menu-item-type-post_type menu-item-object-page menu-item-2600\"><a href=\"https:\/\/serr.disabilityrightsca.org\/vi\/serr-manual\/chuong-9-muc-luc\/9-18-sap-xep-noi-tru-theo-lenh-cua-toa-an-cho-con-toi-khac-voi-sap-xep-thong-qua-iep-nhu-the-nao\/\">(9.18) S\u1eafp x\u1ebfp n\u1ed9i tr\u00fa theo l\u1ec7nh c\u1ee7a t\u00f2a \u00e1n cho con t\u00f4i kh\u00e1c v\u1edbi s\u1eafp x\u1ebfp th\u00f4ng qua IEP nh\u01b0 th\u1ebf n\u00e0o?<\/a><\/li>\n<li id=\"menu-item-2601\" class=\"menu-item menu-item-type-post_type menu-item-object-page menu-item-2601\"><a href=\"https:\/\/serr.disabilityrightsca.org\/vi\/serr-manual\/chuong-9-muc-luc\/9-19-truong-hop-cua-con-toi-dang-cho-xu-ly-truoc-khi-dien-ra-phien-toa-o-toa-an-vi-thanh-nien-toi-co-the-lam-bat-cu-dieu-gi-de-tranh-hoac-giam-thieu-hau-qua-cua-viec-sap-xep-noi-tru-theo-lenh-cua-t\/\">(9.19) Tr\u01b0\u1eddng h\u1ee3p c\u1ee7a con t\u00f4i \u0111ang ch\u1edd x\u1eed l\u00fd tr\u01b0\u1edbc khi di\u1ec5n ra phi\u00ean t\u00f2a \u1edf t\u00f2a \u00e1n v\u1ecb th\u00e0nh ni\u00ean. T\u00f4i c\u00f3 th\u1ec3 l\u00e0m b\u1ea5t c\u1ee9 \u0111i\u1ec1u g\u00ec \u0111\u1ec3 tr\u00e1nh ho\u1eb7c gi\u1ea3m thi\u1ec3u h\u1eadu qu\u1ea3 c\u1ee7a vi\u1ec7c s\u1eafp x\u1ebfp n\u1ed9i tr\u00fa theo l\u1ec7nh c\u1ee7a t\u00f2a \u00e1n kh\u00f4ng?<\/a><\/li>\n<li id=\"menu-item-2602\" class=\"menu-item menu-item-type-post_type menu-item-object-page menu-item-2602\"><a href=\"https:\/\/serr.disabilityrightsca.org\/vi\/serr-manual\/chuong-9-muc-luc\/9-20-con-toi-duoc-toa-an-xep-vao-co-so-danh-cho-vi-thanh-nien-ai-se-chiu-trach-nhiem-cung-cap-dich-vu-cho-con-toi\/\">(9.20) Con t\u00f4i \u0111\u01b0\u1ee3c t\u00f2a \u00e1n x\u1ebfp v\u00e0o c\u01a1 s\u1edf d\u00e0nh cho v\u1ecb th\u00e0nh ni\u00ean. Ai s\u1ebd ch\u1ecbu tr\u00e1ch nhi\u1ec7m cung c\u1ea5p d\u1ecbch v\u1ee5 cho con t\u00f4i?<\/a><\/li>\n<li id=\"menu-item-2603\" class=\"menu-item menu-item-type-post_type menu-item-object-page menu-item-2603\"><a href=\"https:\/\/serr.disabilityrightsca.org\/vi\/serr-manual\/chuong-9-muc-luc\/9-21-neu-con-toi-bi-dua-vao-co-quan-thanh-nien-california-california-youth-authority-tre-co-tiep-tuc-nhan-duoc-cac-dich-vu-giao-duc-dac-biet-khong\/\">(9.21) N\u1ebfu con t\u00f4i b\u1ecb \u0111\u01b0a v\u00e0o C\u01a1 Quan Thanh Ni\u00ean California (California Youth Authority), tr\u1ebb c\u00f3 ti\u1ebfp t\u1ee5c nh\u1eadn \u0111\u01b0\u1ee3c c\u00e1c d\u1ecbch v\u1ee5 gi\u00e1o d\u1ee5c \u0111\u1eb7c bi\u1ec7t kh\u00f4ng?<\/a><\/li>\n<li id=\"menu-item-2604\" class=\"menu-item menu-item-type-post_type menu-item-object-page menu-item-2604\"><a href=\"https:\/\/serr.disabilityrightsca.org\/vi\/serr-manual\/chuong-9-muc-luc\/9-22-toa-an-co-the-giup-toi-yeu-cau-dich-vu-giao-duc-dac-biet-cho-con-toi-khong\/\">(9.22) T\u00f2a \u00e1n c\u00f3 th\u1ec3 gi\u00fap t\u00f4i y\u00eau c\u1ea7u d\u1ecbch v\u1ee5 gi\u00e1o d\u1ee5c \u0111\u1eb7c bi\u1ec7t cho con t\u00f4i kh\u00f4ng?<\/a><\/li>\n<li id=\"menu-item-2605\" class=\"menu-item menu-item-type-post_type menu-item-object-page menu-item-2605\"><a href=\"https:\/\/serr.disabilityrightsca.org\/vi\/serr-manual\/chuong-9-muc-luc\/9-23-cac-dich-vu-ab-3632-se-ket-thuc-khi-con-toi-du-18-tuoi-phai-khong\/\">(9.23) C\u00e1c d\u1ecbch v\u1ee5 AB 3632 s\u1ebd k\u1ebft th\u00fac khi con t\u00f4i \u0111\u1ee7 18 tu\u1ed5i ph\u1ea3i kh\u00f4ng?<\/a><\/li>\n<li id=\"menu-item-2606\" class=\"menu-item menu-item-type-post_type menu-item-object-page menu-item-2606\"><a href=\"https:\/\/serr.disabilityrightsca.org\/vi\/serr-manual\/chuong-9-muc-luc\/9-24-ai-se-dua-ra-quyet-dinh-cho-hoc-sinh-giao-duc-dac-biet-khi-cha-me-cua-hoc-sinh-do-khong-con-bat-ky-quyen-nao-hoac-khi-cha-me-khong-lien-quan-den-cuoc-song-cua-hoc-sinh-do\/\">(9.24) Ai s\u1ebd \u0111\u01b0a ra quy\u1ebft \u0111\u1ecbnh cho h\u1ecdc sinh gi\u00e1o d\u1ee5c \u0111\u1eb7c bi\u1ec7t khi cha m\u1eb9 c\u1ee7a h\u1ecdc sinh \u0111\u00f3 kh\u00f4ng c\u00f2n b\u1ea5t k\u1ef3 quy\u1ec1n n\u00e0o ho\u1eb7c khi cha m\u1eb9 kh\u00f4ng li\u00ean quan \u0111\u1ebfn cu\u1ed9c s\u1ed1ng c\u1ee7a h\u1ecdc sinh \u0111\u00f3?<\/a><\/li>\n<li id=\"menu-item-2607\" class=\"menu-item menu-item-type-post_type menu-item-object-page menu-item-2607\"><a href=\"https:\/\/serr.disabilityrightsca.org\/vi\/serr-manual\/chuong-9-muc-luc\/9-25-ai-co-the-giu-vai-tro-la-phu-huynh-thay-the-va-trach-nhiem-cua-ho-la-gi\/\">(9.25) Ai c\u00f3 th\u1ec3 gi\u1eef vai tr\u00f2 l\u00e0 ph\u1ee5 huynh thay th\u1ebf v\u00e0 tr\u00e1ch nhi\u1ec7m c\u1ee7a h\u1ecd l\u00e0 g\u00ec?<\/a><\/li>\n<li id=\"menu-item-2608\" class=\"menu-item menu-item-type-post_type menu-item-object-page menu-item-2608\"><a href=\"https:\/\/serr.disabilityrightsca.org\/vi\/serr-manual\/chuong-9-muc-luc\/9-26-phu-huynh-thay-the-duoc-chi-dinh-se-dam-nhan-vai-tro-trong-bao-lau\/\">(9.26) Ph\u1ee5 huynh thay th\u1ebf \u0111\u01b0\u1ee3c ch\u1ec9 \u0111\u1ecbnh s\u1ebd \u0111\u1ea3m nh\u1eadn vai tr\u00f2 trong bao l\u00e2u?<\/a><\/li>\n<li id=\"menu-item-2614\" class=\"menu-item menu-item-type-post_type menu-item-object-page menu-item-2614\"><a href=\"https:\/\/serr.disabilityrightsca.org\/vi\/serr-manual\/chuong-9-muc-luc\/9-27-toi-la-cha-me-nuoi-cua-hoc-sinh-giao-duc-dac-biet-toi-co-nhung-quyen-gi\/\">(9.27) T\u00f4i l\u00e0 cha m\u1eb9 nu\u00f4i c\u1ee7a h\u1ecdc sinh gi\u00e1o d\u1ee5c \u0111\u1eb7c bi\u1ec7t. T\u00f4i c\u00f3 nh\u1eefng quy\u1ec1n g\u00ec?<\/a><\/li>\n<li id=\"menu-item-2615\" class=\"menu-item menu-item-type-post_type menu-item-object-page menu-item-2615\"><a href=\"https:\/\/serr.disabilityrightsca.org\/vi\/serr-manual\/chuong-9-muc-luc\/9-28-toi-la-ong-ba-cua-hoc-sinh-giao-duc-dac-biet-va-dua-tre-song-cung-toi-toi-co-duoc-uy-quyen-la-phu-huynh-trong-quy-trinh-giao-duc-dac-biet-khong\/\">(9.28) T\u00f4i l\u00e0 \u00f4ng b\u00e0 c\u1ee7a h\u1ecdc sinh gi\u00e1o d\u1ee5c \u0111\u1eb7c bi\u1ec7t v\u00e0 \u0111\u1ee9a tr\u1ebb s\u1ed1ng c\u00f9ng t\u00f4i. T\u00f4i c\u00f3 \u0111\u01b0\u1ee3c \u1ee7y quy\u1ec1n l\u00e0 \u201cph\u1ee5 huynh\u201d trong quy tr\u00ecnh gi\u00e1o d\u1ee5c \u0111\u1eb7c bi\u1ec7t kh\u00f4ng?<\/a><\/li>\n<li id=\"menu-item-2616\" class=\"menu-item menu-item-type-post_type menu-item-object-page menu-item-2616\"><a href=\"https:\/\/serr.disabilityrightsca.org\/vi\/serr-manual\/chuong-9-muc-luc\/9-29-can-probation-officers-or-social-workers-attend-iep-meetings-without-parental-consent\/\">(9.29) Can probation officers or social workers attend IEP meetings without parental consent?<\/a><\/li>\n<li id=\"menu-item-2617\" class=\"menu-item menu-item-type-post_type menu-item-object-page menu-item-2617\"><a href=\"https:\/\/serr.disabilityrightsca.org\/vi\/serr-manual\/chuong-9-muc-luc\/9-30-vien-chuc-quan-che-hoac-nhan-vien-xa-hoi-dang-di-lam-co-the-giu-vai-tro-la-phu-huynh-thay-the-va-chap-thuan-cac-dich-vu-cho-con-toi-trong-iep-khong\/\">(9.30) Vi\u00ean ch\u1ee9c qu\u1ea3n ch\u1ebf ho\u1eb7c nh\u00e2n vi\u00ean x\u00e3 h\u1ed9i \u0111ang \u0111i l\u00e0m c\u00f3 th\u1ec3 gi\u1eef vai tr\u00f2 l\u00e0 ph\u1ee5 huynh thay th\u1ebf v\u00e0 ch\u1ea5p thu\u1eadn c\u00e1c d\u1ecbch v\u1ee5 cho con t\u00f4i trong IEP kh\u00f4ng?<\/a><\/li>\n<li id=\"menu-item-2618\" class=\"menu-item menu-item-type-post_type menu-item-object-page menu-item-2618\"><a href=\"https:\/\/serr.disabilityrightsca.org\/vi\/serr-manual\/chuong-9-muc-luc\/9-31-ngoai-nhung-co-quan-ccs-co-bat-ky-dich-vu-lien-co-quan-nao-khac-danh-cho-hoc-sinh-giao-duc-dac-biet-theo-ab-3632-khong\/\">(9.31) Ngo\u00e0i nh\u1eefng c\u01a1 quan CCS, c\u00f3 b\u1ea5t k\u1ef3 d\u1ecbch v\u1ee5 li\u00ean c\u01a1 quan n\u00e0o kh\u00e1c d\u00e0nh cho h\u1ecdc sinh gi\u00e1o d\u1ee5c \u0111\u1eb7c bi\u1ec7t theo AB 3632 kh\u00f4ng?<\/a><\/li>\n<\/ul><\/div>\n","protected":false},"excerpt":{"rendered":"<p>In to\u00e0n b\u1ed9 ch\u01b0\u01a1ng<\/p>\n","protected":false},"author":1,"featured_media":0,"parent":326,"menu_order":9,"comment_status":"closed","ping_status":"closed","template":"","meta":{"footnotes":""},"class_list":["post-2508","page","type-page","status-publish","hentry"],"_links":{"self":[{"href":"https:\/\/serr.disabilityrightsca.org\/vi\/wp-json\/wp\/v2\/pages\/2508","targetHints":{"allow":["GET"]}}],"collection":[{"href":"https:\/\/serr.disabilityrightsca.org\/vi\/wp-json\/wp\/v2\/pages"}],"about":[{"href":"https:\/\/serr.disabilityrightsca.org\/vi\/wp-json\/wp\/v2\/types\/page"}],"author":[{"embeddable":true,"href":"https:\/\/serr.disabilityrightsca.org\/vi\/wp-json\/wp\/v2\/users\/1"}],"replies":[{"embeddable":true,"href":"https:\/\/serr.disabilityrightsca.org\/vi\/wp-json\/wp\/v2\/comments?post=2508"}],"version-history":[{"count":6,"href":"https:\/\/serr.disabilityrightsca.org\/vi\/wp-json\/wp\/v2\/pages\/2508\/revisions"}],"predecessor-version":[{"id":4430,"href":"https:\/\/serr.disabilityrightsca.org\/vi\/wp-json\/wp\/v2\/pages\/2508\/revisions\/4430"}],"up":[{"embeddable":true,"href":"https:\/\/serr.disabilityrightsca.org\/vi\/wp-json\/wp\/v2\/pages\/326"}],"wp:attachment":[{"href":"https:\/\/serr.disabilityrightsca.org\/vi\/wp-json\/wp\/v2\/media?parent=2508"}],"curies":[{"name":"wp","href":"https:\/\/api.w.org\/{rel}","templated":true}]}}