{"id":2513,"date":"2019-12-26T15:47:56","date_gmt":"2019-12-26T23:47:56","guid":{"rendered":"https:\/\/serr.disabilityrightsca.org\/?page_id=2513"},"modified":"2021-02-07T23:35:13","modified_gmt":"2021-02-08T07:35:13","slug":"9-1-cac-dich-vu-lien-quan-lien-co-quan-la-gi","status":"publish","type":"page","link":"https:\/\/serr.disabilityrightsca.org\/vi\/serr-manual\/chuong-9-muc-luc\/9-1-cac-dich-vu-lien-quan-lien-co-quan-la-gi\/","title":{"rendered":"(9.1) C\u00e1c d\u1ecbch v\u1ee5 li\u00ean quan li\u00ean c\u01a1 quan l\u00e0 g\u00ec?"},"content":{"rendered":"\n<p>C\u00e1c d\u1ecbch v\u1ee5 li\u00ean quan \u0111\u1ebfn li\u00ean c\u01a1 quan d\u00e0nh cho gi\u00e1o d\u1ee5c \u0111\u1eb7c bi\u1ec7t \u0111\u00f4i khi \u0111\u01b0\u1ee3c g\u1ecdi l\u00e0 c\u00e1c d\u1ecbch v\u1ee5 D\u1ef1 Lu\u1eadt Qu\u1ed1c H\u1ed9i (Assembly Bill, AB) 3632 ho\u1eb7c c\u00e1c d\u1ecbch v\u1ee5 B\u1ed9 Lu\u1eadt Ch\u00ednh Quy\u1ec1n Ch\u01b0\u01a1ng 26.5. T\u00ean g\u1ecdi ph\u1ed5 bi\u1ebfn nh\u1ea5t cho c\u00e1c d\u1ecbch v\u1ee5 n\u00e0y, AB 3632, s\u1ebd \u0111\u01b0\u1ee3c s\u1eed d\u1ee5ng trong ch\u01b0\u01a1ng n\u00e0y \u0111\u1ec3 ch\u1ec9 m\u1ecdi d\u1ecbch v\u1ee5 li\u00ean quan \u0111\u1ebfn li\u00ean c\u01a1 quan. N\u0103m 1986, C\u01a1 Quan L\u1eadp Ph\u00e1p California \u0111\u00e3 quy\u1ebft \u0111\u1ecbnh s\u1eed d\u1ee5ng c\u00e1c c\u01a1 quan c\u1ee7a ti\u1ec3u bang v\u00e0 h\u1ea1t \u2014 ngo\u1ea1i tr\u1eeb c\u1ee7a h\u1ecdc khu \u2014 \u0111\u1ec3 cung c\u1ea5p m\u1ed9t s\u1ed1 d\u1ecbch v\u1ee5 li\u00ean quan nh\u1eb1m t\u1ed1i \u0111a h\u00f3a v\u00e0 \u0111i\u1ec1u ph\u1ed1i t\u1ed1t h\u01a1n c\u00e1c ngu\u1ed3n l\u1ef1c chung nh\u1eb1m h\u1ed7 tr\u1ee3 h\u1ecdc sinh khuy\u1ebft t\u1eadt.<\/p>\n\n\n\n<p>Thay v\u00ec \u0111\u1ec3 h\u1ecdc khu ch\u1ecbu tr\u00e1ch nhi\u1ec7m cho m\u1ed9t s\u1ed1 d\u1ecbch v\u1ee5 ch\u0103m s\u00f3c s\u1ee9c kh\u1ecfe, C\u01a1 Quan L\u1eadp Ph\u00e1p quy\u1ebft \u0111\u1ecbnh k\u00fd k\u1ebft th\u1ecfa thu\u1eadn li\u00ean c\u01a1 quan v\u1edbi c\u00e1c c\u01a1 quan ti\u1ec3u bang kh\u00e1c \u0111\u1ec3 cung c\u1ea5p d\u1ecbch v\u1ee5 cho h\u1ecdc sinh. C\u00e1c d\u1ecbch v\u1ee5 ch\u00ednh li\u00ean quan \u0111\u1ebfn li\u00ean c\u01a1 quan l\u00e0 tr\u1ecb li\u1ec7u v\u1eadt l\u00fd v\u00e0 ngh\u1ec1 nghi\u1ec7p (PT\/OT), \u0111\u01b0\u1ee3c cung c\u1ea5p b\u1edfi D\u1ecbch V\u1ee5 Tr\u1ebb Em California (California Children\u2019s Services, CCS).<\/p>\n","protected":false},"excerpt":{"rendered":"<p>C\u00e1c d\u1ecbch v\u1ee5 li\u00ean quan \u0111\u1ebfn li\u00ean c\u01a1 quan d\u00e0nh cho gi\u00e1o d\u1ee5c \u0111\u1eb7c bi\u1ec7t \u0111\u00f4i khi \u0111\u01b0\u1ee3c g\u1ecdi l\u00e0 c\u00e1c d\u1ecbch v\u1ee5 D\u1ef1 Lu\u1eadt&hellip;<\/p>\n","protected":false},"author":1,"featured_media":0,"parent":2508,"menu_order":1,"comment_status":"closed","ping_status":"closed","template":"","meta":{"footnotes":""},"class_list":["post-2513","page","type-page","status-publish","hentry"],"_links":{"self":[{"href":"https:\/\/serr.disabilityrightsca.org\/vi\/wp-json\/wp\/v2\/pages\/2513","targetHints":{"allow":["GET"]}}],"collection":[{"href":"https:\/\/serr.disabilityrightsca.org\/vi\/wp-json\/wp\/v2\/pages"}],"about":[{"href":"https:\/\/serr.disabilityrightsca.org\/vi\/wp-json\/wp\/v2\/types\/page"}],"author":[{"embeddable":true,"href":"https:\/\/serr.disabilityrightsca.org\/vi\/wp-json\/wp\/v2\/users\/1"}],"replies":[{"embeddable":true,"href":"https:\/\/serr.disabilityrightsca.org\/vi\/wp-json\/wp\/v2\/comments?post=2513"}],"version-history":[{"count":2,"href":"https:\/\/serr.disabilityrightsca.org\/vi\/wp-json\/wp\/v2\/pages\/2513\/revisions"}],"predecessor-version":[{"id":4111,"href":"https:\/\/serr.disabilityrightsca.org\/vi\/wp-json\/wp\/v2\/pages\/2513\/revisions\/4111"}],"up":[{"embeddable":true,"href":"https:\/\/serr.disabilityrightsca.org\/vi\/wp-json\/wp\/v2\/pages\/2508"}],"wp:attachment":[{"href":"https:\/\/serr.disabilityrightsca.org\/vi\/wp-json\/wp\/v2\/media?parent=2513"}],"curies":[{"name":"wp","href":"https:\/\/api.w.org\/{rel}","templated":true}]}}