{"id":2517,"date":"2019-12-26T16:01:52","date_gmt":"2019-12-27T00:01:52","guid":{"rendered":"https:\/\/serr.disabilityrightsca.org\/?page_id=2517"},"modified":"2021-02-07T23:35:56","modified_gmt":"2021-02-08T07:35:56","slug":"9-2-co-quan-suc-khoe-tam-than-cong-dong-community-mental-health-cua-hat-co-vai-tro-cung-cap-tri-lieu-suc-khoe-tam-than-ngoai-tru-dich-vu-sap-xep-dieu-tri-ban-ngay-va-sap-xep-noi-tru-theo-ab-3632","status":"publish","type":"page","link":"https:\/\/serr.disabilityrightsca.org\/vi\/serr-manual\/chuong-9-muc-luc\/9-2-co-quan-suc-khoe-tam-than-cong-dong-community-mental-health-cua-hat-co-vai-tro-cung-cap-tri-lieu-suc-khoe-tam-than-ngoai-tru-dich-vu-sap-xep-dieu-tri-ban-ngay-va-sap-xep-noi-tru-theo-ab-3632\/","title":{"rendered":"(9.2) C\u01a1 quan S\u1ee9c Kh\u1ecfe T\u00e2m Th\u1ea7n C\u1ed9ng \u0110\u1ed3ng (Community Mental Health) c\u1ee7a h\u1ea1t c\u00f3 vai tr\u00f2 cung c\u1ea5p tr\u1ecb li\u1ec7u s\u1ee9c kh\u1ecfe t\u00e2m th\u1ea7n ngo\u1ea1i tr\u00fa, d\u1ecbch v\u1ee5 s\u1eafp x\u1ebfp \u0111i\u1ec1u tr\u1ecb ban ng\u00e0y v\u00e0 s\u1eafp x\u1ebfp n\u1ed9i tr\u00fa theo AB 3632.  Hi\u1ec7n t\u1ea1i, ai s\u1ebd ch\u1ecbu tr\u00e1ch nhi\u1ec7m cho c\u00e1c d\u1ecbch v\u1ee5 \u0111\u00f3?"},"content":{"rendered":"\n<p>\u0110\u1ebfn th\u00e1ng 10 n\u0103m 2010, ph\u1ea1m vi c\u1ee7a c\u00e1c d\u1ecbch v\u1ee5 AB 3632 c\u0169ng bao g\u1ed3m d\u1ecbch v\u1ee5 s\u1ee9c kh\u1ecfe t\u00e2m th\u1ea7n th\u00f4ng qua c\u00e1c c\u01a1 quan S\u1ee9c Kh\u1ecfe T\u00e2m Th\u1ea7n c\u1ee7a H\u1ea1t (County Mental Health, CMH). C\u00e1c d\u1ecbch v\u1ee5 n\u00e0y kh\u00f4ng c\u00f2n \u0111\u01b0\u1ee3c cung c\u1ea5p th\u00f4ng qua AB 3632.\u00a0 H\u1ecdc khu ch\u1ecbu tr\u00e1ch nhi\u1ec7m th\u1ea9m \u0111\u1ecbnh v\u00e0 cung c\u1ea5p c\u00e1c d\u1ecbch v\u1ee5 gi\u00e1o d\u1ee5c \u0111\u1eb7c bi\u1ec7t nh\u01b0 gi\u00e1o d\u1ee5c \u1edf m\u00f4i tr\u01b0\u1eddng ch\u0103m s\u00f3c s\u1ee9c kh\u1ecfe t\u00e2m th\u1ea7n nh\u1ecf ho\u1eb7c m\u00f4i tr\u01b0\u1eddng \u0111i\u1ec1u tr\u1ecb n\u1ed9i tr\u00fa c\u0169ng nh\u01b0 d\u1ecbch v\u1ee5 v\u00e0 c\u00e1c d\u1ecbch v\u1ee5 li\u00ean quan (ho\u1eb7c h\u01b0\u1edbng d\u1eabn v\u00e0 d\u1ecbch v\u1ee5 \u0111\u01b0\u1ee3c ch\u1ec9 \u0111\u1ecbnh trong lu\u1eadt California) nh\u01b0 c\u00e1c d\u1ecbch v\u1ee5 t\u00e2m l\u00fd, khi tr\u1ebb c\u1ea7n nh\u1eefng d\u1ecbch v\u1ee5 n\u00e0y \u0111\u1ec3 h\u01b0\u1edfng l\u1ee3i t\u1eeb gi\u00e1o d\u1ee5c \u0111\u1eb7c bi\u1ec7t. M\u1ed9t s\u1ed1 h\u1ecdc khu \u0111\u00e3 x\u00e2y d\u1ef1ng th\u1ecfa thu\u1eadn li\u00ean c\u01a1 quan v\u1edbi c\u00e1c c\u01a1 quan s\u1ee9c kh\u1ecfe t\u00e2m th\u1ea7n c\u1ee7a h\u1ea1t \u0111\u1ec3 CMH c\u00f3 th\u1ec3 ti\u1ebfp t\u1ee5c cung c\u1ea5p tr\u1ecb li\u1ec7u s\u1ee9c kh\u1ecfe t\u00e2m th\u1ea7n ngo\u1ea1i tr\u00fa v\u00e0 d\u1ecbch v\u1ee5 \u0111i\u1ec1u tr\u1ecb ban ng\u00e0y th\u00f4ng qua quy tr\u00ecnh IEP.\u00a0 Li\u00ean h\u1ec7 v\u1edbi h\u1ecdc khu \u0111\u1ec3 h\u1ecfi c\u00e1ch th\u1ee9c c\u00e1c d\u1ecbch v\u1ee5 \u0111\u00f3 \u0111\u01b0\u1ee3c cung c\u1ea5p \u1edf h\u1ecdc khu v\u00e0 h\u1ea1t c\u1ee7a qu\u00fd v\u1ecb.\u00a0 Xem Ch\u01b0\u01a1ng 5, Th\u00f4ng Tin v\u1ec1 C\u00e1c D\u1ecbch V\u1ee5 Li\u00ean Quan.<\/p>\n","protected":false},"excerpt":{"rendered":"<p>\u0110\u1ebfn th\u00e1ng 10 n\u0103m 2010, ph\u1ea1m vi c\u1ee7a c\u00e1c d\u1ecbch v\u1ee5 AB 3632 c\u0169ng bao g\u1ed3m d\u1ecbch v\u1ee5 s\u1ee9c kh\u1ecfe t\u00e2m th\u1ea7n th\u00f4ng qua c\u00e1c&hellip;<\/p>\n","protected":false},"author":1,"featured_media":0,"parent":2508,"menu_order":2,"comment_status":"closed","ping_status":"closed","template":"","meta":{"footnotes":""},"class_list":["post-2517","page","type-page","status-publish","hentry"],"_links":{"self":[{"href":"https:\/\/serr.disabilityrightsca.org\/vi\/wp-json\/wp\/v2\/pages\/2517","targetHints":{"allow":["GET"]}}],"collection":[{"href":"https:\/\/serr.disabilityrightsca.org\/vi\/wp-json\/wp\/v2\/pages"}],"about":[{"href":"https:\/\/serr.disabilityrightsca.org\/vi\/wp-json\/wp\/v2\/types\/page"}],"author":[{"embeddable":true,"href":"https:\/\/serr.disabilityrightsca.org\/vi\/wp-json\/wp\/v2\/users\/1"}],"replies":[{"embeddable":true,"href":"https:\/\/serr.disabilityrightsca.org\/vi\/wp-json\/wp\/v2\/comments?post=2517"}],"version-history":[{"count":4,"href":"https:\/\/serr.disabilityrightsca.org\/vi\/wp-json\/wp\/v2\/pages\/2517\/revisions"}],"predecessor-version":[{"id":4112,"href":"https:\/\/serr.disabilityrightsca.org\/vi\/wp-json\/wp\/v2\/pages\/2517\/revisions\/4112"}],"up":[{"embeddable":true,"href":"https:\/\/serr.disabilityrightsca.org\/vi\/wp-json\/wp\/v2\/pages\/2508"}],"wp:attachment":[{"href":"https:\/\/serr.disabilityrightsca.org\/vi\/wp-json\/wp\/v2\/media?parent=2517"}],"curies":[{"name":"wp","href":"https:\/\/api.w.org\/{rel}","templated":true}]}}