{"id":2521,"date":"2019-12-26T16:05:52","date_gmt":"2019-12-27T00:05:52","guid":{"rendered":"https:\/\/serr.disabilityrightsca.org\/?page_id=2521"},"modified":"2021-02-07T23:37:34","modified_gmt":"2021-02-08T07:37:34","slug":"9-4-ab-3632-co-phai-la-cach-duy-nhat-de-hoc-sinh-giao-duc-dac-biet-o-california-nhan-duoc-tri-lieu-nghe-nghiep-hay-vat-ly-tri-lieu-khong","status":"publish","type":"page","link":"https:\/\/serr.disabilityrightsca.org\/vi\/serr-manual\/chuong-9-muc-luc\/9-4-ab-3632-co-phai-la-cach-duy-nhat-de-hoc-sinh-giao-duc-dac-biet-o-california-nhan-duoc-tri-lieu-nghe-nghiep-hay-vat-ly-tri-lieu-khong\/","title":{"rendered":"(9.4) AB 3632 c\u00f3 ph\u1ea3i l\u00e0 c\u00e1ch duy nh\u1ea5t \u0111\u1ec3 h\u1ecdc sinh gi\u00e1o d\u1ee5c \u0111\u1eb7c bi\u1ec7t \u1edf California nh\u1eadn \u0111\u01b0\u1ee3c tr\u1ecb li\u1ec7u ngh\u1ec1 nghi\u1ec7p hay v\u1eadt l\u00fd tr\u1ecb li\u1ec7u kh\u00f4ng?"},"content":{"rendered":"\n<p>Kh\u00f4ng. H\u1ecdc khu ch\u1ecbu tr\u00e1ch nhi\u1ec7m cung c\u1ea5p c\u00e1c d\u1ecbch v\u1ee5 li\u00ean quan n\u00e0y n\u1ebfu c\u00e1c c\u01a1 quan kh\u00e1c kh\u00f4ng cung c\u1ea5p v\u00e0 h\u1ecdc sinh c\u1ea7n nh\u1eefng d\u1ecbch v\u1ee5 \u0111\u00f3 \u0111\u1ec3 h\u01b0\u1edfng l\u1ee3i t\u1eeb gi\u00e1o d\u1ee5c \u0111\u1eb7c bi\u1ec7t. H\u1ecdc khu kh\u00f4ng \u0111\u01b0\u1ee3c t\u1eeb ch\u1ed1i \u0111\u01b0a d\u1ecbch v\u1ee5 v\u00e0o IEP ch\u1ec9 v\u00ec ch\u01b0a x\u00e1c \u0111\u1ecbnh \u0111\u01b0\u1ee3c ngu\u1ed3n t\u00e0i tr\u1ee3. [Cal. Gov. Code Sec.<\/p>\n\n\n\n<p>7572(c).] AB 3632 n\u00eau r\u00f5 r\u1eb1ng khi CCS nh\u1eadn th\u1ea5y d\u1ecbch v\u1ee5 OT\/PT kh\u00f4ng c\u1ea7n thi\u1ebft v\u00ec l\u00fd do y t\u1ebf, tr\u01b0\u1eddng h\u1ecdc \u0111\u1ecba ph\u01b0\u01a1ng ph\u1ea3i cung c\u1ea5p c\u00e1c d\u1ecbch v\u1ee5 \u0111\u00f3 n\u1ebfu tr\u1ebb c\u1ea7n d\u1ecbch v\u1ee5 \u0111\u1ec3 h\u01b0\u1edfng l\u1ee3i t\u1eeb gi\u00e1o d\u1ee5c \u0111\u1eb7c bi\u1ec7t. [Cal. Gov. Code Sec. 7575(a)(2).] Khi c\u00e1c c\u01a1 quan CCS kh\u00f4ng cung c\u1ea5p d\u1ecbch v\u1ee5 OT\/PT v\u00ec quy t\u1eafc ho\u1eb7c y\u00eau c\u1ea7u v\u1ec1 kh\u1ea3 n\u0103ng h\u1ed9i \u0111\u1ee7 \u0111i\u1ec1u ki\u1ec7n c\u1ee7a ri\u00eang h\u1ecd, h\u1ecdc khu ph\u1ea3i cung c\u1ea5p c\u00e1c d\u1ecbch v\u1ee5 n\u00e0y n\u1ebfu tr\u1ebb c\u1ea7n d\u1ecbch v\u1ee5 \u0111\u1ec3 h\u01b0\u1edfng l\u1ee3i t\u1eeb gi\u00e1o d\u1ee5c \u0111\u1eb7c bi\u1ec7t. [34 C.F.R. Sec. 300.34(a); Cal. Ed. Code Sec. 56031.] OT\/PT lu\u00f4n c\u00f3 trong danh s\u00e1ch c\u00e1c d\u1ecbch v\u1ee5 li\u00ean quan d\u00e0nh cho gi\u00e1o d\u1ee5c \u0111\u1eb7c bi\u1ec7t theo lu\u1eadt ti\u1ec3u bang [Cal. Ed. Code Secs. 56363(b)(6) &amp; (10)] and federal law [34 C.F.R. Secs. 300.34(c)(6)(9) &amp; (10)] khi c\u1ea7n thi\u1ebft v\u00ec l\u00fd do gi\u00e1o d\u1ee5c.<\/p>\n\n\n\n<p>N\u1ebfu c\u00e1c c\u01a1 quan kh\u00e1c \u0111\u01b0\u1ee3c cho l\u00e0 cung c\u1ea5p c\u00e1c d\u1ecbch v\u1ee5 n\u00e0y ng\u1eebng cung c\u1ea5p v\u00ec b\u1ea5t k\u1ef3 l\u00fd do g\u00ec, h\u1ecdc khu s\u1ebd ph\u1ea3i ch\u1ecbu tr\u00e1ch nhi\u1ec7m. [20 U.S.C. Sec.<\/p>\n\n\n\n<p>1412(a)(12)(B)(ii).] Ngo\u00e0i ra, lu\u1eadt li\u00ean bang y\u00eau c\u1ea7u r\u1eb1ng trong giai \u0111o\u1ea1n tranh ch\u1ea5p v\u1ec1 c\u00e1c d\u1ecbch v\u1ee5 m\u00e0 c\u01a1 quan phi gi\u00e1o d\u1ee5c cung c\u1ea5p, ti\u1ec3u bang ph\u1ea3i \u0111\u1ea3m b\u1ea3o c\u00e1c d\u1ecbch v\u1ee5 \u0111\u01b0\u1ee3c duy tr\u00ec. [20 U.S.C. Sec. 1412(a)(12)(A).] Qu\u00fd v\u1ecb ph\u1ea3i lu\u00f4n t\u00ecm c\u00e1ch x\u00e1c \u0111\u1ecbnh c\u00e1c d\u1ecbch v\u1ee5 n\u00e0y l\u00e0 c\u1ea7n thi\u1ebft v\u1ec1 m\u1eb7t gi\u00e1o d\u1ee5c trong IEP \u2014 ho\u1eb7c c\u1ea7n thi\u1ebft \u0111\u1ec3 m\u1ed9t h\u1ecdc sinh h\u01b0\u1edfng l\u1ee3i t\u1eeb gi\u00e1o d\u1ee5c \u0111\u1eb7c bi\u1ec7t. Cu\u1ed1i c\u00f9ng, T\u1ed5ng Gi\u00e1m \u0110\u1ed1c C\u00f4ng Hu\u1ea5n c\u00f3 tr\u00e1ch nhi\u1ec7m \u0111\u1ea3m b\u1ea3o c\u00e1c d\u1ecbch v\u1ee5 li\u00ean c\u01a1 quan c\u1ee7a ti\u1ec3u bang \u0111\u01b0\u1ee3c th\u1ef1c hi\u1ec7n. [Gov. Code Sec. 7570.]<\/p>\n\n\n\n<p>\u0110\u1ed1i v\u1edbi m\u1ecdi d\u1ecbch v\u1ee5 li\u00ean quan, ph\u1ee5 huynh lu\u00f4n c\u00f3 th\u1ec3 nh\u1eadn \u0111\u01b0\u1ee3c v\u00e0 g\u1eedi \u0111\u00e1nh gi\u00e1 \u0111\u1ed9c l\u1eadp cho h\u1ecdc khu.&nbsp; \u0110\u00e1nh gi\u00e1 n\u00e0y ph\u1ea3i \u0111\u01b0\u1ee3c nh\u00f3m IEP xem x\u00e9t. [Gov. Code Sec. 7572(d)(2).] \u0110\u1ec3 bi\u1ebft th\u00f4ng tin v\u1ec1 c\u00e1ch c\u00f3 \u0111\u01b0\u1ee3c \u0111\u00e1nh gi\u00e1 \u0111\u1ed9c l\u1eadp b\u1eb1ng chi ph\u00ed c\u00f4ng, h\u00e3y xem Ch\u01b0\u01a1ng 2, Th\u00f4ng Tin v\u1ec1 C\u00e1c \u0110\u00e1nh Gi\u00e1\/Th\u1ea9m \u0110\u1ecbnh.<\/p>\n","protected":false},"excerpt":{"rendered":"<p>Kh\u00f4ng. H\u1ecdc khu ch\u1ecbu tr\u00e1ch nhi\u1ec7m cung c\u1ea5p c\u00e1c d\u1ecbch v\u1ee5 li\u00ean quan n\u00e0y n\u1ebfu c\u00e1c c\u01a1 quan kh\u00e1c kh\u00f4ng cung c\u1ea5p v\u00e0 h\u1ecdc sinh&hellip;<\/p>\n","protected":false},"author":1,"featured_media":0,"parent":2508,"menu_order":4,"comment_status":"closed","ping_status":"closed","template":"","meta":{"footnotes":""},"class_list":["post-2521","page","type-page","status-publish","hentry"],"_links":{"self":[{"href":"https:\/\/serr.disabilityrightsca.org\/vi\/wp-json\/wp\/v2\/pages\/2521","targetHints":{"allow":["GET"]}}],"collection":[{"href":"https:\/\/serr.disabilityrightsca.org\/vi\/wp-json\/wp\/v2\/pages"}],"about":[{"href":"https:\/\/serr.disabilityrightsca.org\/vi\/wp-json\/wp\/v2\/types\/page"}],"author":[{"embeddable":true,"href":"https:\/\/serr.disabilityrightsca.org\/vi\/wp-json\/wp\/v2\/users\/1"}],"replies":[{"embeddable":true,"href":"https:\/\/serr.disabilityrightsca.org\/vi\/wp-json\/wp\/v2\/comments?post=2521"}],"version-history":[{"count":3,"href":"https:\/\/serr.disabilityrightsca.org\/vi\/wp-json\/wp\/v2\/pages\/2521\/revisions"}],"predecessor-version":[{"id":4114,"href":"https:\/\/serr.disabilityrightsca.org\/vi\/wp-json\/wp\/v2\/pages\/2521\/revisions\/4114"}],"up":[{"embeddable":true,"href":"https:\/\/serr.disabilityrightsca.org\/vi\/wp-json\/wp\/v2\/pages\/2508"}],"wp:attachment":[{"href":"https:\/\/serr.disabilityrightsca.org\/vi\/wp-json\/wp\/v2\/media?parent=2521"}],"curies":[{"name":"wp","href":"https:\/\/api.w.org\/{rel}","templated":true}]}}