{"id":2523,"date":"2019-12-26T16:07:01","date_gmt":"2019-12-27T00:07:01","guid":{"rendered":"https:\/\/serr.disabilityrightsca.org\/?page_id=2523"},"modified":"2021-02-07T23:38:17","modified_gmt":"2021-02-08T07:38:17","slug":"9-5-bang-cach-nao-cac-hoc-khu-tham-gia-quy-trinh-nay-khi-cac-co-quan-khac-tham-gia-cung-cap-cac-dich-vu","status":"publish","type":"page","link":"https:\/\/serr.disabilityrightsca.org\/vi\/serr-manual\/chuong-9-muc-luc\/9-5-bang-cach-nao-cac-hoc-khu-tham-gia-quy-trinh-nay-khi-cac-co-quan-khac-tham-gia-cung-cap-cac-dich-vu\/","title":{"rendered":"(9.5) B\u1eb1ng c\u00e1ch n\u00e0o c\u00e1c h\u1ecdc khu tham gia quy tr\u00ecnh n\u00e0y khi c\u00e1c c\u01a1 quan kh\u00e1c tham gia cung c\u1ea5p c\u00e1c d\u1ecbch v\u1ee5?"},"content":{"rendered":"\n<p>Sau khi \u0111\u01b0\u1ee3c nh\u00f3m IEP gi\u1edbi thi\u1ec7u, c\u01a1 quan CCS ph\u00f9 h\u1ee3p s\u1ebd ti\u1ebfn h\u00e0nh th\u1ea9m \u0111\u1ecbnh d\u1ef1a theo khung th\u1eddi gian c\u1ee7a ch\u01b0\u01a1ng tr\u00ecnh gi\u00e1o d\u1ee5c \u0111\u1eb7c bi\u1ec7t m\u00e0 lu\u1eadt ti\u1ec3u bang v\u00e0 li\u00ean bang y\u00eau c\u1ea7u. Khi th\u1ea9m \u0111\u1ecbnh ho\u00e0n t\u1ea5t, h\u1ecdc khu s\u1ebd t\u1ed5 ch\u1ee9c cu\u1ed9c h\u1ecdp IEP cho h\u1ecdc sinh.&nbsp; H\u1ecdc khu s\u1ebd m\u1eddi ng\u01b0\u1eddi \u0111\u1ea1i di\u1ec7n c\u1ee7a CCS tham d\u1ef1 \u0111\u1ec3 h\u1ecd c\u00f3 th\u1ec3 gi\u1ea3i th\u00edch k\u1ebft qu\u1ea3 th\u1ea9m \u0111\u1ecbnh v\u00e0 th\u1ea3o lu\u1eadn v\u1ec1 nhu c\u1ea7u d\u1ecbch v\u1ee5. N\u1ebfu ng\u01b0\u1eddi \u0111\u1ea1i di\u1ec7n c\u1ee7a c\u01a1 quan kh\u00e1c kh\u00f4ng th\u1ec3 tham d\u1ef1 tr\u1ef1c ti\u1ebfp, h\u1ecd ph\u1ea3i cung c\u1ea5p \u0111\u1ec1 xu\u1ea5t b\u1eb1ng v\u0103n b\u1ea3n n\u00f3i v\u1ec1 nhu c\u1ea7u \u0111\u1ed1i v\u1edbi d\u1ecbch v\u1ee5. Cu\u1ed9c g\u1ecdi h\u1ed9i ngh\u1ecb, c\u00f9ng v\u1edbi \u0111\u1ec1 xu\u1ea5t b\u1eb1ng v\u0103n b\u1ea3n, l\u00e0 c\u00e1c h\u00ecnh th\u1ee9c tham gia \u0111\u01b0\u1ee3c ch\u1ea5p nh\u1eadn. N\u1ebfu c\u01a1 quan kh\u00e1c kh\u00f4ng th\u1ec3 tham gia, h\u1ecdc khu ph\u1ea3i t\u1ed5 ch\u1ee9c cu\u1ed9c h\u1ecdp thay th\u1ebf \u0111\u1ee7 \u0111i\u1ec1u ki\u1ec7n \u0111\u1ec3 gi\u1ea3i th\u00edch v\u1ec1 th\u1ea9m \u0111\u1ecbnh. [Cal. Gov. Code Sec. 7572(d).] H\u1ecdc khu ph\u1ea3i \u00e1p d\u1ee5ng \u0111\u1ec1 xu\u1ea5t c\u1ee7a ng\u01b0\u1eddi \u0111\u1ea1i di\u1ec7n c\u1ee7a CCS. [Cal. Gov. Code Secs. 7572(c)(1) &amp; (2).]<\/p>\n","protected":false},"excerpt":{"rendered":"<p>Sau khi \u0111\u01b0\u1ee3c nh\u00f3m IEP gi\u1edbi thi\u1ec7u, c\u01a1 quan CCS ph\u00f9 h\u1ee3p s\u1ebd ti\u1ebfn h\u00e0nh th\u1ea9m \u0111\u1ecbnh d\u1ef1a theo khung th\u1eddi gian c\u1ee7a ch\u01b0\u01a1ng tr\u00ecnh&hellip;<\/p>\n","protected":false},"author":1,"featured_media":0,"parent":2508,"menu_order":5,"comment_status":"closed","ping_status":"closed","template":"","meta":{"footnotes":""},"class_list":["post-2523","page","type-page","status-publish","hentry"],"_links":{"self":[{"href":"https:\/\/serr.disabilityrightsca.org\/vi\/wp-json\/wp\/v2\/pages\/2523","targetHints":{"allow":["GET"]}}],"collection":[{"href":"https:\/\/serr.disabilityrightsca.org\/vi\/wp-json\/wp\/v2\/pages"}],"about":[{"href":"https:\/\/serr.disabilityrightsca.org\/vi\/wp-json\/wp\/v2\/types\/page"}],"author":[{"embeddable":true,"href":"https:\/\/serr.disabilityrightsca.org\/vi\/wp-json\/wp\/v2\/users\/1"}],"replies":[{"embeddable":true,"href":"https:\/\/serr.disabilityrightsca.org\/vi\/wp-json\/wp\/v2\/comments?post=2523"}],"version-history":[{"count":3,"href":"https:\/\/serr.disabilityrightsca.org\/vi\/wp-json\/wp\/v2\/pages\/2523\/revisions"}],"predecessor-version":[{"id":4115,"href":"https:\/\/serr.disabilityrightsca.org\/vi\/wp-json\/wp\/v2\/pages\/2523\/revisions\/4115"}],"up":[{"embeddable":true,"href":"https:\/\/serr.disabilityrightsca.org\/vi\/wp-json\/wp\/v2\/pages\/2508"}],"wp:attachment":[{"href":"https:\/\/serr.disabilityrightsca.org\/vi\/wp-json\/wp\/v2\/media?parent=2523"}],"curies":[{"name":"wp","href":"https:\/\/api.w.org\/{rel}","templated":true}]}}