{"id":2525,"date":"2019-12-26T16:12:24","date_gmt":"2019-12-27T00:12:24","guid":{"rendered":"https:\/\/serr.disabilityrightsca.org\/?page_id=2525"},"modified":"2021-02-07T23:39:19","modified_gmt":"2021-02-08T07:39:19","slug":"9-6-neu-ccs-tien-hanh-tham-dinh-can-dua-vao-bao-cao-bang-van-ban-nhung-dieu-gi","status":"publish","type":"page","link":"https:\/\/serr.disabilityrightsca.org\/vi\/serr-manual\/chuong-9-muc-luc\/9-6-neu-ccs-tien-hanh-tham-dinh-can-dua-vao-bao-cao-bang-van-ban-nhung-dieu-gi\/","title":{"rendered":"(9.6) N\u1ebfu CCS ti\u1ebfn h\u00e0nh th\u1ea9m \u0111\u1ecbnh, c\u1ea7n \u0111\u01b0a v\u00e0o b\u00e1o c\u00e1o b\u1eb1ng v\u0103n b\u1ea3n nh\u1eefng \u0111i\u1ec1u g\u00ec?"},"content":{"rendered":"\n<p>C\u00e1c c\u01a1 quan phi gi\u00e1o d\u1ee5c ph\u1ea3i tu\u00e2n theo c\u00e1c lu\u1eadt, quy tr\u00ecnh, khung th\u1eddi gian v\u00e0 khung th\u1eddi gian th\u1ea9m \u0111\u1ecbnh gi\u00e1o d\u1ee5c \u0111\u1eb7c bi\u1ec7t c\u1ee7a li\u00ean bang v\u00e0 ti\u1ec3u bang gi\u1ed1ng h\u1ec7t nh\u01b0 c\u00e1c h\u1ecdc khu. M\u1ee5c 56327, B\u1ed9 Lu\u1eadt Gi\u00e1o D\u1ee5c California \u0111\u1eb7t ra c\u00e1c y\u00eau c\u1ea7u cho b\u00e1o c\u00e1o th\u1ea9m \u0111\u1ecbnh gi\u00e1o d\u1ee5c \u0111\u1eb7c bi\u1ec7t. M\u1ee5c n\u00e0y y\u00eau c\u1ea7u b\u00e1o c\u00e1o th\u1ea9m \u0111\u1ecbnh ph\u1ea3i bao g\u1ed3m, nh\u01b0ng kh\u00f4ng gi\u1edbi h\u1ea1n \u1edf, t\u1ea5t c\u1ea3 c\u00e1c \u0111i\u1ec1u sau \u0111\u00e2y:<\/p>\n\n\n\n<p>(1)&nbsp;&nbsp;&nbsp;&nbsp; H\u1ecdc sinh c\u00f3 c\u1ea7n gi\u00e1o d\u1ee5c \u0111\u1eb7c bi\u1ec7t v\u00e0 c\u00e1c d\u1ecbch v\u1ee5 li\u00ean quan hay kh\u00f4ng;<\/p>\n\n\n\n<p>(2)&nbsp;&nbsp;&nbsp;&nbsp; C\u01a1 s\u1edf x\u00e1c \u0111\u1ecbnh;<\/p>\n\n\n\n<p>(3)&nbsp;&nbsp;&nbsp;&nbsp; H\u00e0nh vi li\u00ean quan \u0111\u01b0\u1ee3c ghi nh\u1eadn trong qu\u00e1 tr\u00ecnh quan s\u00e1t h\u1ecdc sinh trong m\u00f4i tr\u01b0\u1eddng ph\u00f9 h\u1ee3p;<\/p>\n\n\n\n<p>(4)&nbsp;&nbsp;&nbsp;&nbsp; M\u1ed1i quan h\u1ec7 c\u1ee7a h\u00e0nh vi \u0111\u00f3 v\u1edbi ch\u1ee9c n\u0103ng h\u1ecdc t\u1eadp v\u00e0 ch\u1ee9c n\u0103ng x\u00e3 h\u1ed9i c\u1ee7a h\u1ecdc sinh;<\/p>\n\n\n\n<p>(5)&nbsp;&nbsp;&nbsp;&nbsp; C\u00e1c ph\u00e1t hi\u1ec7n v\u1ec1 y t\u1ebf, s\u1ef1 ph\u00e1t tri\u1ec3n v\u00e0 s\u1ee9c kh\u1ecfe c\u00f3 li\u00ean quan \u0111\u1ebfn gi\u00e1o d\u1ee5c, n\u1ebfu c\u00f3;<\/p>\n\n\n\n<p>(6)&nbsp;&nbsp;&nbsp;&nbsp; \u0110\u1ed1i v\u1edbi h\u1ecdc sinh b\u1ecb khuy\u1ebft t\u1eadt h\u1ecdc t\u1eadp, li\u1ec7u c\u00f3 s\u1ef1 kh\u00e1c bi\u1ec7t n\u00e0o gi\u1eefa th\u00e0nh t\u00edch v\u00e0 kh\u1ea3 n\u0103ng kh\u00f4ng th\u1ec3 kh\u1eafc ph\u1ee5c n\u1ebfu kh\u00f4ng c\u00f3 gi\u00e1o d\u1ee5c \u0111\u1eb7c bi\u1ec7t v\u00e0 c\u00e1c d\u1ecbch v\u1ee5 li\u00ean quan hay kh\u00f4ng;<\/p>\n\n\n\n<p>(7)&nbsp;&nbsp;&nbsp;&nbsp; Vi\u1ec7c x\u00e1c \u0111\u1ecbnh li\u00ean quan \u0111\u1ebfn t\u00e1c \u0111\u1ed9ng c\u1ee7a nh\u1eefng y\u1ebfu t\u1ed1 b\u1ea5t l\u1ee3i v\u1ec1 m\u00f4i tr\u01b0\u1eddng, v\u0103n h\u00f3a, ho\u1eb7c kinh t\u1ebf, n\u1ebfu ph\u00f9 h\u1ee3p; v\u00e0<\/p>\n\n\n\n<p>(8)&nbsp;&nbsp;&nbsp;&nbsp; Nhu c\u1ea7u s\u1eed d\u1ee5ng d\u1ecbch v\u1ee5, t\u00e0i li\u1ec7u v\u00e0 thi\u1ebft b\u1ecb chuy\u00ean d\u1ee5ng d\u00e0nh cho h\u1ecdc sinh khuy\u1ebft t\u1eadt c\u00f3 t\u1ef7 l\u1ec7 m\u1eafc th\u1ea5p.<\/p>\n\n\n\n<p>Kh\u00f4ng ph\u1ea3i t\u1ea5t c\u1ea3 c\u00e1c y\u1ebfu t\u1ed1 n\u00e0y \u0111\u1ec1u ph\u00f9 h\u1ee3p \u0111\u1ec3 \u0111\u01b0a v\u00e0o th\u1ea9m \u0111\u1ecbnh AB 3632 cho c\u00e1c d\u1ecbch v\u1ee5 li\u00ean quan v\u00e0 b\u00e1o c\u00e1o do CCS chu\u1ea9n b\u1ecb.&nbsp; B\u00e1o c\u00e1o CCS ph\u1ea3i d\u1ef1a tr\u00ean nhu c\u1ea7u c\u00e1 nh\u00e2n c\u1ee7a h\u1ecdc sinh. Xem Ch\u01b0\u01a1ng 2, Th\u00f4ng Tin v\u1ec1 C\u00e1c \u0110\u00e1nh Gi\u00e1\/Th\u1ea9m \u0110\u1ecbnh.<\/p>\n","protected":false},"excerpt":{"rendered":"<p>C\u00e1c c\u01a1 quan phi gi\u00e1o d\u1ee5c ph\u1ea3i tu\u00e2n theo c\u00e1c lu\u1eadt, quy tr\u00ecnh, khung th\u1eddi gian v\u00e0 khung th\u1eddi gian th\u1ea9m \u0111\u1ecbnh gi\u00e1o d\u1ee5c \u0111\u1eb7c&hellip;<\/p>\n","protected":false},"author":1,"featured_media":0,"parent":2508,"menu_order":6,"comment_status":"closed","ping_status":"closed","template":"","meta":{"footnotes":""},"class_list":["post-2525","page","type-page","status-publish","hentry"],"_links":{"self":[{"href":"https:\/\/serr.disabilityrightsca.org\/vi\/wp-json\/wp\/v2\/pages\/2525","targetHints":{"allow":["GET"]}}],"collection":[{"href":"https:\/\/serr.disabilityrightsca.org\/vi\/wp-json\/wp\/v2\/pages"}],"about":[{"href":"https:\/\/serr.disabilityrightsca.org\/vi\/wp-json\/wp\/v2\/types\/page"}],"author":[{"embeddable":true,"href":"https:\/\/serr.disabilityrightsca.org\/vi\/wp-json\/wp\/v2\/users\/1"}],"replies":[{"embeddable":true,"href":"https:\/\/serr.disabilityrightsca.org\/vi\/wp-json\/wp\/v2\/comments?post=2525"}],"version-history":[{"count":3,"href":"https:\/\/serr.disabilityrightsca.org\/vi\/wp-json\/wp\/v2\/pages\/2525\/revisions"}],"predecessor-version":[{"id":4116,"href":"https:\/\/serr.disabilityrightsca.org\/vi\/wp-json\/wp\/v2\/pages\/2525\/revisions\/4116"}],"up":[{"embeddable":true,"href":"https:\/\/serr.disabilityrightsca.org\/vi\/wp-json\/wp\/v2\/pages\/2508"}],"wp:attachment":[{"href":"https:\/\/serr.disabilityrightsca.org\/vi\/wp-json\/wp\/v2\/media?parent=2525"}],"curies":[{"name":"wp","href":"https:\/\/api.w.org\/{rel}","templated":true}]}}