{"id":2527,"date":"2019-12-26T16:13:25","date_gmt":"2019-12-27T00:13:25","guid":{"rendered":"https:\/\/serr.disabilityrightsca.org\/?page_id=2527"},"modified":"2021-02-07T23:40:02","modified_gmt":"2021-02-08T07:40:02","slug":"9-7-bang-cach-nao-ccs-tham-gia-phat-trien-iep-cua-tre","status":"publish","type":"page","link":"https:\/\/serr.disabilityrightsca.org\/vi\/serr-manual\/chuong-9-muc-luc\/9-7-bang-cach-nao-ccs-tham-gia-phat-trien-iep-cua-tre\/","title":{"rendered":"(9.7) B\u1eb1ng c\u00e1ch n\u00e0o CCS tham gia ph\u00e1t tri\u1ec3n IEP c\u1ee7a tr\u1ebb?"},"content":{"rendered":"\n<p>CCS ph\u1ea3i xem x\u00e9t v\u00e0 th\u1ea3o lu\u1eadn k\u1ebft qu\u1ea3 th\u1ea9m \u0111\u1ecbnh v\u1edbi ph\u1ee5 huynh v\u00e0 c\u00e1c th\u00e0nh vi\u00ean ph\u00f9 h\u1ee3p c\u1ee7a nh\u00f3m IEP tr\u01b0\u1edbc cu\u1ed9c h\u1ecdp IEP. N\u1ebfu c\u00f3 s\u1ef1 b\u1ea5t \u0111\u1ed3ng gi\u1eefa ph\u1ee5 huynh v\u00e0 CCS v\u1ec1 \u0111\u1ec1 xu\u1ea5t, ph\u1ee5 huynh s\u1ebd \u0111\u01b0\u1ee3c th\u00f4ng b\u00e1o b\u1eb1ng v\u0103n b\u1ea3n v\u00e0 c\u00f3 th\u1ec3 y\u00eau c\u1ea7u ng\u01b0\u1eddi th\u1ef1c hi\u1ec7n \u0111\u00e1nh gi\u00e1 tham d\u1ef1 cu\u1ed9c h\u1ecdp IEP. [Cal. Gov. Code Sec.7572(d)(1).] T\u01b0\u01a1ng t\u1ef1, n\u1ebfu ph\u1ee5 huynh c\u00f3 \u0111\u01b0\u1ee3c \u0111\u00e1nh gi\u00e1 \u0111\u1ed9c l\u1eadp, \u0111\u00e1nh gi\u00e1 \u0111\u00f3 ph\u1ea3i \u0111\u01b0\u1ee3c ng\u01b0\u1eddi th\u1ef1c hi\u1ec7n \u0111\u00e1nh gi\u00e1 CCS xem x\u00e9t. Ng\u01b0\u1eddi \u0111\u00e3 xem x\u00e9t th\u1ea9m \u0111\u1ecbnh \u0111\u1ed9c l\u1eadp c\u0169ng c\u00f3 th\u1ec3 \u0111\u01b0\u1ee3c y\u00eau c\u1ea7u tham d\u1ef1 cu\u1ed9c h\u1ecdp IEP n\u1ebfu ph\u1ee5 huynh y\u00eau c\u1ea7u. [Cal. Gov. Code Sec. 7572(c)(2).]<\/p>\n","protected":false},"excerpt":{"rendered":"<p>CCS ph\u1ea3i xem x\u00e9t v\u00e0 th\u1ea3o lu\u1eadn k\u1ebft qu\u1ea3 th\u1ea9m \u0111\u1ecbnh v\u1edbi ph\u1ee5 huynh v\u00e0 c\u00e1c th\u00e0nh vi\u00ean ph\u00f9 h\u1ee3p c\u1ee7a nh\u00f3m IEP tr\u01b0\u1edbc cu\u1ed9c&hellip;<\/p>\n","protected":false},"author":1,"featured_media":0,"parent":2508,"menu_order":7,"comment_status":"closed","ping_status":"closed","template":"","meta":{"footnotes":""},"class_list":["post-2527","page","type-page","status-publish","hentry"],"_links":{"self":[{"href":"https:\/\/serr.disabilityrightsca.org\/vi\/wp-json\/wp\/v2\/pages\/2527","targetHints":{"allow":["GET"]}}],"collection":[{"href":"https:\/\/serr.disabilityrightsca.org\/vi\/wp-json\/wp\/v2\/pages"}],"about":[{"href":"https:\/\/serr.disabilityrightsca.org\/vi\/wp-json\/wp\/v2\/types\/page"}],"author":[{"embeddable":true,"href":"https:\/\/serr.disabilityrightsca.org\/vi\/wp-json\/wp\/v2\/users\/1"}],"replies":[{"embeddable":true,"href":"https:\/\/serr.disabilityrightsca.org\/vi\/wp-json\/wp\/v2\/comments?post=2527"}],"version-history":[{"count":2,"href":"https:\/\/serr.disabilityrightsca.org\/vi\/wp-json\/wp\/v2\/pages\/2527\/revisions"}],"predecessor-version":[{"id":4117,"href":"https:\/\/serr.disabilityrightsca.org\/vi\/wp-json\/wp\/v2\/pages\/2527\/revisions\/4117"}],"up":[{"embeddable":true,"href":"https:\/\/serr.disabilityrightsca.org\/vi\/wp-json\/wp\/v2\/pages\/2508"}],"wp:attachment":[{"href":"https:\/\/serr.disabilityrightsca.org\/vi\/wp-json\/wp\/v2\/media?parent=2527"}],"curies":[{"name":"wp","href":"https:\/\/api.w.org\/{rel}","templated":true}]}}