{"id":2538,"date":"2019-12-26T16:24:10","date_gmt":"2019-12-27T00:24:10","guid":{"rendered":"https:\/\/serr.disabilityrightsca.org\/?page_id=2538"},"modified":"2021-02-07T23:46:04","modified_gmt":"2021-02-08T07:46:04","slug":"9-12-lam-the-nao-con-toi-co-the-co-duoc-gioi-thieu-tham-dinh-va-dich-vu-cua-ccs","status":"publish","type":"page","link":"https:\/\/serr.disabilityrightsca.org\/vi\/serr-manual\/chuong-9-muc-luc\/9-12-lam-the-nao-con-toi-co-the-co-duoc-gioi-thieu-tham-dinh-va-dich-vu-cua-ccs\/","title":{"rendered":"(9.12) L\u00e0m th\u1ebf n\u00e0o con t\u00f4i c\u00f3 th\u1ec3 c\u00f3 \u0111\u01b0\u1ee3c gi\u1edbi thi\u1ec7u, th\u1ea9m \u0111\u1ecbnh v\u00e0 d\u1ecbch v\u1ee5 c\u1ee7a CCS?"},"content":{"rendered":"\n<p>Sau khi m\u1ed9t h\u1ecdc sinh \u0111\u01b0\u1ee3c nh\u00f3m IEP gi\u1edbi thi\u1ec7u \u0111\u1ebfn CCS, CCS ph\u1ea3i x\u00e1c \u0111\u1ecbnh h\u1ecdc sinh \u0111\u00f3 c\u00f3 h\u1ed9i \u0111\u1ee7 \u0111i\u1ec1u ki\u1ec7n nh\u1eadn d\u1ecbch v\u1ee5 CCS hay kh\u00f4ng v\u00e0, n\u1ebfu h\u1ed9i \u0111\u1ee7 \u0111i\u1ec1u ki\u1ec7n, CCS ph\u1ea3i tu\u00e2n th\u1ee7 quy tr\u00ecnh v\u00e0 khung th\u1eddi gian th\u1ea9m \u0111\u1ecbnh gi\u00e1o d\u1ee5c \u0111\u1eb7c bi\u1ec7t. N\u1ebfu CCS x\u00e9t th\u1ea5y h\u1ecdc sinh kh\u00f4ng h\u1ed9i \u0111\u1ee7 \u0111i\u1ec1u ki\u1ec7n, CCS s\u1ebd d\u1eebng quy tr\u00ecnh \u0111\u00e1nh gi\u00e1. Tuy nhi\u00ean, sau \u0111\u00f3 h\u1ecdc khu \u0111\u01b0\u1ee3c y\u00eau c\u1ea7u th\u1ea9m \u0111\u1ecbnh h\u1ecdc sinh \u0111\u1ec3 x\u00e1c \u0111\u1ecbnh h\u1ecdc sinh c\u00f3 c\u1ea7n d\u1ecbch v\u1ee5 cho m\u1ee5c \u0111\u00edch gi\u00e1o d\u1ee5c hay kh\u00f4ng.<\/p>\n\n\n\n<p>N\u1ebfu th\u1ea9m \u0111\u1ecbnh tr\u1ecb li\u1ec7u x\u00e1c \u0111\u1ecbnh con qu\u00fd v\u1ecb c\u1ea7n d\u1ecbch v\u1ee5 ch\u01b0\u01a1ng tr\u00ecnh c\u1ee7a CCS, c\u01a1 quan s\u1ebd chu\u1ea9n b\u1ecb b\u00e1o c\u00e1o v\u00e0 k\u1ebf ho\u1ea1ch tr\u1ecb li\u1ec7u \u0111\u1ec3 th\u1ea3o lu\u1eadn t\u1ea1i cu\u1ed9c h\u1ecdp nh\u00f3m IEP.<\/p>\n\n\n\n<p>B\u00e1o c\u00e1o v\u00e0 k\u1ebf ho\u1ea1ch ph\u1ea3i bao g\u1ed3m nh\u1eefng th\u00f4ng tin sau:<\/p>\n\n\n\n<p>(1)&nbsp;&nbsp;&nbsp;&nbsp; Tuy\u00ean b\u1ed1 v\u1ec1 th\u00e0nh t\u00edch hi\u1ec7n t\u1ea1i c\u1ee7a con qu\u00fd v\u1ecb;<\/p>\n\n\n\n<p>(2)&nbsp;&nbsp;&nbsp;&nbsp; C\u00e1c m\u1ee5c ti\u00eau ch\u1ee9c n\u0103ng \u0111\u01b0\u1ee3c \u0111\u1ec1 xu\u1ea5t \u0111\u1ec3 \u0111\u1ea1t \u0111\u01b0\u1ee3c thay \u0111\u1ed5i c\u00f3 th\u1ec3 \u0111o l\u01b0\u1eddng v\u1ec1 ch\u1ee9c n\u0103ng ho\u1eb7c \u0111\u1ec1 xu\u1ea5t v\u1ec1 d\u1ecbch v\u1ee5 nh\u1eb1m ng\u0103n ng\u1eeba m\u1ea5t ch\u1ee9c n\u0103ng hi\u1ec7n t\u1ea1i v\u00e0 t\u00e0i li\u1ec7u v\u1ec1 ti\u1ebfn b\u1ed9 cho \u0111\u1ebfn th\u1eddi \u0111i\u1ec3m hi\u1ec7n t\u1ea1i;<\/p>\n\n\n\n<p>(3)&nbsp;&nbsp;&nbsp;&nbsp; C\u00e1c d\u1ecbch v\u1ee5 li\u00ean quan c\u1ee5 th\u1ec3 m\u00e0 con qu\u00fd v\u1ecb c\u1ea7n, bao g\u1ed3m lo\u1ea1i tr\u1ecb li\u1ec7u, can thi\u1ec7p, \u0111i\u1ec1u tr\u1ecb, t\u01b0 v\u1ea5n v\u00e0 theo d\u00f5i;<\/p>\n\n\n\n<p>(4)&nbsp;&nbsp;&nbsp;&nbsp; Ng\u00e0y b\u1eaft \u0111\u1ea7u, t\u1ea7n su\u1ea5t v\u00e0 kho\u1ea3ng th\u1eddi gian cung c\u1ea5p d\u1ecbch v\u1ee5 \u0111\u01b0\u1ee3c \u0111\u1ec1 xu\u1ea5t; v\u00e0,<\/p>\n\n\n\n<p>(5)&nbsp;&nbsp;&nbsp;&nbsp; Ng\u00e0y th\u1ef1c hi\u1ec7n \u0111\u00e1nh gi\u00e1 y t\u1ebf \u0111\u01b0\u1ee3c \u0111\u1ec1 xu\u1ea5t. [2 C.C.R. Sec. 60325(a).]<\/p>\n\n\n\n<p>Sau \u0111\u00f3, h\u1ecdc khu s\u1ebd tri\u1ec7u t\u1eadp cu\u1ed9c h\u1ecdp IEP.&nbsp; N\u1ebfu ph\u1ee5 huynh \u0111\u1ed3ng \u00fd v\u1edbi b\u00e1o c\u00e1o v\u00e0 k\u1ebf ho\u1ea1ch tr\u1ecb li\u1ec7u c\u1ee7a CCS, d\u1ecbch v\u1ee5 do CCS \u0111\u1ec1 xu\u1ea5t s\u1ebd \u0111\u01b0\u1ee3c \u0111\u01b0a v\u00e0o IEP. Ngo\u00e0i ra, nh\u00f3m s\u1ebd vi\u1ebft c\u00e1c m\u1ee5c ti\u00eau IEP li\u00ean quan \u0111\u1ebfn c\u00e1c ho\u1ea1t \u0111\u1ed9ng \u0111\u01b0\u1ee3c x\u00e1c \u0111\u1ecbnh trong b\u00e1o c\u00e1o. [2 C.C.R. Sec. 60325.] Ng\u00e0y b\u1eaft \u0111\u1ea7u d\u1ecbch v\u1ee5, t\u1ea7n su\u1ea5t, \u0111\u1ecba \u0111i\u1ec3m v\u00e0 kho\u1ea3ng th\u1eddi gian c\u0169ng ph\u1ea3i \u0111\u01b0\u1ee3c vi\u1ebft v\u00e0o IEP. [20 U.S.C. Sec. 1414(d)(1)(A)(i)(VII); 34 C.F.R. Sec. 300.320(a)(7); Cal. Ed. Code 56345(a)(7).]<\/p>\n\n\n\n<p>N\u1ebfu CCS x\u00e1c \u0111\u1ecbnh r\u1eb1ng con qu\u00fd v\u1ecb kh\u00f4ng c\u1ea7n OT ho\u1eb7c PT v\u00ec l\u00fd do y t\u1ebf, CCS ph\u1ea3i cung c\u1ea5p cho qu\u00fd v\u1ecb v\u00e0 h\u1ecdc khu b\u1ea3n sao c\u1ee7a b\u00e1o c\u00e1o th\u1ea9m \u0111\u1ecbnh gi\u1ea3i th\u00edch l\u00fd do \u0111\u01b0a ra quy\u1ebft \u0111\u1ecbnh \u0111\u00f3. [2 C.C.R. Sec. 60320(i).]&nbsp; Ngo\u00e0i ra, CCS ph\u1ea3i cung c\u1ea5p cho qu\u00fd v\u1ecb th\u00f4ng b\u00e1o b\u1eb1ng v\u0103n b\u1ea3n c\u00f3 th\u1eddi h\u1ea1n 5 ng\u00e0y v\u1ec1 m\u1ecdi quy\u1ebft \u0111\u1ecbnh t\u0103ng, gi\u1ea3m, d\u1eebng ho\u1eb7c thay \u0111\u1ed5i d\u1ecbch v\u1ee5 v\u00e0 sau \u0111\u00f3 cu\u1ed9c h\u1ecdp IEP ph\u1ea3i \u0111\u01b0\u1ee3c t\u1ed5 ch\u1ee9c. [2 C.C.R. Sec. 60325(c).]<\/p>\n\n\n\n<p>N\u1ebfu qu\u00fd v\u1ecb c\u00f3 \u0111\u01b0\u1ee3c gi\u1edbi thi\u1ec7u ri\u00eang t\u1eeb b\u00e1c s\u0129 c\u1ee7a tr\u1ebb v\u1ec1 th\u1ea9m \u0111\u1ecbnh tr\u1ecb li\u1ec7u, gi\u1edbi thi\u1ec7u ri\u00eang ph\u1ea3i bao g\u1ed3m c\u00e1c th\u00f4ng tin sau:<\/p>\n\n\n\n<p>(1)&nbsp;&nbsp;&nbsp;&nbsp; B\u1ec7nh th\u1ea7n kinh c\u01a1, b\u1ec7nh c\u01a1 x\u01b0\u01a1ng kh\u1edbp ho\u1eb7c t\u00ecnh tr\u1ea1ng khuy\u1ebft t\u1eadt th\u1ec3 ch\u1ea5t \u0111\u01b0\u1ee3c ch\u1ea9n \u0111o\u00e1n;<\/p>\n\n\n\n<p>(2)&nbsp;&nbsp;&nbsp;&nbsp; M\u1ee5c ti\u00eau v\u00e0 m\u1ee5c \u0111\u00edch \u0111i\u1ec1u tr\u1ecb c\u1ee7a b\u00e1c s\u0129 gi\u1edbi thi\u1ec7u;<\/p>\n\n\n\n<p>(3)&nbsp;&nbsp;&nbsp;&nbsp; C\u01a1 s\u1edf x\u00e1c \u0111\u1ecbnh c\u00e1c m\u1ee5c ti\u00eau v\u00e0 m\u1ee5c \u0111\u00edch \u0111\u00f3, bao g\u1ed3m c\u00e1ch c\u00e1c m\u1ee5c ti\u00eau v\u00e0 m\u1ee5c \u0111\u00edch c\u1ea3i thi\u1ec7n t\u00ecnh tr\u1ea1ng c\u1ee7a h\u1ecdc sinh;<\/p>\n\n\n\n<p>(4)&nbsp;&nbsp;&nbsp;&nbsp; M\u1ed1i quan h\u1ec7 gi\u1eefa t\u00ecnh tr\u1ea1ng y t\u1ebf c\u1ee7a h\u1ecdc sinh v\u1edbi nhu c\u1ea7u c\u1ee7a h\u1ecdc sinh v\u1ec1 gi\u00e1o d\u1ee5c \u0111\u1eb7c bi\u1ec7t v\u00e0 c\u00e1c d\u1ecbch v\u1ee5 li\u00ean quan; v\u00e0<\/p>\n\n\n\n<p>(5)&nbsp;&nbsp;&nbsp;&nbsp; T\u1ea5t c\u1ea3 h\u1ed3 s\u01a1 y t\u1ebf li\u00ean quan. [Cal. Gov. Code Sec. 7575(b).]<\/p>\n","protected":false},"excerpt":{"rendered":"<p>Sau khi m\u1ed9t h\u1ecdc sinh \u0111\u01b0\u1ee3c nh\u00f3m IEP gi\u1edbi thi\u1ec7u \u0111\u1ebfn CCS, CCS ph\u1ea3i x\u00e1c \u0111\u1ecbnh h\u1ecdc sinh \u0111\u00f3 c\u00f3 h\u1ed9i \u0111\u1ee7 \u0111i\u1ec1u ki\u1ec7n nh\u1eadn&hellip;<\/p>\n","protected":false},"author":1,"featured_media":0,"parent":2508,"menu_order":12,"comment_status":"closed","ping_status":"closed","template":"","meta":{"footnotes":""},"class_list":["post-2538","page","type-page","status-publish","hentry"],"_links":{"self":[{"href":"https:\/\/serr.disabilityrightsca.org\/vi\/wp-json\/wp\/v2\/pages\/2538","targetHints":{"allow":["GET"]}}],"collection":[{"href":"https:\/\/serr.disabilityrightsca.org\/vi\/wp-json\/wp\/v2\/pages"}],"about":[{"href":"https:\/\/serr.disabilityrightsca.org\/vi\/wp-json\/wp\/v2\/types\/page"}],"author":[{"embeddable":true,"href":"https:\/\/serr.disabilityrightsca.org\/vi\/wp-json\/wp\/v2\/users\/1"}],"replies":[{"embeddable":true,"href":"https:\/\/serr.disabilityrightsca.org\/vi\/wp-json\/wp\/v2\/comments?post=2538"}],"version-history":[{"count":2,"href":"https:\/\/serr.disabilityrightsca.org\/vi\/wp-json\/wp\/v2\/pages\/2538\/revisions"}],"predecessor-version":[{"id":4123,"href":"https:\/\/serr.disabilityrightsca.org\/vi\/wp-json\/wp\/v2\/pages\/2538\/revisions\/4123"}],"up":[{"embeddable":true,"href":"https:\/\/serr.disabilityrightsca.org\/vi\/wp-json\/wp\/v2\/pages\/2508"}],"wp:attachment":[{"href":"https:\/\/serr.disabilityrightsca.org\/vi\/wp-json\/wp\/v2\/media?parent=2538"}],"curies":[{"name":"wp","href":"https:\/\/api.w.org\/{rel}","templated":true}]}}