{"id":2542,"date":"2019-12-26T16:28:55","date_gmt":"2019-12-27T00:28:55","guid":{"rendered":"https:\/\/serr.disabilityrightsca.org\/?page_id=2542"},"modified":"2021-02-07T23:47:56","modified_gmt":"2021-02-08T07:47:56","slug":"9-14-sau-khi-cac-dich-vu-ab-3632-duoc-dua-vao-iep-ccs-co-the-tri-hoan-viec-cung-cap-cac-dich-vu-do-khong","status":"publish","type":"page","link":"https:\/\/serr.disabilityrightsca.org\/vi\/serr-manual\/chuong-9-muc-luc\/9-14-sau-khi-cac-dich-vu-ab-3632-duoc-dua-vao-iep-ccs-co-the-tri-hoan-viec-cung-cap-cac-dich-vu-do-khong\/","title":{"rendered":"(9.14) Sau khi c\u00e1c d\u1ecbch v\u1ee5 AB 3632 \u0111\u01b0\u1ee3c \u0111\u01b0a v\u00e0o IEP, CCS c\u00f3 th\u1ec3 tr\u00ec ho\u00e3n vi\u1ec7c cung c\u1ea5p c\u00e1c d\u1ecbch v\u1ee5 \u0111\u00f3 kh\u00f4ng?"},"content":{"rendered":"\n<p>Kh\u00f4ng. C\u00e1c d\u1ecbch v\u1ee5 li\u00ean quan ph\u1ea3i b\u1eaft \u0111\u1ea7u \u201cc\u00e0ng s\u1edbm c\u00e0ng t\u1ed1t\u201d. [34 C.F.R. Sec. 300.323(c)(2); Cal. Ed. Code Sec. 56344(b).] N\u1ebfu d\u1ecbch v\u1ee5 OT\/PT \u0111\u01b0\u1ee3c n\u00eau r\u00f5 trong IEP c\u1ee7a con qu\u00fd v\u1ecb v\u00e0 CCS t\u1eeb ch\u1ed1i cung c\u1ea5p d\u1ecbch v\u1ee5, lu\u1eadt li\u00ean bang y\u00eau c\u1ea7u h\u1ecdc khu cung c\u1ea5p d\u1ecbch v\u1ee5. [20 U.S.C. Secs. 1412(a)(12)(A) &amp; (B).] B\u1ea5t \u0111\u1ed3ng gi\u1eefa CCS v\u00e0 h\u1ecdc khu v\u1ec1 tr\u00e1ch nhi\u1ec7m b\u1eaft \u0111\u1ea7u d\u1ecbch v\u1ee5 c\u00f3 th\u1ec3 \u0111\u01b0\u1ee3c gi\u1ea3i quy\u1ebft th\u00f4ng qua quy tr\u00ecnh tranh ch\u1ea5p li\u00ean c\u01a1 quan. [Cal. Gov. Code Sec. 7585.] Ngo\u00e0i ra, CCS kh\u00f4ng \u0111\u01b0\u1ee3c tr\u00ec ho\u00e3n c\u00e1c d\u1ecbch v\u1ee5 d\u1ef1a tr\u00ean s\u1ef1 c\u1ea5p t\u00ednh (m\u1ee9c \u0111\u1ed9 nghi\u00eam tr\u1ecdng ho\u1eb7c c\u01b0\u1eddng \u0111\u1ed9) c\u1ee7a t\u00ecnh tr\u1ea1ng khuy\u1ebft t\u1eadt c\u1ee7a h\u1ecdc sinh. H\u1ecdc sinh c\u00f3 IEP n\u00eau r\u00f5 r\u1eb1ng h\u1ecdc sinh \u0111\u00f3 nh\u1eadn \u0111\u01b0\u1ee3c d\u1ecbch v\u1ee5 OT\/PT s\u1ebd \u0111\u01b0\u1ee3c quy\u1ec1n nh\u1eadn c\u00e1c d\u1ecbch v\u1ee5 \u0111\u00f3 m\u00e0 kh\u00f4ng b\u1ecb tr\u00ec ho\u00e3n. [34 C.F.R. Sec. 300.323.]<\/p>\n","protected":false},"excerpt":{"rendered":"<p>Kh\u00f4ng. C\u00e1c d\u1ecbch v\u1ee5 li\u00ean quan ph\u1ea3i b\u1eaft \u0111\u1ea7u \u201cc\u00e0ng s\u1edbm c\u00e0ng t\u1ed1t\u201d. [34 C.F.R. Sec. 300.323(c)(2); Cal. Ed. Code Sec. 56344(b).] N\u1ebfu d\u1ecbch v\u1ee5&hellip;<\/p>\n","protected":false},"author":1,"featured_media":0,"parent":2508,"menu_order":14,"comment_status":"closed","ping_status":"closed","template":"","meta":{"footnotes":""},"class_list":["post-2542","page","type-page","status-publish","hentry"],"_links":{"self":[{"href":"https:\/\/serr.disabilityrightsca.org\/vi\/wp-json\/wp\/v2\/pages\/2542","targetHints":{"allow":["GET"]}}],"collection":[{"href":"https:\/\/serr.disabilityrightsca.org\/vi\/wp-json\/wp\/v2\/pages"}],"about":[{"href":"https:\/\/serr.disabilityrightsca.org\/vi\/wp-json\/wp\/v2\/types\/page"}],"author":[{"embeddable":true,"href":"https:\/\/serr.disabilityrightsca.org\/vi\/wp-json\/wp\/v2\/users\/1"}],"replies":[{"embeddable":true,"href":"https:\/\/serr.disabilityrightsca.org\/vi\/wp-json\/wp\/v2\/comments?post=2542"}],"version-history":[{"count":2,"href":"https:\/\/serr.disabilityrightsca.org\/vi\/wp-json\/wp\/v2\/pages\/2542\/revisions"}],"predecessor-version":[{"id":4125,"href":"https:\/\/serr.disabilityrightsca.org\/vi\/wp-json\/wp\/v2\/pages\/2542\/revisions\/4125"}],"up":[{"embeddable":true,"href":"https:\/\/serr.disabilityrightsca.org\/vi\/wp-json\/wp\/v2\/pages\/2508"}],"wp:attachment":[{"href":"https:\/\/serr.disabilityrightsca.org\/vi\/wp-json\/wp\/v2\/media?parent=2542"}],"curies":[{"name":"wp","href":"https:\/\/api.w.org\/{rel}","templated":true}]}}