{"id":2544,"date":"2019-12-26T16:29:59","date_gmt":"2019-12-27T00:29:59","guid":{"rendered":"https:\/\/serr.disabilityrightsca.org\/?page_id=2544"},"modified":"2021-02-07T23:48:51","modified_gmt":"2021-02-08T07:48:51","slug":"9-15-con-toi-duoc-co-quan-cong-sap-xep-vao-mot-co-so-o-tieu-bang-khac-ma-khong-thong-qua-hoc-khu-hay-co-quan-giao-duc-khac-ai-se-chiu-trach-nhiem-thanh-toan-chi-phi-giao-duc-noi-tru-va-dieu-tri-cu","status":"publish","type":"page","link":"https:\/\/serr.disabilityrightsca.org\/vi\/serr-manual\/chuong-9-muc-luc\/9-15-con-toi-duoc-co-quan-cong-sap-xep-vao-mot-co-so-o-tieu-bang-khac-ma-khong-thong-qua-hoc-khu-hay-co-quan-giao-duc-khac-ai-se-chiu-trach-nhiem-thanh-toan-chi-phi-giao-duc-noi-tru-va-dieu-tri-cu\/","title":{"rendered":"(9.15) Con t\u00f4i \u0111\u01b0\u1ee3c c\u01a1 quan c\u00f4ng s\u1eafp x\u1ebfp v\u00e0o m\u1ed9t c\u01a1 s\u1edf \u1edf ti\u1ec3u bang kh\u00e1c m\u00e0 kh\u00f4ng th\u00f4ng qua h\u1ecdc khu hay c\u01a1 quan gi\u00e1o d\u1ee5c kh\u00e1c. Ai s\u1ebd ch\u1ecbu tr\u00e1ch nhi\u1ec7m thanh to\u00e1n chi ph\u00ed gi\u00e1o d\u1ee5c, n\u1ed9i tr\u00fa v\u00e0 \u0111i\u1ec1u tr\u1ecb c\u1ee7a con t\u00f4i?"},"content":{"rendered":"\n<p>B\u1ea5t k\u1ef3 c\u01a1 quan c\u00f4ng n\u00e0o, ngo\u1ea1i tr\u1eeb c\u01a1 quan gi\u00e1o d\u1ee5c, s\u1eafp x\u1ebfp tr\u1ebb khuy\u1ebft t\u1eadt (ho\u1eb7c tr\u1ebb nghi ng\u1edd b\u1ecb khuy\u1ebft t\u1eadt) v\u00e0o c\u01a1 s\u1edf \u1edf b\u00ean ngo\u00e0i ti\u1ec3u bang m\u00e0 kh\u00f4ng c\u00f3 s\u1ef1 tham gia c\u1ee7a h\u1ecdc khu, khu v\u1ef1c k\u1ebf ho\u1ea1ch \u0111\u1ecba ph\u01b0\u01a1ng gi\u00e1o d\u1ee5c \u0111\u1eb7c bi\u1ec7t (SELPA) ho\u1eb7c v\u0103n ph\u00f2ng gi\u00e1o d\u1ee5c h\u1ea1t n\u01a1i ph\u1ee5 huynh ho\u1eb7c ng\u01b0\u1eddi gi\u00e1m h\u1ed9 c\u01b0 tr\u00fa, ph\u1ea3i ch\u1ecbu m\u1ecdi tr\u00e1ch nhi\u1ec7m t\u00e0i ch\u00ednh \u0111\u1ed1i v\u1edbi chi ph\u00ed s\u1eafp x\u1ebfp n\u1ed9i tr\u00fa, chi ph\u00ed ch\u01b0\u01a1ng tr\u00ecnh gi\u00e1o d\u1ee5c \u0111\u1eb7c bi\u1ec7t v\u00e0 chi ph\u00ed d\u1ecbch v\u1ee5 li\u00ean quan cho tr\u1ebb \u1edf ti\u1ec3u bang kh\u00e1c \u2014 tr\u1eeb khi c\u01a1 quan ti\u1ec3u bang ho\u1eb7c \u0111\u1ecba ph\u01b0\u01a1ng \u1edf ti\u1ec3u bang kia nh\u1eadn tr\u00e1ch nhi\u1ec7m. [Cal. Gov. Code Sec. 7579(d).]<\/p>\n","protected":false},"excerpt":{"rendered":"<p>B\u1ea5t k\u1ef3 c\u01a1 quan c\u00f4ng n\u00e0o, ngo\u1ea1i tr\u1eeb c\u01a1 quan gi\u00e1o d\u1ee5c, s\u1eafp x\u1ebfp tr\u1ebb khuy\u1ebft t\u1eadt (ho\u1eb7c tr\u1ebb nghi ng\u1edd b\u1ecb khuy\u1ebft t\u1eadt) v\u00e0o&hellip;<\/p>\n","protected":false},"author":1,"featured_media":0,"parent":2508,"menu_order":15,"comment_status":"closed","ping_status":"closed","template":"","meta":{"footnotes":""},"class_list":["post-2544","page","type-page","status-publish","hentry"],"_links":{"self":[{"href":"https:\/\/serr.disabilityrightsca.org\/vi\/wp-json\/wp\/v2\/pages\/2544","targetHints":{"allow":["GET"]}}],"collection":[{"href":"https:\/\/serr.disabilityrightsca.org\/vi\/wp-json\/wp\/v2\/pages"}],"about":[{"href":"https:\/\/serr.disabilityrightsca.org\/vi\/wp-json\/wp\/v2\/types\/page"}],"author":[{"embeddable":true,"href":"https:\/\/serr.disabilityrightsca.org\/vi\/wp-json\/wp\/v2\/users\/1"}],"replies":[{"embeddable":true,"href":"https:\/\/serr.disabilityrightsca.org\/vi\/wp-json\/wp\/v2\/comments?post=2544"}],"version-history":[{"count":2,"href":"https:\/\/serr.disabilityrightsca.org\/vi\/wp-json\/wp\/v2\/pages\/2544\/revisions"}],"predecessor-version":[{"id":4126,"href":"https:\/\/serr.disabilityrightsca.org\/vi\/wp-json\/wp\/v2\/pages\/2544\/revisions\/4126"}],"up":[{"embeddable":true,"href":"https:\/\/serr.disabilityrightsca.org\/vi\/wp-json\/wp\/v2\/pages\/2508"}],"wp:attachment":[{"href":"https:\/\/serr.disabilityrightsca.org\/vi\/wp-json\/wp\/v2\/media?parent=2544"}],"curies":[{"name":"wp","href":"https:\/\/api.w.org\/{rel}","templated":true}]}}