{"id":2546,"date":"2019-12-26T16:30:44","date_gmt":"2019-12-27T00:30:44","guid":{"rendered":"https:\/\/serr.disabilityrightsca.org\/?page_id=2546"},"modified":"2021-02-07T23:49:39","modified_gmt":"2021-02-08T07:49:39","slug":"9-16-con-toi-tam-thoi-duoc-sap-xep-vao-benh-vien-tam-than-o-hat-khac-va-co-the-can-moi-truong-dieu-tri-noi-tru-ai-chiu-trach-nhiem-cung-cap-cac-dich-vu-giao-duc","status":"publish","type":"page","link":"https:\/\/serr.disabilityrightsca.org\/vi\/serr-manual\/chuong-9-muc-luc\/9-16-con-toi-tam-thoi-duoc-sap-xep-vao-benh-vien-tam-than-o-hat-khac-va-co-the-can-moi-truong-dieu-tri-noi-tru-ai-chiu-trach-nhiem-cung-cap-cac-dich-vu-giao-duc\/","title":{"rendered":"(9.16) Con t\u00f4i t\u1ea1m th\u1eddi \u0111\u01b0\u1ee3c s\u1eafp x\u1ebfp v\u00e0o b\u1ec7nh vi\u1ec7n t\u00e2m th\u1ea7n \u1edf h\u1ea1t kh\u00e1c v\u00e0 c\u00f3 th\u1ec3 c\u1ea7n m\u00f4i tr\u01b0\u1eddng \u0111i\u1ec1u tr\u1ecb n\u1ed9i tr\u00fa. Ai ch\u1ecbu tr\u00e1ch nhi\u1ec7m cung c\u1ea5p c\u00e1c d\u1ecbch v\u1ee5 gi\u00e1o d\u1ee5c?"},"content":{"rendered":"\n<p>C\u00e1c h\u1ecdc sinh gi\u00e1o d\u1ee5c \u0111\u1eb7c bi\u1ec7t \u0111\u01b0\u1ee3c s\u1eafp x\u1ebfp v\u00e0o b\u1ec7nh vi\u1ec7n c\u00f4ng, b\u1ec7nh vi\u1ec7n nhi \u0111\u01b0\u1ee3c c\u1ea5p ph\u00e9p c\u1ee7a ti\u1ec3u bang, b\u1ec7nh vi\u1ec7n t\u00e2m th\u1ea7n, b\u1ec7nh vi\u1ec7n \u0111\u1ed9c quy\u1ec1n ho\u1eb7c c\u01a1 s\u1edf y t\u1ebf ph\u1ee5c v\u1ee5 c\u00e1c m\u1ee5c \u0111\u00edch y khoa l\u00e0 tr\u00e1ch nhi\u1ec7m gi\u00e1o d\u1ee5c c\u1ee7a h\u1ecdc khu, SELPA ho\u1eb7c v\u0103n ph\u00f2ng gi\u00e1o d\u1ee5c h\u1ea1t c\u00f3 b\u1ec7nh vi\u1ec7n ho\u1eb7c c\u01a1 s\u1edf y t\u1ebf \u0111\u00f3. [Cal. Ed. Code Sec. 56167.] SELPA c\u00f3 th\u1ec3 bao g\u1ed3m m\u1ed9t h\u1ecdc khu, m\u1ed9t nh\u00f3m h\u1ecdc khu ho\u1eb7c m\u1ed9t v\u0103n ph\u00f2ng gi\u00e1o d\u1ee5c h\u1ea1t.<\/p>\n","protected":false},"excerpt":{"rendered":"<p>C\u00e1c h\u1ecdc sinh gi\u00e1o d\u1ee5c \u0111\u1eb7c bi\u1ec7t \u0111\u01b0\u1ee3c s\u1eafp x\u1ebfp v\u00e0o b\u1ec7nh vi\u1ec7n c\u00f4ng, b\u1ec7nh vi\u1ec7n nhi \u0111\u01b0\u1ee3c c\u1ea5p ph\u00e9p c\u1ee7a ti\u1ec3u bang, b\u1ec7nh vi\u1ec7n&hellip;<\/p>\n","protected":false},"author":1,"featured_media":0,"parent":2508,"menu_order":16,"comment_status":"closed","ping_status":"closed","template":"","meta":{"footnotes":""},"class_list":["post-2546","page","type-page","status-publish","hentry"],"_links":{"self":[{"href":"https:\/\/serr.disabilityrightsca.org\/vi\/wp-json\/wp\/v2\/pages\/2546","targetHints":{"allow":["GET"]}}],"collection":[{"href":"https:\/\/serr.disabilityrightsca.org\/vi\/wp-json\/wp\/v2\/pages"}],"about":[{"href":"https:\/\/serr.disabilityrightsca.org\/vi\/wp-json\/wp\/v2\/types\/page"}],"author":[{"embeddable":true,"href":"https:\/\/serr.disabilityrightsca.org\/vi\/wp-json\/wp\/v2\/users\/1"}],"replies":[{"embeddable":true,"href":"https:\/\/serr.disabilityrightsca.org\/vi\/wp-json\/wp\/v2\/comments?post=2546"}],"version-history":[{"count":3,"href":"https:\/\/serr.disabilityrightsca.org\/vi\/wp-json\/wp\/v2\/pages\/2546\/revisions"}],"predecessor-version":[{"id":4127,"href":"https:\/\/serr.disabilityrightsca.org\/vi\/wp-json\/wp\/v2\/pages\/2546\/revisions\/4127"}],"up":[{"embeddable":true,"href":"https:\/\/serr.disabilityrightsca.org\/vi\/wp-json\/wp\/v2\/pages\/2508"}],"wp:attachment":[{"href":"https:\/\/serr.disabilityrightsca.org\/vi\/wp-json\/wp\/v2\/media?parent=2546"}],"curies":[{"name":"wp","href":"https:\/\/api.w.org\/{rel}","templated":true}]}}