{"id":2549,"date":"2019-12-26T16:31:50","date_gmt":"2019-12-27T00:31:50","guid":{"rendered":"https:\/\/serr.disabilityrightsca.org\/?page_id=2549"},"modified":"2021-02-07T23:50:43","modified_gmt":"2021-02-08T07:50:43","slug":"9-17-neu-mot-hoc-sinh-can-dieu-tri-noi-tru-de-huong-loi-tu-giao-duc-hoc-sinh-do-co-nhat-thiet-phai-la-nguoi-duoc-bao-tro-hoac-nguoi-phu-thuoc-cua-toa-an-khong-phu-huynh-co-phai-thanh-toan-mot-phan","status":"publish","type":"page","link":"https:\/\/serr.disabilityrightsca.org\/vi\/serr-manual\/chuong-9-muc-luc\/9-17-neu-mot-hoc-sinh-can-dieu-tri-noi-tru-de-huong-loi-tu-giao-duc-hoc-sinh-do-co-nhat-thiet-phai-la-nguoi-duoc-bao-tro-hoac-nguoi-phu-thuoc-cua-toa-an-khong-phu-huynh-co-phai-thanh-toan-mot-phan\/","title":{"rendered":"(9.17) N\u1ebfu m\u1ed9t h\u1ecdc sinh c\u1ea7n \u0111i\u1ec1u tr\u1ecb n\u1ed9i tr\u00fa \u0111\u1ec3 h\u01b0\u1edfng l\u1ee3i t\u1eeb gi\u00e1o d\u1ee5c, h\u1ecdc sinh \u0111\u00f3 c\u00f3 nh\u1ea5t thi\u1ebft ph\u1ea3i l\u00e0 ng\u01b0\u1eddi \u0111\u01b0\u1ee3c b\u1ea3o tr\u1ee3 ho\u1eb7c ng\u01b0\u1eddi ph\u1ee5 thu\u1ed9c c\u1ee7a t\u00f2a \u00e1n kh\u00f4ng? Ph\u1ee5 huynh c\u00f3 ph\u1ea3i thanh to\u00e1n m\u1ed9t ph\u1ea7n chi ph\u00ed c\u1ee7a \u0111i\u1ec1u tr\u1ecb n\u1ed9i tr\u00fa kh\u00f4ng?"},"content":{"rendered":"\n<p>Kh\u00f4ng. \u0110\u00f3 l\u00e0 tr\u01b0\u1eddng h\u1ee3p vi ph\u1ea1m lu\u1eadt li\u00ean bang khi y\u00eau c\u1ea7u con qu\u00fd v\u1ecb ph\u1ea3i l\u00e0 ng\u01b0\u1eddi \u0111\u01b0\u1ee3c b\u1ea3o tr\u1ee3 ho\u1eb7c ng\u01b0\u1eddi ph\u1ee5 thu\u1ed9c c\u1ee7a t\u00f2a \u00e1n n\u1ebfu tr\u1ebb c\u1ea7n ch\u0103m s\u00f3c n\u1ed9i tr\u00fa \u0111\u1ec3 h\u01b0\u1edfng l\u1ee3i t\u1eeb c\u00e1c d\u1ecbch v\u1ee5 gi\u00e1o d\u1ee5c. [Xem, Christopher T. v. San Francisco Unified School District, 553 F. Supp. 1107 (N.D. Cal. 1982).] Ngo\u00e0i ra, ph\u1ee5 huynh kh\u00f4ng th\u1ec3 b\u1ecb y\u00eau c\u1ea7u thanh to\u00e1n b\u1ea5t k\u1ef3 ph\u1ea7n chi ph\u00ed n\u00e0o c\u1ee7a \u0111i\u1ec1u tr\u1ecb n\u1ed9i tr\u00fa n\u1ebfu vi\u1ec7c s\u1eafp x\u1ebfp \u0111\u01b0\u1ee3c th\u1ef1c hi\u1ec7n th\u00f4ng qua quy tr\u00ecnh IEP v\u00e0 l\u00e0 c\u1ea7n thi\u1ebft \u0111\u1ec3 cung c\u1ea5p gi\u00e1o d\u1ee5c \u0111\u1eb7c bi\u1ec7t v\u00e0 c\u00e1c d\u1ecbch v\u1ee5 li\u00ean quan. [34 C.F.R. Sec. 300.104.]<\/p>\n","protected":false},"excerpt":{"rendered":"<p>Kh\u00f4ng. \u0110\u00f3 l\u00e0 tr\u01b0\u1eddng h\u1ee3p vi ph\u1ea1m lu\u1eadt li\u00ean bang khi y\u00eau c\u1ea7u con qu\u00fd v\u1ecb ph\u1ea3i l\u00e0 ng\u01b0\u1eddi \u0111\u01b0\u1ee3c b\u1ea3o tr\u1ee3 ho\u1eb7c ng\u01b0\u1eddi ph\u1ee5&hellip;<\/p>\n","protected":false},"author":1,"featured_media":0,"parent":2508,"menu_order":17,"comment_status":"closed","ping_status":"closed","template":"","meta":{"footnotes":""},"class_list":["post-2549","page","type-page","status-publish","hentry"],"_links":{"self":[{"href":"https:\/\/serr.disabilityrightsca.org\/vi\/wp-json\/wp\/v2\/pages\/2549","targetHints":{"allow":["GET"]}}],"collection":[{"href":"https:\/\/serr.disabilityrightsca.org\/vi\/wp-json\/wp\/v2\/pages"}],"about":[{"href":"https:\/\/serr.disabilityrightsca.org\/vi\/wp-json\/wp\/v2\/types\/page"}],"author":[{"embeddable":true,"href":"https:\/\/serr.disabilityrightsca.org\/vi\/wp-json\/wp\/v2\/users\/1"}],"replies":[{"embeddable":true,"href":"https:\/\/serr.disabilityrightsca.org\/vi\/wp-json\/wp\/v2\/comments?post=2549"}],"version-history":[{"count":2,"href":"https:\/\/serr.disabilityrightsca.org\/vi\/wp-json\/wp\/v2\/pages\/2549\/revisions"}],"predecessor-version":[{"id":4128,"href":"https:\/\/serr.disabilityrightsca.org\/vi\/wp-json\/wp\/v2\/pages\/2549\/revisions\/4128"}],"up":[{"embeddable":true,"href":"https:\/\/serr.disabilityrightsca.org\/vi\/wp-json\/wp\/v2\/pages\/2508"}],"wp:attachment":[{"href":"https:\/\/serr.disabilityrightsca.org\/vi\/wp-json\/wp\/v2\/media?parent=2549"}],"curies":[{"name":"wp","href":"https:\/\/api.w.org\/{rel}","templated":true}]}}