{"id":2551,"date":"2019-12-26T16:33:08","date_gmt":"2019-12-27T00:33:08","guid":{"rendered":"https:\/\/serr.disabilityrightsca.org\/?page_id=2551"},"modified":"2021-02-07T23:51:41","modified_gmt":"2021-02-08T07:51:41","slug":"9-18-sap-xep-noi-tru-theo-lenh-cua-toa-an-cho-con-toi-khac-voi-sap-xep-thong-qua-iep-nhu-the-nao","status":"publish","type":"page","link":"https:\/\/serr.disabilityrightsca.org\/vi\/serr-manual\/chuong-9-muc-luc\/9-18-sap-xep-noi-tru-theo-lenh-cua-toa-an-cho-con-toi-khac-voi-sap-xep-thong-qua-iep-nhu-the-nao\/","title":{"rendered":"(9.18) S\u1eafp x\u1ebfp n\u1ed9i tr\u00fa theo l\u1ec7nh c\u1ee7a t\u00f2a \u00e1n cho con t\u00f4i kh\u00e1c v\u1edbi s\u1eafp x\u1ebfp th\u00f4ng qua IEP nh\u01b0 th\u1ebf n\u00e0o?"},"content":{"rendered":"\n<p>N\u1ebfu con qu\u00fd v\u1ecb l\u00e0 ng\u01b0\u1eddi ph\u1ee5 thu\u1ed9c ho\u1eb7c ng\u01b0\u1eddi \u0111\u01b0\u1ee3c b\u1ea3o tr\u1ee3 c\u1ee7a t\u00f2a \u00e1n th\u00ec t\u00f2a \u00e1n, ch\u1ee9 kh\u00f4ng ph\u1ea3i qu\u00fd v\u1ecb, s\u1ebd \u0111\u01b0a ra quy\u1ebft \u0111\u1ecbnh s\u1eafp x\u1ebfp con qu\u00fd v\u1ecb \u1edf \u0111\u00e2u. T\u00f2a \u00e1n, theo quy\u1ebft \u0111\u1ecbnh c\u1ee7a m\u00ecnh, c\u00f3 th\u1ec3 cho ph\u00e9p qu\u00fd v\u1ecb duy tr\u00ec c\u00e1c quy\u1ec1n gi\u00e1o d\u1ee5c \u0111\u1ec3 qu\u00fd v\u1ecb c\u00f3 th\u1ec3 tham gia quy tr\u00ecnh IEP t\u1ea1i \u0111\u1ecba \u0111i\u1ec3m n\u1ed9i tr\u00fa n\u1ebfu con qu\u00fd v\u1ecb \u0111ang tham gia ch\u01b0\u01a1ng tr\u00ecnh gi\u00e1o d\u1ee5c \u0111\u1eb7c bi\u1ec7t. L\u00e0 m\u1ed9t ph\u1ea7n trong quy tr\u00ecnh ph\u1ee5 thu\u1ed9c, qu\u00fd v\u1ecb c\u00f3 th\u1ec3 m\u1ea5t quy\u1ec1n c\u1ee7a cha m\u1eb9 trong su\u1ed1t th\u1eddi gian s\u1eafp x\u1ebfp.<\/p>\n\n\n\n<p>C\u00f3 s\u1ef1 kh\u00e1c bi\u1ec7t quan tr\u1ecdng v\u1ec1 tr\u00e1ch nhi\u1ec7m t\u00e0i ch\u00ednh \u0111\u1ed1i v\u1edbi chi ph\u00ed s\u1eafp x\u1ebfp. Ph\u1ee5 huynh \u0111\u01b0\u1ee3c mi\u1ec5n chi ph\u00ed s\u1eafp x\u1ebfp th\u00f4ng qua quy tr\u00ecnh IEP. T\u00f2a \u00e1n ch\u1ecbu tr\u00e1ch nhi\u1ec7m thanh to\u00e1n chi ph\u00ed s\u1eafp x\u1ebfp theo l\u1ec7nh c\u1ee7a t\u00f2a \u00e1n. Tuy nhi\u00ean, t\u00f2a \u00e1n ph\u1ea3i y\u00eau c\u1ea7u b\u1ed3i ho\u00e0n t\u1eeb ph\u1ee5 huynh d\u01b0\u1edbi h\u00ecnh th\u1ee9c l\u1ec7nh h\u1ed7 tr\u1ee3 d\u1ef1a tr\u00ean quy\u1ebft \u0111\u1ecbnh c\u1ee7a t\u00f2a \u00e1n v\u1ec1 kh\u1ea3 n\u0103ng thanh to\u00e1n c\u1ee7a ph\u1ee5 huynh. [Cal. Welf. &amp; Inst. Code Sec. 903.] \u0110i\u1ec1u n\u00e0y c\u00f3 th\u1ec3 d\u1eabn \u0111\u1ebfn g\u00e1nh n\u1eb7ng t\u00e0i ch\u00ednh \u0111\u00e1ng k\u1ec3 cho b\u1ea5t k\u1ef3 ph\u1ee5 huynh n\u00e0o, tr\u1eeb khi thu nh\u1eadp c\u1ee7a gia \u0111\u00ecnh \u1edf m\u1ee9c t\u1ed1i thi\u1ec3u. N\u1ebfu s\u1eafp x\u1ebfp n\u1ed9i tr\u00fa l\u00e0 c\u1ea7n thi\u1ebft cho m\u1ee5c \u0111\u00edch gi\u00e1o d\u1ee5c, nh\u1eefng h\u00e0nh \u0111\u1ed9ng n\u00e0y s\u1ebd vi ph\u1ea1m y\u00eau c\u1ea7u \u201cmi\u1ec5n ph\u00ed\u201d c\u1ee7a lu\u1eadt li\u00ean bang. [20 U.S.C. Sec. 1401(9)(A) and 1401(29).]<\/p>\n\n\n\n<p>N\u1ebfu con qu\u00fd v\u1ecb \u0111\u01b0\u1ee3c s\u1eafp x\u1ebfp \u0111i\u1ec1u tr\u1ecb n\u1ed9i tr\u00fa th\u00f4ng qua quy tr\u00ecnh IEP, qu\u00fd v\u1ecb s\u1ebd \u0111\u01b0\u1ee3c h\u01b0\u1edfng t\u1ea5t c\u1ea3 c\u00e1c quy\u1ec1n v\u00e0 bi\u1ec7n ph\u00e1p b\u1ea3o v\u1ec7 d\u00e0nh cho h\u1ecdc sinh v\u00e0 ph\u1ee5 huynh \u0111\u01b0\u1ee3c \u0111\u1ea3m b\u1ea3o theo lu\u1eadt.&nbsp; N\u1ebfu kh\u00f4ng c\u00f3 s\u1ef1 ph\u00ea duy\u1ec7t ho\u1eb7c ch\u1ea5p thu\u1eadn b\u1eb1ng v\u0103n b\u1ea3n c\u1ee7a qu\u00fd v\u1ecb, con qu\u00fd v\u1ecb s\u1ebd kh\u00f4ng \u0111\u01b0\u1ee3c cung c\u1ea5p b\u1ea5t k\u1ef3 s\u1eafp x\u1ebfp hay d\u1ecbch v\u1ee5 n\u00e0o.<\/p>\n\n\n\n<p>Tr\u00e1ch nhi\u1ec7m th\u1ef1c hi\u1ec7n IEP c\u1ee7a m\u1ed9t \u0111\u1ee9a tr\u1ebb \u0111\u01b0\u1ee3c t\u00f2a s\u1eafp x\u1ebfp thu\u1ed9c v\u1ec1 h\u1ecdc khu n\u01a1i tr\u1ebb \u0111\u01b0\u1ee3c s\u1eafp x\u1ebfp, kh\u00f4ng ph\u1ea3i h\u1ecdc khu n\u01a1i ph\u1ee5 huynh c\u01b0 tr\u00fa. Tr\u00e1ch nhi\u1ec7m \u0111\u1ed1i v\u1edbi tr\u1ebb \u0111\u01b0\u1ee3c s\u1eafp x\u1ebfp th\u00f4ng qua IEP thu\u1ed9c v\u1ec1 h\u1ecdc khu th\u1ef1c hi\u1ec7n s\u1eafp x\u1ebfp, th\u01b0\u1eddng l\u00e0 h\u1ecdc khu v\u00e0\/ho\u1eb7c h\u1ea1t n\u01a1i ph\u1ee5 huynh c\u01b0 tr\u00fa.<\/p>\n","protected":false},"excerpt":{"rendered":"<p>N\u1ebfu con qu\u00fd v\u1ecb l\u00e0 ng\u01b0\u1eddi ph\u1ee5 thu\u1ed9c ho\u1eb7c ng\u01b0\u1eddi \u0111\u01b0\u1ee3c b\u1ea3o tr\u1ee3 c\u1ee7a t\u00f2a \u00e1n th\u00ec t\u00f2a \u00e1n, ch\u1ee9 kh\u00f4ng ph\u1ea3i qu\u00fd v\u1ecb, s\u1ebd&hellip;<\/p>\n","protected":false},"author":1,"featured_media":0,"parent":2508,"menu_order":18,"comment_status":"closed","ping_status":"closed","template":"","meta":{"footnotes":""},"class_list":["post-2551","page","type-page","status-publish","hentry"],"_links":{"self":[{"href":"https:\/\/serr.disabilityrightsca.org\/vi\/wp-json\/wp\/v2\/pages\/2551","targetHints":{"allow":["GET"]}}],"collection":[{"href":"https:\/\/serr.disabilityrightsca.org\/vi\/wp-json\/wp\/v2\/pages"}],"about":[{"href":"https:\/\/serr.disabilityrightsca.org\/vi\/wp-json\/wp\/v2\/types\/page"}],"author":[{"embeddable":true,"href":"https:\/\/serr.disabilityrightsca.org\/vi\/wp-json\/wp\/v2\/users\/1"}],"replies":[{"embeddable":true,"href":"https:\/\/serr.disabilityrightsca.org\/vi\/wp-json\/wp\/v2\/comments?post=2551"}],"version-history":[{"count":2,"href":"https:\/\/serr.disabilityrightsca.org\/vi\/wp-json\/wp\/v2\/pages\/2551\/revisions"}],"predecessor-version":[{"id":4129,"href":"https:\/\/serr.disabilityrightsca.org\/vi\/wp-json\/wp\/v2\/pages\/2551\/revisions\/4129"}],"up":[{"embeddable":true,"href":"https:\/\/serr.disabilityrightsca.org\/vi\/wp-json\/wp\/v2\/pages\/2508"}],"wp:attachment":[{"href":"https:\/\/serr.disabilityrightsca.org\/vi\/wp-json\/wp\/v2\/media?parent=2551"}],"curies":[{"name":"wp","href":"https:\/\/api.w.org\/{rel}","templated":true}]}}