{"id":2557,"date":"2019-12-26T16:35:29","date_gmt":"2019-12-27T00:35:29","guid":{"rendered":"https:\/\/serr.disabilityrightsca.org\/?page_id=2557"},"modified":"2021-02-07T23:54:21","modified_gmt":"2021-02-08T07:54:21","slug":"9-21-neu-con-toi-bi-dua-vao-co-quan-thanh-nien-california-california-youth-authority-tre-co-tiep-tuc-nhan-duoc-cac-dich-vu-giao-duc-dac-biet-khong","status":"publish","type":"page","link":"https:\/\/serr.disabilityrightsca.org\/vi\/serr-manual\/chuong-9-muc-luc\/9-21-neu-con-toi-bi-dua-vao-co-quan-thanh-nien-california-california-youth-authority-tre-co-tiep-tuc-nhan-duoc-cac-dich-vu-giao-duc-dac-biet-khong\/","title":{"rendered":"(9.21) N\u1ebfu con t\u00f4i b\u1ecb \u0111\u01b0a v\u00e0o C\u01a1 Quan Thanh Ni\u00ean California (California Youth Authority), tr\u1ebb c\u00f3 ti\u1ebfp t\u1ee5c nh\u1eadn \u0111\u01b0\u1ee3c c\u00e1c d\u1ecbch v\u1ee5 gi\u00e1o d\u1ee5c \u0111\u1eb7c bi\u1ec7t kh\u00f4ng?"},"content":{"rendered":"\n<p>C\u00f3. T\u00f2a \u00e1n v\u1ecb th\u00e0nh ni\u00ean kh\u00f4ng \u0111\u01b0\u1ee3c y\u00eau c\u1ea7u h\u1ecdc sinh gi\u00e1o d\u1ee5c \u0111\u1eb7c bi\u1ec7t \u0111\u1ebfn Ph\u00f2ng T\u01b0 Ph\u00e1p V\u1ecb Th\u00e0nh Ni\u00ean (Division of Juvenile Justice) (tr\u01b0\u1edbc \u0111\u00e2y g\u1ecdi l\u00e0 C\u01a1 Quan Thanh Ni\u00ean California) cho \u0111\u1ebfn khi IEP c\u1ee7a h\u1ecdc sinh \u0111\u01b0\u1ee3c trao cho Ph\u00f2ng T\u01b0 Ph\u00e1p V\u1ecb Th\u00e0nh Ni\u00ean. Ngo\u00e0i ra, t\u00f2a \u00e1n ph\u1ea3i \u0111\u1ea3m b\u1ea3o r\u1eb1ng vi\u00ean ch\u1ee9c qu\u1ea3n ch\u1ebf c\u1ee7a h\u1ecdc sinh li\u00ean l\u1ea1c v\u1edbi nh\u00e2n vi\u00ean ph\u00f9 h\u1ee3p t\u1ea1i tr\u01b0\u1eddng t\u00f2a \u00e1n v\u1ecb th\u00e0nh ni\u00ean, v\u0103n ph\u00f2ng gi\u00e1o d\u1ee5c h\u1ea1t ho\u1eb7c SELPA \u0111\u1ec3 \u0111\u1ea3m b\u1ea3o IEP \u0111\u01b0\u1ee3c chuy\u1ec3n giao. [Cal. Welf. &amp; Inst. Code Sec. 1742.]<\/p>\n","protected":false},"excerpt":{"rendered":"<p>C\u00f3. T\u00f2a \u00e1n v\u1ecb th\u00e0nh ni\u00ean kh\u00f4ng \u0111\u01b0\u1ee3c y\u00eau c\u1ea7u h\u1ecdc sinh gi\u00e1o d\u1ee5c \u0111\u1eb7c bi\u1ec7t \u0111\u1ebfn Ph\u00f2ng T\u01b0 Ph\u00e1p V\u1ecb Th\u00e0nh Ni\u00ean (Division of&hellip;<\/p>\n","protected":false},"author":1,"featured_media":0,"parent":2508,"menu_order":21,"comment_status":"closed","ping_status":"closed","template":"","meta":{"footnotes":""},"class_list":["post-2557","page","type-page","status-publish","hentry"],"_links":{"self":[{"href":"https:\/\/serr.disabilityrightsca.org\/vi\/wp-json\/wp\/v2\/pages\/2557","targetHints":{"allow":["GET"]}}],"collection":[{"href":"https:\/\/serr.disabilityrightsca.org\/vi\/wp-json\/wp\/v2\/pages"}],"about":[{"href":"https:\/\/serr.disabilityrightsca.org\/vi\/wp-json\/wp\/v2\/types\/page"}],"author":[{"embeddable":true,"href":"https:\/\/serr.disabilityrightsca.org\/vi\/wp-json\/wp\/v2\/users\/1"}],"replies":[{"embeddable":true,"href":"https:\/\/serr.disabilityrightsca.org\/vi\/wp-json\/wp\/v2\/comments?post=2557"}],"version-history":[{"count":2,"href":"https:\/\/serr.disabilityrightsca.org\/vi\/wp-json\/wp\/v2\/pages\/2557\/revisions"}],"predecessor-version":[{"id":4132,"href":"https:\/\/serr.disabilityrightsca.org\/vi\/wp-json\/wp\/v2\/pages\/2557\/revisions\/4132"}],"up":[{"embeddable":true,"href":"https:\/\/serr.disabilityrightsca.org\/vi\/wp-json\/wp\/v2\/pages\/2508"}],"wp:attachment":[{"href":"https:\/\/serr.disabilityrightsca.org\/vi\/wp-json\/wp\/v2\/media?parent=2557"}],"curies":[{"name":"wp","href":"https:\/\/api.w.org\/{rel}","templated":true}]}}