{"id":2561,"date":"2019-12-26T16:37:43","date_gmt":"2019-12-27T00:37:43","guid":{"rendered":"https:\/\/serr.disabilityrightsca.org\/?page_id=2561"},"modified":"2021-02-07T23:56:22","modified_gmt":"2021-02-08T07:56:22","slug":"9-23-cac-dich-vu-ab-3632-se-ket-thuc-khi-con-toi-du-18-tuoi-phai-khong","status":"publish","type":"page","link":"https:\/\/serr.disabilityrightsca.org\/vi\/serr-manual\/chuong-9-muc-luc\/9-23-cac-dich-vu-ab-3632-se-ket-thuc-khi-con-toi-du-18-tuoi-phai-khong\/","title":{"rendered":"(9.23) C\u00e1c d\u1ecbch v\u1ee5 AB 3632 s\u1ebd k\u1ebft th\u00fac khi con t\u00f4i \u0111\u1ee7 18 tu\u1ed5i ph\u1ea3i kh\u00f4ng?"},"content":{"rendered":"\n<p>Kh\u00f4ng. Theo lu\u1eadt gi\u00e1o d\u1ee5c \u0111\u1eb7c bi\u1ec7t c\u1ee7a li\u00ean bang v\u00e0 ti\u1ec3u bang, h\u1ecdc sinh h\u1ed9i \u0111\u1ee7 \u0111i\u1ec1u ki\u1ec7n nh\u1eadn gi\u00e1o d\u1ee5c \u0111\u1eb7c bi\u1ec7t v\u00e0 c\u00e1c d\u1ecbch v\u1ee5 li\u00ean quan (nh\u01b0 d\u1ecbch v\u1ee5 t\u1eeb CCS) cho \u0111\u1ebfn khi h\u1ecdc sinh \u0111\u00f3 \u0111\u1ee7 22 tu\u1ed5i ho\u1eb7c nh\u1eadn \u0111\u01b0\u1ee3c b\u1eb1ng t\u1ed1t nghi\u1ec7p trung h\u1ecdc. CCS ph\u1ea3i s\u1eed d\u1ee5ng y\u00eau c\u1ea7u v\u1ec1 \u0111\u1ed9 tu\u1ed5i h\u1ed9i \u0111\u1ee7 \u0111i\u1ec1u ki\u1ec7n gi\u1ed1ng h\u1ec7t nh\u01b0 h\u1ecdc khu. [34 C.F.R. Secs. 300.2(b)(1)(iii) &amp; 300.102; Cal. Ed. Code Sec. 56026; Cal. Gov. Code Sec. 7584; 2 C.C.R. Sec. 60010(q).]<\/p>\n","protected":false},"excerpt":{"rendered":"<p>Kh\u00f4ng. Theo lu\u1eadt gi\u00e1o d\u1ee5c \u0111\u1eb7c bi\u1ec7t c\u1ee7a li\u00ean bang v\u00e0 ti\u1ec3u bang, h\u1ecdc sinh h\u1ed9i \u0111\u1ee7 \u0111i\u1ec1u ki\u1ec7n nh\u1eadn gi\u00e1o d\u1ee5c \u0111\u1eb7c bi\u1ec7t v\u00e0&hellip;<\/p>\n","protected":false},"author":1,"featured_media":0,"parent":2508,"menu_order":23,"comment_status":"closed","ping_status":"closed","template":"","meta":{"footnotes":""},"class_list":["post-2561","page","type-page","status-publish","hentry"],"_links":{"self":[{"href":"https:\/\/serr.disabilityrightsca.org\/vi\/wp-json\/wp\/v2\/pages\/2561","targetHints":{"allow":["GET"]}}],"collection":[{"href":"https:\/\/serr.disabilityrightsca.org\/vi\/wp-json\/wp\/v2\/pages"}],"about":[{"href":"https:\/\/serr.disabilityrightsca.org\/vi\/wp-json\/wp\/v2\/types\/page"}],"author":[{"embeddable":true,"href":"https:\/\/serr.disabilityrightsca.org\/vi\/wp-json\/wp\/v2\/users\/1"}],"replies":[{"embeddable":true,"href":"https:\/\/serr.disabilityrightsca.org\/vi\/wp-json\/wp\/v2\/comments?post=2561"}],"version-history":[{"count":2,"href":"https:\/\/serr.disabilityrightsca.org\/vi\/wp-json\/wp\/v2\/pages\/2561\/revisions"}],"predecessor-version":[{"id":4134,"href":"https:\/\/serr.disabilityrightsca.org\/vi\/wp-json\/wp\/v2\/pages\/2561\/revisions\/4134"}],"up":[{"embeddable":true,"href":"https:\/\/serr.disabilityrightsca.org\/vi\/wp-json\/wp\/v2\/pages\/2508"}],"wp:attachment":[{"href":"https:\/\/serr.disabilityrightsca.org\/vi\/wp-json\/wp\/v2\/media?parent=2561"}],"curies":[{"name":"wp","href":"https:\/\/api.w.org\/{rel}","templated":true}]}}