{"id":2567,"date":"2019-12-26T16:43:14","date_gmt":"2019-12-27T00:43:14","guid":{"rendered":"https:\/\/serr.disabilityrightsca.org\/?page_id=2567"},"modified":"2021-02-07T23:59:16","modified_gmt":"2021-02-08T07:59:16","slug":"9-26-phu-huynh-thay-the-duoc-chi-dinh-se-dam-nhan-vai-tro-trong-bao-lau","status":"publish","type":"page","link":"https:\/\/serr.disabilityrightsca.org\/vi\/serr-manual\/chuong-9-muc-luc\/9-26-phu-huynh-thay-the-duoc-chi-dinh-se-dam-nhan-vai-tro-trong-bao-lau\/","title":{"rendered":"(9.26) Ph\u1ee5 huynh thay th\u1ebf \u0111\u01b0\u1ee3c ch\u1ec9 \u0111\u1ecbnh s\u1ebd \u0111\u1ea3m nh\u1eadn vai tr\u00f2 trong bao l\u00e2u?"},"content":{"rendered":"\n<p>Ph\u1ee5 huynh thay th\u1ebf c\u00f3 th\u1ec3 \u0111\u1ea1i di\u1ec7n cho h\u1ecdc sinh cho \u0111\u1ebfn khi h\u1ecdc sinh \u0111\u00f3 kh\u00f4ng c\u00f2n c\u1ea7n \u0111\u1ebfn gi\u00e1o d\u1ee5c \u0111\u1eb7c bi\u1ec7t ho\u1eb7c \u0111\u1ee7 18 tu\u1ed5i; cho \u0111\u1ebfn khi m\u1ed9t ng\u01b0\u1eddi l\u1edbn c\u00f3 tr\u00e1ch nhi\u1ec7m kh\u00e1c \u0111\u01b0\u1ee3c ch\u1ec9 \u0111\u1ecbnh thay th\u1ebf h\u1ecd; ho\u1eb7c, quy\u1ec1n \u0111\u01b0a ra quy\u1ebft \u0111\u1ecbnh gi\u00e1o d\u1ee5c c\u1ee7a cha m\u1eb9 ru\u1ed9t \u0111\u01b0\u1ee3c kh\u00f4i ph\u1ee5c. [Cal. Gov. Code Sec. 7579.5(k).] Tuy nhi\u00ean, n\u1ebfu \u1edf tu\u1ed5i 18, m\u1ed9t h\u1ecdc sinh ch\u1ecdn kh\u00f4ng b\u1eaft \u0111\u1ea7u t\u1ef1 \u0111\u01b0a ra quy\u1ebft \u0111\u1ecbnh gi\u00e1o d\u1ee5c ho\u1eb7c t\u00f2a \u00e1n nh\u1eadn th\u1ea5y h\u1ecdc sinh \u0111\u00f3 \u201ckh\u00f4ng \u0111\u1ee7 n\u0103ng l\u1ef1c\u201d \u0111\u1ec3 \u0111\u01b0a ra nh\u1eefng quy\u1ebft \u0111\u1ecbnh \u0111\u00f3, ph\u1ee5 huynh thay th\u1ebf c\u00f3 th\u1ec3 ti\u1ebfp t\u1ee5c vai tr\u00f2 c\u1ee7a m\u00ecnh ho\u1eb7c h\u1ecdc sinh c\u00f3 th\u1ec3 ch\u1ec9 \u0111\u1ecbnh ng\u01b0\u1eddi l\u1edbn kh\u00e1c l\u00e0 \u0111\u1ea1i di\u1ec7n gi\u00e1o d\u1ee5c. H\u1ecdc khu ph\u1ea3i thay ph\u1ee5 huynh thay th\u1ebf n\u1ebfu ng\u01b0\u1eddi \u0111\u00f3 kh\u00f4ng th\u1ef1c hi\u1ec7n \u0111\u00fang ngh\u0129a v\u1ee5 ho\u1eb7c c\u00f3 xung \u0111\u1ed9t l\u1ee3i \u00edch v\u1edbi h\u1ecdc sinh. [Cal. Gov. Code Secs. 7579.5(h) &amp; (i).]<\/p>\n\n\n\n<p>N\u1ebfu m\u1ed9t s\u1ed1 c\u00e1 nh\u00e2n li\u00ean quan \u0111\u1ebfn cu\u1ed9c s\u1ed1ng c\u1ee7a h\u1ecdc sinh \u2014 nh\u01b0 ng\u01b0\u1eddi \u0111i\u1ec1u h\u00e0nh c\u01a1 s\u1edf ch\u0103m s\u00f3c, nh\u00e2n vi\u00ean x\u00e3 h\u1ed9i, vi\u00ean ch\u1ee9c qu\u1ea3n ch\u1ebf, cha m\u1eb9 nu\u00f4i ho\u1eb7c ng\u01b0\u1eddi b\u00eanh v\u1ef1c kh\u00e1c \u2014 cho r\u1eb1ng ph\u1ee5 huynh thay th\u1ebf kh\u00f4ng h\u00e0nh \u0111\u1ed9ng v\u00ec l\u1ee3i \u00edch c\u1ee7a h\u1ecdc sinh, m\u00e0 h\u00e0nh \u0111\u1ed9ng v\u00ec l\u1ee3i \u00edch c\u1ee7a h\u1ecdc khu hay c\u01a1 quan kh\u00e1c ph\u1ee5c v\u1ee5 h\u1ecdc sinh; h\u1ecd c\u00f3 th\u1ec3 y\u00eau c\u1ea7u h\u1ecdc khu ch\u1ec9 \u0111\u1ecbnh ph\u1ee5 huynh thay th\u1ebf kh\u00e1c. N\u1ebfu h\u1ecdc khu t\u1eeb ch\u1ed1i, lu\u1eadt ph\u00e1p cho ph\u00e9p h\u1ecdc sinh (l\u00e0 ng\u01b0\u1eddi \u0111\u01b0\u1ee3c b\u1ea3o tr\u1ee3 ho\u1eb7c ng\u01b0\u1eddi ph\u1ee5 thu\u1ed9c c\u1ee7a t\u00f2a \u00e1n, tr\u1ebb v\u1ecb th\u00e0nh ni\u00ean t\u1ef1 do ho\u1eb7c kh\u00f4ng c\u00f3 cha m\u1eb9) n\u1ed9p \u0111\u01a1n y\u00eau c\u1ea7u th\u1ee7 t\u1ee5c ph\u00e1p l\u00fd \u0111\u1ec3 ph\u1ea3n \u0111\u1ed1i vi\u1ec7c cho r\u1eb1ng ph\u1ee5 huynh thay th\u1ebf \u0111\u00f3 ph\u00f9 h\u1ee3p. Tuy nhi\u00ean, h\u1ecdc sinh ch\u1ec9 c\u00f3 th\u1ec3 n\u1ed9p \u0111\u01a1n sau khi Th\u1ea9m Ph\u00e1n Lu\u1eadt H\u00e0nh Ch\u00ednh x\u00e1c \u0111\u1ecbnh r\u1eb1ng h\u1ecdc khu kh\u00f4ng ch\u1ec9 \u0111\u1ecbnh ph\u1ee5 huynh thay th\u1ebf ho\u1eb7c \u0111\u00e3 ch\u1ec9 \u0111\u1ecbnh ng\u01b0\u1eddi c\u00f3 xung \u0111\u1ed9t l\u1ee3i \u00edch. [Cal. Ed. Code Sec. 56501(a).]<\/p>\n","protected":false},"excerpt":{"rendered":"<p>Ph\u1ee5 huynh thay th\u1ebf c\u00f3 th\u1ec3 \u0111\u1ea1i di\u1ec7n cho h\u1ecdc sinh cho \u0111\u1ebfn khi h\u1ecdc sinh \u0111\u00f3 kh\u00f4ng c\u00f2n c\u1ea7n \u0111\u1ebfn gi\u00e1o d\u1ee5c \u0111\u1eb7c bi\u1ec7t&hellip;<\/p>\n","protected":false},"author":1,"featured_media":0,"parent":2508,"menu_order":26,"comment_status":"closed","ping_status":"closed","template":"","meta":{"footnotes":""},"class_list":["post-2567","page","type-page","status-publish","hentry"],"_links":{"self":[{"href":"https:\/\/serr.disabilityrightsca.org\/vi\/wp-json\/wp\/v2\/pages\/2567","targetHints":{"allow":["GET"]}}],"collection":[{"href":"https:\/\/serr.disabilityrightsca.org\/vi\/wp-json\/wp\/v2\/pages"}],"about":[{"href":"https:\/\/serr.disabilityrightsca.org\/vi\/wp-json\/wp\/v2\/types\/page"}],"author":[{"embeddable":true,"href":"https:\/\/serr.disabilityrightsca.org\/vi\/wp-json\/wp\/v2\/users\/1"}],"replies":[{"embeddable":true,"href":"https:\/\/serr.disabilityrightsca.org\/vi\/wp-json\/wp\/v2\/comments?post=2567"}],"version-history":[{"count":2,"href":"https:\/\/serr.disabilityrightsca.org\/vi\/wp-json\/wp\/v2\/pages\/2567\/revisions"}],"predecessor-version":[{"id":4137,"href":"https:\/\/serr.disabilityrightsca.org\/vi\/wp-json\/wp\/v2\/pages\/2567\/revisions\/4137"}],"up":[{"embeddable":true,"href":"https:\/\/serr.disabilityrightsca.org\/vi\/wp-json\/wp\/v2\/pages\/2508"}],"wp:attachment":[{"href":"https:\/\/serr.disabilityrightsca.org\/vi\/wp-json\/wp\/v2\/media?parent=2567"}],"curies":[{"name":"wp","href":"https:\/\/api.w.org\/{rel}","templated":true}]}}