{"id":2569,"date":"2019-12-26T16:43:47","date_gmt":"2019-12-27T00:43:47","guid":{"rendered":"https:\/\/serr.disabilityrightsca.org\/?page_id=2569"},"modified":"2021-02-08T00:00:04","modified_gmt":"2021-02-08T08:00:04","slug":"9-27-toi-la-cha-me-nuoi-cua-hoc-sinh-giao-duc-dac-biet-toi-co-nhung-quyen-gi","status":"publish","type":"page","link":"https:\/\/serr.disabilityrightsca.org\/vi\/serr-manual\/chuong-9-muc-luc\/9-27-toi-la-cha-me-nuoi-cua-hoc-sinh-giao-duc-dac-biet-toi-co-nhung-quyen-gi\/","title":{"rendered":"(9.27) T\u00f4i l\u00e0 cha m\u1eb9 nu\u00f4i c\u1ee7a h\u1ecdc sinh gi\u00e1o d\u1ee5c \u0111\u1eb7c bi\u1ec7t. T\u00f4i c\u00f3 nh\u1eefng quy\u1ec1n g\u00ec?"},"content":{"rendered":"\n<p>Lu\u1eadt ti\u1ec3u bang v\u00e0 li\u00ean bang \u0111\u1ec1u c\u00f4ng nh\u1eadn quy\u1ec1n h\u00e0nh \u0111\u1ed9ng thay cho cha m\u1eb9 ru\u1ed9t c\u1ee7a cha m\u1eb9 nu\u00f4i trong quy tr\u00ecnh IEP n\u1ebfu quy\u1ec1n gi\u00e1o d\u1ee5c c\u1ee7a cha m\u1eb9 ru\u1ed9t \u0111\u00e3 ch\u1ea5m d\u1ee9t. [34 C.F.R. Secs. 300.30(a)(2) &amp; (b); Cal. Ed. Code Sec. 56028(a)(2).] Ngo\u00e0i ra, lu\u1eadt ph\u00e1p California quy \u0111\u1ecbnh r\u00f5 r\u00e0ng r\u1eb1ng cha m\u1eb9 nu\u00f4i ph\u1ea3i \u0111\u01b0\u1ee3c \u01b0u ti\u00ean \u2014 sau ng\u01b0\u1eddi ch\u0103m s\u00f3c l\u00e0 h\u1ecd h\u00e0ng v\u00e0 tr\u01b0\u1edbc CASA \u2014 khi h\u1ecdc khu ch\u1ec9 \u0111\u1ecbnh ph\u1ee5 huynh thay th\u1ebf. [Cal. Gov. Code Sec. 7579.5(c).]<\/p>\n","protected":false},"excerpt":{"rendered":"<p>Lu\u1eadt ti\u1ec3u bang v\u00e0 li\u00ean bang \u0111\u1ec1u c\u00f4ng nh\u1eadn quy\u1ec1n h\u00e0nh \u0111\u1ed9ng thay cho cha m\u1eb9 ru\u1ed9t c\u1ee7a cha m\u1eb9 nu\u00f4i trong quy tr\u00ecnh IEP&hellip;<\/p>\n","protected":false},"author":1,"featured_media":0,"parent":2508,"menu_order":27,"comment_status":"closed","ping_status":"closed","template":"","meta":{"footnotes":""},"class_list":["post-2569","page","type-page","status-publish","hentry"],"_links":{"self":[{"href":"https:\/\/serr.disabilityrightsca.org\/vi\/wp-json\/wp\/v2\/pages\/2569","targetHints":{"allow":["GET"]}}],"collection":[{"href":"https:\/\/serr.disabilityrightsca.org\/vi\/wp-json\/wp\/v2\/pages"}],"about":[{"href":"https:\/\/serr.disabilityrightsca.org\/vi\/wp-json\/wp\/v2\/types\/page"}],"author":[{"embeddable":true,"href":"https:\/\/serr.disabilityrightsca.org\/vi\/wp-json\/wp\/v2\/users\/1"}],"replies":[{"embeddable":true,"href":"https:\/\/serr.disabilityrightsca.org\/vi\/wp-json\/wp\/v2\/comments?post=2569"}],"version-history":[{"count":2,"href":"https:\/\/serr.disabilityrightsca.org\/vi\/wp-json\/wp\/v2\/pages\/2569\/revisions"}],"predecessor-version":[{"id":4138,"href":"https:\/\/serr.disabilityrightsca.org\/vi\/wp-json\/wp\/v2\/pages\/2569\/revisions\/4138"}],"up":[{"embeddable":true,"href":"https:\/\/serr.disabilityrightsca.org\/vi\/wp-json\/wp\/v2\/pages\/2508"}],"wp:attachment":[{"href":"https:\/\/serr.disabilityrightsca.org\/vi\/wp-json\/wp\/v2\/media?parent=2569"}],"curies":[{"name":"wp","href":"https:\/\/api.w.org\/{rel}","templated":true}]}}