{"id":2575,"date":"2019-12-26T16:46:26","date_gmt":"2019-12-27T00:46:26","guid":{"rendered":"https:\/\/serr.disabilityrightsca.org\/?page_id=2575"},"modified":"2021-02-08T00:03:08","modified_gmt":"2021-02-08T08:03:08","slug":"9-30-vien-chuc-quan-che-hoac-nhan-vien-xa-hoi-dang-di-lam-co-the-giu-vai-tro-la-phu-huynh-thay-the-va-chap-thuan-cac-dich-vu-cho-con-toi-trong-iep-khong","status":"publish","type":"page","link":"https:\/\/serr.disabilityrightsca.org\/vi\/serr-manual\/chuong-9-muc-luc\/9-30-vien-chuc-quan-che-hoac-nhan-vien-xa-hoi-dang-di-lam-co-the-giu-vai-tro-la-phu-huynh-thay-the-va-chap-thuan-cac-dich-vu-cho-con-toi-trong-iep-khong\/","title":{"rendered":"(9.30) Vi\u00ean ch\u1ee9c qu\u1ea3n ch\u1ebf ho\u1eb7c nh\u00e2n vi\u00ean x\u00e3 h\u1ed9i \u0111ang \u0111i l\u00e0m c\u00f3 th\u1ec3 gi\u1eef vai tr\u00f2 l\u00e0 ph\u1ee5 huynh thay th\u1ebf v\u00e0 ch\u1ea5p thu\u1eadn c\u00e1c d\u1ecbch v\u1ee5 cho con t\u00f4i trong IEP kh\u00f4ng?"},"content":{"rendered":"\n<p>Kh\u00f4ng. California ch\u1ec9 cho ph\u00e9p \u201cgi\u00e1o vi\u00ean, nh\u00e2n vi\u00ean x\u00e3 h\u1ed9i v\u00e0 vi\u00ean ch\u1ee9c qu\u1ea3n ch\u1ebf \u0111\u00e3 ngh\u1ec9 h\u01b0u, nh\u1eefng ng\u01b0\u1eddi kh\u00f4ng ph\u1ea3i l\u00e0 nh\u00e2n vi\u00ean c\u1ee7a b\u1ea5t k\u1ef3 c\u01a1 quan n\u00e0o li\u00ean quan \u0111\u1ebfn vi\u1ec7c ch\u0103m s\u00f3c cho tr\u1ebb\u201d l\u00e0 ph\u1ee5 huynh thay th\u1ebf. [Gov. Code Sec. 7579.5(j).] N\u1ebfu c\u01a1 quan l\u1eadp ph\u00e1p kh\u00f4ng cho h\u1ecdc khu ch\u1ec9 \u0111\u1ecbnh nh\u00e2n vi\u00ean x\u00e3 h\u1ed9i ho\u1eb7c vi\u00ean ch\u1ee9c qu\u1ea3n ch\u1ebf l\u00e0 ph\u1ee5 huynh thay th\u1ebf, r\u1ea5t c\u00f3 th\u1ec3 c\u01a1 quan l\u1eadp ph\u00e1p kh\u00f4ng mu\u1ed1n t\u00f2a \u00e1n ch\u1ec9 \u0111\u1ecbnh nh\u1eefng ng\u01b0\u1eddi \u0111\u00f3 l\u00e0 ng\u01b0\u1eddi \u0111\u01b0a ra quy\u1ebft \u0111\u1ecbnh thay th\u1ebf cho h\u1ecdc sinh gi\u00e1o d\u1ee5c \u0111\u1eb7c bi\u1ec7t.<\/p>\n\n\n\n<p>Ngo\u00e0i ra, lu\u1eadt gi\u00e1o d\u1ee5c \u0111\u1eb7c bi\u1ec7t c\u1ee7a ti\u1ec3u bang v\u00e0 li\u00ean bang \u0111\u1ec1u c\u1ea5m ti\u1ec3u bang, khi tr\u1ebb l\u00e0 ng\u01b0\u1eddi \u0111\u01b0\u1ee3c b\u1ea3o tr\u1ee3 c\u1ee7a ti\u1ec3u bang, gi\u1eef vai tr\u00f2 c\u1ee7a ph\u1ee5 huynh. [Cal. Ed. Code Sec. 56028(c); 34 C.F.R. Secs. 300.30(a)(3) &amp; 300.519(d)(2).]<\/p>\n","protected":false},"excerpt":{"rendered":"<p>Kh\u00f4ng. California ch\u1ec9 cho ph\u00e9p \u201cgi\u00e1o vi\u00ean, nh\u00e2n vi\u00ean x\u00e3 h\u1ed9i v\u00e0 vi\u00ean ch\u1ee9c qu\u1ea3n ch\u1ebf \u0111\u00e3 ngh\u1ec9 h\u01b0u, nh\u1eefng ng\u01b0\u1eddi kh\u00f4ng ph\u1ea3i l\u00e0 nh\u00e2n&hellip;<\/p>\n","protected":false},"author":1,"featured_media":0,"parent":2508,"menu_order":30,"comment_status":"closed","ping_status":"closed","template":"","meta":{"footnotes":""},"class_list":["post-2575","page","type-page","status-publish","hentry"],"_links":{"self":[{"href":"https:\/\/serr.disabilityrightsca.org\/vi\/wp-json\/wp\/v2\/pages\/2575","targetHints":{"allow":["GET"]}}],"collection":[{"href":"https:\/\/serr.disabilityrightsca.org\/vi\/wp-json\/wp\/v2\/pages"}],"about":[{"href":"https:\/\/serr.disabilityrightsca.org\/vi\/wp-json\/wp\/v2\/types\/page"}],"author":[{"embeddable":true,"href":"https:\/\/serr.disabilityrightsca.org\/vi\/wp-json\/wp\/v2\/users\/1"}],"replies":[{"embeddable":true,"href":"https:\/\/serr.disabilityrightsca.org\/vi\/wp-json\/wp\/v2\/comments?post=2575"}],"version-history":[{"count":2,"href":"https:\/\/serr.disabilityrightsca.org\/vi\/wp-json\/wp\/v2\/pages\/2575\/revisions"}],"predecessor-version":[{"id":4142,"href":"https:\/\/serr.disabilityrightsca.org\/vi\/wp-json\/wp\/v2\/pages\/2575\/revisions\/4142"}],"up":[{"embeddable":true,"href":"https:\/\/serr.disabilityrightsca.org\/vi\/wp-json\/wp\/v2\/pages\/2508"}],"wp:attachment":[{"href":"https:\/\/serr.disabilityrightsca.org\/vi\/wp-json\/wp\/v2\/media?parent=2575"}],"curies":[{"name":"wp","href":"https:\/\/api.w.org\/{rel}","templated":true}]}}