{"id":2577,"date":"2019-12-26T16:47:15","date_gmt":"2019-12-27T00:47:15","guid":{"rendered":"https:\/\/serr.disabilityrightsca.org\/?page_id=2577"},"modified":"2021-02-08T00:03:58","modified_gmt":"2021-02-08T08:03:58","slug":"9-31-ngoai-nhung-co-quan-ccs-co-bat-ky-dich-vu-lien-co-quan-nao-khac-danh-cho-hoc-sinh-giao-duc-dac-biet-theo-ab-3632-khong","status":"publish","type":"page","link":"https:\/\/serr.disabilityrightsca.org\/vi\/serr-manual\/chuong-9-muc-luc\/9-31-ngoai-nhung-co-quan-ccs-co-bat-ky-dich-vu-lien-co-quan-nao-khac-danh-cho-hoc-sinh-giao-duc-dac-biet-theo-ab-3632-khong\/","title":{"rendered":"(9.31) Ngo\u00e0i nh\u1eefng c\u01a1 quan CCS, c\u00f3 b\u1ea5t k\u1ef3 d\u1ecbch v\u1ee5 li\u00ean c\u01a1 quan n\u00e0o kh\u00e1c d\u00e0nh cho h\u1ecdc sinh gi\u00e1o d\u1ee5c \u0111\u1eb7c bi\u1ec7t theo AB 3632 kh\u00f4ng?"},"content":{"rendered":"\n<p>\u0110\u1ed1i v\u1edbi nh\u1eefng h\u1ecdc sinh h\u1ed9i \u0111\u1ee7 \u0111i\u1ec1u ki\u1ec7n nh\u1eadn Medi-Cal ph\u1ea3i h\u1ecdc t\u1ea1i nh\u00e0, ch\u01b0\u01a1ng tr\u00ecnh Medi-Cal c\u00f3 th\u1ec3 cung c\u1ea5p d\u1ecbch v\u1ee5 y t\u1ebf h\u1ed7 tr\u1ee3 cu\u1ed9c s\u1ed1ng th\u00f4ng qua nh\u00e2n vi\u00ean h\u1ed7 tr\u1ee3 s\u1ee9c kh\u1ecfe t\u1ea1i gia \u0111\u1ec3 tr\u1ebb c\u00f3 th\u1ec3 \u0111i h\u1ecdc. Th\u1eddi gian cung c\u1ea5p d\u1ecbch v\u1ee5 n\u00e0y gi\u1edbi h\u1ea1n trong kho\u1ea3ng th\u1eddi gian tr\u1ebb \u1edf tr\u01b0\u1eddng hay \u0111i \u0111\u1ebfn ho\u1eb7c r\u1eddi kh\u1ecfi tr\u01b0\u1eddng. T\u00ecnh tr\u1ea1ng c\u1ee7a h\u1ecdc sinh ph\u1ea3i nghi\u00eam tr\u1ecdng \u0111\u1ebfn m\u1ee9c c\u1ea7n s\u1ef1 h\u1ed7 tr\u1ee3 c\u00e1 nh\u00e2n ho\u1eb7c s\u1ef1 ch\u0103m s\u00f3c c\u1ee7a y t\u00e1, nh\u00e2n vi\u00ean h\u1ed7 tr\u1ee3 s\u1ee9c kh\u1ecfe t\u1ea1i gia ho\u1eb7c ph\u1ee5 huynh (ho\u1eb7c ng\u01b0\u1eddi l\u1edbn \u0111\u01b0\u1ee3c \u0111\u00e0o t\u1ea1o \u0111\u1eb7c bi\u1ec7t kh\u00e1c) m\u1edbi c\u00f3 hi\u1ec7u qu\u1ea3. V\u00ec m\u1ee5c \u0111\u00edch c\u1ee7a d\u1ecbch v\u1ee5 n\u00e0y, tr\u1ebb ph\u1ea3i c\u1ea7n \u201cd\u1ecbch v\u1ee5 y t\u1ebf h\u1ed7 tr\u1ee3 cu\u1ed9c s\u1ed1ng\u201d. \u0110i\u1ec1u n\u00e0y ngh\u0129a l\u00e0 tr\u1ebb l\u00e0 ng\u01b0\u1eddi ph\u1ee5 thu\u1ed9c v\u00e0o c\u00f4ng ngh\u1ec7 ho\u1eb7c thi\u1ebft b\u1ecb y t\u1ebf \u0111\u1ec3 b\u00f9 \u0111\u1eafp cho vi\u1ec7c m\u1ea5t kh\u1ea3 n\u0103ng s\u1eed d\u1ee5ng b\u00ecnh th\u01b0\u1eddng c\u00e1c ch\u1ee9c n\u0103ng quan tr\u1ecdng c\u1ee7a c\u01a1 th\u1ec3 v\u00e0 c\u1ea7n \u0111\u01b0\u1ee3c ch\u0103m s\u00f3c \u0111i\u1ec1u d\u01b0\u1ee1ng chuy\u00ean m\u00f4n h\u00e0ng ng\u00e0y \u0111\u1ec3 tr\u00e1nh t\u00ecnh tr\u1ea1ng khuy\u1ebft t\u1eadt ho\u1eb7c nguy c\u01a1 t\u1eed vong. [Cal. Gov. Code Sec. 7575(e); 2 C.C.R. Sec. 60400.]<\/p>\n","protected":false},"excerpt":{"rendered":"<p>\u0110\u1ed1i v\u1edbi nh\u1eefng h\u1ecdc sinh h\u1ed9i \u0111\u1ee7 \u0111i\u1ec1u ki\u1ec7n nh\u1eadn Medi-Cal ph\u1ea3i h\u1ecdc t\u1ea1i nh\u00e0, ch\u01b0\u01a1ng tr\u00ecnh Medi-Cal c\u00f3 th\u1ec3 cung c\u1ea5p d\u1ecbch v\u1ee5 y&hellip;<\/p>\n","protected":false},"author":1,"featured_media":0,"parent":2508,"menu_order":31,"comment_status":"closed","ping_status":"closed","template":"","meta":{"footnotes":""},"class_list":["post-2577","page","type-page","status-publish","hentry"],"_links":{"self":[{"href":"https:\/\/serr.disabilityrightsca.org\/vi\/wp-json\/wp\/v2\/pages\/2577","targetHints":{"allow":["GET"]}}],"collection":[{"href":"https:\/\/serr.disabilityrightsca.org\/vi\/wp-json\/wp\/v2\/pages"}],"about":[{"href":"https:\/\/serr.disabilityrightsca.org\/vi\/wp-json\/wp\/v2\/types\/page"}],"author":[{"embeddable":true,"href":"https:\/\/serr.disabilityrightsca.org\/vi\/wp-json\/wp\/v2\/users\/1"}],"replies":[{"embeddable":true,"href":"https:\/\/serr.disabilityrightsca.org\/vi\/wp-json\/wp\/v2\/comments?post=2577"}],"version-history":[{"count":2,"href":"https:\/\/serr.disabilityrightsca.org\/vi\/wp-json\/wp\/v2\/pages\/2577\/revisions"}],"predecessor-version":[{"id":4143,"href":"https:\/\/serr.disabilityrightsca.org\/vi\/wp-json\/wp\/v2\/pages\/2577\/revisions\/4143"}],"up":[{"embeddable":true,"href":"https:\/\/serr.disabilityrightsca.org\/vi\/wp-json\/wp\/v2\/pages\/2508"}],"wp:attachment":[{"href":"https:\/\/serr.disabilityrightsca.org\/vi\/wp-json\/wp\/v2\/media?parent=2577"}],"curies":[{"name":"wp","href":"https:\/\/api.w.org\/{rel}","templated":true}]}}