{"id":2669,"date":"2019-12-27T12:52:56","date_gmt":"2019-12-27T20:52:56","guid":{"rendered":"https:\/\/serr.disabilityrightsca.org\/?page_id=2669"},"modified":"2022-06-28T15:14:46","modified_gmt":"2022-06-28T22:14:46","slug":"chuong-16-thong-tin-ve-muc-504-va","status":"publish","type":"page","link":"https:\/\/serr.disabilityrightsca.org\/vi\/serr-manual\/chuong-16-thong-tin-ve-muc-504-va\/","title":{"rendered":"Ch\u01b0\u01a1ng 16: Th\u00f4ng Tin v\u1ec1 M\u1ee5c 504 v\u00e0"},"content":{"rendered":"\n<p><div class=\"print-fullchapter-wrap\"><div class=\"print-fullchapter\"><a href=\"https:\/\/serr.disabilityrightsca.org\/vi\/chapter-16-print\/\">In to\u00e0n b\u1ed9 ch\u01b0\u01a1ng<\/a><\/div><\/div><\/p>\n\n\n\n\n<div class=\"menu-chapter-16-container\"><ul id=\"menu-chapter-16\" class=\"menu\"><li id=\"menu-item-2691\" class=\"menu-item menu-item-type-post_type menu-item-object-page menu-item-2691\"><a href=\"https:\/\/serr.disabilityrightsca.org\/vi\/serr-manual\/chuong-16-thong-tin-ve-muc-504-va\/16-1-phan-biet-doi-xu-dua-tren-tinh-trang-khuyet-tat-la-gi\/\">(16.1) Ph\u00e2n bi\u1ec7t \u0111\u1ed1i x\u1eed d\u1ef1a tr\u00ean t\u00ecnh tr\u1ea1ng khuy\u1ebft t\u1eadt l\u00e0 g\u00ec?<\/a><\/li>\n<li id=\"menu-item-2692\" class=\"menu-item menu-item-type-post_type menu-item-object-page menu-item-2692\"><a href=\"https:\/\/serr.disabilityrightsca.org\/vi\/serr-manual\/chuong-16-thong-tin-ve-muc-504-va\/16-2-luat-lien-bang-va-tieu-bang-nao-bao-ve-con-toi-truoc-su-phan-biet-doi-xu-dua-tren-tinh-trang-khuyet-tat\/\">(16.2) Lu\u1eadt li\u00ean bang v\u00e0 ti\u1ec3u bang n\u00e0o b\u1ea3o v\u1ec7 con t\u00f4i tr\u01b0\u1edbc s\u1ef1 ph\u00e2n bi\u1ec7t \u0111\u1ed1i x\u1eed d\u1ef1a tr\u00ean t\u00ecnh tr\u1ea1ng khuy\u1ebft t\u1eadt?<\/a><\/li>\n<li id=\"menu-item-2693\" class=\"menu-item menu-item-type-post_type menu-item-object-page menu-item-2693\"><a href=\"https:\/\/serr.disabilityrightsca.org\/vi\/serr-manual\/chuong-16-thong-tin-ve-muc-504-va\/16-3-truong-cua-con-toi-co-phai-no-luc-them-de-dam-bao-con-toi-tham-gia-day-du-vao-cac-chuong-trinh-va-hoat-dong-cua-truong-khong\/\">(16.3) Tr\u01b0\u1eddng c\u1ee7a con t\u00f4i c\u00f3 ph\u1ea3i n\u1ed7 l\u1ef1c th\u00eam \u0111\u1ec3 \u0111\u1ea3m b\u1ea3o con t\u00f4i tham gia \u0111\u1ea7y \u0111\u1ee7 v\u00e0o c\u00e1c ch\u01b0\u01a1ng tr\u00ecnh v\u00e0 ho\u1ea1t \u0111\u1ed9ng c\u1ee7a tr\u01b0\u1eddng kh\u00f4ng?<\/a><\/li>\n<li id=\"menu-item-2694\" class=\"menu-item menu-item-type-post_type menu-item-object-page menu-item-2694\"><a href=\"https:\/\/serr.disabilityrightsca.org\/vi\/serr-manual\/chuong-16-thong-tin-ve-muc-504-va\/16-4-nhung-chuong-trinh-nao-cua-hoc-khu-duoc-bao-ham-trong-muc-504-va-ada\/\">(16.4) Nh\u1eefng ch\u01b0\u01a1ng tr\u00ecnh n\u00e0o c\u1ee7a h\u1ecdc khu \u0111\u01b0\u1ee3c bao h\u00e0m trong M\u1ee5c 504 v\u00e0 ADA?<\/a><\/li>\n<li id=\"menu-item-2695\" class=\"menu-item menu-item-type-post_type menu-item-object-page menu-item-2695\"><a href=\"https:\/\/serr.disabilityrightsca.org\/vi\/serr-manual\/chuong-16-thong-tin-ve-muc-504-va\/16-5-mot-vai-vi-du-ve-su-dieu-chinh-hop-ly-theo-muc-504-ada-la-gi\/\">(16.5) M\u1ed9t v\u00e0i v\u00ed d\u1ee5 v\u1ec1 s\u1ef1 \u0111i\u1ec1u ch\u1ec9nh h\u1ee3p l\u00fd theo M\u1ee5c 504\/ADA l\u00e0 g\u00ec?<\/a><\/li>\n<li id=\"menu-item-2696\" class=\"menu-item menu-item-type-post_type menu-item-object-page menu-item-2696\"><a href=\"https:\/\/serr.disabilityrightsca.org\/vi\/serr-manual\/chuong-16-thong-tin-ve-muc-504-va\/16-6-con-toi-can-phai-dap-ung-cac-tieu-chi-gi-de-hoi-du-dieu-kien-nhan-duoc-su-bao-ve-va-dich-vu-theo-luat-chong-phan-biet-doi-xu-cua-lien-bang-va-tieu-bang\/\">(16.6) Con t\u00f4i c\u1ea7n ph\u1ea3i \u0111\u00e1p \u1ee9ng c\u00e1c ti\u00eau ch\u00ed g\u00ec \u0111\u1ec3 h\u1ed9i \u0111\u1ee7 \u0111i\u1ec1u ki\u1ec7n nh\u1eadn \u0111\u01b0\u1ee3c s\u1ef1 b\u1ea3o v\u1ec7 v\u00e0 d\u1ecbch v\u1ee5 theo lu\u1eadt ch\u1ed1ng ph\u00e2n bi\u1ec7t \u0111\u1ed1i x\u1eed c\u1ee7a li\u00ean bang v\u00e0 ti\u1ec3u bang?<\/a><\/li>\n<li id=\"menu-item-2698\" class=\"menu-item menu-item-type-post_type menu-item-object-page menu-item-2698\"><a href=\"https:\/\/serr.disabilityrightsca.org\/vi\/serr-manual\/chuong-16-thong-tin-ve-muc-504-va\/16-7-dau-la-mot-vai-vi-du-ve-khiem-khuyet-lam-han-che-dang-ke-mot-hoat-dong-chinh-trong-cuoc-song\/\">(16.7) \u0110\u00e2u l\u00e0 m\u1ed9t v\u00e0i v\u00ed d\u1ee5 v\u1ec1 \u201ckhi\u1ebfm khuy\u1ebft l\u00e0m h\u1ea1n ch\u1ebf \u0111\u00e1ng k\u1ec3 m\u1ed9t ho\u1ea1t \u0111\u1ed9ng ch\u00ednh trong cu\u1ed9c s\u1ed1ng\u201d?<\/a><\/li>\n<li id=\"menu-item-2699\" class=\"menu-item menu-item-type-post_type menu-item-object-page menu-item-2699\"><a href=\"https:\/\/serr.disabilityrightsca.org\/vi\/serr-manual\/chuong-16-thong-tin-ve-muc-504-va\/16-8-co-tien-su-mac-khiem-khuyet-va-duoc-coi-la-mac-khiem-khuyet-co-nghia-la-gi\/\">(16.8) \u201cC\u00f3 ti\u1ec1n s\u1eed m\u1eafc khi\u1ebfm khuy\u1ebft\u201d v\u00e0 \u201c\u0111\u01b0\u1ee3c coi l\u00e0 m\u1eafc khi\u1ebfm khuy\u1ebft\u201d c\u00f3 ngh\u0129a l\u00e0 g\u00ec?<\/a><\/li>\n<li id=\"menu-item-2700\" class=\"menu-item menu-item-type-post_type menu-item-object-page menu-item-2700\"><a href=\"https:\/\/serr.disabilityrightsca.org\/vi\/serr-manual\/chuong-16-thong-tin-ve-muc-504-va\/16-9-con-toi-b-khuyt-tt-theo-mc-504-nha-trng-co-nghia-v-gi-v-giao-dc\/\">(16.9) Con t\u00f4i b\u1ecb khuy\u1ebft t\u1eadt theo M\u1ee5c 504. Nh\u00e0 tr\u01b0\u1eddng c\u00f3 ngh\u0129a v\u1ee5 g\u00ec v\u1ec1 gi\u00e1o d\u1ee5c?<\/a><\/li>\n<li id=\"menu-item-2735\" class=\"menu-item menu-item-type-post_type menu-item-object-page menu-item-2735\"><a href=\"https:\/\/serr.disabilityrightsca.org\/vi\/serr-manual\/chuong-16-thong-tin-ve-muc-504-va\/16-10-co-phi-cac-hc-khu-cn-ch-dng-trong-vic-xac-dnh-hc-sinh-co-th-hi-d-diu-kin-nhn-cac-dch-v-giao-dc-theo-mc-504-khong\/\">(16.10) C\u00f3 ph\u1ea3i c\u00e1c h\u1ecdc khu c\u1ea7n ch\u1ee7 \u0111\u1ed9ng trong vi\u1ec7c x\u00e1c \u0111\u1ecbnh h\u1ecdc sinh c\u00f3 th\u1ec3 h\u1ed9i \u0111\u1ee7 \u0111i\u1ec1u ki\u1ec7n nh\u1eadn c\u00e1c d\u1ecbch v\u1ee5 gi\u00e1o d\u1ee5c theo M\u1ee5c 504 kh\u00f4ng?<\/a><\/li>\n<li id=\"menu-item-2736\" class=\"menu-item menu-item-type-post_type menu-item-object-page menu-item-2736\"><a href=\"https:\/\/serr.disabilityrightsca.org\/vi\/serr-manual\/chuong-16-thong-tin-ve-muc-504-va\/16-11-quy-trinh-danh-gia-cho-muc-504-la-gi\/\">(16.11)  Quy tr\u00ecnh \u0111\u00e1nh gi\u00e1 cho M\u1ee5c 504 l\u00e0 g\u00ec?<\/a><\/li>\n<li id=\"menu-item-2737\" class=\"menu-item menu-item-type-post_type menu-item-object-page menu-item-2737\"><a href=\"https:\/\/serr.disabilityrightsca.org\/vi\/serr-manual\/chuong-16-thong-tin-ve-muc-504-va\/16-12-neu-toi-yeu-cau-tham-dinh-ve-kha-nang-hoi-du-dieu-kien-theo-muc-504-hoc-khu-co-phai-tham-dinh-con-toi-de-xac-dinh-xem-con-toi-co-du-dieu-kien-duoc-dieu-chinh-va-hoac-nhan-dich-vu-hay-khong-t\/\">(16.12) N\u1ebfu t\u00f4i y\u00eau c\u1ea7u th\u1ea9m \u0111\u1ecbnh v\u1ec1 kh\u1ea3 n\u0103ng h\u1ed9i \u0111\u1ee7 \u0111i\u1ec1u ki\u1ec7n theo M\u1ee5c 504, h\u1ecdc khu c\u00f3 ph\u1ea3i th\u1ea9m \u0111\u1ecbnh con t\u00f4i \u0111\u1ec3 x\u00e1c \u0111\u1ecbnh xem con t\u00f4i c\u00f3 \u0111\u1ee7 \u0111i\u1ec1u ki\u1ec7n \u0111\u01b0\u1ee3c \u0111i\u1ec1u ch\u1ec9nh v\u00e0\/ho\u1eb7c nh\u1eadn d\u1ecbch v\u1ee5 hay kh\u00f4ng? T\u00f4i c\u00f3 th\u1ec3 kh\u00e1ng c\u00e1o n\u1ebfu con t\u00f4i b\u1ecb t\u1eeb ch\u1ed1i kh\u1ea3 n\u0103ng h\u1ed9i \u0111\u1ee7 \u0111i\u1ec1u ki\u1ec7n kh\u00f4ng?<\/a><\/li>\n<li id=\"menu-item-2738\" class=\"menu-item menu-item-type-post_type menu-item-object-page menu-item-2738\"><a href=\"https:\/\/serr.disabilityrightsca.org\/vi\/serr-manual\/chuong-16-thong-tin-ve-muc-504-va\/16-13-neu-hoc-sinh-chi-hoi-du-dieu-kien-nhan-dich-vu-theo-muc-504-tre-co-the-nhan-duoc-cac-dich-vu-giao-duc-dac-biet-khong\/\">(16.13) N\u1ebfu h\u1ecdc sinh ch\u1ec9 h\u1ed9i \u0111\u1ee7 \u0111i\u1ec1u ki\u1ec7n nh\u1eadn d\u1ecbch v\u1ee5 theo M\u1ee5c 504, tr\u1ebb c\u00f3 th\u1ec3 nh\u1eadn \u0111\u01b0\u1ee3c c\u00e1c d\u1ecbch v\u1ee5 gi\u00e1o d\u1ee5c \u0111\u1eb7c bi\u1ec7t kh\u00f4ng?<\/a><\/li>\n<li id=\"menu-item-2741\" class=\"menu-item menu-item-type-post_type menu-item-object-page menu-item-2741\"><a href=\"https:\/\/serr.disabilityrightsca.org\/vi\/serr-manual\/chuong-16-thong-tin-ve-muc-504-va\/16-14-muc-504-co-yeu-cau-cung-cap-cac-dich-vu-lien-quan-khong\/\">(16.14) M\u1ee5c 504 c\u00f3 y\u00eau c\u1ea7u cung c\u1ea5p c\u00e1c d\u1ecbch v\u1ee5 li\u00ean quan kh\u00f4ng?<\/a><\/li>\n<li id=\"menu-item-2739\" class=\"menu-item menu-item-type-post_type menu-item-object-page menu-item-2739\"><a href=\"https:\/\/serr.disabilityrightsca.org\/vi\/serr-manual\/chuong-16-thong-tin-ve-muc-504-va\/16-15-bang-cach-nao-nha-truong-dua-ra-quyet-dinh-xep-lop-cho-con-toi-trong-do-con-toi-hoi-du-dieu-kien-nhan-cac-dich-vu-theo-muc-504\/\">(16.15) B\u1eb1ng c\u00e1ch n\u00e0o nh\u00e0 tr\u01b0\u1eddng \u0111\u01b0a ra quy\u1ebft \u0111\u1ecbnh x\u1ebfp l\u1edbp cho con t\u00f4i, trong \u0111\u00f3 con t\u00f4i h\u1ed9i \u0111\u1ee7 \u0111i\u1ec1u ki\u1ec7n nh\u1eadn c\u00e1c d\u1ecbch v\u1ee5 theo M\u1ee5c 504?<\/a><\/li>\n<li id=\"menu-item-2742\" class=\"menu-item menu-item-type-post_type menu-item-object-page menu-item-2742\"><a href=\"https:\/\/serr.disabilityrightsca.org\/vi\/serr-manual\/chuong-16-thong-tin-ve-muc-504-va\/16-16-muc-504-co-thiet-lap-cac-bien-phap-bao-ve-theo-thu-tuc-cho-phu-huynh-khong\/\">(16.16) M\u1ee5c 504 c\u00f3 thi\u1ebft l\u1eadp c\u00e1c bi\u1ec7n ph\u00e1p b\u1ea3o v\u1ec7 theo th\u1ee7 t\u1ee5c cho ph\u1ee5 huynh kh\u00f4ng?<\/a><\/li>\n<li id=\"menu-item-2743\" class=\"menu-item menu-item-type-post_type menu-item-object-page menu-item-2743\"><a href=\"https:\/\/serr.disabilityrightsca.org\/vi\/serr-manual\/chuong-16-thong-tin-ve-muc-504-va\/16-17-khi-nao-nha-truong-can-co-su-chap-thuan-cua-phu-huynh-theo-muc-504\/\">(16.17) Khi n\u00e0o nh\u00e0 tr\u01b0\u1eddng c\u1ea7n c\u00f3 s\u1ef1 ch\u1ea5p thu\u1eadn c\u1ee7a ph\u1ee5 huynh theo M\u1ee5c 504?<\/a><\/li>\n<li id=\"menu-item-2744\" class=\"menu-item menu-item-type-post_type menu-item-object-page menu-item-2744\"><a href=\"https:\/\/serr.disabilityrightsca.org\/vi\/serr-manual\/chuong-16-thong-tin-ve-muc-504-va\/16-18-con-toi-co-nhung-quyen-gi-doi-voi-cac-dich-vu-phi-hoc-thuat-va-ngoai-khoa-cua-nha-truong-theo-muc-504\/\">(16.18) Con t\u00f4i c\u00f3 nh\u1eefng quy\u1ec1n g\u00ec \u0111\u1ed1i v\u1edbi c\u00e1c d\u1ecbch v\u1ee5 phi h\u1ecdc thu\u1eadt v\u00e0 ngo\u1ea1i kh\u00f3a c\u1ee7a nh\u00e0 tr\u01b0\u1eddng theo M\u1ee5c 504?<\/a><\/li>\n<li id=\"menu-item-2745\" class=\"menu-item menu-item-type-post_type menu-item-object-page menu-item-2745\"><a href=\"https:\/\/serr.disabilityrightsca.org\/vi\/serr-manual\/chuong-16-thong-tin-ve-muc-504-va\/16-19-mot-so-tinh-trang-suc-khoe-nao-thuong-duoc-bao-ham-trong-muc-504-va-nhung-sua-doi-nao-duoc-cung-cap-cho-tre-co-van-de-ve-tinh-trang-suc-khoe\/\">(16.19) M\u1ed9t s\u1ed1 t\u00ecnh tr\u1ea1ng s\u1ee9c kh\u1ecfe n\u00e0o th\u01b0\u1eddng \u0111\u01b0\u1ee3c bao h\u00e0m trong M\u1ee5c 504, v\u00e0 nh\u1eefng s\u1eeda \u0111\u1ed5i n\u00e0o \u0111\u01b0\u1ee3c cung c\u1ea5p cho tr\u1ebb c\u00f3 v\u1ea5n \u0111\u1ec1 v\u1ec1 t\u00ecnh tr\u1ea1ng s\u1ee9c kh\u1ecfe?<\/a><\/li>\n<li id=\"menu-item-2746\" class=\"menu-item menu-item-type-post_type menu-item-object-page menu-item-2746\"><a href=\"https:\/\/serr.disabilityrightsca.org\/vi\/serr-manual\/chuong-16-thong-tin-ve-muc-504-va\/16-20-dau-la-cac-quy-tac-dieu-chinh-viec-ky-luat-hoc-sinh-duoc-xac-dinh-la-mac-khuyet-tat-theo-muc-504\/\">(16.20) \u0110\u00e2u l\u00e0 c\u00e1c quy t\u1eafc \u0111i\u1ec1u ch\u1ec9nh vi\u1ec7c k\u1ef7 lu\u1eadt h\u1ecdc sinh \u0111\u01b0\u1ee3c x\u00e1c \u0111\u1ecbnh l\u00e0 m\u1eafc khuy\u1ebft t\u1eadt theo M\u1ee5c 504?<\/a><\/li>\n<li id=\"menu-item-2747\" class=\"menu-item menu-item-type-post_type menu-item-object-page menu-item-2747\"><a href=\"https:\/\/serr.disabilityrightsca.org\/vi\/serr-manual\/chuong-16-thong-tin-ve-muc-504-va\/16-21-con-toi-co-ke-hoach-muc-504-tre-duoc-bao-ve-chong-lai-su-bat-nat-o-truong-nhu-the-nao\/\">(16.21) Con t\u00f4i c\u00f3 k\u1ebf ho\u1ea1ch M\u1ee5c 504. Tr\u1ebb \u0111\u01b0\u1ee3c b\u1ea3o v\u1ec7 ch\u1ed1ng l\u1ea1i s\u1ef1 b\u1eaft n\u1ea1t \u1edf tr\u01b0\u1eddng nh\u01b0 th\u1ebf n\u00e0o?<\/a><\/li>\n<li id=\"menu-item-4447\" class=\"menu-item menu-item-type-post_type menu-item-object-page menu-item-4447\"><a href=\"https:\/\/serr.disabilityrightsca.org\/vi\/serr-manual\/chuong-16-thong-tin-ve-muc-504-va\/16-22-hoc-khu-co-the-tra-dua-toi-hoac-con-toi-vi-da-su-dung-cac-quyen-cua-chung-toi-theo-muc-504-khong\/\">(16.22) H\u1ecdc khu c\u00f3 th\u1ec3 tr\u1ea3 \u0111\u0169a t\u00f4i ho\u1eb7c con t\u00f4i v\u00ec \u0111\u00e3 s\u1eed d\u1ee5ng c\u00e1c quy\u1ec1n c\u1ee7a ch\u00fang t\u00f4i theo M\u1ee5c 504 kh\u00f4ng?<\/a><\/li>\n<li id=\"menu-item-2748\" class=\"menu-item menu-item-type-post_type menu-item-object-page menu-item-2748\"><a href=\"https:\/\/serr.disabilityrightsca.org\/vi\/serr-manual\/chuong-16-thong-tin-ve-muc-504-va\/16-23-con-toi-hoi-du-dieu-kien-nhan-cac-dich-vu-theo-muc-504-da-chuyen-den-hoc-khu-moi-dieu-gi-xay-ra-voi-ke-hoach-muc-504-tu-hoc-khu-truoc-kia-cua-tre\/\">(16.23) Con t\u00f4i, h\u1ed9i \u0111\u1ee7 \u0111i\u1ec1u ki\u1ec7n nh\u1eadn c\u00e1c d\u1ecbch v\u1ee5 theo M\u1ee5c 504, \u0111\u00e3 chuy\u1ec3n \u0111\u1ebfn h\u1ecdc khu m\u1edbi. \u0110i\u1ec1u g\u00ec x\u1ea3y ra v\u1edbi k\u1ebf ho\u1ea1ch M\u1ee5c 504 t\u1eeb h\u1ecdc khu tr\u01b0\u1edbc kia c\u1ee7a tr\u1ebb?<\/a><\/li>\n<li id=\"menu-item-2749\" class=\"menu-item menu-item-type-post_type menu-item-object-page menu-item-2749\"><a href=\"https:\/\/serr.disabilityrightsca.org\/vi\/serr-manual\/chuong-16-thong-tin-ve-muc-504-va\/16-24-toi-co-nhung-quyen-gi-theo-muc-504-neu-toi-khong-dong-y-voi-hoc-khu\/\">(16.24) T\u00f4i c\u00f3 nh\u1eefng quy\u1ec1n g\u00ec theo M\u1ee5c 504 n\u1ebfu t\u00f4i kh\u00f4ng \u0111\u1ed3ng \u00fd v\u1edbi H\u1ecdc Khu?<\/a><\/li>\n<\/ul><\/div>\n","protected":false},"excerpt":{"rendered":"<p>In to\u00e0n b\u1ed9 ch\u01b0\u01a1ng<\/p>\n","protected":false},"author":1,"featured_media":0,"parent":326,"menu_order":16,"comment_status":"closed","ping_status":"closed","template":"","meta":{"footnotes":""},"class_list":["post-2669","page","type-page","status-publish","hentry"],"_links":{"self":[{"href":"https:\/\/serr.disabilityrightsca.org\/vi\/wp-json\/wp\/v2\/pages\/2669","targetHints":{"allow":["GET"]}}],"collection":[{"href":"https:\/\/serr.disabilityrightsca.org\/vi\/wp-json\/wp\/v2\/pages"}],"about":[{"href":"https:\/\/serr.disabilityrightsca.org\/vi\/wp-json\/wp\/v2\/types\/page"}],"author":[{"embeddable":true,"href":"https:\/\/serr.disabilityrightsca.org\/vi\/wp-json\/wp\/v2\/users\/1"}],"replies":[{"embeddable":true,"href":"https:\/\/serr.disabilityrightsca.org\/vi\/wp-json\/wp\/v2\/comments?post=2669"}],"version-history":[{"count":5,"href":"https:\/\/serr.disabilityrightsca.org\/vi\/wp-json\/wp\/v2\/pages\/2669\/revisions"}],"predecessor-version":[{"id":4440,"href":"https:\/\/serr.disabilityrightsca.org\/vi\/wp-json\/wp\/v2\/pages\/2669\/revisions\/4440"}],"up":[{"embeddable":true,"href":"https:\/\/serr.disabilityrightsca.org\/vi\/wp-json\/wp\/v2\/pages\/326"}],"wp:attachment":[{"href":"https:\/\/serr.disabilityrightsca.org\/vi\/wp-json\/wp\/v2\/media?parent=2669"}],"curies":[{"name":"wp","href":"https:\/\/api.w.org\/{rel}","templated":true}]}}