{"id":2707,"date":"2019-12-30T09:51:17","date_gmt":"2019-12-30T17:51:17","guid":{"rendered":"https:\/\/serr.disabilityrightsca.org\/?page_id=2707"},"modified":"2021-02-08T13:05:04","modified_gmt":"2021-02-08T21:05:04","slug":"16-12-neu-toi-yeu-cau-tham-dinh-ve-kha-nang-hoi-du-dieu-kien-theo-muc-504-hoc-khu-co-phai-tham-dinh-con-toi-de-xac-dinh-xem-con-toi-co-du-dieu-kien-duoc-dieu-chinh-va-hoac-nhan-dich-vu-hay-khong-t","status":"publish","type":"page","link":"https:\/\/serr.disabilityrightsca.org\/vi\/serr-manual\/chuong-16-thong-tin-ve-muc-504-va\/16-12-neu-toi-yeu-cau-tham-dinh-ve-kha-nang-hoi-du-dieu-kien-theo-muc-504-hoc-khu-co-phai-tham-dinh-con-toi-de-xac-dinh-xem-con-toi-co-du-dieu-kien-duoc-dieu-chinh-va-hoac-nhan-dich-vu-hay-khong-t\/","title":{"rendered":"(16.12) N\u1ebfu t\u00f4i y\u00eau c\u1ea7u th\u1ea9m \u0111\u1ecbnh v\u1ec1 kh\u1ea3 n\u0103ng h\u1ed9i \u0111\u1ee7 \u0111i\u1ec1u ki\u1ec7n theo M\u1ee5c 504, h\u1ecdc khu c\u00f3 ph\u1ea3i th\u1ea9m \u0111\u1ecbnh con t\u00f4i \u0111\u1ec3 x\u00e1c \u0111\u1ecbnh xem con t\u00f4i c\u00f3 \u0111\u1ee7 \u0111i\u1ec1u ki\u1ec7n \u0111\u01b0\u1ee3c \u0111i\u1ec1u ch\u1ec9nh v\u00e0\/ho\u1eb7c nh\u1eadn d\u1ecbch v\u1ee5 hay kh\u00f4ng? T\u00f4i c\u00f3 th\u1ec3 kh\u00e1ng c\u00e1o n\u1ebfu con t\u00f4i b\u1ecb t\u1eeb ch\u1ed1i kh\u1ea3 n\u0103ng h\u1ed9i \u0111\u1ee7 \u0111i\u1ec1u ki\u1ec7n kh\u00f4ng?"},"content":{"rendered":"\n<p>Kh\u00f4ng. N\u1ebfu h\u1ecdc khu tin r\u1eb1ng con qu\u00fd v\u1ecb kh\u00f4ng b\u1ecb \u201ckhi\u1ebfm khuy\u1ebft v\u1ec1 th\u1ec3 ch\u1ea5t ho\u1eb7c tinh th\u1ea7n m\u00e0 l\u00e0m h\u1ea1n ch\u1ebf \u0111\u00e1ng k\u1ec3 ho\u1ea1t \u0111\u1ed9ng ch\u00ednh trong cu\u1ed9c s\u1ed1ng\u201d th\u00ec h\u1ecdc khu c\u00f3 th\u1ec3 t\u1eeb ch\u1ed1i \u0111\u00e1nh gi\u00e1 tr\u1ebb.&nbsp; Qu\u00fd v\u1ecb s\u1ebd ph\u1ea3i n\u1ed9p \u0111\u01a1n v\u00e0 th\u1eafng trong phi\u00ean \u0111i\u1ec1u tr\u1ea7n M\u1ee5c 504 \u0111\u1ec3 y\u00eau c\u1ea7u h\u1ecdc khu \u0111\u00e1nh gi\u00e1 kh\u1ea3 n\u0103ng h\u1ed9i \u0111\u1ee7 \u0111i\u1ec1u ki\u1ec7n cho con qu\u00fd v\u1ecb.&nbsp; [<em>OCR Memorandum<\/em> April 29, 1993; 19 IDELR 876.]<\/p>\n\n\n\n<p>N\u1ebfu con qu\u00fd v\u1ecb kh\u00f4ng \u0111\u01b0\u1ee3c x\u00e1c \u0111\u1ecbnh l\u00e0 c\u00f3 khuy\u1ebft t\u1eadt theo m\u1ee5c \u0111\u00edch c\u1ee7a nh\u1eefng \u0111i\u1ec1u ch\u1ec9nh v\u00e0\/ho\u1eb7c d\u1ecbch v\u1ee5 c\u1ee7a M\u1ee5c 504, qu\u00fd v\u1ecb c\u00f3 th\u1ec3 kh\u00e1ng c\u00e1o quy\u1ebft \u0111\u1ecbnh \u0111\u00f3. C\u01a1 quan gi\u00e1o d\u1ee5c \u0111\u1ecba ph\u01b0\u01a1ng ch\u1ecbu tr\u00e1ch nhi\u1ec7m s\u1eafp x\u1ebfp quy tr\u00ecnh \u0111i\u1ec1u tr\u1ea7n theo M\u1ee5c 504. Vi\u00ean ch\u1ee9c \u0111i\u1ec1u tr\u1ea7n do c\u01a1 quan gi\u00e1o d\u1ee5c \u0111\u1ecba ph\u01b0\u01a1ng ch\u1ecdn ph\u1ea3i \u0111\u1ed9c l\u1eadp v\u1edbi c\u01a1 quan \u0111\u1ecba ph\u01b0\u01a1ng. V\u00ed d\u1ee5: vi\u00ean ch\u1ee9c \u0111i\u1ec1u tr\u1ea7n c\u00f3 th\u1ec3 l\u00e0 qu\u1ea3n tr\u1ecb vi\u00ean gi\u00e1o d\u1ee5c \u0111\u1eb7c bi\u1ec7t t\u1eeb h\u1ecdc khu kh\u00e1c, t\u1eeb V\u0103n Ph\u00f2ng Gi\u00e1o D\u1ee5c Qu\u1eadn ho\u1eb7c t\u1eeb khu v\u1ef1c ch\u01b0\u01a1ng tr\u00ecnh gi\u00e1o d\u1ee5c \u0111\u1eb7c bi\u1ec7t (mi\u1ec5n l\u00e0 kh\u00f4ng c\u00f3 xung \u0111\u1ed9t l\u1ee3i \u00edch).&nbsp; Xem ph\u1ea7n H\u1ecfi \u0110\u00e1p #16 d\u01b0\u1edbi \u0111\u00e2y.<\/p>\n","protected":false},"excerpt":{"rendered":"<p>Kh\u00f4ng. N\u1ebfu h\u1ecdc khu tin r\u1eb1ng con qu\u00fd v\u1ecb kh\u00f4ng b\u1ecb \u201ckhi\u1ebfm khuy\u1ebft v\u1ec1 th\u1ec3 ch\u1ea5t ho\u1eb7c tinh th\u1ea7n m\u00e0 l\u00e0m h\u1ea1n ch\u1ebf \u0111\u00e1ng k\u1ec3&hellip;<\/p>\n","protected":false},"author":1,"featured_media":0,"parent":2669,"menu_order":12,"comment_status":"closed","ping_status":"closed","template":"","meta":{"footnotes":""},"class_list":["post-2707","page","type-page","status-publish","hentry"],"_links":{"self":[{"href":"https:\/\/serr.disabilityrightsca.org\/vi\/wp-json\/wp\/v2\/pages\/2707","targetHints":{"allow":["GET"]}}],"collection":[{"href":"https:\/\/serr.disabilityrightsca.org\/vi\/wp-json\/wp\/v2\/pages"}],"about":[{"href":"https:\/\/serr.disabilityrightsca.org\/vi\/wp-json\/wp\/v2\/types\/page"}],"author":[{"embeddable":true,"href":"https:\/\/serr.disabilityrightsca.org\/vi\/wp-json\/wp\/v2\/users\/1"}],"replies":[{"embeddable":true,"href":"https:\/\/serr.disabilityrightsca.org\/vi\/wp-json\/wp\/v2\/comments?post=2707"}],"version-history":[{"count":3,"href":"https:\/\/serr.disabilityrightsca.org\/vi\/wp-json\/wp\/v2\/pages\/2707\/revisions"}],"predecessor-version":[{"id":4312,"href":"https:\/\/serr.disabilityrightsca.org\/vi\/wp-json\/wp\/v2\/pages\/2707\/revisions\/4312"}],"up":[{"embeddable":true,"href":"https:\/\/serr.disabilityrightsca.org\/vi\/wp-json\/wp\/v2\/pages\/2669"}],"wp:attachment":[{"href":"https:\/\/serr.disabilityrightsca.org\/vi\/wp-json\/wp\/v2\/media?parent=2707"}],"curies":[{"name":"wp","href":"https:\/\/api.w.org\/{rel}","templated":true}]}}