{"id":2717,"date":"2019-12-30T11:10:20","date_gmt":"2019-12-30T19:10:20","guid":{"rendered":"https:\/\/serr.disabilityrightsca.org\/?page_id=2717"},"modified":"2021-02-08T13:08:21","modified_gmt":"2021-02-08T21:08:21","slug":"16-16-muc-504-co-thiet-lap-cac-bien-phap-bao-ve-theo-thu-tuc-cho-phu-huynh-khong","status":"publish","type":"page","link":"https:\/\/serr.disabilityrightsca.org\/vi\/serr-manual\/chuong-16-thong-tin-ve-muc-504-va\/16-16-muc-504-co-thiet-lap-cac-bien-phap-bao-ve-theo-thu-tuc-cho-phu-huynh-khong\/","title":{"rendered":"(16.16) M\u1ee5c 504 c\u00f3 thi\u1ebft l\u1eadp c\u00e1c bi\u1ec7n ph\u00e1p b\u1ea3o v\u1ec7 theo th\u1ee7 t\u1ee5c cho ph\u1ee5 huynh kh\u00f4ng?"},"content":{"rendered":"\n<p>C\u00f3. M\u1ee5c 504 y\u00eau c\u1ea7u c\u00e1c h\u1ecdc khu thi\u1ebft l\u1eadp m\u1ed9t h\u1ec7 th\u1ed1ng c\u00e1c bi\u1ec7n ph\u00e1p b\u1ea3o v\u1ec7 theo th\u1ee7 t\u1ee5c \u0111\u1ec3 \u0111\u01b0a v\u00e0o c\u00e1c quy\u1ec1n sau \u0111\u00e2y cho ph\u1ee5 huynh:<\/p>\n\n\n\n<p>(1)&nbsp; Quy\u1ec1n nh\u1eadn th\u00f4ng b\u00e1o b\u1eb1ng v\u0103n b\u1ea3n v\u1ec1 c\u00e1c bi\u1ec7n ph\u00e1p b\u1ea3o v\u1ec7 theo th\u1ee7 t\u1ee5c c\u00f3 ch\u1ee9a th\u00f4ng tin v\u1ec1 vi\u1ec7c x\u00e1c \u0111\u1ecbnh, \u0111\u00e1nh gi\u00e1, t\u1eeb ch\u1ed1i \u0111\u00e1nh gi\u00e1 v\u00e0 x\u1ebfp l\u1edbp gi\u00e1o d\u1ee5c cho tr\u1ebb. [<em>Forest Hills (OH) Local Sch. Dist.<\/em>, 58 IDELR 114 (OCR 2011).];<\/p>\n\n\n\n<p>(2)&nbsp; Quy\u1ec1n nh\u1eadn \u0111\u01b0\u1ee3c th\u00f4ng tin v\u1ec1 vi\u1ec7c t\u1eeb ch\u1ed1i x\u1ebfp l\u1edbp gi\u00e1o d\u1ee5c v\u00e0 b\u1ea5t k\u1ef3 thay \u0111\u1ed5i \u0111\u00e1ng k\u1ec3 n\u00e0o v\u1ec1 vi\u1ec7c x\u1ebfp l\u1edbp. [<em>Hudson (NH) Sch. Dist., <\/em>58 IDELR 22 (OCR 2011).];<\/p>\n\n\n\n<p>(3)&nbsp; Quy\u1ec1n nh\u1eadn \u0111\u00e1nh gi\u00e1 v\u1ec1 tr\u1ebb b\u1ecb nghi ng\u1edd m\u1eafc khuy\u1ebft t\u1eadt tr\u01b0\u1edbc qu\u00e1 tr\u00ecnh x\u1ebfp l\u1edbp ban \u0111\u1ea7u v\u00e0 tr\u01b0\u1edbc b\u1ea5t k\u1ef3 thay \u0111\u1ed5i \u0111\u00e1ng k\u1ec3 n\u00e0o v\u1ec1 vi\u1ec7c x\u1ebfp l\u1edbp sau \u0111\u00f3.&nbsp; [<em>Lourdes Charter Sch.<\/em>, 57 IDELR 53 (OCR 2011).];<\/p>\n\n\n\n<p>(4)&nbsp; C\u01a1 h\u1ed9i \u0111\u1ec3 ki\u1ec3m tra t\u1ea5t c\u1ea3 c\u00e1c h\u1ed3 s\u01a1 c\u00f3 li\u00ean quan m\u1ed9t c\u00e1ch k\u1ecbp th\u1eddi. [<em>Indian Prairie Sch. Dist<\/em>., 51 IDELR 255 (OCR 2008).];<\/p>\n\n\n\n<p>(5)&nbsp; Quy\u1ec1n \u0111\u1ed1i v\u1edbi phi\u00ean \u0111i\u1ec1u tr\u1ea7n c\u00f4ng t\u00e2m, ph\u1ee5 huynh \u0111\u01b0\u1ee3c tham gia v\u00e0 c\u00f3 lu\u1eadt s\u01b0 \u0111\u1ea1i di\u1ec7n, cho c\u00e1c tranh ch\u1ea5p li\u00ean quan \u0111\u1ebfn vi\u1ec7c x\u00e1c \u0111\u1ecbnh, \u0111\u00e1nh gi\u00e1 ho\u1eb7c x\u1ebfp l\u1edbp gi\u00e1o d\u1ee5c cho tr\u1ebb. [<em>Talbot County (OH) Pub. Schs<\/em>., 52 IDELR 205 (OCR 2008).];<\/p>\n\n\n\n<p>(6)&nbsp; Quy\u1ec1n kh\u00e1ng c\u00e1o quy\u1ebft \u0111\u1ecbnh cu\u1ed1i c\u00f9ng c\u1ee7a vi\u00ean ch\u1ee9c phi\u00ean \u0111i\u1ec1u tr\u1ea7n c\u00f4ng t\u00e2m l\u00ean t\u00f2a \u00e1n c\u00f3 th\u1ea9m quy\u1ec1n x\u00e9t x\u1eed. [<em>Forest Hills (Oh) Local Sch.<\/em>, 58 IDELR 114 (OCR 2011).];<\/p>\n","protected":false},"excerpt":{"rendered":"<p>C\u00f3. M\u1ee5c 504 y\u00eau c\u1ea7u c\u00e1c h\u1ecdc khu thi\u1ebft l\u1eadp m\u1ed9t h\u1ec7 th\u1ed1ng c\u00e1c bi\u1ec7n ph\u00e1p b\u1ea3o v\u1ec7 theo th\u1ee7 t\u1ee5c \u0111\u1ec3 \u0111\u01b0a v\u00e0o c\u00e1c&hellip;<\/p>\n","protected":false},"author":1,"featured_media":0,"parent":2669,"menu_order":16,"comment_status":"closed","ping_status":"closed","template":"","meta":{"footnotes":""},"class_list":["post-2717","page","type-page","status-publish","hentry"],"_links":{"self":[{"href":"https:\/\/serr.disabilityrightsca.org\/vi\/wp-json\/wp\/v2\/pages\/2717","targetHints":{"allow":["GET"]}}],"collection":[{"href":"https:\/\/serr.disabilityrightsca.org\/vi\/wp-json\/wp\/v2\/pages"}],"about":[{"href":"https:\/\/serr.disabilityrightsca.org\/vi\/wp-json\/wp\/v2\/types\/page"}],"author":[{"embeddable":true,"href":"https:\/\/serr.disabilityrightsca.org\/vi\/wp-json\/wp\/v2\/users\/1"}],"replies":[{"embeddable":true,"href":"https:\/\/serr.disabilityrightsca.org\/vi\/wp-json\/wp\/v2\/comments?post=2717"}],"version-history":[{"count":3,"href":"https:\/\/serr.disabilityrightsca.org\/vi\/wp-json\/wp\/v2\/pages\/2717\/revisions"}],"predecessor-version":[{"id":4316,"href":"https:\/\/serr.disabilityrightsca.org\/vi\/wp-json\/wp\/v2\/pages\/2717\/revisions\/4316"}],"up":[{"embeddable":true,"href":"https:\/\/serr.disabilityrightsca.org\/vi\/wp-json\/wp\/v2\/pages\/2669"}],"wp:attachment":[{"href":"https:\/\/serr.disabilityrightsca.org\/vi\/wp-json\/wp\/v2\/media?parent=2717"}],"curies":[{"name":"wp","href":"https:\/\/api.w.org\/{rel}","templated":true}]}}