{"id":2767,"date":"2019-12-30T13:07:43","date_gmt":"2019-12-30T21:07:43","guid":{"rendered":"https:\/\/serr.disabilityrightsca.org\/?page_id=2767"},"modified":"2021-02-08T10:39:48","modified_gmt":"2021-02-08T18:39:48","slug":"11-4-neu-con-toi-co-the-tham-gia-kiem-tra-caaspp-va-neu-tre-su-dung-phuong-tien-ho-tro-hoac-chien-luoc-khong-duoc-liet-ke-la-mot-trong-nhung-cong-cu-pho-quat-ho-tro-duoc-chi-dinh-va-dieu-chinh-tre","status":"publish","type":"page","link":"https:\/\/serr.disabilityrightsca.org\/vi\/serr-manual\/chuong-11-thong-tin-ve-danh-gia-toan-tieu-bang-yeu-cau-tot-nghiep\/11-4-neu-con-toi-co-the-tham-gia-kiem-tra-caaspp-va-neu-tre-su-dung-phuong-tien-ho-tro-hoac-chien-luoc-khong-duoc-liet-ke-la-mot-trong-nhung-cong-cu-pho-quat-ho-tro-duoc-chi-dinh-va-dieu-chinh-tre\/","title":{"rendered":"(11.4) N\u1ebfu con t\u00f4i c\u00f3 th\u1ec3 tham gia ki\u1ec3m tra CAASPP v\u00e0 n\u1ebfu tr\u1ebb s\u1eed d\u1ee5ng ph\u01b0\u01a1ng ti\u1ec7n h\u1ed7 tr\u1ee3 ho\u1eb7c chi\u1ebfn l\u01b0\u1ee3c kh\u00f4ng \u0111\u01b0\u1ee3c li\u1ec7t k\u00ea l\u00e0 m\u1ed9t trong nh\u1eefng c\u00f4ng c\u1ee5 ph\u1ed5 qu\u00e1t, h\u1ed7 tr\u1ee3 \u0111\u01b0\u1ee3c ch\u1ec9 \u0111\u1ecbnh v\u00e0 \u0111i\u1ec1u ch\u1ec9nh, tr\u1ebb c\u00f3 th\u1ec3 \u0111\u01b0\u1ee3c ph\u00e9p s\u1eed d\u1ee5ng \u0111i\u1ec1u ch\u1ec9nh ho\u1eb7c chi\u1ebfn l\u01b0\u1ee3c chuy\u00ean m\u00f4n \u0111\u00f3 trong qu\u00e1 tr\u00ecnh ki\u1ec3m tra kh\u00f4ng?"},"content":{"rendered":"\n<p>\u0110\u1ed1i v\u1edbi h\u1ecdc sinh tham gia ch\u01b0\u01a1ng tr\u00ecnh M\u1ee5c 504 ho\u1eb7c IEP, h\u1ecdc khu c\u00f3 th\u1ec3 g\u1eedi y\u00eau c\u1ea7u t\u1edbi S\u1edf Gi\u00e1o D\u1ee5c California (S\u1edf) \u0111\u1ec3 cho ph\u00e9p h\u1ecdc sinh s\u1eed d\u1ee5ng \u201ct\u00e0i nguy\u00ean kh\u00f4ng \u0111\u01b0\u1ee3c li\u1ec7t k\u00ea\u201d trong qu\u00e1 tr\u00ecnh ki\u1ec3m tra CAASPP.&nbsp; [5 C.C.R. Sec. 850(a-m) and 854.9(a)-(c).]&nbsp; \u201cT\u00e0i nguy\u00ean kh\u00f4ng \u0111\u01b0\u1ee3c li\u1ec7t k\u00ea\u201d l\u00e0 h\u1ed7 tr\u1ee3 h\u01b0\u1edbng d\u1eabn m\u00e0 h\u1ecdc sinh \u0111\u01b0\u1ee3c s\u1eed d\u1ee5ng trong h\u01b0\u1edbng d\u1eabn h\u00e0ng ng\u00e0y ho\u1eb7c trong th\u1ea9m \u0111\u1ecbnh ch\u01b0a \u0111\u01b0\u1ee3c li\u1ec7t k\u00ea nh\u01b0 m\u1ed9t c\u00f4ng c\u1ee5 ph\u1ed5 qu\u00e1t, h\u1ed7 tr\u1ee3 \u0111\u01b0\u1ee3c ch\u1ec9 \u0111\u1ecbnh ho\u1eb7c \u0111i\u1ec1u ch\u1ec9nh. H\u1ecdc khu ph\u1ea3i th\u1ef1c hi\u1ec7n y\u00eau c\u1ea7u n\u00e0y \u00edt nh\u1ea5t m\u01b0\u1eddi ng\u00e0y tr\u01b0\u1edbc khi b\u1eaft \u0111\u1ea7u ki\u1ec3m tra CAASPP v\u00e0 ph\u1ea3i th\u1ef1c hi\u1ec7n y\u00eau c\u1ea7u n\u00e0y h\u00e0ng n\u0103m.&nbsp; S\u1edf s\u1ebd \u0111\u00e1nh gi\u00e1 y\u00eau c\u1ea7u v\u00e0 ch\u1ec9 cho ph\u00e9p h\u1ecdc sinh s\u1eed d\u1ee5ng t\u00e0i nguy\u00ean kh\u00f4ng \u0111\u01b0\u1ee3c li\u1ec7t k\u00ea n\u1ebfu x\u00e1c \u0111\u1ecbnh r\u1eb1ng t\u00e0i nguy\u00ean \u0111\u00f3 kh\u00f4ng \u0111e d\u1ecda \u0111\u1ebfn t\u00ednh b\u1ea3o m\u1eadt c\u1ee7a b\u00e0i ki\u1ec3m tra v\u00e0 kh\u00f4ng thay \u0111\u1ed5i c\u1ea5u tr\u00fac \u0111\u01b0\u1ee3c \u0111o b\u1eb1ng ki\u1ec3m tra.&nbsp; [Id.]&nbsp; Thay \u0111\u1ed5i c\u1ea5u tr\u00fac c\u00f3 ngh\u0129a l\u00e0 s\u1eeda \u0111\u1ed5i kh\u00e1i ni\u1ec7m ho\u1eb7c k\u1ef9 n\u0103ng \u0111\u01b0\u1ee3c ki\u1ec3m tra, v\u1ec1 c\u01a1 b\u1ea3n l\u00e0m thay \u0111\u1ed5i \u00fd ngh\u0129a v\u00e0 kh\u1ea3 n\u0103ng so s\u00e1nh c\u1ee7a \u0111i\u1ec3m ki\u1ec3m tra th\u00e0nh t\u00edch.&nbsp; [5 C.C.R. Sec. 850(j).]<\/p>\n\n\n\n<p>N\u1ebfu S\u1edf x\u00e1c \u0111\u1ecbnh r\u1eb1ng t\u00e0i nguy\u00ean kh\u00f4ng \u0111\u01b0\u1ee3c li\u1ec7t k\u00ea s\u1ebd thay \u0111\u1ed5i c\u1ea5u tr\u00fac \u0111\u01b0\u1ee3c \u0111o b\u1eb1ng b\u00e0i ki\u1ec3m tra, S\u1edf s\u1ebd kh\u00f4ng ph\u00ea duy\u1ec7t.&nbsp; Tuy nhi\u00ean, h\u1ecdc sinh v\u1eabn c\u00f3 th\u1ec3 s\u1eed d\u1ee5ng t\u00e0i nguy\u00ean trong b\u00e0i ki\u1ec3m tra, nh\u01b0ng h\u1ecdc sinh s\u1ebd nh\u1eadn \u0111\u01b0\u1ee3c b\u00e1o c\u00e1o \u0111i\u1ec3m ri\u00eang l\u1ebb v\u00e0 s\u1ebd kh\u00f4ng \u0111\u01b0\u1ee3c h\u1ecdc khu t\u00ednh l\u00e0 tham gia ki\u1ec3m tra CAASPP.&nbsp; N\u1ebfu t\u00e0i nguy\u00ean kh\u00f4ng \u0111\u01b0\u1ee3c li\u1ec7t k\u00ea \u0111\u00e3 y\u00eau c\u1ea7u \u0111\u00e1nh gi\u00e1 \u0111\u01b0\u1ee3c S\u1edf x\u00e1c \u0111\u1ecbnh kh\u00f4ng thay \u0111\u1ed5i c\u1ea5u tr\u00fac \u0111\u01b0\u1ee3c \u0111o b\u1eb1ng ki\u1ec3m tra, h\u1ecdc sinh c\u00f3 th\u1ec3 \u0111\u01b0\u1ee3c h\u1ecdc khu t\u00ednh l\u00e0 \u0111\u00e3 tham gia ki\u1ec3m tra CAASPP.&nbsp; [5 C.C.R. Sec. 854.9(d).]<\/p>\n\n\n\n<p>S\u1edf \u0111\u00e3 x\u00e1c \u0111\u1ecbnh r\u1eb1ng m\u1ed9t s\u1ed1 t\u00e0i nguy\u00ean ch\u01b0a \u0111\u01b0\u1ee3c li\u1ec7t k\u00ea s\u1ebd thay \u0111\u1ed5i m\u1ed9t ho\u1eb7c nhi\u1ec1u c\u1ea5u tr\u00fac \u0111\u01b0\u1ee3c \u0111o b\u1eb1ng ki\u1ec3m tra CAASPP v\u00e0 s\u1ebd kh\u00f4ng ph\u00ea duy\u1ec7t y\u00eau c\u1ea7u s\u1eed d\u1ee5ng c\u00e1c t\u00e0i nguy\u00ean \u0111\u00f3 trong qu\u00e1 tr\u00ecnh ki\u1ec3m tra n\u00e0y.&nbsp; C\u00e1c t\u00e0i nguy\u00ean \u0111\u00f3 bao g\u1ed3m, v\u00ed d\u1ee5: m\u00e1y t\u00ednh c\u1ea7m tay \u0111\u1ed1i v\u1edbi ph\u1ea7n to\u00e1n h\u1ecdc c\u1ee7a b\u00e0i ki\u1ec3m tra t\u1eeb l\u1edbp 3 \u0111\u1ebfn l\u1edbp 5, b\u1ea3ng nh\u00e2n cho l\u1edbp 3 v\u00e0 s\u1eed d\u1ee5ng t\u1eeb \u0111i\u1ec3n \u0111\u1ed3ng ngh\u0129a.&nbsp; [5 C.C.R. Sec. 854.9(e).]<\/p>\n","protected":false},"excerpt":{"rendered":"<p>\u0110\u1ed1i v\u1edbi h\u1ecdc sinh tham gia ch\u01b0\u01a1ng tr\u00ecnh M\u1ee5c 504 ho\u1eb7c IEP, h\u1ecdc khu c\u00f3 th\u1ec3 g\u1eedi y\u00eau c\u1ea7u t\u1edbi S\u1edf Gi\u00e1o D\u1ee5c California (S\u1edf)&hellip;<\/p>\n","protected":false},"author":1,"featured_media":0,"parent":352,"menu_order":4,"comment_status":"closed","ping_status":"closed","template":"","meta":{"footnotes":""},"class_list":["post-2767","page","type-page","status-publish","hentry"],"_links":{"self":[{"href":"https:\/\/serr.disabilityrightsca.org\/vi\/wp-json\/wp\/v2\/pages\/2767","targetHints":{"allow":["GET"]}}],"collection":[{"href":"https:\/\/serr.disabilityrightsca.org\/vi\/wp-json\/wp\/v2\/pages"}],"about":[{"href":"https:\/\/serr.disabilityrightsca.org\/vi\/wp-json\/wp\/v2\/types\/page"}],"author":[{"embeddable":true,"href":"https:\/\/serr.disabilityrightsca.org\/vi\/wp-json\/wp\/v2\/users\/1"}],"replies":[{"embeddable":true,"href":"https:\/\/serr.disabilityrightsca.org\/vi\/wp-json\/wp\/v2\/comments?post=2767"}],"version-history":[{"count":2,"href":"https:\/\/serr.disabilityrightsca.org\/vi\/wp-json\/wp\/v2\/pages\/2767\/revisions"}],"predecessor-version":[{"id":4180,"href":"https:\/\/serr.disabilityrightsca.org\/vi\/wp-json\/wp\/v2\/pages\/2767\/revisions\/4180"}],"up":[{"embeddable":true,"href":"https:\/\/serr.disabilityrightsca.org\/vi\/wp-json\/wp\/v2\/pages\/352"}],"wp:attachment":[{"href":"https:\/\/serr.disabilityrightsca.org\/vi\/wp-json\/wp\/v2\/media?parent=2767"}],"curies":[{"name":"wp","href":"https:\/\/api.w.org\/{rel}","templated":true}]}}