{"id":2785,"date":"2019-12-30T14:01:17","date_gmt":"2019-12-30T22:01:17","guid":{"rendered":"https:\/\/serr.disabilityrightsca.org\/?page_id=2785"},"modified":"2021-02-08T10:46:57","modified_gmt":"2021-02-08T18:46:57","slug":"11-12-neu-hoc-sinh-khong-nhan-duoc-dich-vu-phu-hop-trong-mot-khoang-thoi-gian-truoc-khi-tot-nghiep-voi-bang-tot-nghiep-tre-co-the-tiep-tuc-hoi-du-dieu-kien-nhan-giao-duc-dac-biet-khong","status":"publish","type":"page","link":"https:\/\/serr.disabilityrightsca.org\/vi\/serr-manual\/chuong-11-thong-tin-ve-danh-gia-toan-tieu-bang-yeu-cau-tot-nghiep\/11-12-neu-hoc-sinh-khong-nhan-duoc-dich-vu-phu-hop-trong-mot-khoang-thoi-gian-truoc-khi-tot-nghiep-voi-bang-tot-nghiep-tre-co-the-tiep-tuc-hoi-du-dieu-kien-nhan-giao-duc-dac-biet-khong\/","title":{"rendered":"(11.12) N\u1ebfu h\u1ecdc sinh kh\u00f4ng nh\u1eadn \u0111\u01b0\u1ee3c d\u1ecbch v\u1ee5 ph\u00f9 h\u1ee3p trong m\u1ed9t kho\u1ea3ng th\u1eddi gian tr\u01b0\u1edbc khi t\u1ed1t nghi\u1ec7p v\u1edbi b\u1eb1ng t\u1ed1t nghi\u1ec7p, tr\u1ebb c\u00f3 th\u1ec3 ti\u1ebfp t\u1ee5c h\u1ed9i \u0111\u1ee7 \u0111i\u1ec1u ki\u1ec7n nh\u1eadn gi\u00e1o d\u1ee5c \u0111\u1eb7c bi\u1ec7t kh\u00f4ng?"},"content":{"rendered":"\n<p>Kh\u00f4ng. Tuy nhi\u00ean, h\u1ecdc sinh b\u1ecb t\u1eeb ch\u1ed1i c\u00e1c d\u1ecbch v\u1ee5 ph\u00f9 h\u1ee3p c\u00f3 th\u1ec3 y\u00eau c\u1ea7u, m\u1ed9t c\u00e1ch kh\u00f4ng ch\u00ednh th\u1ee9c ho\u1eb7c th\u00f4ng qua phi\u00ean \u0111i\u1ec1u tr\u1ea7n theo th\u1ee7 t\u1ee5c ph\u00e1p l\u00fd, r\u1eb1ng h\u1ecdc khu cung c\u1ea5p c\u00e1c d\u1ecbch v\u1ee5 chuy\u1ec3n ti\u1ebfp b\u1ed3i th\u01b0\u1eddng.&nbsp; Xem Ch\u01b0\u01a1ng 6, Th\u00f4ng Tin v\u1ec1 Th\u1ee7 T\u1ee5c Ph\u00e1p L\u00fd\/Tu\u00e2n Th\u1ee7.&nbsp; C\u00e1c d\u1ecbch v\u1ee5 b\u1ed3i th\u01b0\u1eddng \u0111\u01b0\u1ee3c cung c\u1ea5p b\u1edfi h\u1ecdc khu m\u1ed9t c\u00e1ch t\u1ef1 nguy\u1ec7n ho\u1eb7c theo l\u1ec7nh c\u1ee7a vi\u00ean ch\u1ee9c \u0111i\u1ec1u tr\u1ea7n theo th\u1ee7 t\u1ee5c ph\u00e1p l\u00fd c\u00f3 th\u1ec3 \u0111\u01b0\u1ee3c cung c\u1ea5p sau khi h\u1ecdc sinh t\u1ed1t nghi\u1ec7p v\u1edbi b\u1eb1ng t\u1ed1t nghi\u1ec7p ch\u00ednh quy.&nbsp; [Maine School Admin. Dist. No. 35 v. Mr. and Mrs. R. (1st Cir. 2003) 321 F.3d 9, 17-18; San Dieguito Union High Sch. Dist. v. Guray-Jacobs (S.D. Cal. 2005, No. 04CVL330) 44 IDELR 189, 105 LRP 56315; Hemet USD, OAH Case No. 2015090860, 116 LRP 20083 (2015).]&nbsp; Trong t\u00ecnh hu\u1ed1ng n\u00e0y, h\u1ecdc sinh kh\u00f4ng h\u1ed9i \u0111\u1ee7 \u0111i\u1ec1u ki\u1ec7n nh\u1eadn gi\u00e1o d\u1ee5c \u0111\u1eb7c bi\u1ec7t cho b\u1ea5t k\u1ef3 m\u1ee5c \u0111\u00edch n\u00e0o kh\u00e1c ngo\u00e0i vi\u1ec7c nh\u1eadn c\u00e1c d\u1ecbch v\u1ee5 b\u1ed3i th\u01b0\u1eddng \u0111\u00f3. Sau khi c\u00e1c d\u1ecbch v\u1ee5 b\u1ed3i th\u01b0\u1eddng \u0111\u01b0\u1ee3c cung c\u1ea5p, kh\u1ea3 n\u0103ng h\u1ed9i \u0111\u1ee7 \u0111i\u1ec1u ki\u1ec7n c\u1ee7a h\u1ecdc sinh s\u1ebd k\u1ebft th\u00fac.<\/p>\n\n\n\n<p>Khi\u1ebfu n\u1ea1i \u0111\u1ed1i v\u1edbi nh\u1eefng l\u1ea7n t\u1eeb ch\u1ed1i d\u1ecbch v\u1ee5 ph\u00f9 h\u1ee3p tr\u01b0\u1edbc \u0111\u00e2y kh\u00f4ng \u0111\u01b0\u1ee3c qu\u00e1 hai n\u0103m t\u1ea1i th\u1eddi \u0111i\u1ec3m ph\u1ee5 huynh ho\u1eb7c h\u1ecdc sinh y\u00eau c\u1ea7u phi\u00ean \u0111i\u1ec1u tr\u1ea7n theo th\u1ee7 t\u1ee5c ph\u00e1p l\u00fd.&nbsp; [34 C.F.R. Sec. 300.507(a)(2); Cal. Ed. Code Sec. 56505(l).]&nbsp; N\u1ebfu h\u1ecdc sinh ch\u01b0a \u0111\u01b0\u1ee3c cung c\u1ea5p d\u1ecbch v\u1ee5 gi\u00e1o d\u1ee5c \u0111\u1eb7c bi\u1ec7t ph\u00f9 h\u1ee3p trong giai \u0111o\u1ea1n hai n\u0103m tr\u01b0\u1edbc khi t\u1ed1t nghi\u1ec7p, ph\u1ee5 huynh (ho\u1eb7c h\u1ecdc sinh n\u1ebfu \u0111\u1ee7 18 tu\u1ed5i v\u00e0 kh\u00f4ng \u0111\u01b0\u1ee3c b\u1ea3o h\u1ed9), n\u1ebfu c\u00f3 th\u1ec3, n\u00ean n\u1ed9p \u0111\u01a1n theo th\u1ee7 t\u1ee5c ph\u00e1p l\u00fd tr\u01b0\u1edbc khi h\u1ecdc sinh t\u1ed1t nghi\u1ec7p v\u1edbi b\u1eb1ng t\u1ed1t nghi\u1ec7p v\u00e0 kh\u1ea3 n\u0103ng h\u1ed9i \u0111\u1ee7 \u0111i\u1ec1u ki\u1ec7n nh\u1eadn gi\u00e1o d\u1ee5c \u0111\u1eb7c bi\u1ec7t c\u1ee7a h\u1ecdc sinh k\u1ebft th\u00fac. H\u1ecdc khu c\u00f3 th\u1ec3 l\u1eadp lu\u1eadn r\u1eb1ng ph\u1ee5 huynh ho\u1eb7c h\u1ecdc sinh kh\u00f4ng c\u00f2n l\u00e0 h\u1ecdc sinh h\u1ed9i \u0111\u1ee7 \u0111i\u1ec1u ki\u1ec7n nh\u1eadn gi\u00e1o d\u1ee5c \u0111\u1eb7c bi\u1ec7t s\u1ebd kh\u00f4ng c\u00f3 quy\u1ec1n \u0111\u01b0a ra m\u1ed9t h\u00e0nh \u0111\u1ed9ng theo th\u1ee7 t\u1ee5c ph\u00e1p l\u00fd v\u1ec1 gi\u00e1o d\u1ee5c \u0111\u1eb7c bi\u1ec7t ch\u1ed1ng l\u1ea1i h\u1ecdc khu.<\/p>\n","protected":false},"excerpt":{"rendered":"<p>Kh\u00f4ng. Tuy nhi\u00ean, h\u1ecdc sinh b\u1ecb t\u1eeb ch\u1ed1i c\u00e1c d\u1ecbch v\u1ee5 ph\u00f9 h\u1ee3p c\u00f3 th\u1ec3 y\u00eau c\u1ea7u, m\u1ed9t c\u00e1ch kh\u00f4ng ch\u00ednh th\u1ee9c ho\u1eb7c th\u00f4ng qua&hellip;<\/p>\n","protected":false},"author":1,"featured_media":0,"parent":352,"menu_order":12,"comment_status":"closed","ping_status":"closed","template":"","meta":{"footnotes":""},"class_list":["post-2785","page","type-page","status-publish","hentry"],"_links":{"self":[{"href":"https:\/\/serr.disabilityrightsca.org\/vi\/wp-json\/wp\/v2\/pages\/2785","targetHints":{"allow":["GET"]}}],"collection":[{"href":"https:\/\/serr.disabilityrightsca.org\/vi\/wp-json\/wp\/v2\/pages"}],"about":[{"href":"https:\/\/serr.disabilityrightsca.org\/vi\/wp-json\/wp\/v2\/types\/page"}],"author":[{"embeddable":true,"href":"https:\/\/serr.disabilityrightsca.org\/vi\/wp-json\/wp\/v2\/users\/1"}],"replies":[{"embeddable":true,"href":"https:\/\/serr.disabilityrightsca.org\/vi\/wp-json\/wp\/v2\/comments?post=2785"}],"version-history":[{"count":2,"href":"https:\/\/serr.disabilityrightsca.org\/vi\/wp-json\/wp\/v2\/pages\/2785\/revisions"}],"predecessor-version":[{"id":4188,"href":"https:\/\/serr.disabilityrightsca.org\/vi\/wp-json\/wp\/v2\/pages\/2785\/revisions\/4188"}],"up":[{"embeddable":true,"href":"https:\/\/serr.disabilityrightsca.org\/vi\/wp-json\/wp\/v2\/pages\/352"}],"wp:attachment":[{"href":"https:\/\/serr.disabilityrightsca.org\/vi\/wp-json\/wp\/v2\/media?parent=2785"}],"curies":[{"name":"wp","href":"https:\/\/api.w.org\/{rel}","templated":true}]}}