{"id":2787,"date":"2019-12-30T14:15:11","date_gmt":"2019-12-30T22:15:11","guid":{"rendered":"https:\/\/serr.disabilityrightsca.org\/?page_id=2787"},"modified":"2021-02-08T10:47:48","modified_gmt":"2021-02-08T18:47:48","slug":"11-13-khi-con-toi-du-18-tuoi-chau-se-bat-dau-dua-ra-quyet-dinh-lien-quan-den-iep-hay-toi-se-tiep-tuc-la-nguoi-ra-quyet-dinh-cho-muc-dich-giao-duc","status":"publish","type":"page","link":"https:\/\/serr.disabilityrightsca.org\/vi\/serr-manual\/chuong-11-thong-tin-ve-danh-gia-toan-tieu-bang-yeu-cau-tot-nghiep\/11-13-khi-con-toi-du-18-tuoi-chau-se-bat-dau-dua-ra-quyet-dinh-lien-quan-den-iep-hay-toi-se-tiep-tuc-la-nguoi-ra-quyet-dinh-cho-muc-dich-giao-duc\/","title":{"rendered":"(11.13) Khi con t\u00f4i \u0111\u1ee7 18 tu\u1ed5i, ch\u00e1u s\u1ebd b\u1eaft \u0111\u1ea7u \u0111\u01b0a ra quy\u1ebft \u0111\u1ecbnh li\u00ean quan \u0111\u1ebfn IEP hay t\u00f4i s\u1ebd ti\u1ebfp t\u1ee5c l\u00e0 ng\u01b0\u1eddi ra quy\u1ebft \u0111\u1ecbnh cho m\u1ee5c \u0111\u00edch gi\u00e1o d\u1ee5c?"},"content":{"rendered":"\n<p>\u1ede tu\u1ed5i 18, th\u1ea9m quy\u1ec1n ra quy\u1ebft \u0111\u1ecbnh gi\u00e1o d\u1ee5c s\u1ebd chuy\u1ec3n t\u1eeb ph\u1ee5 huynh sang h\u1ecdc sinh, tr\u1eeb khi h\u1ecdc sinh \u0111\u01b0\u1ee3c x\u00e1c \u0111\u1ecbnh l\u00e0 kh\u00f4ng \u0111\u1ee7 n\u0103ng l\u1ef1c theo lu\u1eadt ph\u00e1p c\u1ee7a California. H\u1ecdc khu ph\u1ea3i th\u00f4ng b\u00e1o cho c\u1ea3 qu\u00fd v\u1ecb v\u00e0 con qu\u00fd v\u1ecb v\u1ec1 vi\u1ec7c chuy\u1ec3n giao quy\u1ec1n v\u00e0 ph\u1ea3i cung c\u1ea5p th\u00f4ng b\u00e1o v\u1ec1 c\u00e1c bi\u1ec7n ph\u00e1p b\u1ea3o v\u1ec7 theo th\u1ee7 t\u1ee5c kh\u00f4ng mu\u1ed9n h\u01a1n m\u1ed9t n\u0103m tr\u01b0\u1edbc khi con qu\u00fd v\u1ecb tr\u00f2n 18 tu\u1ed5i. [34 C.F. R. Sec. 300.520; Cal. Ed. Code Secs. 56041.5 &amp; 56043(g)(3).] N\u1ebfu t\u00f2a tuy\u00ean b\u1ed1 h\u1ecdc sinh kh\u00f4ng \u0111\u1ee7 n\u0103ng l\u1ef1c v\u00e0 ph\u1ee5 huynh \u0111\u01b0\u1ee3c ch\u1ec9 \u0111\u1ecbnh l\u00e0m ng\u01b0\u1eddi b\u1ea3o h\u1ed9, ph\u1ee5 huynh c\u00f3 th\u1ec3 ti\u1ebfp t\u1ee5c \u0111\u01b0a ra quy\u1ebft \u0111\u1ecbnh gi\u00e1o d\u1ee5c cho h\u1ecdc sinh.&nbsp; Tuy nhi\u00ean, n\u1ebfu h\u1ecdc sinh ch\u01b0a \u0111\u01b0\u1ee3c b\u1ea5t k\u1ef3 t\u00f2a n\u00e0o x\u00e1c \u0111\u1ecbnh l\u00e0 kh\u00f4ng \u0111\u1ee7 n\u0103ng l\u1ef1c, h\u1ecdc sinh \u0111\u00f3 s\u1ebd c\u00f3 kh\u1ea3 n\u0103ng ph\u00e1p l\u00fd \u0111\u1ec3 \u0111\u01b0a ra quy\u1ebft \u0111\u1ecbnh gi\u00e1o d\u1ee5c. H\u1ecdc sinh c\u00f3 th\u1ec3 t\u1ef1 m\u00ecnh \u0111\u01b0a ra c\u00e1c quy\u1ebft \u0111\u1ecbnh n\u00e0y ho\u1eb7c bao g\u1ed3m c\u1ea3 ph\u1ee5 huynh trong qu\u00e1 tr\u00ecnh ra quy\u1ebft \u0111\u1ecbnh IEP. Tr\u1ebb c\u0169ng c\u00f3 th\u1ec3 giao th\u1ea9m quy\u1ec1n ra quy\u1ebft \u0111\u1ecbnh gi\u00e1o d\u1ee5c cho ph\u1ee5 huynh n\u1ebfu mu\u1ed1n. Xem m\u1eabu Giao Th\u1ea9m Quy\u1ec1n Ra Quy\u1ebft \u0110\u1ecbnh Gi\u00e1o D\u1ee5c, Ph\u1ea7n Ph\u1ee5 L\u1ee5c, Ph\u1ee5 L\u1ee5c P.<\/p>\n\n\n\n<p>Ngay c\u1ea3 khi t\u00f2a ch\u01b0a x\u00e1c \u0111\u1ecbnh h\u1ecdc sinh kh\u00f4ng \u0111\u1ee7 n\u0103ng l\u1ef1c, h\u1ecdc khu c\u0169ng c\u00f3 th\u1ec3 cho r\u1eb1ng h\u1ecdc sinh kh\u00f4ng \u0111\u1ee7 n\u0103ng l\u1ef1c \u0111\u01b0a ra quy\u1ebft \u0111\u1ecbnh c\u1ee7a ri\u00eang m\u00ecnh \u2014 bao g\u1ed3m c\u1ea3 quy\u1ebft \u0111\u1ecbnh giao th\u1ea9m quy\u1ec1n ra quy\u1ebft \u0111\u1ecbnh gi\u00e1o d\u1ee5c c\u1ee7a m\u00ecnh cho ph\u1ee5 huynh \u2014 v\u00e0 do \u0111\u00f3, c\u1ea7n ph\u1ea3i c\u00f3 m\u1ed9t \u201cng\u01b0\u1eddi b\u1ea3o h\u1ed9\u201d \u0111\u01b0\u1ee3c t\u00f2a \u00e1n ch\u1ec9 \u0111\u1ecbnh \u0111\u1ec3 \u0111\u01b0a ra quy\u1ebft \u0111\u1ecbnh cho h\u1ecdc sinh. Tuy nhi\u00ean, vi\u1ec7c quy\u1ebft \u0111\u1ecbnh xem m\u1ed9t ng\u01b0\u1eddi tr\u01b0\u1edfng th\u00e0nh c\u00f3 c\u1ea7n ph\u1ea3i c\u00f3 ng\u01b0\u1eddi b\u1ea3o h\u1ed9 hay kh\u00f4ng thu\u1ed9c v\u1ec1 t\u00f2a \u00e1n, ch\u1ee9 kh\u00f4ng thu\u1ed9c v\u1ec1 h\u1ecdc khu. Qu\u00fd v\u1ecb c\u00f3 th\u1ec3 mu\u1ed1n tham kh\u1ea3o \u00fd ki\u1ebfn c\u1ee7a lu\u1eadt s\u01b0 v\u1ec1 nh\u1eefng l\u1ee3i \u00edch v\u00e0 b\u1ea5t l\u1ee3i c\u1ee7a vi\u1ec7c n\u1ed9p \u0111\u01a1n y\u00eau c\u1ea7u b\u1ea3o h\u1ed9 gi\u1edbi h\u1ea1n ho\u1eb7c \u0111\u1ea7y \u0111\u1ee7 v\u1edbi t\u00f2a \u00e1n c\u1ea5p cao.<\/p>\n","protected":false},"excerpt":{"rendered":"<p>\u1ede tu\u1ed5i 18, th\u1ea9m quy\u1ec1n ra quy\u1ebft \u0111\u1ecbnh gi\u00e1o d\u1ee5c s\u1ebd chuy\u1ec3n t\u1eeb ph\u1ee5 huynh sang h\u1ecdc sinh, tr\u1eeb khi h\u1ecdc sinh \u0111\u01b0\u1ee3c x\u00e1c \u0111\u1ecbnh&hellip;<\/p>\n","protected":false},"author":1,"featured_media":0,"parent":352,"menu_order":13,"comment_status":"closed","ping_status":"closed","template":"","meta":{"footnotes":""},"class_list":["post-2787","page","type-page","status-publish","hentry"],"_links":{"self":[{"href":"https:\/\/serr.disabilityrightsca.org\/vi\/wp-json\/wp\/v2\/pages\/2787","targetHints":{"allow":["GET"]}}],"collection":[{"href":"https:\/\/serr.disabilityrightsca.org\/vi\/wp-json\/wp\/v2\/pages"}],"about":[{"href":"https:\/\/serr.disabilityrightsca.org\/vi\/wp-json\/wp\/v2\/types\/page"}],"author":[{"embeddable":true,"href":"https:\/\/serr.disabilityrightsca.org\/vi\/wp-json\/wp\/v2\/users\/1"}],"replies":[{"embeddable":true,"href":"https:\/\/serr.disabilityrightsca.org\/vi\/wp-json\/wp\/v2\/comments?post=2787"}],"version-history":[{"count":3,"href":"https:\/\/serr.disabilityrightsca.org\/vi\/wp-json\/wp\/v2\/pages\/2787\/revisions"}],"predecessor-version":[{"id":4189,"href":"https:\/\/serr.disabilityrightsca.org\/vi\/wp-json\/wp\/v2\/pages\/2787\/revisions\/4189"}],"up":[{"embeddable":true,"href":"https:\/\/serr.disabilityrightsca.org\/vi\/wp-json\/wp\/v2\/pages\/352"}],"wp:attachment":[{"href":"https:\/\/serr.disabilityrightsca.org\/vi\/wp-json\/wp\/v2\/media?parent=2787"}],"curies":[{"name":"wp","href":"https:\/\/api.w.org\/{rel}","templated":true}]}}