{"id":2789,"date":"2019-12-30T14:18:23","date_gmt":"2019-12-30T22:18:23","guid":{"rendered":"https:\/\/serr.disabilityrightsca.org\/?page_id=2789"},"modified":"2021-02-08T10:48:48","modified_gmt":"2021-02-08T18:48:48","slug":"11-14-neu-con-toi-khong-nhan-duoc-bang-tot-nghiep-chinh-quy-nhung-se-nhan-duoc-giay-chung-nhan-thanh-tich-hoac-hoan-thanh-tre-van-hoi-du-dieu-kien-nhan-giao-duc-dac-biet-phai-khong","status":"publish","type":"page","link":"https:\/\/serr.disabilityrightsca.org\/vi\/serr-manual\/chuong-11-thong-tin-ve-danh-gia-toan-tieu-bang-yeu-cau-tot-nghiep\/11-14-neu-con-toi-khong-nhan-duoc-bang-tot-nghiep-chinh-quy-nhung-se-nhan-duoc-giay-chung-nhan-thanh-tich-hoac-hoan-thanh-tre-van-hoi-du-dieu-kien-nhan-giao-duc-dac-biet-phai-khong\/","title":{"rendered":"(11.14) N\u1ebfu con t\u00f4i kh\u00f4ng nh\u1eadn \u0111\u01b0\u1ee3c b\u1eb1ng t\u1ed1t nghi\u1ec7p ch\u00ednh quy nh\u01b0ng s\u1ebd nh\u1eadn \u0111\u01b0\u1ee3c gi\u1ea5y ch\u1ee9ng nh\u1eadn th\u00e0nh t\u00edch ho\u1eb7c ho\u00e0n th\u00e0nh, tr\u1ebb v\u1eabn h\u1ed9i \u0111\u1ee7 \u0111i\u1ec1u ki\u1ec7n nh\u1eadn gi\u00e1o d\u1ee5c \u0111\u1eb7c bi\u1ec7t ph\u1ea3i kh\u00f4ng?"},"content":{"rendered":"\n<p>Con qu\u00fd v\u1ecb v\u1eabn h\u1ed9i \u0111\u1ee7 \u0111i\u1ec1u ki\u1ec7n nh\u1eadn d\u1ecbch v\u1ee5 gi\u00e1o d\u1ee5c \u0111\u1eb7c bi\u1ec7t cho \u0111\u1ebfn n\u0103m h\u1ecdc tr\u1ebb \u0111\u01b0\u1ee3c 22 tu\u1ed5i, tr\u1eeb khi tr\u1ebb \u0111\u00e1p \u1ee9ng c\u00e1c y\u00eau c\u1ea7u t\u1ed1t nghi\u1ec7p tr\u01b0\u1edbc th\u1eddi gian \u0111\u00f3. [34 C.F.R. Sec. 300.102(a)(3)(ii); Cal. Ed. Code Secs. 56026(c)(4) &amp; 56026.1(b)&amp;(c).] N\u1ebfu con qu\u00fd v\u1ecb kh\u00f4ng t\u1ed1t nghi\u1ec7p, tr\u1ebb c\u00f3 th\u1ec3 nh\u1eadn \u0111\u01b0\u1ee3c \u201cgi\u1ea5y ch\u1ee9ng nh\u1eadn th\u00e0nh t\u00edch\u201d (c\u00f2n g\u1ecdi l\u00e0 \u201cgi\u1ea5y ch\u1ee9ng nh\u1eadn ho\u00e0n th\u00e0nh\u201d) v\u00e0o cu\u1ed1i n\u0103m cu\u1ed1i c\u1ea5p \u0111i\u1ec3n h\u00ecnh ho\u1eb7c b\u1ea5t c\u1ee9 l\u00fac n\u00e0o tr\u01b0\u1edbc khi tr\u1ebb r\u1eddi kh\u1ecfi tr\u01b0\u1eddng h\u1ecdc \u1edf tu\u1ed5i 22. Gi\u1ea5y ch\u1ee9ng nh\u1eadn cung c\u1ea5p s\u1ef1 c\u00f4ng nh\u1eadn th\u00e0nh t\u00edch cho nh\u1eefng h\u1ecdc sinh \u0111\u00e1p \u1ee9ng m\u1ee5c ti\u00eau c\u1ee7a IEP ho\u1eb7c ho\u00e0n th\u00e0nh kh\u00f3a h\u1ecdc thay th\u1ebf theo quy \u0111\u1ecbnh, nh\u01b0ng nh\u1eefng h\u1ecdc sinh \u0111\u00f3 s\u1ebd kh\u00f4ng nh\u1eadn \u0111\u01b0\u1ee3c b\u1eb1ng t\u1ed1t nghi\u1ec7p ch\u00ednh quy. Gi\u1ea5y ch\u1ee9ng nh\u1eadn c\u0169ng \u0111\u01b0\u1ee3c t\u1ea1o ra \u0111\u1ec3 v\u01b0\u1ee3t qua s\u1ef1 ph\u1ea3n \u0111\u1ed1i c\u1ee7a c\u00e1c quan ch\u1ee9c h\u1ecdc khu, nh\u1eefng ng\u01b0\u1eddi tin r\u1eb1ng h\u1ecdc sinh gi\u00e1o d\u1ee5c \u0111\u1eb7c bi\u1ec7t kh\u00f4ng n\u00ean tham gia c\u00e1c bu\u1ed5i l\u1ec5 t\u1ed1t nghi\u1ec7p v\u1edbi c\u00e1c b\u1ea1n \u0111\u1ed3ng trang l\u1ee9a khi tr\u1ebb kh\u00f4ng \u0111\u01b0\u1ee3c c\u1ea5p b\u1eb1ng t\u1ed1t nghi\u1ec7p ch\u00ednh quy. Do gi\u1ea5y ch\u1ee9ng nh\u1eadn kh\u00f4ng k\u1ebft th\u00fac kh\u1ea3 n\u0103ng h\u1ed9i \u0111\u1ee7 \u0111i\u1ec1u ki\u1ec7n, h\u1ecdc sinh nh\u1eadn \u0111\u01b0\u1ee3c gi\u1ea5y ch\u1ee9ng nh\u1eadn c\u00f3 th\u1ec3 ti\u1ebfp t\u1ee5c ph\u1ea5n \u0111\u1ea5u \u0111\u1ec3 nh\u1eadn b\u1eb1ng t\u1ed1t nghi\u1ec7p ch\u00ednh quy. [Cal. Ed. Code Secs. 56390 &amp; 56392.]<\/p>\n\n\n\n<p>Ngo\u00e0i ra, h\u1ecdc khu ph\u1ea3i ti\u1ebfp t\u1ee5c cung c\u1ea5p cho con qu\u00fd v\u1ecb c\u00e1c d\u1ecbch v\u1ee5 chuy\u1ec3n ti\u1ebfp c\u1ea7n thi\u1ebft. [Cal. Ed. Code Sec. 56345(a)(8).] Nh\u00f3m IEP c\u1ee7a con qu\u00fd v\u1ecb n\u00ean th\u1ea3o lu\u1eadn v\u1ec1 c\u00e1ch gi\u1ea3i quy\u1ebft c\u00e1c m\u1ee5c ti\u00eau chuy\u1ec3n ti\u1ebfp c\u1ee7a con qu\u00fd v\u1ecb tr\u01b0\u1edbc khi t\u1ea5t c\u1ea3 c\u00e1c d\u1ecbch v\u1ee5 t\u1eeb h\u1ecdc khu k\u1ebft th\u00fac. K\u1ebft qu\u1ea3\/m\u1ee5c ti\u00eau v\u00e0 d\u1ecbch v\u1ee5 chuy\u1ec3n ti\u1ebfp n\u00ean \u0111\u01b0\u1ee3c \u0111\u01b0a v\u00e0o trong IEP c\u1ee7a con qu\u00fd v\u1ecb.<\/p>\n","protected":false},"excerpt":{"rendered":"<p>Con qu\u00fd v\u1ecb v\u1eabn h\u1ed9i \u0111\u1ee7 \u0111i\u1ec1u ki\u1ec7n nh\u1eadn d\u1ecbch v\u1ee5 gi\u00e1o d\u1ee5c \u0111\u1eb7c bi\u1ec7t cho \u0111\u1ebfn n\u0103m h\u1ecdc tr\u1ebb \u0111\u01b0\u1ee3c 22 tu\u1ed5i, tr\u1eeb khi&hellip;<\/p>\n","protected":false},"author":1,"featured_media":0,"parent":352,"menu_order":14,"comment_status":"closed","ping_status":"closed","template":"","meta":{"footnotes":""},"class_list":["post-2789","page","type-page","status-publish","hentry"],"_links":{"self":[{"href":"https:\/\/serr.disabilityrightsca.org\/vi\/wp-json\/wp\/v2\/pages\/2789","targetHints":{"allow":["GET"]}}],"collection":[{"href":"https:\/\/serr.disabilityrightsca.org\/vi\/wp-json\/wp\/v2\/pages"}],"about":[{"href":"https:\/\/serr.disabilityrightsca.org\/vi\/wp-json\/wp\/v2\/types\/page"}],"author":[{"embeddable":true,"href":"https:\/\/serr.disabilityrightsca.org\/vi\/wp-json\/wp\/v2\/users\/1"}],"replies":[{"embeddable":true,"href":"https:\/\/serr.disabilityrightsca.org\/vi\/wp-json\/wp\/v2\/comments?post=2789"}],"version-history":[{"count":2,"href":"https:\/\/serr.disabilityrightsca.org\/vi\/wp-json\/wp\/v2\/pages\/2789\/revisions"}],"predecessor-version":[{"id":4190,"href":"https:\/\/serr.disabilityrightsca.org\/vi\/wp-json\/wp\/v2\/pages\/2789\/revisions\/4190"}],"up":[{"embeddable":true,"href":"https:\/\/serr.disabilityrightsca.org\/vi\/wp-json\/wp\/v2\/pages\/352"}],"wp:attachment":[{"href":"https:\/\/serr.disabilityrightsca.org\/vi\/wp-json\/wp\/v2\/media?parent=2789"}],"curies":[{"name":"wp","href":"https:\/\/api.w.org\/{rel}","templated":true}]}}