{"id":2791,"date":"2019-12-30T14:19:19","date_gmt":"2019-12-30T22:19:19","guid":{"rendered":"https:\/\/serr.disabilityrightsca.org\/?page_id=2791"},"modified":"2021-02-08T10:49:31","modified_gmt":"2021-02-08T18:49:31","slug":"11-15-neu-con-toi-nhan-duoc-giay-chung-nhan-thanh-tich-hoac-hoan-thanh-tre-co-the-tham-gia-le-tot-nghiep-va-cac-hoat-dong-lien-quan-khong","status":"publish","type":"page","link":"https:\/\/serr.disabilityrightsca.org\/vi\/serr-manual\/chuong-11-thong-tin-ve-danh-gia-toan-tieu-bang-yeu-cau-tot-nghiep\/11-15-neu-con-toi-nhan-duoc-giay-chung-nhan-thanh-tich-hoac-hoan-thanh-tre-co-the-tham-gia-le-tot-nghiep-va-cac-hoat-dong-lien-quan-khong\/","title":{"rendered":"(11.15) N\u1ebfu con t\u00f4i nh\u1eadn \u0111\u01b0\u1ee3c gi\u1ea5y ch\u1ee9ng nh\u1eadn th\u00e0nh t\u00edch ho\u1eb7c ho\u00e0n th\u00e0nh, tr\u1ebb c\u00f3 th\u1ec3 tham gia l\u1ec5 t\u1ed1t nghi\u1ec7p v\u00e0 c\u00e1c ho\u1ea1t \u0111\u1ed9ng li\u00ean quan kh\u00f4ng?"},"content":{"rendered":"\n<p>Theo lu\u1eadt ti\u1ec3u bang, h\u1ecdc sinh nh\u1eadn \u0111\u01b0\u1ee3c gi\u1ea5y ch\u1ee9ng nh\u1eadn th\u00e0nh t\u00edch ho\u1eb7c ho\u00e0n th\u00e0nh c\u00f3 quy\u1ec1n tham gia v\u00e0o c\u00e1c bu\u1ed5i l\u1ec5 t\u1ed1t nghi\u1ec7p v\u00e0 b\u1ea5t k\u1ef3 ho\u1ea1t \u0111\u1ed9ng n\u00e0o c\u1ee7a tr\u01b0\u1eddng li\u00ean quan \u0111\u1ebfn t\u1ed1t nghi\u1ec7p. [Cal. Ed. Code Sec. 56391.] H\u1ecdc khu c\u00f3 th\u1ec3, nh\u01b0ng kh\u00f4ng b\u1eaft bu\u1ed9c, trao gi\u1ea5y ch\u1ee9ng nh\u1eadn th\u00e0nh t\u00edch ho\u1eb7c ho\u00e0n th\u00e0nh. [Cal. Ed. Code Sec. 56390.] Tuy nhi\u00ean, n\u1ebfu vi\u1ec7c tham gia c\u00e1c ho\u1ea1t \u0111\u1ed9ng li\u00ean quan \u0111\u1ebfn t\u1ed1t nghi\u1ec7p \u0111\u01b0\u1ee3c quy \u0111\u1ecbnh trong IEP c\u1ee7a con qu\u00fd v\u1ecb (nh\u01b0 l\u00e0 m\u1ed9t ph\u1ea7n c\u1ee7a vi\u1ec7c tham gia c\u00e1c ho\u1ea1t \u0111\u1ed9ng h\u00f2a nh\u1eadp \u1edf tr\u01b0\u1eddng), h\u1ecdc khu ph\u1ea3i th\u1ef1c hi\u1ec7n IEP v\u00e0 cho ph\u00e9p tr\u1ebb tham gia c\u00e1c ho\u1ea1t \u0111\u1ed9ng t\u1ed1t nghi\u1ec7p cho d\u00f9 tr\u1ebb c\u00f3 nh\u1eadn \u0111\u01b0\u1ee3c gi\u1ea5y ch\u1ee9ng nh\u1eadn ho\u00e0n th\u00e0nh\/th\u00e0nh t\u00edch hay kh\u00f4ng. Qu\u00fd v\u1ecb n\u00ean gi\u1ea3i quy\u1ebft s\u1ef1 tham gia n\u00e0y trong IEP, b\u1eaft \u0111\u1ea7u b\u1eb1ng cu\u1ed9c th\u1ea3o lu\u1eadn v\u1ec1 qu\u00e1 tr\u00ecnh chuy\u1ec3n ti\u1ebfp, \u1edf tu\u1ed5i 16 tr\u1edf xu\u1ed1ng. Vi\u1ec7c n\u00e0y s\u1ebd \u0111\u1ea3m b\u1ea3o \u0111\u1ee7 th\u1eddi gian \u0111\u1ec3 th\u1ef1c hi\u1ec7n b\u1ea5t k\u1ef3 h\u00e0nh \u0111\u1ed9ng c\u1ea7n thi\u1ebft n\u00e0o nh\u1eb1m gi\u1ea3i quy\u1ebft c\u00e1c b\u1ea5t \u0111\u1ed3ng tr\u01b0\u1edbc l\u1ec5 t\u1ed1t nghi\u1ec7p.<\/p>\n","protected":false},"excerpt":{"rendered":"<p>Theo lu\u1eadt ti\u1ec3u bang, h\u1ecdc sinh nh\u1eadn \u0111\u01b0\u1ee3c gi\u1ea5y ch\u1ee9ng nh\u1eadn th\u00e0nh t\u00edch ho\u1eb7c ho\u00e0n th\u00e0nh c\u00f3 quy\u1ec1n tham gia v\u00e0o c\u00e1c bu\u1ed5i l\u1ec5 t\u1ed1t&hellip;<\/p>\n","protected":false},"author":1,"featured_media":0,"parent":352,"menu_order":15,"comment_status":"closed","ping_status":"closed","template":"","meta":{"footnotes":""},"class_list":["post-2791","page","type-page","status-publish","hentry"],"_links":{"self":[{"href":"https:\/\/serr.disabilityrightsca.org\/vi\/wp-json\/wp\/v2\/pages\/2791","targetHints":{"allow":["GET"]}}],"collection":[{"href":"https:\/\/serr.disabilityrightsca.org\/vi\/wp-json\/wp\/v2\/pages"}],"about":[{"href":"https:\/\/serr.disabilityrightsca.org\/vi\/wp-json\/wp\/v2\/types\/page"}],"author":[{"embeddable":true,"href":"https:\/\/serr.disabilityrightsca.org\/vi\/wp-json\/wp\/v2\/users\/1"}],"replies":[{"embeddable":true,"href":"https:\/\/serr.disabilityrightsca.org\/vi\/wp-json\/wp\/v2\/comments?post=2791"}],"version-history":[{"count":3,"href":"https:\/\/serr.disabilityrightsca.org\/vi\/wp-json\/wp\/v2\/pages\/2791\/revisions"}],"predecessor-version":[{"id":4191,"href":"https:\/\/serr.disabilityrightsca.org\/vi\/wp-json\/wp\/v2\/pages\/2791\/revisions\/4191"}],"up":[{"embeddable":true,"href":"https:\/\/serr.disabilityrightsca.org\/vi\/wp-json\/wp\/v2\/pages\/352"}],"wp:attachment":[{"href":"https:\/\/serr.disabilityrightsca.org\/vi\/wp-json\/wp\/v2\/media?parent=2791"}],"curies":[{"name":"wp","href":"https:\/\/api.w.org\/{rel}","templated":true}]}}