{"id":2935,"date":"2019-12-31T09:34:30","date_gmt":"2019-12-31T17:34:30","guid":{"rendered":"https:\/\/serr.disabilityrightsca.org\/?page_id=2935"},"modified":"2021-02-08T12:01:07","modified_gmt":"2021-02-08T20:01:07","slug":"14-4-lam-the-nao-toi-co-the-dam-bao-rang-con-toi-dang-nam-vien-o-hoc-khu-khac-se-nhan-duoc-cac-dich-vu-giao-duc-can-thiet-trong-khi-nam-vien","status":"publish","type":"page","link":"https:\/\/serr.disabilityrightsca.org\/vi\/serr-manual\/chuong-14-thong-tin-ve-quyen-cua-hoc-sinh-co-tinh-trang-suc-khoe-nghiem-trong\/14-4-lam-the-nao-toi-co-the-dam-bao-rang-con-toi-dang-nam-vien-o-hoc-khu-khac-se-nhan-duoc-cac-dich-vu-giao-duc-can-thiet-trong-khi-nam-vien\/","title":{"rendered":"(14.4) L\u00e0m th\u1ebf n\u00e0o t\u00f4i c\u00f3 th\u1ec3 \u0111\u1ea3m b\u1ea3o r\u1eb1ng con t\u00f4i, \u0111ang n\u1eb1m vi\u1ec7n \u1edf h\u1ecdc khu kh\u00e1c, s\u1ebd nh\u1eadn \u0111\u01b0\u1ee3c c\u00e1c d\u1ecbch v\u1ee5 gi\u00e1o d\u1ee5c c\u1ea7n thi\u1ebft trong khi n\u1eb1m vi\u1ec7n?"},"content":{"rendered":"\n<p>Qu\u00fd v\u1ecb ph\u1ea3i th\u00f4ng b\u00e1o cho h\u1ecdc khu n\u01a1i \u0111\u1eb7t b\u1ec7nh vi\u1ec7n v\u1ec1 s\u1ef1 hi\u1ec7n di\u1ec7n c\u1ee7a con qu\u00fd v\u1ecb \u1edf b\u1ec7nh vi\u1ec7n \u0111\u00f3 v\u00e0 v\u1ec1 nhu c\u1ea7u c\u1ee7a tr\u1ebb \u0111\u1ed1i v\u1edbi c\u00e1c d\u1ecbch v\u1ee5 gi\u00e1o d\u1ee5c.&nbsp; Khi h\u1ecdc khu nh\u1eadn \u0111\u01b0\u1ee3c th\u00f4ng b\u00e1o \u0111\u00f3, trong v\u00f2ng n\u0103m ng\u00e0y l\u00e0m vi\u1ec7c, h\u1ecdc khu ph\u1ea3i x\u00e1c \u0111\u1ecbnh xem con qu\u00fd v\u1ecb c\u00f3 th\u1ec3 nh\u1eadn \u0111\u01b0\u1ee3c h\u01b0\u1edbng d\u1eabn c\u00e1 nh\u00e2n kh\u00f4ng.&nbsp; N\u1ebfu tr\u1ebb <em>c\u00f3 th\u1ec3<\/em> nh\u1eadn \u0111\u01b0\u1ee3c h\u01b0\u1edbng d\u1eabn c\u00e1 nh\u00e2n trong b\u1ec7nh vi\u1ec7n, h\u01b0\u1edbng d\u1eabn ph\u1ea3i b\u1eaft \u0111\u1ea7u trong v\u00f2ng n\u0103m ng\u00e0y l\u00e0m vi\u1ec7c k\u1ec3 t\u1eeb khi \u0111\u01b0a ra quy\u1ebft \u0111\u1ecbnh.&nbsp; H\u1ecdc khu n\u01a1i \u0111\u1eb7t b\u1ec7nh vi\u1ec7n c\u00f3 t\u00f9y ch\u1ecdn cung c\u1ea5p h\u01b0\u1edbng d\u1eabn ho\u1eb7c k\u00fd h\u1ee3p \u0111\u1ed3ng v\u1edbi h\u1ecdc khu tr\u01b0\u1edbc \u0111\u00e2y c\u1ee7a con qu\u00fd v\u1ecb.&nbsp; [Cal. Ed. Code Sec. 48208(b).]&nbsp; N\u1ebfu con qu\u00fd v\u1ecb c\u00f3 th\u1eddi gian n\u1eb1m vi\u1ec7n ng\u1eafn v\u00e0 ph\u1ea3i \u0111i l\u1ea1i gi\u1eefa nh\u00e0 v\u00e0 b\u1ec7nh vi\u1ec7n \u1edf h\u1ecdc khu kh\u00e1c, qu\u00fd v\u1ecb n\u00ean li\u00ean h\u1ec7 v\u1edbi (c\u00e1c) h\u1ecdc khu c\u00f3 tr\u00e1ch nhi\u1ec7m \u0111\u1ec3 l\u00e0m r\u00f5 quy tr\u00ecnh s\u1eafp x\u1ebfp h\u01b0\u1edbng d\u1eabn.<\/p>\n","protected":false},"excerpt":{"rendered":"<p>Qu\u00fd v\u1ecb ph\u1ea3i th\u00f4ng b\u00e1o cho h\u1ecdc khu n\u01a1i \u0111\u1eb7t b\u1ec7nh vi\u1ec7n v\u1ec1 s\u1ef1 hi\u1ec7n di\u1ec7n c\u1ee7a con qu\u00fd v\u1ecb \u1edf b\u1ec7nh vi\u1ec7n \u0111\u00f3 v\u00e0&hellip;<\/p>\n","protected":false},"author":1,"featured_media":0,"parent":360,"menu_order":4,"comment_status":"closed","ping_status":"closed","template":"","meta":{"footnotes":""},"class_list":["post-2935","page","type-page","status-publish","hentry"],"_links":{"self":[{"href":"https:\/\/serr.disabilityrightsca.org\/vi\/wp-json\/wp\/v2\/pages\/2935","targetHints":{"allow":["GET"]}}],"collection":[{"href":"https:\/\/serr.disabilityrightsca.org\/vi\/wp-json\/wp\/v2\/pages"}],"about":[{"href":"https:\/\/serr.disabilityrightsca.org\/vi\/wp-json\/wp\/v2\/types\/page"}],"author":[{"embeddable":true,"href":"https:\/\/serr.disabilityrightsca.org\/vi\/wp-json\/wp\/v2\/users\/1"}],"replies":[{"embeddable":true,"href":"https:\/\/serr.disabilityrightsca.org\/vi\/wp-json\/wp\/v2\/comments?post=2935"}],"version-history":[{"count":3,"href":"https:\/\/serr.disabilityrightsca.org\/vi\/wp-json\/wp\/v2\/pages\/2935\/revisions"}],"predecessor-version":[{"id":4252,"href":"https:\/\/serr.disabilityrightsca.org\/vi\/wp-json\/wp\/v2\/pages\/2935\/revisions\/4252"}],"up":[{"embeddable":true,"href":"https:\/\/serr.disabilityrightsca.org\/vi\/wp-json\/wp\/v2\/pages\/360"}],"wp:attachment":[{"href":"https:\/\/serr.disabilityrightsca.org\/vi\/wp-json\/wp\/v2\/media?parent=2935"}],"curies":[{"name":"wp","href":"https:\/\/api.w.org\/{rel}","templated":true}]}}