{"id":2939,"date":"2019-12-31T10:12:33","date_gmt":"2019-12-31T18:12:33","guid":{"rendered":"https:\/\/serr.disabilityrightsca.org\/?page_id=2939"},"modified":"2021-02-08T12:02:48","modified_gmt":"2021-02-08T20:02:48","slug":"14-6-neu-con-toi-hoi-du-dieu-kien-nhan-muc-504-hoac-giao-duc-dac-biet-ai-se-xac-dinh-luong-huong-dan-va-dich-vu-duoc-cung-cap-tai-nha-hoac-trong-benh-vien","status":"publish","type":"page","link":"https:\/\/serr.disabilityrightsca.org\/vi\/serr-manual\/chuong-14-thong-tin-ve-quyen-cua-hoc-sinh-co-tinh-trang-suc-khoe-nghiem-trong\/14-6-neu-con-toi-hoi-du-dieu-kien-nhan-muc-504-hoac-giao-duc-dac-biet-ai-se-xac-dinh-luong-huong-dan-va-dich-vu-duoc-cung-cap-tai-nha-hoac-trong-benh-vien\/","title":{"rendered":"(14.6) N\u1ebfu con t\u00f4i h\u1ed9i \u0111\u1ee7 \u0111i\u1ec1u ki\u1ec7n nh\u1eadn M\u1ee5c 504 ho\u1eb7c gi\u00e1o d\u1ee5c \u0111\u1eb7c bi\u1ec7t, ai s\u1ebd x\u00e1c \u0111\u1ecbnh l\u01b0\u1ee3ng h\u01b0\u1edbng d\u1eabn v\u00e0 d\u1ecbch v\u1ee5 \u0111\u01b0\u1ee3c cung c\u1ea5p t\u1ea1i nh\u00e0 ho\u1eb7c trong b\u1ec7nh vi\u1ec7n?"},"content":{"rendered":"\n<p>Nh\u00f3m IEP ho\u1eb7c 504 c\u00f3 quy\u1ec1n \u0111\u1ec1 xu\u1ea5t c\u00e1c d\u1ecbch v\u1ee5 v\u01b0\u1ee3t qu\u00e1 gi\u1edbi h\u1ea1n n\u0103m gi\u1edd m\u1ed7i tu\u1ea7n cho h\u1ecdc sinh gi\u00e1o d\u1ee5c th\u00f4ng th\u01b0\u1eddng.&nbsp; N\u1ebfu con qu\u00fd v\u1ecb h\u1ed9i \u0111\u1ee7 \u0111i\u1ec1u ki\u1ec7n nh\u1eadn gi\u00e1o d\u1ee5c \u0111\u1eb7c bi\u1ec7t ho\u1eb7c M\u1ee5c 504, nh\u00f3m IEP ho\u1eb7c 504, bao g\u1ed3m ph\u1ee5 huynh, s\u1ebd quy\u1ebft \u0111\u1ecbnh s\u1ed1 gi\u1edd h\u01b0\u1edbng d\u1eabn v\u00e0 c\u00e1c d\u1ecbch v\u1ee5 gi\u00e1o d\u1ee5c kh\u00e1c c\u1ea7n thi\u1ebft \u0111\u1ec3 \u0111\u00e1p \u1ee9ng nhu c\u1ea7u c\u00e1 nh\u00e2n c\u1ee7a con qu\u00fd v\u1ecb. Kh\u00f4ng th\u1ec3 t\u1ef1 \u0111\u1ed9ng gi\u1ea3 \u0111\u1ecbnh r\u1eb1ng n\u0103m gi\u1edd h\u01b0\u1edbng d\u1eabn s\u1ebd \u0111\u00e1p \u1ee9ng nhu c\u1ea7u ri\u00eang c\u1ee7a tr\u1ebb ho\u1eb7c \u0111\u1ee7 \u0111\u1ec3 bao g\u1ed3m t\u1ea5t c\u1ea3 c\u00e1c d\u1ecbch v\u1ee5 h\u01b0\u1edbng d\u1eabn v\u00e0 d\u1ecbch v\u1ee5 li\u00ean quan c\u1ea7n thi\u1ebft \u0111\u1ec3 c\u00f3 \u0111\u01b0\u1ee3c ch\u01b0\u01a1ng tr\u00ecnh gi\u00e1o d\u1ee5c ph\u00f9 h\u1ee3p. C\u00e1c \u0111\u1ec1 xu\u1ea5t d\u1ecbch v\u1ee5 cho h\u1ecdc sinh h\u1ed9i \u0111\u1ee7 \u0111i\u1ec1u ki\u1ec7n nh\u1eadn gi\u00e1o d\u1ee5c \u0111\u1eb7c bi\u1ec7t ho\u1eb7c 504 ph\u1ea3i d\u1ef1a tr\u00ean nhu c\u1ea7u gi\u00e1o d\u1ee5c ri\u00eang c\u1ee7a tr\u1ebb.<\/p>\n\n\n\n<p>N\u1ebfu con qu\u00fd v\u1ecb h\u1ed9i \u0111\u1ee7 \u0111i\u1ec1u ki\u1ec7n nh\u1eadn gi\u00e1o d\u1ee5c \u0111\u1eb7c bi\u1ec7t ho\u1eb7c M\u1ee5c 504, h\u1ecdc khu c\u1ee7a qu\u00fd v\u1ecb ph\u1ea3i cung c\u1ea5p d\u1ecbch v\u1ee5 gi\u00e1o d\u1ee5c d\u1ef1a tr\u00ean c\u00e1c quy\u1ec1n c\u1ee7a h\u1ecdc sinh v\u00e0 ph\u1ee5 huynh sau \u0111\u00e2y:&nbsp;<\/p>\n\n\n\n<ul class=\"wp-block-list\"><li>Quy\u1ec1n nh\u1eadn gi\u00e1o d\u1ee5c c\u00f4ng mi\u1ec5n ph\u00ed v\u00e0 ph\u00f9 h\u1ee3p (FAPE) c\u1ee7a h\u1ecdc sinh;<\/li><li>Quy\u1ec1n \u0111\u01b0\u1ee3c th\u1ea9m \u0111\u1ecbnh ph\u00f9 h\u1ee3p tr\u01b0\u1edbc khi x\u00e1c \u0111\u1ecbnh d\u1ecbch v\u1ee5 c\u1ee7a h\u1ecdc sinh;<\/li><li>Quy\u1ec1n nh\u1eadn gi\u00e1o d\u1ee5c trong m\u00f4i tr\u01b0\u1eddng \u00edt b\u1ecb h\u1ea1n ch\u1ebf nh\u1ea5t (least restrictive environment, LRE) c\u1ee7a h\u1ecdc sinh;<\/li><li>Quy\u1ec1n c\u1ee7a ph\u1ee5 huynh \u0111\u01b0\u1ee3c tham gia v\u00e0o vi\u1ec7c ph\u00e1t tri\u1ec3n ch\u01b0\u01a1ng tr\u00ecnh gi\u00e1o d\u1ee5c c\u00e1 nh\u00e2n (individual education program, IEP) cho con m\u00ecnh;<\/li><li>Quy\u1ec1n c\u1ee7a h\u1ecdc sinh v\u00e0 ph\u1ee5 huynh \u0111\u1ed1i v\u1edbi th\u1ee7 t\u1ee5c khi\u1ebfu n\u1ea1i ph\u00e1p l\u00fd v\u00e0\/ho\u1eb7c tu\u00e2n th\u1ee7 \u0111\u1ec3 gi\u1ea3i quy\u1ebft c\u00e1c b\u1ea5t \u0111\u1ed3ng v\u1ec1 vi\u1ec7c s\u1eafp x\u1ebfp, d\u1ecbch v\u1ee5 ho\u1eb7c \u0111i\u1ec1u ch\u1ec9nh gi\u00e1o d\u1ee5c ho\u1eb7c c\u00e1o bu\u1ed9c kh\u00f4ng tu\u00e2n th\u1ee7 lu\u1eadt gi\u00e1o d\u1ee5c \u0111\u1eb7c bi\u1ec7t; v\u00e0<\/li><li>Quy\u1ec1n c\u1ee7a ph\u1ee5 huynh \u0111\u1ec3 gi\u00fap x\u00e1c \u0111\u1ecbnh v\u00e0 ghi l\u1ea1i c\u00e1c m\u1ee5c ti\u00eau, vi\u1ec7c s\u1eafp x\u1ebfp, d\u1ecbch v\u1ee5 v\u00e0 \u0111i\u1ec1u ch\u1ec9nh gi\u00e1o d\u1ee5c c\u1ee7a con m\u00ecnh d\u1ef1a tr\u00ean nhu c\u1ea7u c\u00e1 nh\u00e2n c\u1ee7a tr\u1ebb.&nbsp;<\/li><\/ul>\n\n\n\n<p>Xem Ch\u01b0\u01a1ng 1, <em>Th\u00f4ng Tin v\u1ec1 Quy\u1ec1n v\u00e0 Tr\u00e1ch Nhi\u1ec7m C\u01a1 B\u1ea3n.<\/em><\/p>\n","protected":false},"excerpt":{"rendered":"<p>Nh\u00f3m IEP ho\u1eb7c 504 c\u00f3 quy\u1ec1n \u0111\u1ec1 xu\u1ea5t c\u00e1c d\u1ecbch v\u1ee5 v\u01b0\u1ee3t qu\u00e1 gi\u1edbi h\u1ea1n n\u0103m gi\u1edd m\u1ed7i tu\u1ea7n cho h\u1ecdc sinh gi\u00e1o d\u1ee5c th\u00f4ng&hellip;<\/p>\n","protected":false},"author":1,"featured_media":0,"parent":360,"menu_order":6,"comment_status":"closed","ping_status":"closed","template":"","meta":{"footnotes":""},"class_list":["post-2939","page","type-page","status-publish","hentry"],"_links":{"self":[{"href":"https:\/\/serr.disabilityrightsca.org\/vi\/wp-json\/wp\/v2\/pages\/2939","targetHints":{"allow":["GET"]}}],"collection":[{"href":"https:\/\/serr.disabilityrightsca.org\/vi\/wp-json\/wp\/v2\/pages"}],"about":[{"href":"https:\/\/serr.disabilityrightsca.org\/vi\/wp-json\/wp\/v2\/types\/page"}],"author":[{"embeddable":true,"href":"https:\/\/serr.disabilityrightsca.org\/vi\/wp-json\/wp\/v2\/users\/1"}],"replies":[{"embeddable":true,"href":"https:\/\/serr.disabilityrightsca.org\/vi\/wp-json\/wp\/v2\/comments?post=2939"}],"version-history":[{"count":4,"href":"https:\/\/serr.disabilityrightsca.org\/vi\/wp-json\/wp\/v2\/pages\/2939\/revisions"}],"predecessor-version":[{"id":4254,"href":"https:\/\/serr.disabilityrightsca.org\/vi\/wp-json\/wp\/v2\/pages\/2939\/revisions\/4254"}],"up":[{"embeddable":true,"href":"https:\/\/serr.disabilityrightsca.org\/vi\/wp-json\/wp\/v2\/pages\/360"}],"wp:attachment":[{"href":"https:\/\/serr.disabilityrightsca.org\/vi\/wp-json\/wp\/v2\/media?parent=2939"}],"curies":[{"name":"wp","href":"https:\/\/api.w.org\/{rel}","templated":true}]}}