{"id":2941,"date":"2019-12-31T10:13:18","date_gmt":"2019-12-31T18:13:18","guid":{"rendered":"https:\/\/serr.disabilityrightsca.org\/?page_id=2941"},"modified":"2021-02-08T12:03:47","modified_gmt":"2021-02-08T20:03:47","slug":"14-7-ai-se-hoi-du-dieu-kien-nhan-giao-duc-dac-biet-theo-danh-muc-khiem-khuyet-suc-khoe-khac-other-health-impairment-ohi","status":"publish","type":"page","link":"https:\/\/serr.disabilityrightsca.org\/vi\/serr-manual\/chuong-14-thong-tin-ve-quyen-cua-hoc-sinh-co-tinh-trang-suc-khoe-nghiem-trong\/14-7-ai-se-hoi-du-dieu-kien-nhan-giao-duc-dac-biet-theo-danh-muc-khiem-khuyet-suc-khoe-khac-other-health-impairment-ohi\/","title":{"rendered":"(14.7) Ai s\u1ebd h\u1ed9i \u0111\u1ee7 \u0111i\u1ec1u ki\u1ec7n nh\u1eadn gi\u00e1o d\u1ee5c \u0111\u1eb7c bi\u1ec7t theo danh m\u1ee5c \u201ckhi\u1ebfm khuy\u1ebft s\u1ee9c kh\u1ecfe kh\u00e1c (other health impairment, OHI)\u201d?"},"content":{"rendered":"\n<p>Theo lu\u1eadt li\u00ean bang v\u00e0 ti\u1ec3u bang, h\u1ecdc sinh h\u1ed9i \u0111\u1ee7 \u0111i\u1ec1u ki\u1ec7n nh\u1eadn gi\u00e1o d\u1ee5c \u0111\u1eb7c bi\u1ec7t theo OHI n\u1ebfu tr\u1ebb b\u1ecb h\u1ea1n ch\u1ebf v\u1ec1 s\u1ee9c kh\u1ecfe, s\u1ee9c s\u1ed1ng hay s\u1ef1 t\u1ec9nh t\u00e1o (bao g\u1ed3m s\u1ef1 c\u1ea3nh gi\u00e1c cao \u0111\u1ed9 \u0111\u1ed1i v\u1edbi c\u00e1c k\u00edch th\u00edch m\u00f4i tr\u01b0\u1eddng d\u1eabn \u0111\u1ebfn s\u1ef1 c\u1ea3nh gi\u00e1c h\u1ea1n ch\u1ebf trong m\u00f4i tr\u01b0\u1eddng gi\u00e1o d\u1ee5c), do c\u00e1c v\u1ea5n \u0111\u1ec1 s\u1ee9c kh\u1ecfe m\u00e3n t\u00ednh ho\u1eb7c c\u1ea5p t\u00ednh, bao g\u1ed3m, nh\u01b0ng kh\u00f4ng gi\u1edbi h\u1ea1n \u1edf b\u1ec7nh tim, ung th\u01b0, b\u1ec7nh b\u1ea1ch c\u1ea7u, s\u1ed1t th\u1ea5p kh\u1edbp, b\u1ec7nh th\u1eadn m\u00e3n t\u00ednh, x\u01a1 nang, hen suy\u1ec5n, \u0111\u1ed9ng kinh, ng\u1ed9 \u0111\u1ed9c ch\u00ec, ti\u1ec3u \u0111\u01b0\u1eddng, b\u1ec7nh lao, h\u1ed9i ch\u1ee9ng Tourette v\u00e0 c\u00e1c b\u1ec7nh truy\u1ec1n nhi\u1ec5m kh\u00e1c, r\u1ed1i lo\u1ea1n huy\u1ebft h\u1ecdc, ch\u1eb3ng h\u1ea1n nh\u01b0 thi\u1ebfu m\u00e1u h\u1ed3ng c\u1ea7u h\u00ecnh li\u1ec1m v\u00e0 b\u1ec7nh m\u00e1u kh\u00f3 \u0111\u00f4ng, vi\u00eam th\u1eadn, r\u1ed1i lo\u1ea1n thi\u1ebfu t\u1eadp trung ho\u1eb7c r\u1ed1i lo\u1ea1n t\u0103ng \u0111\u1ed9ng gi\u1ea3m ch\u00fa \u00fd v\u00e0 <em>\u1ea3nh h\u01b0\u1edbng b\u1ea5t l\u1ee3i<\/em> \u0111\u1ebfn n\u0103ng l\u1ef1c h\u1ecdc t\u1eadp c\u1ee7a h\u1ecdc sinh.&nbsp; [34 C.F.R. Sec. 300.8(c)(9); 5 California Code of Regulations (C.C.R.) Sec. 3030(b)(9).]&nbsp;<\/p>\n\n\n\n<p>&#8220;\u1ea2nh h\u01b0\u1edfng b\u1ea5t l\u1ee3i&#8221; t\u1edbi k\u1ebft qu\u1ea3 h\u1ecdc t\u1eadp c\u00f3 th\u1ec3 \u0111\u01b0\u1ee3c \u0111o l\u01b0\u1eddng b\u1eb1ng \u0111i\u1ec3m s\u1ed1 c\u1ee7a h\u1ecdc sinh nh\u01b0ng c\u0169ng c\u00f3 th\u1ec3 bao g\u1ed3m vi\u1ec7c xem x\u00e9t c\u00e1c c\u00e1ch kh\u00e1c, trong \u0111\u00f3 t\u00ecnh tr\u1ea1ng c\u1ee7a h\u1ecdc sinh \u1ea3nh h\u01b0\u1edfng \u0111\u1ebfn c\u00e1c ho\u1ea1t \u0111\u1ed9ng trong tr\u01b0\u1eddng h\u1ecdc c\u1ee7a tr\u1ebb. H\u1ecdc khu th\u01b0\u1eddng c\u00f3 xu h\u01b0\u1edbng xem x\u00e9t \u201c\u1ea3nh h\u01b0\u1edfng b\u1ea5t l\u1ee3i\u201d trong ph\u1ea1m vi h\u1eb9p v\u00e0 ch\u1ec9 t\u1eadp trung v\u00e0o k\u1ebft qu\u1ea3 h\u1ecdc t\u1eadp.&nbsp; T\u00f2a \u00e1n c\u00f3 c\u00e1i nh\u00ecn r\u1ed9ng h\u01a1n v\u1ec1 n\u0103ng l\u1ef1c h\u1ecdc t\u1eadp v\u00e0 bao g\u1ed3m vi\u1ec7c xem x\u00e9t c\u00e1c nhu c\u1ea7u h\u1ecdc thu\u1eadt, x\u00e3 h\u1ed9i, s\u1ee9c kh\u1ecfe, t\u00ecnh c\u1ea3m, giao ti\u1ebfp, th\u1ec3 ch\u1ea5t v\u00e0 ngh\u1ec1 nghi\u1ec7p c\u1ee7a h\u1ecdc sinh.&nbsp; [<em>Seattle School Dist. No. 1 v. B.S.,<\/em> 82 F.3d 1493, 1500 (9th Cir. 1996).]&nbsp;<\/p>\n\n\n\n<p>Lu\u1eadt c\u1ee7a li\u00ean bang c\u0169ng ph\u00e2n bi\u1ec7t kh\u00e1i ni\u1ec7m n\u0103ng l\u1ef1c h\u1ecdc t\u1eadp v\u00e0 n\u0103ng l\u1ef1c h\u1ecdc thu\u1eadt \u0111\u1ed3ng th\u1eddi x\u00e1c \u0111\u1ecbnh r\u1eb1ng n\u0103ng l\u1ef1c h\u1ecdc t\u1eadp l\u00e0 m\u1ed9t kh\u00e1i ni\u1ec7m r\u1ed9ng.&nbsp; V\u00ed d\u1ee5: h\u1ecdc sinh ph\u1ea3i \u0111\u01b0\u1ee3c tr\u01b0\u1eddng h\u1ecdc th\u1ea9m \u0111\u1ecbnh \u1edf t\u1ea5t c\u1ea3 c\u00e1c l\u0129nh v\u1ef1c c\u1ee7a khuy\u1ebft t\u1eadt b\u1ecb nghi ng\u1edd.&nbsp; [20 U.S.C. Sec. 1414(b)(3)(B).]&nbsp; Nh\u1eefng l\u0129nh v\u1ef1c n\u00e0y \u0111\u01b0\u1ee3c x\u00e1c \u0111\u1ecbnh theo quy \u0111\u1ecbnh c\u1ee7a li\u00ean bang, bao g\u1ed3m: s\u1ee9c kh\u1ecfe, th\u1ecb l\u1ef1c, th\u00ednh l\u1ef1c, t\u00ecnh tr\u1ea1ng x\u00e3 h\u1ed9i v\u00e0 c\u1ea3m x\u00fac, tr\u00ed th\u00f4ng minh n\u00f3i chung, n\u0103ng l\u1ef1c h\u1ecdc thu\u1eadt, t\u00ecnh tr\u1ea1ng giao ti\u1ebfp v\u00e0 kh\u1ea3 n\u0103ng v\u1eadn \u0111\u1ed9ng.&nbsp; [34 C.F.R. Sec. 300.304(c)(4).]&nbsp; N\u0103ng l\u1ef1c h\u1ecdc thu\u1eadt ch\u1ec9 l\u00e0 m\u1ed9t trong nh\u1eefng l\u0129nh v\u1ef1c m\u00e0 h\u1ecdc sinh c\u1ea7n \u0111\u01b0\u1ee3c th\u1ea9m \u0111\u1ecbnh.&nbsp; Ngo\u00e0i \u0111i\u1ec3m s\u1ed1 v\u00e0 \u0111i\u1ec3m b\u00e0i ki\u1ec3m tra chu\u1ea9n h\u00f3a, tr\u01b0\u1eddng h\u1ecdc c\u1ea7n c\u00e2n nh\u1eafc xem t\u00ecnh tr\u1ea1ng c\u1ea3m x\u00fac v\u00e0 t\u00ecnh tr\u1ea1ng kh\u00e1c c\u1ee7a h\u1ecdc sinh c\u00f3 \u1ea3nh h\u01b0\u1edfng b\u1ea5t l\u1ee3i \u0111\u1ebfn n\u0103ng l\u1ef1c phi h\u1ecdc thu\u1eadt \u1edf c\u00e1c l\u0129nh v\u1ef1c x\u00e3 h\u1ed9i, h\u00e0nh vi v\u00e0 l\u0129nh v\u1ef1c kh\u00e1c hay kh\u00f4ng.<\/p>\n","protected":false},"excerpt":{"rendered":"<p>Theo lu\u1eadt li\u00ean bang v\u00e0 ti\u1ec3u bang, h\u1ecdc sinh h\u1ed9i \u0111\u1ee7 \u0111i\u1ec1u ki\u1ec7n nh\u1eadn gi\u00e1o d\u1ee5c \u0111\u1eb7c bi\u1ec7t theo OHI n\u1ebfu tr\u1ebb b\u1ecb h\u1ea1n ch\u1ebf&hellip;<\/p>\n","protected":false},"author":1,"featured_media":0,"parent":360,"menu_order":7,"comment_status":"closed","ping_status":"closed","template":"","meta":{"footnotes":""},"class_list":["post-2941","page","type-page","status-publish","hentry"],"_links":{"self":[{"href":"https:\/\/serr.disabilityrightsca.org\/vi\/wp-json\/wp\/v2\/pages\/2941","targetHints":{"allow":["GET"]}}],"collection":[{"href":"https:\/\/serr.disabilityrightsca.org\/vi\/wp-json\/wp\/v2\/pages"}],"about":[{"href":"https:\/\/serr.disabilityrightsca.org\/vi\/wp-json\/wp\/v2\/types\/page"}],"author":[{"embeddable":true,"href":"https:\/\/serr.disabilityrightsca.org\/vi\/wp-json\/wp\/v2\/users\/1"}],"replies":[{"embeddable":true,"href":"https:\/\/serr.disabilityrightsca.org\/vi\/wp-json\/wp\/v2\/comments?post=2941"}],"version-history":[{"count":2,"href":"https:\/\/serr.disabilityrightsca.org\/vi\/wp-json\/wp\/v2\/pages\/2941\/revisions"}],"predecessor-version":[{"id":4255,"href":"https:\/\/serr.disabilityrightsca.org\/vi\/wp-json\/wp\/v2\/pages\/2941\/revisions\/4255"}],"up":[{"embeddable":true,"href":"https:\/\/serr.disabilityrightsca.org\/vi\/wp-json\/wp\/v2\/pages\/360"}],"wp:attachment":[{"href":"https:\/\/serr.disabilityrightsca.org\/vi\/wp-json\/wp\/v2\/media?parent=2941"}],"curies":[{"name":"wp","href":"https:\/\/api.w.org\/{rel}","templated":true}]}}