{"id":2947,"date":"2019-12-31T10:15:52","date_gmt":"2019-12-31T18:15:52","guid":{"rendered":"https:\/\/serr.disabilityrightsca.org\/?page_id=2947"},"modified":"2021-02-08T12:06:50","modified_gmt":"2021-02-08T20:06:50","slug":"14-10-neu-con-toi-yeu-cau-dieu-chinh-hoac-cac-dich-vu-ho-tro-khac-khi-tre-tro-lai-truong-sau-mot-thoi-gian-vang-mat-hoc-khu-co-phai-xay-dung-ke-hoach-truoc-de-cung-cap-ho-tro-dich-vu-hoac-dieu-chi","status":"publish","type":"page","link":"https:\/\/serr.disabilityrightsca.org\/vi\/serr-manual\/chuong-14-thong-tin-ve-quyen-cua-hoc-sinh-co-tinh-trang-suc-khoe-nghiem-trong\/14-10-neu-con-toi-yeu-cau-dieu-chinh-hoac-cac-dich-vu-ho-tro-khac-khi-tre-tro-lai-truong-sau-mot-thoi-gian-vang-mat-hoc-khu-co-phai-xay-dung-ke-hoach-truoc-de-cung-cap-ho-tro-dich-vu-hoac-dieu-chi\/","title":{"rendered":"(14.10) N\u1ebfu con t\u00f4i y\u00eau c\u1ea7u \u0111i\u1ec1u ch\u1ec9nh ho\u1eb7c c\u00e1c d\u1ecbch v\u1ee5 h\u1ed7 tr\u1ee3 kh\u00e1c khi tr\u1ebb tr\u1edf l\u1ea1i tr\u01b0\u1eddng sau m\u1ed9t th\u1eddi gian v\u1eafng m\u1eb7t, h\u1ecdc khu c\u00f3 ph\u1ea3i x\u00e2y d\u1ef1ng k\u1ebf ho\u1ea1ch tr\u01b0\u1edbc \u0111\u1ec3 cung c\u1ea5p h\u1ed7 tr\u1ee3, d\u1ecbch v\u1ee5 ho\u1eb7c \u0111i\u1ec1u ch\u1ec9nh kh\u00f4ng?"},"content":{"rendered":"\n<p>N\u1ebfu con qu\u00fd v\u1ecb h\u1ed9i \u0111\u1ee7 \u0111i\u1ec1u ki\u1ec7n nh\u1eadn gi\u00e1o d\u1ee5c \u0111\u1eb7c bi\u1ec7t, b\u1ea5t k\u1ef3 d\u1ecbch v\u1ee5 ho\u1eb7c \u0111i\u1ec1u ch\u1ec9nh n\u00e0o c\u1ea7n thi\u1ebft \u0111\u1ec3 gi\u00fap chuy\u1ec3n tr\u1ebb tr\u1edf l\u1ea1i tr\u01b0\u1eddng n\u00ean \u0111\u01b0\u1ee3c th\u1ea3o lu\u1eadn t\u1ea1i m\u1ed9t cu\u1ed9c h\u1ecdp nh\u00f3m IEP v\u00e0 \u0111\u01b0\u1ee3c ghi v\u00e0o IEP tr\u01b0\u1edbc khi tr\u1ebb tr\u1edf l\u1ea1i tr\u01b0\u1eddng. [5 C.C.R. Sec. 3051.4 (d).] Qu\u00fd v\u1ecb c\u00f3 th\u1ec3 y\u00eau c\u1ea7u cu\u1ed9c h\u1ecdp IEP ngay khi qu\u00fd v\u1ecb bi\u1ebft khi n\u00e0o con m\u00ecnh s\u1ebd tr\u1edf l\u1ea1i tr\u01b0\u1eddng \u0111\u1ec3 \u0111\u1ea3m b\u1ea3o c\u00f3 \u0111\u1ee7 th\u1eddi gian ho\u00e0n th\u00e0nh qu\u00e1 tr\u00ecnh gi\u00e1o d\u1ee5c \u0111\u1eb7c bi\u1ec7t tr\u01b0\u1edbc khi con qu\u00fd v\u1ecb v\u00e0o l\u1ea1i tr\u01b0\u1eddng c\u00f4ng l\u1eadp. Ngay khi h\u1ecdc khu nh\u1eadn \u0111\u01b0\u1ee3c y\u00eau c\u1ea7u b\u1eb1ng v\u0103n b\u1ea3n c\u1ee7a qu\u00fd v\u1ecb \u0111\u1ed1i v\u1edbi cu\u1ed9c h\u1ecdp IEP, cu\u1ed9c h\u1ecdp ph\u1ea3i \u0111\u01b0\u1ee3c t\u1ed5 ch\u1ee9c trong v\u00f2ng 30 ng\u00e0y k\u1ec3 t\u1eeb ng\u00e0y h\u1ecdc khu nh\u1eadn \u0111\u01b0\u1ee3c y\u00eau c\u1ea7u b\u1eb1ng v\u0103n b\u1ea3n c\u1ee7a qu\u00fd v\u1ecb. [Cal. Ed. Code Sec. 56343,5.]<\/p>\n\n\n\n<p>M\u1ee5c 504 kh\u00f4ng \u0111\u1ec1 c\u1eadp c\u1ee5 th\u1ec3 v\u1ea5n \u0111\u1ec1 n\u00e0y. Tuy nhi\u00ean, qu\u00fd v\u1ecb c\u00f3 th\u1ec3 y\u00eau c\u1ea7u cu\u1ed9c h\u1ecdp ch\u01b0\u01a1ng tr\u00ecnh 504 b\u1ea5t c\u1ee9 l\u00fac n\u00e0o \u0111\u1ec3 th\u1ea3o lu\u1eadn v\u1ec1 c\u00e1c d\u1ecbch v\u1ee5 c\u1ea7n thi\u1ebft sau khi h\u1ecdc sinh \u0111\u00e3 tr\u1edf l\u1ea1i tr\u01b0\u1eddng. Kh\u00f4ng c\u00f3 m\u1ed1c th\u1eddi gian \u0111\u1ec3 t\u1ed5 ch\u1ee9c cu\u1ed9c h\u1ecdp ch\u01b0\u01a1ng tr\u00ecnh 504.<\/p>\n\n\n\n<p>N\u1ebfu con qu\u00fd v\u1ecb l\u00e0 h\u1ecdc sinh gi\u00e1o d\u1ee5c <em>ph\u1ed5 th\u00f4ng<\/em>, h\u1ecdc khu kh\u00f4ng ph\u1ea3i cung c\u1ea5p h\u1ed7 tr\u1ee3, d\u1ecbch v\u1ee5 ho\u1eb7c \u0111i\u1ec1u ch\u1ec9nh.&nbsp; Tuy nhi\u00ean, qu\u00fd v\u1ecb n\u00ean li\u00ean h\u1ec7 v\u1edbi h\u1ecdc khu \u0111\u1ec3 th\u1ea3o lu\u1eadn v\u1ec1 nhu c\u1ea7u c\u1ee7a con m\u00ecnh v\u00e0 ph\u00e1t tri\u1ec3n m\u1ed9t th\u1ecfa thu\u1eadn kh\u00f4ng ch\u00ednh th\u1ee9c, kh\u00f4ng r\u00e0ng bu\u1ed9c \u0111\u1ec3 h\u1ed7 tr\u1ee3 tr\u1ebb khi tr\u1ebb tr\u1edf l\u1ea1i tr\u01b0\u1eddng.&nbsp; Trong tr\u01b0\u1eddng h\u1ee3p b\u1ecb b\u1ec7nh ho\u1eb7c c\u00f3 t\u00ecnh tr\u1ea1ng s\u1ee9c kh\u1ecfe nghi\u00eam tr\u1ecdng, qu\u00fd v\u1ecb n\u00ean c\u00e2n nh\u1eafc vi\u1ec7c gi\u1edbi thi\u1ec7u \u0111\u1ec3 c\u00f3 \u0111\u01b0\u1ee3c kh\u1ea3 n\u0103ng h\u1ed9i \u0111\u1ee7 \u0111i\u1ec1u ki\u1ec7n nh\u1eadn M\u1ee5c 504 v\u00e0 gi\u00e1o d\u1ee5c \u0111\u1eb7c bi\u1ec7t.&nbsp;<\/p>\n","protected":false},"excerpt":{"rendered":"<p>N\u1ebfu con qu\u00fd v\u1ecb h\u1ed9i \u0111\u1ee7 \u0111i\u1ec1u ki\u1ec7n nh\u1eadn gi\u00e1o d\u1ee5c \u0111\u1eb7c bi\u1ec7t, b\u1ea5t k\u1ef3 d\u1ecbch v\u1ee5 ho\u1eb7c \u0111i\u1ec1u ch\u1ec9nh n\u00e0o c\u1ea7n thi\u1ebft \u0111\u1ec3 gi\u00fap&hellip;<\/p>\n","protected":false},"author":1,"featured_media":0,"parent":360,"menu_order":10,"comment_status":"closed","ping_status":"closed","template":"","meta":{"footnotes":""},"class_list":["post-2947","page","type-page","status-publish","hentry"],"_links":{"self":[{"href":"https:\/\/serr.disabilityrightsca.org\/vi\/wp-json\/wp\/v2\/pages\/2947","targetHints":{"allow":["GET"]}}],"collection":[{"href":"https:\/\/serr.disabilityrightsca.org\/vi\/wp-json\/wp\/v2\/pages"}],"about":[{"href":"https:\/\/serr.disabilityrightsca.org\/vi\/wp-json\/wp\/v2\/types\/page"}],"author":[{"embeddable":true,"href":"https:\/\/serr.disabilityrightsca.org\/vi\/wp-json\/wp\/v2\/users\/1"}],"replies":[{"embeddable":true,"href":"https:\/\/serr.disabilityrightsca.org\/vi\/wp-json\/wp\/v2\/comments?post=2947"}],"version-history":[{"count":2,"href":"https:\/\/serr.disabilityrightsca.org\/vi\/wp-json\/wp\/v2\/pages\/2947\/revisions"}],"predecessor-version":[{"id":4258,"href":"https:\/\/serr.disabilityrightsca.org\/vi\/wp-json\/wp\/v2\/pages\/2947\/revisions\/4258"}],"up":[{"embeddable":true,"href":"https:\/\/serr.disabilityrightsca.org\/vi\/wp-json\/wp\/v2\/pages\/360"}],"wp:attachment":[{"href":"https:\/\/serr.disabilityrightsca.org\/vi\/wp-json\/wp\/v2\/media?parent=2947"}],"curies":[{"name":"wp","href":"https:\/\/api.w.org\/{rel}","templated":true}]}}