{"id":2949,"date":"2019-12-31T10:16:34","date_gmt":"2019-12-31T18:16:34","guid":{"rendered":"https:\/\/serr.disabilityrightsca.org\/?page_id=2949"},"modified":"2021-02-08T12:07:43","modified_gmt":"2021-02-08T20:07:43","slug":"14-11-neu-con-toi-hoi-du-dieu-kien-nhan-giao-duc-dac-biet-do-tinh-trang-suc-khoe-dieu-nay-co-anh-huong-den-kha-nang-vao-dai-hoc-cua-tre-khong","status":"publish","type":"page","link":"https:\/\/serr.disabilityrightsca.org\/vi\/serr-manual\/chuong-14-thong-tin-ve-quyen-cua-hoc-sinh-co-tinh-trang-suc-khoe-nghiem-trong\/14-11-neu-con-toi-hoi-du-dieu-kien-nhan-giao-duc-dac-biet-do-tinh-trang-suc-khoe-dieu-nay-co-anh-huong-den-kha-nang-vao-dai-hoc-cua-tre-khong\/","title":{"rendered":"(14.11) N\u1ebfu con t\u00f4i h\u1ed9i \u0111\u1ee7 \u0111i\u1ec1u ki\u1ec7n nh\u1eadn gi\u00e1o d\u1ee5c \u0111\u1eb7c bi\u1ec7t do t\u00ecnh tr\u1ea1ng s\u1ee9c kh\u1ecfe, \u0111i\u1ec1u n\u00e0y c\u00f3 \u1ea3nh h\u01b0\u1edfng \u0111\u1ebfn kh\u1ea3 n\u0103ng v\u00e0o \u0111\u1ea1i h\u1ecdc c\u1ee7a tr\u1ebb kh\u00f4ng?"},"content":{"rendered":"\n<p>Kh\u00f4ng. Theo M\u1ee5c 504 v\u00e0 \u0110\u1ea1o Lu\u1eadt Ng\u01b0\u1eddi M\u1ef9 Khuy\u1ebft T\u1eadt (Americans with Disabilities Act, ADA), c\u00e1c tr\u01b0\u1eddng \u0111\u1ea1i h\u1ecdc v\u00e0 cao \u0111\u1eb3ng kh\u00f4ng th\u1ec3 ph\u00e2n bi\u1ec7t \u0111\u1ed1i x\u1eed tr\u00ean c\u01a1 s\u1edf khuy\u1ebft t\u1eadt b\u1eb1ng c\u00e1ch t\u1eeb ch\u1ed1i ch\u1ea5p nh\u1eadn c\u00e1 nh\u00e2n h\u1ed9i \u0111\u1ee7 \u0111i\u1ec1u ki\u1ec7n nh\u1eadp h\u1ecdc.&nbsp; [42 U.S.C. Sec. 12182(b)(1)(A)(i); 34 C.F.R. Sec. 104.42(a).]&nbsp;&nbsp;<\/p>\n\n\n\n<p>Vi\u1ec7c c\u00f3 \u0111\u01b0\u1ee3c IEP ho\u1eb7c ch\u01b0\u01a1ng tr\u00ecnh 504 s\u1ebd r\u1ea5t h\u1eefu \u00edch \u0111\u1ec3 ch\u1ee9ng minh kh\u1ea3 n\u0103ng h\u1ed9i \u0111\u1ee7 \u0111i\u1ec1u ki\u1ec7n c\u1ee7a con qu\u00fd v\u1ecb theo M\u1ee5c 504 \u1edf c\u1ea5p sau trung h\u1ecdc v\u00e0 \u0111\u1ec3 x\u00e1c \u0111\u1ecbnh c\u00e1c d\u1ecbch v\u1ee5 v\u00e0 \u0111i\u1ec1u ch\u1ec9nh m\u00e0 tr\u1ebb c\u00f3 th\u1ec3 c\u1ea7n.&nbsp; \u0110\u1ea3m b\u1ea3o con qu\u00fd v\u1ecb h\u1ecdc nh\u1eefng b\u00e0i c\u1ea7n thi\u1ebft trong c\u00e1c l\u0129nh v\u1ef1c ch\u1ee7 \u0111\u1ec1 b\u1eaft bu\u1ed9c v\u00e0 c\u00e1c kh\u00f3a h\u1ecdc d\u1ef1 b\u1ecb \u0111\u1ea1i h\u1ecdc, n\u1ebfu ph\u00f9 h\u1ee3p, \u0111\u1ec3 c\u00f3 \u0111\u01b0\u1ee3c b\u1eb1ng t\u1ed1t nghi\u1ec7p trung h\u1ecdc.&nbsp; Con qu\u00fd v\u1ecb c\u0169ng ph\u1ea3i v\u01b0\u1ee3t qua m\u1ecdi b\u00e0i ki\u1ec3m tra tr\u00ecnh \u0111\u1ed9 b\u1eaft bu\u1ed9c ho\u1eb7c k\u1ef3 thi t\u1ed1t nghi\u1ec7p.&nbsp; Xem Ch\u01b0\u01a1ng 11, <em>Th\u00f4ng Tin v\u1ec1 Th\u1ea9m \u0110\u1ecbnh To\u00e0n H\u1ecdc Khu\/Y\u00eau C\u1ea7u T\u1ed1t Nghi\u1ec7p<\/em>.&nbsp; \u0110\u1ea3m b\u1ea3o r\u1eb1ng vi\u1ec7c x\u00e1c \u0111\u1ecbnh, ch\u01b0\u01a1ng tr\u00ecnh v\u00e0 d\u1ecbch v\u1ee5 gi\u00e1o d\u1ee5c \u0111\u1eb7c bi\u1ec7t c\u1ee7a con qu\u00fd v\u1ecb kh\u00f4ng d\u1eabn \u0111\u1ebfn vi\u1ec7c tr\u1ebb b\u1ecb \u0111\u1eb7t v\u00e0o \u201cl\u1ed9 tr\u00ecnh\u201d h\u01b0\u1edbng \u0111\u1ebfn nh\u1eadn ch\u1ee9ng ch\u1ec9 ho\u00e0n th\u00e0nh thay v\u00ec b\u1eb1ng t\u1ed1t nghi\u1ec7p.<\/p>\n\n\n\n<p>B\u1eaft \u0111\u1ea7u t\u1eeb 16 tu\u1ed5i ho\u1eb7c s\u1edbm h\u01a1n, IEP c\u1ee7a con qu\u00fd v\u1ecb ph\u1ea3i bao g\u1ed3m c\u00e1c m\u1ee5c ti\u00eau sau trung h\u1ecdc ph\u00f9 h\u1ee3p, c\u00f3 th\u1ec3 \u0111o l\u01b0\u1eddng \u0111\u01b0\u1ee3c d\u1ef1a tr\u00ean c\u00e1c th\u1ea9m \u0111\u1ecbnh chuy\u1ec3n ti\u1ebfp ph\u00f9 h\u1ee3p v\u1edbi l\u1ee9a tu\u1ed5i li\u00ean quan \u0111\u1ebfn \u0111\u00e0o t\u1ea1o, gi\u00e1o d\u1ee5c, vi\u1ec7c l\u00e0m v\u00e0 k\u1ef9 n\u0103ng s\u1ed1ng \u0111\u1ed9c l\u1eadp, khi ph\u00f9 h\u1ee3p.&nbsp; IEP c\u0169ng ph\u1ea3i c\u00f3 ph\u1ea7n k\u00ea khai v\u1ec1 c\u00e1c d\u1ecbch v\u1ee5 chuy\u1ec3n ti\u1ebfp c\u1ea7n thi\u1ebft trong \u0111\u00f3 t\u1eadp trung v\u00e0o c\u00e1c kh\u00f3a h\u1ecdc c\u1ee7a con qu\u00fd v\u1ecb (ch\u1eb3ng h\u1ea1n nh\u01b0 tham gia c\u00e1c kh\u00f3a h\u1ecdc n\u00e2ng cao ho\u1eb7c ch\u01b0\u01a1ng tr\u00ecnh gi\u00e1o d\u1ee5c ngh\u1ec1 nghi\u1ec7p).&nbsp; [Cal. Ed. Code Sec. 56345(a)(8).]&nbsp; N\u1ebfu m\u1ee5c ti\u00eau gi\u00e1o d\u1ee5c sau trung h\u1ecdc c\u1ee7a con qu\u00fd v\u1ecb l\u00e0 nh\u1eadp h\u1ecdc v\u00e0o tr\u01b0\u1eddng cao \u0111\u1eb3ng ho\u1eb7c \u0111\u1ea1i h\u1ecdc, th\u00ec IEP n\u00ean n\u00eau r\u00f5 c\u00e1c y\u00eau c\u1ea7u c\u1ea7n thi\u1ebft \u0111\u1ec3 nh\u1eadn b\u1eb1ng t\u1ed1t nghi\u1ec7p v\u00e0 c\u00e1c d\u1ecbch v\u1ee5 chuy\u1ec3n ti\u1ebfp c\u1ea7n thi\u1ebft \u0111\u1ec3 h\u1ed7 tr\u1ee3 tr\u1ebb \u0111\u1ea1t \u0111\u01b0\u1ee3c m\u1ee5c ti\u00eau \u0111\u00f3.&nbsp; Xem Ch\u01b0\u01a1ng 10, <em>Th\u00f4ng Tin v\u1ec1 Chuy\u1ec3n Ti\u1ebfp v\u00e0 Gi\u00e1o D\u1ee5c Ngh\u1ec1 Nghi\u1ec7p<\/em>.<\/p>\n","protected":false},"excerpt":{"rendered":"<p>Kh\u00f4ng. Theo M\u1ee5c 504 v\u00e0 \u0110\u1ea1o Lu\u1eadt Ng\u01b0\u1eddi M\u1ef9 Khuy\u1ebft T\u1eadt (Americans with Disabilities Act, ADA), c\u00e1c tr\u01b0\u1eddng \u0111\u1ea1i h\u1ecdc v\u00e0 cao \u0111\u1eb3ng kh\u00f4ng th\u1ec3&hellip;<\/p>\n","protected":false},"author":1,"featured_media":0,"parent":360,"menu_order":11,"comment_status":"closed","ping_status":"closed","template":"","meta":{"footnotes":""},"class_list":["post-2949","page","type-page","status-publish","hentry"],"_links":{"self":[{"href":"https:\/\/serr.disabilityrightsca.org\/vi\/wp-json\/wp\/v2\/pages\/2949","targetHints":{"allow":["GET"]}}],"collection":[{"href":"https:\/\/serr.disabilityrightsca.org\/vi\/wp-json\/wp\/v2\/pages"}],"about":[{"href":"https:\/\/serr.disabilityrightsca.org\/vi\/wp-json\/wp\/v2\/types\/page"}],"author":[{"embeddable":true,"href":"https:\/\/serr.disabilityrightsca.org\/vi\/wp-json\/wp\/v2\/users\/1"}],"replies":[{"embeddable":true,"href":"https:\/\/serr.disabilityrightsca.org\/vi\/wp-json\/wp\/v2\/comments?post=2949"}],"version-history":[{"count":2,"href":"https:\/\/serr.disabilityrightsca.org\/vi\/wp-json\/wp\/v2\/pages\/2949\/revisions"}],"predecessor-version":[{"id":4259,"href":"https:\/\/serr.disabilityrightsca.org\/vi\/wp-json\/wp\/v2\/pages\/2949\/revisions\/4259"}],"up":[{"embeddable":true,"href":"https:\/\/serr.disabilityrightsca.org\/vi\/wp-json\/wp\/v2\/pages\/360"}],"wp:attachment":[{"href":"https:\/\/serr.disabilityrightsca.org\/vi\/wp-json\/wp\/v2\/media?parent=2949"}],"curies":[{"name":"wp","href":"https:\/\/api.w.org\/{rel}","templated":true}]}}