{"id":2953,"date":"2019-12-31T10:23:19","date_gmt":"2019-12-31T18:23:19","guid":{"rendered":"https:\/\/serr.disabilityrightsca.org\/?page_id=2953"},"modified":"2021-02-08T12:09:36","modified_gmt":"2021-02-08T20:09:36","slug":"14-13-neu-con-toi-nhan-duoc-huong-dan-o-nha-hoc-khu-co-the-yeu-cau-phu-huynh-co-mat-trong-thoi-gian-huong-dan-khong","status":"publish","type":"page","link":"https:\/\/serr.disabilityrightsca.org\/vi\/serr-manual\/chuong-14-thong-tin-ve-quyen-cua-hoc-sinh-co-tinh-trang-suc-khoe-nghiem-trong\/14-13-neu-con-toi-nhan-duoc-huong-dan-o-nha-hoc-khu-co-the-yeu-cau-phu-huynh-co-mat-trong-thoi-gian-huong-dan-khong\/","title":{"rendered":"(14.13) N\u1ebfu con t\u00f4i nh\u1eadn \u0111\u01b0\u1ee3c h\u01b0\u1edbng d\u1eabn \u1edf nh\u00e0, h\u1ecdc khu c\u00f3 th\u1ec3 y\u00eau c\u1ea7u ph\u1ee5 huynh c\u00f3 m\u1eb7t trong th\u1eddi gian h\u01b0\u1edbng d\u1eabn kh\u00f4ng?"},"content":{"rendered":"\n<p>M\u1eb7c d\u00f9 kh\u00f4ng c\u00f3 lu\u1eadt ph\u00e1p ho\u1eb7c tr\u01b0\u1eddng h\u1ee3p n\u00e0o c\u1ee7a California y\u00eau c\u1ea7u ph\u1ee5 huynh ph\u1ea3i \u1edf nh\u00e0 trong th\u1eddi gian h\u01b0\u1edbng d\u1eabn, ch\u00ednh s\u00e1ch nh\u01b0 v\u1eady c\u00f3 th\u1ec3 \u0111\u01b0\u1ee3c t\u00e1n th\u00e0nh cho tr\u1ebb d\u01b0\u1edbi 18 tu\u1ed5i.&nbsp; T\u00f2a \u00e1n ph\u00fac th\u1ea9m li\u00ean bang gi\u1ea3i quy\u1ebft th\u1eafc m\u1eafc n\u00e0y x\u00e1c \u0111\u1ecbnh ch\u00ednh s\u00e1ch nh\u01b0 v\u1eady kh\u00f4ng vi ph\u1ea1m \u0110\u1ea1o Lu\u1eadt Gi\u00e1o D\u1ee5c Ng\u01b0\u1eddi Khuy\u1ebft T\u1eadt (Individuals with Disabilities Education Act, IDEA) ho\u1eb7c M\u1ee5c 504.&nbsp; [<em>Daniel O. v. Missouri State Board of Ed<\/em>., 210 F.3d 378 (8th Cir. 2000).]&nbsp;&nbsp;<\/p>\n","protected":false},"excerpt":{"rendered":"<p>M\u1eb7c d\u00f9 kh\u00f4ng c\u00f3 lu\u1eadt ph\u00e1p ho\u1eb7c tr\u01b0\u1eddng h\u1ee3p n\u00e0o c\u1ee7a California y\u00eau c\u1ea7u ph\u1ee5 huynh ph\u1ea3i \u1edf nh\u00e0 trong th\u1eddi gian h\u01b0\u1edbng d\u1eabn, ch\u00ednh&hellip;<\/p>\n","protected":false},"author":1,"featured_media":0,"parent":360,"menu_order":13,"comment_status":"closed","ping_status":"closed","template":"","meta":{"footnotes":""},"class_list":["post-2953","page","type-page","status-publish","hentry"],"_links":{"self":[{"href":"https:\/\/serr.disabilityrightsca.org\/vi\/wp-json\/wp\/v2\/pages\/2953","targetHints":{"allow":["GET"]}}],"collection":[{"href":"https:\/\/serr.disabilityrightsca.org\/vi\/wp-json\/wp\/v2\/pages"}],"about":[{"href":"https:\/\/serr.disabilityrightsca.org\/vi\/wp-json\/wp\/v2\/types\/page"}],"author":[{"embeddable":true,"href":"https:\/\/serr.disabilityrightsca.org\/vi\/wp-json\/wp\/v2\/users\/1"}],"replies":[{"embeddable":true,"href":"https:\/\/serr.disabilityrightsca.org\/vi\/wp-json\/wp\/v2\/comments?post=2953"}],"version-history":[{"count":3,"href":"https:\/\/serr.disabilityrightsca.org\/vi\/wp-json\/wp\/v2\/pages\/2953\/revisions"}],"predecessor-version":[{"id":4261,"href":"https:\/\/serr.disabilityrightsca.org\/vi\/wp-json\/wp\/v2\/pages\/2953\/revisions\/4261"}],"up":[{"embeddable":true,"href":"https:\/\/serr.disabilityrightsca.org\/vi\/wp-json\/wp\/v2\/pages\/360"}],"wp:attachment":[{"href":"https:\/\/serr.disabilityrightsca.org\/vi\/wp-json\/wp\/v2\/media?parent=2953"}],"curies":[{"name":"wp","href":"https:\/\/api.w.org\/{rel}","templated":true}]}}