{"id":2963,"date":"2019-12-31T10:50:24","date_gmt":"2019-12-31T18:50:24","guid":{"rendered":"https:\/\/serr.disabilityrightsca.org\/?page_id=2963"},"modified":"2021-02-08T12:14:05","modified_gmt":"2021-02-08T20:14:05","slug":"14-18-ngoai-viec-cho-dung-thuoc-hoc-sinh-giao-duc-dac-biet-co-duoc-huong-dich-vu-dieu-duong-phuc-tap-hoac-cac-dich-vu-cham-soc-suc-khoe-khac-trong-khi-o-truong-voi-chi-phi-cua-hoc-khu-khong","status":"publish","type":"page","link":"https:\/\/serr.disabilityrightsca.org\/vi\/serr-manual\/chuong-14-thong-tin-ve-quyen-cua-hoc-sinh-co-tinh-trang-suc-khoe-nghiem-trong\/14-18-ngoai-viec-cho-dung-thuoc-hoc-sinh-giao-duc-dac-biet-co-duoc-huong-dich-vu-dieu-duong-phuc-tap-hoac-cac-dich-vu-cham-soc-suc-khoe-khac-trong-khi-o-truong-voi-chi-phi-cua-hoc-khu-khong\/","title":{"rendered":"(14.18) Ngo\u00e0i vi\u1ec7c cho d\u00f9ng thu\u1ed1c, h\u1ecdc sinh gi\u00e1o d\u1ee5c \u0111\u1eb7c bi\u1ec7t c\u00f3 \u0111\u01b0\u1ee3c h\u01b0\u1edfng d\u1ecbch v\u1ee5 \u0111i\u1ec1u d\u01b0\u1ee1ng ph\u1ee9c t\u1ea1p ho\u1eb7c c\u00e1c d\u1ecbch v\u1ee5 ch\u0103m s\u00f3c s\u1ee9c kh\u1ecfe kh\u00e1c trong khi \u1edf tr\u01b0\u1eddng v\u1edbi chi ph\u00ed c\u1ee7a h\u1ecdc khu kh\u00f4ng?"},"content":{"rendered":"\n<p>C\u00f3.&nbsp; T\u00f2a \u00c1n T\u1ed1i Cao \u0111\u00e3 x\u00e1c \u0111\u1ecbnh r\u1eb1ng, theo lu\u1eadt gi\u00e1o d\u1ee5c \u0111\u1eb7c bi\u1ec7t, c\u00e1c d\u1ecbch v\u1ee5 ch\u0103m s\u00f3c \u0111i\u1ec1u d\u01b0\u1ee1ng li\u00ean t\u1ee5c, ph\u1ee9c t\u1ea1p \u0111\u01b0\u1ee3c coi l\u00e0 &#8220;d\u1ecbch v\u1ee5 li\u00ean quan&#8221; \u2014 ch\u1ee9 kh\u00f4ng ph\u1ea3i &#8220;d\u1ecbch v\u1ee5 y t\u1ebf&#8221; \u2014 n\u1ebfu c\u1ea7n thi\u1ebft \u0111\u1ec3 \u0111\u1ea3m b\u1ea3o r\u1eb1ng h\u1ecdc sinh c\u00f3 nhu c\u1ea7u ch\u0103m s\u00f3c s\u1ee9c kh\u1ecfe \u0111\u00e1ng k\u1ec3 \u0111\u01b0\u1ee3c ti\u1ebfp c\u1eadn v\u1edbi tr\u01b0\u1eddng c\u00f4ng l\u1eadp v\u00e0 \u0111\u01b0\u1ee3c h\u00f2a nh\u1eadp v\u1edbi h\u1ecdc sinh kh\u00f4ng khuy\u1ebft t\u1eadt. H\u1ecdc khu ch\u1ecbu tr\u00e1ch nhi\u1ec7m cho c\u00e1c d\u1ecbch v\u1ee5 ch\u0103m s\u00f3c s\u1ee9c kh\u1ecfe c\u00f3 th\u1ec3 \u0111\u01b0\u1ee3c cung c\u1ea5p b\u1edfi y t\u00e1 thay v\u00ec c\u00e1c d\u1ecbch v\u1ee5 y t\u1ebf \u0111\u01b0\u1ee3c cung c\u1ea5p b\u1edfi b\u00e1c s\u0129.&nbsp; [<em>Cedar Rapids Community School District v. Garret F<\/em>., 526 U.S. 66, 71 (1999).] Lu\u1eadt ti\u1ec3u bang c\u0169ng kh\u1eb3ng \u0111\u1ecbnh quy\u1ec1n \u0111\u1ebfn tr\u01b0\u1eddng h\u1ecdc v\u1edbi d\u1ecbch v\u1ee5 ch\u0103m s\u00f3c s\u1ee9c kh\u1ecfe v\u1edbi chi ph\u00ed c\u1ee7a h\u1ecdc khu.&nbsp; [Cal. Ed. Code Sec. 49423.5(f).]&nbsp; H\u1ecdc khu kh\u00f4ng th\u1ec3 t\u1eeb ch\u1ed1i cung c\u1ea5p d\u1ecbch v\u1ee5 \u0111i\u1ec1u d\u01b0\u1ee1ng ho\u1eb7c t\u1eeb ch\u1ed1i vi\u1ec7c \u0111i h\u1ecdc d\u1ef1a tr\u00ean chi ph\u00ed.&nbsp;&nbsp;<\/p>\n\n\n\n<p>C\u00e1c quy \u0111\u1ecbnh gi\u00e1o d\u1ee5c \u0111\u1eb7c bi\u1ec7t c\u1ee7a li\u00ean bang l\u00e0m r\u00f5 r\u1eb1ng c\u00e1c d\u1ecbch v\u1ee5 y t\u1ebf duy nh\u1ea5t m\u00e0 h\u1ecdc khu ph\u1ea3i cung c\u1ea5p l\u00e0 d\u00e0nh cho m\u1ee5c \u0111\u00edch ch\u1ea9n \u0111o\u00e1n v\u00e0 \u0111\u00e1nh gi\u00e1.&nbsp; [34 C.F.R. Sec. 300,34(a).]&nbsp;&nbsp; \u201cD\u1ecbch v\u1ee5 y t\u1ebf\u201d c\u00f3 ngh\u0129a l\u00e0 \u201cc\u00e1c d\u1ecbch v\u1ee5 \u0111\u01b0\u1ee3c cung c\u1ea5p b\u1edfi b\u00e1c s\u0129 \u0111\u01b0\u1ee3c c\u1ea5p ph\u00e9p \u0111\u1ec3 x\u00e1c \u0111\u1ecbnh xem khuy\u1ebft t\u1eadt c\u00f3 li\u00ean quan v\u1ec1 m\u1eb7t y t\u1ebf c\u1ee7a tr\u1ebb c\u00f3 d\u1eabn \u0111\u1ebfn nhu c\u1ea7u c\u1ee7a tr\u1ebb v\u1ec1 gi\u00e1o d\u1ee5c \u0111\u1eb7c bi\u1ec7t v\u00e0 c\u00e1c d\u1ecbch v\u1ee5 li\u00ean quan hay kh\u00f4ng\u201d.&nbsp; [34 C.F.R. Sec. 300.34(c)(5).]<\/p>\n","protected":false},"excerpt":{"rendered":"<p>C\u00f3.&nbsp; T\u00f2a \u00c1n T\u1ed1i Cao \u0111\u00e3 x\u00e1c \u0111\u1ecbnh r\u1eb1ng, theo lu\u1eadt gi\u00e1o d\u1ee5c \u0111\u1eb7c bi\u1ec7t, c\u00e1c d\u1ecbch v\u1ee5 ch\u0103m s\u00f3c \u0111i\u1ec1u d\u01b0\u1ee1ng li\u00ean t\u1ee5c, ph\u1ee9c&hellip;<\/p>\n","protected":false},"author":1,"featured_media":0,"parent":360,"menu_order":18,"comment_status":"closed","ping_status":"closed","template":"","meta":{"footnotes":""},"class_list":["post-2963","page","type-page","status-publish","hentry"],"_links":{"self":[{"href":"https:\/\/serr.disabilityrightsca.org\/vi\/wp-json\/wp\/v2\/pages\/2963","targetHints":{"allow":["GET"]}}],"collection":[{"href":"https:\/\/serr.disabilityrightsca.org\/vi\/wp-json\/wp\/v2\/pages"}],"about":[{"href":"https:\/\/serr.disabilityrightsca.org\/vi\/wp-json\/wp\/v2\/types\/page"}],"author":[{"embeddable":true,"href":"https:\/\/serr.disabilityrightsca.org\/vi\/wp-json\/wp\/v2\/users\/1"}],"replies":[{"embeddable":true,"href":"https:\/\/serr.disabilityrightsca.org\/vi\/wp-json\/wp\/v2\/comments?post=2963"}],"version-history":[{"count":2,"href":"https:\/\/serr.disabilityrightsca.org\/vi\/wp-json\/wp\/v2\/pages\/2963\/revisions"}],"predecessor-version":[{"id":4266,"href":"https:\/\/serr.disabilityrightsca.org\/vi\/wp-json\/wp\/v2\/pages\/2963\/revisions\/4266"}],"up":[{"embeddable":true,"href":"https:\/\/serr.disabilityrightsca.org\/vi\/wp-json\/wp\/v2\/pages\/360"}],"wp:attachment":[{"href":"https:\/\/serr.disabilityrightsca.org\/vi\/wp-json\/wp\/v2\/media?parent=2963"}],"curies":[{"name":"wp","href":"https:\/\/api.w.org\/{rel}","templated":true}]}}