{"id":2967,"date":"2019-12-31T10:55:36","date_gmt":"2019-12-31T18:55:36","guid":{"rendered":"https:\/\/serr.disabilityrightsca.org\/?page_id=2967"},"modified":"2021-02-08T12:21:50","modified_gmt":"2021-02-08T20:21:50","slug":"14-20-neu-con-toi-la-hoc-sinh-giao-duc-dac-biet-khi-nao-thi-dich-vu-cham-soc-suc-khoe-the-chat-chuyen-mon-co-the-duoc-cung-cap-boi-mot-nguoi-khong-phai-y-ta","status":"publish","type":"page","link":"https:\/\/serr.disabilityrightsca.org\/vi\/serr-manual\/chuong-14-thong-tin-ve-quyen-cua-hoc-sinh-co-tinh-trang-suc-khoe-nghiem-trong\/14-20-neu-con-toi-la-hoc-sinh-giao-duc-dac-biet-khi-nao-thi-dich-vu-cham-soc-suc-khoe-the-chat-chuyen-mon-co-the-duoc-cung-cap-boi-mot-nguoi-khong-phai-y-ta\/","title":{"rendered":"(14.20) N\u1ebfu con t\u00f4i l\u00e0 h\u1ecdc sinh gi\u00e1o d\u1ee5c \u0111\u1eb7c bi\u1ec7t, khi n\u00e0o th\u00ec \u201cd\u1ecbch v\u1ee5 ch\u0103m s\u00f3c s\u1ee9c kh\u1ecfe th\u1ec3 ch\u1ea5t chuy\u00ean m\u00f4n\u201d c\u00f3 th\u1ec3 \u0111\u01b0\u1ee3c cung c\u1ea5p b\u1edfi m\u1ed9t ng\u01b0\u1eddi kh\u00f4ng ph\u1ea3i y t\u00e1?"},"content":{"rendered":"\n<p> <\/p>\n\n\n\n<p>Theo lu\u1eadt ti\u1ec3u bang, \u201cd\u1ecbch v\u1ee5 ch\u0103m s\u00f3c s\u1ee9c kh\u1ecfe th\u1ec3 ch\u1ea5t chuy\u00ean m\u00f4n\u201d bao g\u1ed3m \u0111\u1eb7t \u1ed1ng th\u00f4ng, cho \u0103n b\u1eb1ng \u1ed1ng th\u00f4ng d\u1ea1 d\u00e0y, h\u00fat d\u1ecbch ho\u1eb7c c\u00e1c d\u1ecbch v\u1ee5 kh\u00e1c c\u1ea7n \u0111\u00e0o t\u1ea1o li\u00ean quan \u0111\u1ebfn y t\u1ebf.&nbsp; [Cal. Ed. Code Sec. 49423,5(d).]&nbsp; C\u00e1c d\u1ecbch v\u1ee5 n\u00e0y th\u01b0\u1eddng \u0111\u01b0\u1ee3c cung c\u1ea5p b\u1edfi y t\u00e1 c\u1ee7a tr\u01b0\u1eddng, nh\u01b0ng c\u0169ng c\u00f3 th\u1ec3 \u0111\u01b0\u1ee3c cung c\u1ea5p b\u1edfi c\u00e1c nh\u00e2n vi\u00ean kh\u00e1c c\u1ee7a tr\u01b0\u1eddng n\u1ebfu <em>t\u1ea5t c\u1ea3<\/em> c\u00e1c \u0111i\u1ec1u ki\u1ec7n sau \u0111\u00e2y \u0111\u01b0\u1ee3c \u0111\u00e1p \u1ee9ng:<\/p>\n\n\n\n<ul class=\"wp-block-list\"><li>Nh\u00e2n vi\u00ean \u0111\u01b0\u1ee3c \u0111\u00e0o t\u1ea1o trong vi\u1ec7c cung c\u1ea5p d\u1ecbch v\u1ee5;<\/li><li>Nh\u00e2n vi\u00ean ph\u1ea3i c\u00f3 n\u0103ng l\u1ef1c trong h\u1ed3i s\u1ee9c tim ph\u1ed5i c\u01a1 b\u1ea3n v\u00e0 am hi\u1ec3u v\u1ec1 c\u00e1c ngu\u1ed3n l\u1ef1c y t\u1ebf kh\u1ea9n c\u1ea5p c\u00f3 s\u1eb5n trong c\u1ed9ng \u0111\u1ed3ng;<\/li><li>Nh\u00e2n vi\u00ean \u0111\u01b0\u1ee3c gi\u00e1m s\u00e1t b\u1edfi y t\u00e1 ho\u1eb7c b\u00e1c s\u0129 nh\u00e0 tr\u01b0\u1eddng;<\/li><li>D\u1ecbch v\u1ee5 \u0111\u01b0\u1ee3c x\u00e1c \u0111\u1ecbnh b\u1edfi y t\u00e1 nh\u00e0 ho\u1eb7c b\u00e1c s\u0129 tr\u01b0\u1eddng, c\u00f3 tham kh\u1ea3o v\u1edbi b\u00e1c s\u0129 c\u1ee7a h\u1ecdc sinh, v\u1ec1 t\u1ea5t c\u1ea3 nh\u1eefng \u0111i\u1ec1u sau \u0111\u00e2y:<ul><li>L\u00e0 d\u1ecbch v\u1ee5 th\u01b0\u1eddng l\u1ec7 cho h\u1ecdc sinh,<\/li><\/ul><ul><li>T\u1ea1o ra \u00edt t\u00e1c h\u1ea1i ti\u1ec1m t\u00e0ng cho h\u1ecdc sinh,<\/li><\/ul><ul><li>\u0110\u01b0\u1ee3c th\u1ef1c hi\u1ec7n v\u1edbi k\u1ebft qu\u1ea3 c\u00f3 th\u1ec3 d\u1ef1 \u0111o\u00e1n \u0111\u01b0\u1ee3c, nh\u01b0 \u0111\u01b0\u1ee3c x\u00e1c \u0111\u1ecbnh b\u1edfi IEP c\u1ee7a h\u1ecdc sinh v\u00e0<\/li><\/ul><ul><li>Kh\u00f4ng y\u00eau c\u1ea7u c\u00f3 \u0111\u00e1nh gi\u00e1 \u0111i\u1ec1u d\u01b0\u1ee1ng, gi\u1ea3i th\u00edch ho\u1eb7c ra quy\u1ebft \u0111\u1ecbnh b\u1edfi nh\u00e2n vi\u00ean nh\u00e0 tr\u01b0\u1eddng.&nbsp; [Cal. Ed. Code Secs. 49423.5(a)(2)(A)-(D).]<\/li><\/ul><\/li><\/ul>\n\n\n\n<p>S\u1ef1 gi\u00e1m s\u00e1t nh\u00e2n vi\u00ean c\u00f3 th\u1ec3 ti\u1ebfn h\u00e0nh \u201ct\u1ee9c th\u1eddi\u201d (hi\u1ec7n t\u1ea1i), &#8220;tr\u1ef1c ti\u1ebfp&#8221; (y t\u00e1 nh\u00e0 tr\u01b0\u1eddng ho\u1eb7c b\u00e1c s\u0129 trong c\u00f9ng t\u00f2a nh\u00e0 v\u00e0 s\u1eb5n s\u00e0ng t\u01b0 v\u1ea5n ho\u1eb7c h\u1ed7 tr\u1ee3) ho\u1eb7c &#8220;gi\u00e1n ti\u1ebfp&#8221; (y t\u00e1 ho\u1eb7c b\u00e1c s\u0129 s\u1eb5n s\u00e0ng h\u1ed7 tr\u1ee3 qua ph\u01b0\u01a1ng ti\u1ec7n \u0111i\u1ec7n t\u1eed \u0111\u1ec3 cung c\u1ea5p b\u1ea5t k\u1ef3 h\u01b0\u1edbng d\u1eabn, t\u01b0 v\u1ea5n ho\u1eb7c tham kh\u1ea3o c\u1ea7n thi\u1ebft).&nbsp; [5 C.C.R. Sec. 3051.12(b)(1)(D).]&nbsp; N\u1ebfu s\u1ef1 gi\u00e1m s\u00e1t ph\u00f9 h\u1ee3p r\u1ea5t quan tr\u1ecdng \u0111\u1ed1i v\u1edbi d\u1ecbch v\u1ee5, h\u00e3y \u0111\u1ea3m b\u1ea3o th\u1ea3o lu\u1eadn v\u1ea5n \u0111\u1ec1 n\u00e0y v\u1edbi b\u00e1c s\u0129 c\u1ee7a h\u1ecdc sinh v\u00e0 cung c\u1ea5p t\u00e0i li\u1ec7u cho nh\u00f3m IEP n\u1ebfu c\u1ea7n.&nbsp;<\/p>\n\n\n\n<p>H\u1ecdc Khu c\u00f3 th\u1ec3 nh\u1ea5n m\u1ea1nh r\u1eb1ng m\u1ed9t d\u1ecbch v\u1ee5 y\u00eau c\u1ea7u <em>m\u1ed9t s\u1ed1<\/em> m\u1ee9c \u0111\u1ed9 \u201cth\u1ea9m \u0111\u1ecbnh \u0111i\u1ec1u d\u01b0\u1ee1ng, gi\u1ea3i th\u00edch ho\u1eb7c ra quy\u1ebft \u0111\u1ecbnh\u201d m\u00e0 b\u1ea5t k\u1ef3 ai kh\u00e1c ngo\u00e0i y t\u00e1 kh\u00f4ng th\u1ec3 cung c\u1ea5p.&nbsp; N\u1ebfu qu\u00fd v\u1ecb lo l\u1eafng li\u1ec7u c\u00f3 c\u1ea7n y t\u00e1 ho\u1eb7c nh\u00e2n vi\u00ean kh\u00e1c c\u1ee7a tr\u01b0\u1eddng \u0111\u1ec3 cung c\u1ea5p d\u1ecbch v\u1ee5 n\u00e0y kh\u00f4ng \u2014 ho\u1eb7c con qu\u00fd v\u1ecb c\u00f3 th\u1ec3 c\u1ea7n theo h\u1ecdc \u1edf tr\u01b0\u1eddng kh\u00e1c c\u00f3 y t\u00e1 t\u1ea1i ch\u1ed7 \u2014 \u0111\u00e2y l\u00e0 nh\u1eefng v\u1ea5n \u0111\u1ec1 c\u1ea7n th\u1ea3o lu\u1eadn v\u1edbi b\u00e1c s\u0129 v\u00e0 nh\u00f3m IEP.&nbsp; Vi\u1ec7c x\u00e1c \u0111\u1ecbnh li\u1ec7u m\u1ed9t d\u1ecbch v\u1ee5 c\u00f3 y\u00eau c\u1ea7u th\u1ea9m \u0111\u1ecbnh \u0111i\u1ec1u d\u01b0\u1ee1ng, gi\u1ea3i th\u00edch ho\u1eb7c ra quy\u1ebft \u0111\u1ecbnh hay kh\u00f4ng ph\u1ea3i \u0111\u01b0\u1ee3c \u0111\u01b0a ra khi tham kh\u1ea3o \u00fd ki\u1ebfn b\u00e1c s\u0129 c\u1ee7a tr\u1ebb.&nbsp; [Cal. Ed. Code Sec. 49423,5(a)(2).]&nbsp; N\u1ebfu c\u00f3 s\u1ef1 b\u1ea5t \u0111\u1ed3ng, qu\u00fd v\u1ecb c\u00f3 th\u1ec3 n\u1ed9p \u0111\u01a1n y\u00eau c\u1ea7u th\u1ee7 t\u1ee5c ph\u00e1p l\u00fd.&nbsp; Xem Ch\u01b0\u01a1ng 6, <em>Th\u00f4ng Tin v\u1ec1 Th\u1ee7 T\u1ee5c Ph\u00e1p L\u00fd\/Tu\u00e2n Th\u1ee7<\/em>.&nbsp;<\/p>\n","protected":false},"excerpt":{"rendered":"<p>Theo lu\u1eadt ti\u1ec3u bang, \u201cd\u1ecbch v\u1ee5 ch\u0103m s\u00f3c s\u1ee9c kh\u1ecfe th\u1ec3 ch\u1ea5t chuy\u00ean m\u00f4n\u201d bao g\u1ed3m \u0111\u1eb7t \u1ed1ng th\u00f4ng, cho \u0103n b\u1eb1ng \u1ed1ng th\u00f4ng d\u1ea1&hellip;<\/p>\n","protected":false},"author":1,"featured_media":0,"parent":360,"menu_order":20,"comment_status":"closed","ping_status":"closed","template":"","meta":{"footnotes":""},"class_list":["post-2967","page","type-page","status-publish","hentry"],"_links":{"self":[{"href":"https:\/\/serr.disabilityrightsca.org\/vi\/wp-json\/wp\/v2\/pages\/2967","targetHints":{"allow":["GET"]}}],"collection":[{"href":"https:\/\/serr.disabilityrightsca.org\/vi\/wp-json\/wp\/v2\/pages"}],"about":[{"href":"https:\/\/serr.disabilityrightsca.org\/vi\/wp-json\/wp\/v2\/types\/page"}],"author":[{"embeddable":true,"href":"https:\/\/serr.disabilityrightsca.org\/vi\/wp-json\/wp\/v2\/users\/1"}],"replies":[{"embeddable":true,"href":"https:\/\/serr.disabilityrightsca.org\/vi\/wp-json\/wp\/v2\/comments?post=2967"}],"version-history":[{"count":4,"href":"https:\/\/serr.disabilityrightsca.org\/vi\/wp-json\/wp\/v2\/pages\/2967\/revisions"}],"predecessor-version":[{"id":4269,"href":"https:\/\/serr.disabilityrightsca.org\/vi\/wp-json\/wp\/v2\/pages\/2967\/revisions\/4269"}],"up":[{"embeddable":true,"href":"https:\/\/serr.disabilityrightsca.org\/vi\/wp-json\/wp\/v2\/pages\/360"}],"wp:attachment":[{"href":"https:\/\/serr.disabilityrightsca.org\/vi\/wp-json\/wp\/v2\/media?parent=2967"}],"curies":[{"name":"wp","href":"https:\/\/api.w.org\/{rel}","templated":true}]}}