{"id":2969,"date":"2019-12-31T10:56:56","date_gmt":"2019-12-31T18:56:56","guid":{"rendered":"https:\/\/serr.disabilityrightsca.org\/?page_id=2969"},"modified":"2021-02-08T12:22:39","modified_gmt":"2021-02-08T20:22:39","slug":"14-21-hoc-khu-co-the-yeu-cau-toi-thanh-toan-cho-cac-dich-vu-dieu-duong-cua-con-toi-hoac-su-dung-medi-cal-de-cho-tre-di-hoc-khong","status":"publish","type":"page","link":"https:\/\/serr.disabilityrightsca.org\/vi\/serr-manual\/chuong-14-thong-tin-ve-quyen-cua-hoc-sinh-co-tinh-trang-suc-khoe-nghiem-trong\/14-21-hoc-khu-co-the-yeu-cau-toi-thanh-toan-cho-cac-dich-vu-dieu-duong-cua-con-toi-hoac-su-dung-medi-cal-de-cho-tre-di-hoc-khong\/","title":{"rendered":"(14.21) H\u1ecdc khu c\u00f3 th\u1ec3 y\u00eau c\u1ea7u t\u00f4i thanh to\u00e1n cho c\u00e1c d\u1ecbch v\u1ee5 \u0111i\u1ec1u d\u01b0\u1ee1ng c\u1ee7a con t\u00f4i ho\u1eb7c s\u1eed d\u1ee5ng Medi-Cal \u0111\u1ec3 cho tr\u1ebb \u0111i h\u1ecdc kh\u00f4ng?"},"content":{"rendered":"\n<p>Kh\u00f4ng. C\u00e1c d\u1ecbch v\u1ee5 m\u00e0 tr\u1ebb c\u1ea7n \u0111\u1ec3 \u0111i h\u1ecdc v\u00e0 h\u01b0\u1edfng l\u1ee3i t\u1eeb gi\u00e1o d\u1ee5c ph\u1ea3i \u0111\u01b0\u1ee3c mi\u1ec5n ph\u00ed cho ph\u1ee5 huynh.&nbsp; [20 U.S.C. Sec. 1401(29); 34 C.F.R. Sec. 104.33(c)(1).]<\/p>\n\n\n\n<p>H\u1ecdc khu ph\u1ea3i t\u00ecm \u0111\u1ebfn c\u00e1c c\u01a1 quan c\u00f4ng phi gi\u00e1o d\u1ee5c kh\u00e1c, nh\u01b0 ch\u01b0\u01a1ng tr\u00ecnh Medi-Cal, \u0111\u1ec3 thanh to\u00e1n cho c\u00e1c d\u1ecbch v\u1ee5 tr\u01b0\u1edbc khi s\u1eed d\u1ee5ng ti\u1ec1n c\u1ee7a ch\u00ednh m\u00ecnh.&nbsp; Tuy nhi\u00ean, qu\u00fd v\u1ecb ph\u1ea3i \u0111\u1ed3ng \u00fd cho h\u1ecdc khu ti\u1ebfp c\u1eadn c\u00e1c ph\u00fac l\u1ee3i ho\u1eb7c b\u1ea3o hi\u1ec3m c\u00f4ng bao g\u1ed3m c\u1ea3 Medi-Cal. Qu\u00fd v\u1ecb kh\u00f4ng nh\u1ea5t thi\u1ebft ph\u1ea3i \u0111\u1ed3ng \u00fd.&nbsp; <em>Vi\u1ec7c qu\u00fd v\u1ecb t\u1eeb ch\u1ed1i ch\u1ea5p thu\u1eadn kh\u00f4ng l\u00e0m gi\u1ea3m tr\u00e1ch nhi\u1ec7m c\u1ee7a h\u1ecdc khu trong vi\u1ec7c \u0111\u1ea3m b\u1ea3o r\u1eb1ng t\u1ea5t c\u1ea3 c\u00e1c d\u1ecbch v\u1ee5 c\u1ea7n thi\u1ebft \u0111\u01b0\u1ee3c cung c\u1ea5p mi\u1ec5n ph\u00ed.<\/em>&nbsp; [34 C.F.R. Secs. 300.154(a)(1) &amp; (d)(2)(iv).]&nbsp; H\u1ecdc khu kh\u00f4ng th\u1ec3 y\u00eau c\u1ea7u qu\u00fd v\u1ecb thanh to\u00e1n c\u00e1c chi ph\u00ed t\u1ef1 tr\u1ea3, ch\u1eb3ng h\u1ea1n nh\u01b0 c\u00e1c kho\u1ea3n kh\u1ea5u tr\u1eeb ho\u1eb7c c\u00e1c kho\u1ea3n \u0111\u1ed3ng thanh to\u00e1n (nh\u01b0ng <em>h\u1ecdc khu<\/em> c\u00f3 th\u1ec3 thanh to\u00e1n c\u00e1c chi ph\u00ed n\u00e0y).&nbsp; Ngo\u00e0i ra, h\u1ecdc khu kh\u00f4ng th\u1ec3 y\u00eau c\u1ea7u qu\u00fd v\u1ecb \u0111\u0103ng k\u00fd Medi-Cal ho\u1eb7c s\u1eed d\u1ee5ng Medi-Cal c\u1ee7a con m\u00ecnh n\u1ebfu vi\u1ec7c s\u1eed d\u1ee5ng \u0111\u00f3 s\u1ebd:<\/p>\n\n\n\n<ul class=\"wp-block-list\"><li>L\u00e0m gi\u1ea3m b\u1ea3o hi\u1ec3m tr\u1ecdn \u0111\u1eddi c\u00f3 s\u1eb5n c\u1ee7a qu\u00fd v\u1ecb ho\u1eb7c b\u1ea5t k\u1ef3 ph\u00fac l\u1ee3i b\u1ea3o hi\u1ec3m n\u00e0o kh\u00e1c;<\/li><li>Khi\u1ebfn gia \u0111\u00ecnh ph\u1ea3i thanh to\u00e1n cho c\u00e1c d\u1ecbch v\u1ee5 s\u1ebd \u0111\u01b0\u1ee3c Medi-Cal bao tr\u1ea3 v\u00e0 c\u00e1c d\u1ecbch v\u1ee5 \u0111\u00f3 l\u00e0 b\u1eaft bu\u1ed9c \u0111\u1ed1i v\u1edbi con qu\u00fd v\u1ecb ngo\u00e0i th\u1eddi gian tr\u1ebb \u0111i h\u1ecdc;<\/li><li>T\u0103ng ph\u00ed b\u1ea3o hi\u1ec3m ho\u1eb7c d\u1eabn \u0111\u1ebfn ng\u1eebng ph\u00fac l\u1ee3i; ho\u1eb7c<\/li><li>C\u00f3 nguy c\u01a1 m\u1ea5t kh\u1ea3 n\u0103ng h\u1ed9i \u0111\u1ee7 \u0111i\u1ec1u ki\u1ec7n \u201cmi\u1ec5n tr\u1eeb c\u0103n c\u1ee9 theo gia \u0111\u00ecnh v\u00e0 c\u1ed9ng \u0111\u1ed3ng\u201d c\u1ee7a tr\u1ebb, d\u1ef1a tr\u00ean \u201cc\u00e1c chi ph\u00ed li\u00ean quan \u0111\u1ebfn s\u1ee9c kh\u1ecfe t\u1ed5ng h\u1ee3p\u201d.<\/li><\/ul>\n\n\n\n<p>[34 C.F.R. Sec. 300.154(d)(2).]<\/p>\n\n\n\n<p>Ngay c\u1ea3 khi h\u1ecdc khu y\u00eau c\u1ea7u qu\u00fd v\u1ecb \u0111\u1ed3ng \u00fd s\u1eed d\u1ee5ng c\u00e1c ph\u00fac l\u1ee3i c\u00f4ng c\u1ed9ng v\u00e0 \u0111\u00e1p \u1ee9ng c\u00e1c y\u00eau c\u1ea7u \u0111\u01b0\u1ee3c li\u1ec7t k\u00ea \u1edf tr\u00ean, qu\u00fd v\u1ecb v\u1eabn c\u00f3 th\u1ec3 t\u1eeb ch\u1ed1i ch\u1ea5p thu\u1eadn.<\/p>\n","protected":false},"excerpt":{"rendered":"<p>Kh\u00f4ng. C\u00e1c d\u1ecbch v\u1ee5 m\u00e0 tr\u1ebb c\u1ea7n \u0111\u1ec3 \u0111i h\u1ecdc v\u00e0 h\u01b0\u1edfng l\u1ee3i t\u1eeb gi\u00e1o d\u1ee5c ph\u1ea3i \u0111\u01b0\u1ee3c mi\u1ec5n ph\u00ed cho ph\u1ee5 huynh.&nbsp; [20 U.S.C.&hellip;<\/p>\n","protected":false},"author":1,"featured_media":0,"parent":360,"menu_order":21,"comment_status":"closed","ping_status":"closed","template":"","meta":{"footnotes":""},"class_list":["post-2969","page","type-page","status-publish","hentry"],"_links":{"self":[{"href":"https:\/\/serr.disabilityrightsca.org\/vi\/wp-json\/wp\/v2\/pages\/2969","targetHints":{"allow":["GET"]}}],"collection":[{"href":"https:\/\/serr.disabilityrightsca.org\/vi\/wp-json\/wp\/v2\/pages"}],"about":[{"href":"https:\/\/serr.disabilityrightsca.org\/vi\/wp-json\/wp\/v2\/types\/page"}],"author":[{"embeddable":true,"href":"https:\/\/serr.disabilityrightsca.org\/vi\/wp-json\/wp\/v2\/users\/1"}],"replies":[{"embeddable":true,"href":"https:\/\/serr.disabilityrightsca.org\/vi\/wp-json\/wp\/v2\/comments?post=2969"}],"version-history":[{"count":2,"href":"https:\/\/serr.disabilityrightsca.org\/vi\/wp-json\/wp\/v2\/pages\/2969\/revisions"}],"predecessor-version":[{"id":4270,"href":"https:\/\/serr.disabilityrightsca.org\/vi\/wp-json\/wp\/v2\/pages\/2969\/revisions\/4270"}],"up":[{"embeddable":true,"href":"https:\/\/serr.disabilityrightsca.org\/vi\/wp-json\/wp\/v2\/pages\/360"}],"wp:attachment":[{"href":"https:\/\/serr.disabilityrightsca.org\/vi\/wp-json\/wp\/v2\/media?parent=2969"}],"curies":[{"name":"wp","href":"https:\/\/api.w.org\/{rel}","templated":true}]}}