{"id":2971,"date":"2019-12-31T10:57:49","date_gmt":"2019-12-31T18:57:49","guid":{"rendered":"https:\/\/serr.disabilityrightsca.org\/?page_id=2971"},"modified":"2021-02-08T12:23:20","modified_gmt":"2021-02-08T20:23:20","slug":"14-22-hoc-khu-co-the-de-xuat-toi-su-dung-bao-hiem-tu-nhan-cua-gia-dinh-minh-de-thanh-toan-cho-cac-dich-vu-cham-soc-suc-khoe-ma-con-toi-can-trong-ngay-hoc-khong","status":"publish","type":"page","link":"https:\/\/serr.disabilityrightsca.org\/vi\/serr-manual\/chuong-14-thong-tin-ve-quyen-cua-hoc-sinh-co-tinh-trang-suc-khoe-nghiem-trong\/14-22-hoc-khu-co-the-de-xuat-toi-su-dung-bao-hiem-tu-nhan-cua-gia-dinh-minh-de-thanh-toan-cho-cac-dich-vu-cham-soc-suc-khoe-ma-con-toi-can-trong-ngay-hoc-khong\/","title":{"rendered":"(14.22) H\u1ecdc khu c\u00f3 th\u1ec3 \u0111\u1ec1 xu\u1ea5t t\u00f4i s\u1eed d\u1ee5ng b\u1ea3o hi\u1ec3m t\u01b0 nh\u00e2n c\u1ee7a gia \u0111\u00ecnh m\u00ecnh \u0111\u1ec3 thanh to\u00e1n cho c\u00e1c d\u1ecbch v\u1ee5 ch\u0103m s\u00f3c s\u1ee9c kh\u1ecfe m\u00e0 con t\u00f4i c\u1ea7n trong ng\u00e0y h\u1ecdc kh\u00f4ng?"},"content":{"rendered":"\n<p>H\u1ecdc khu ch\u1ec9 c\u00f3 th\u1ec3 s\u1eed d\u1ee5ng ph\u00fac l\u1ee3i b\u1ea3o hi\u1ec3m y t\u1ebf t\u01b0 nh\u00e2n cho m\u1ee5c \u0111\u00edch n\u00e0y n\u1ebfu ph\u1ee5 huynh \u0111\u1ed3ng \u00fd v\u00e0 ch\u1ec9 khi h\u1ecdc khu th\u00f4ng b\u00e1o v\u1edbi qu\u00fd v\u1ecb r\u1eb1ng vi\u1ec7c qu\u00fd v\u1ecb t\u1eeb ch\u1ed1i ch\u1ea5p thu\u1eadn kh\u00f4ng c\u00f3 ngh\u0129a l\u00e0 h\u1ecdc khu \u0111\u01b0\u1ee3c mi\u1ec5n tr\u00e1ch nhi\u1ec7m cung c\u1ea5p t\u1ea5t c\u1ea3 c\u00e1c d\u1ecbch v\u1ee5 m\u00e0 tr\u1ebb c\u1ea7n v\u00e0 mi\u1ec5n ph\u00ed cho gia \u0111\u00ecnh.&nbsp; [34 C.F.R. Sec. 300.154(e).]<\/p>\n","protected":false},"excerpt":{"rendered":"<p>H\u1ecdc khu ch\u1ec9 c\u00f3 th\u1ec3 s\u1eed d\u1ee5ng ph\u00fac l\u1ee3i b\u1ea3o hi\u1ec3m y t\u1ebf t\u01b0 nh\u00e2n cho m\u1ee5c \u0111\u00edch n\u00e0y n\u1ebfu ph\u1ee5 huynh \u0111\u1ed3ng \u00fd v\u00e0&hellip;<\/p>\n","protected":false},"author":1,"featured_media":0,"parent":360,"menu_order":22,"comment_status":"closed","ping_status":"closed","template":"","meta":{"footnotes":""},"class_list":["post-2971","page","type-page","status-publish","hentry"],"_links":{"self":[{"href":"https:\/\/serr.disabilityrightsca.org\/vi\/wp-json\/wp\/v2\/pages\/2971","targetHints":{"allow":["GET"]}}],"collection":[{"href":"https:\/\/serr.disabilityrightsca.org\/vi\/wp-json\/wp\/v2\/pages"}],"about":[{"href":"https:\/\/serr.disabilityrightsca.org\/vi\/wp-json\/wp\/v2\/types\/page"}],"author":[{"embeddable":true,"href":"https:\/\/serr.disabilityrightsca.org\/vi\/wp-json\/wp\/v2\/users\/1"}],"replies":[{"embeddable":true,"href":"https:\/\/serr.disabilityrightsca.org\/vi\/wp-json\/wp\/v2\/comments?post=2971"}],"version-history":[{"count":3,"href":"https:\/\/serr.disabilityrightsca.org\/vi\/wp-json\/wp\/v2\/pages\/2971\/revisions"}],"predecessor-version":[{"id":4271,"href":"https:\/\/serr.disabilityrightsca.org\/vi\/wp-json\/wp\/v2\/pages\/2971\/revisions\/4271"}],"up":[{"embeddable":true,"href":"https:\/\/serr.disabilityrightsca.org\/vi\/wp-json\/wp\/v2\/pages\/360"}],"wp:attachment":[{"href":"https:\/\/serr.disabilityrightsca.org\/vi\/wp-json\/wp\/v2\/media?parent=2971"}],"curies":[{"name":"wp","href":"https:\/\/api.w.org\/{rel}","templated":true}]}}