{"id":2973,"date":"2019-12-31T10:58:32","date_gmt":"2019-12-31T18:58:32","guid":{"rendered":"https:\/\/serr.disabilityrightsca.org\/?page_id=2973"},"modified":"2021-02-08T12:25:03","modified_gmt":"2021-02-08T20:25:03","slug":"14-23-hoc-khu-phai-thong-bao-dieu-gi-khi-yeu-cau-quy-vi-dong-y-su-dung-cac-phuc-loi-medi-cal-hoac-bao-hiem-y-te-tu-nhan-cua-con-quy-vi-de-thanh-toan-cho-dich-vu-lien-quan-den-giao-duc-dac-biet","status":"publish","type":"page","link":"https:\/\/serr.disabilityrightsca.org\/vi\/serr-manual\/chuong-14-thong-tin-ve-quyen-cua-hoc-sinh-co-tinh-trang-suc-khoe-nghiem-trong\/14-23-hoc-khu-phai-thong-bao-dieu-gi-khi-yeu-cau-quy-vi-dong-y-su-dung-cac-phuc-loi-medi-cal-hoac-bao-hiem-y-te-tu-nhan-cua-con-quy-vi-de-thanh-toan-cho-dich-vu-lien-quan-den-giao-duc-dac-biet\/","title":{"rendered":"(14.23) H\u1ecdc khu ph\u1ea3i th\u00f4ng b\u00e1o \u0111i\u1ec1u g\u00ec khi y\u00eau c\u1ea7u qu\u00fd v\u1ecb \u0111\u1ed3ng \u00fd s\u1eed d\u1ee5ng c\u00e1c ph\u00fac l\u1ee3i Medi-Cal ho\u1eb7c b\u1ea3o hi\u1ec3m y t\u1ebf t\u01b0 nh\u00e2n c\u1ee7a con qu\u00fd v\u1ecb \u0111\u1ec3 thanh to\u00e1n cho d\u1ecbch v\u1ee5 li\u00ean quan \u0111\u1ebfn gi\u00e1o d\u1ee5c \u0111\u1eb7c bi\u1ec7t?"},"content":{"rendered":"\n<p>S\u1ef1 ch\u1ea5p thu\u1eadn c\u1ee7a ph\u1ee5 huynh ch\u1ec9 h\u1ee3p l\u1ec7 n\u1ebfu qu\u00fd v\u1ecb \u0111\u00e3 \u0111\u01b0\u1ee3c th\u00f4ng b\u00e1o \u0111\u1ea7y \u0111\u1ee7 v\u1ec1 t\u1ea5t c\u1ea3 c\u00e1c th\u00f4ng tin li\u00ean quan \u0111\u1ebfn ho\u1ea1t \u0111\u1ed9ng c\u1ea7n \u0111\u01b0\u1ee3c ch\u1ea5p thu\u1eadn, b\u1eb1ng ng\u00f4n ng\u1eef m\u1eb9 \u0111\u1ebb ho\u1eb7c ph\u01b0\u01a1ng th\u1ee9c giao ti\u1ebfp kh\u00e1c c\u1ee7a qu\u00fd v\u1ecb.&nbsp; Qu\u00fd v\u1ecb ph\u1ea3i \u201chi\u1ec3u v\u00e0 \u0111\u1ed3ng \u00fd\u201d b\u1eb1ng v\u0103n b\u1ea3n.&nbsp; Qu\u00fd v\u1ecb n\u00ean hi\u1ec3u r\u1eb1ng vi\u1ec7c ch\u1ea5p thu\u1eadn l\u00e0 t\u1ef1 nguy\u1ec7n v\u00e0 c\u00f3 th\u1ec3 thu h\u1ed3i b\u1ea5t c\u1ee9 l\u00fac n\u00e0o.&nbsp; [34 C.F.R. Secs. 300.154(d)(2)(iv)(A), (e), &amp; 300.9.]<\/p>\n\n\n\n<p>\u0110\u1ed1i v\u1edbi tr\u1ebb c\u00f3 c\u1ea3 b\u1ea3o hi\u1ec3m Medi-Cal v\u00e0 b\u1ea3o hi\u1ec3m t\u01b0 nh\u00e2n, ph\u1ee5 huynh ph\u1ea3i \u0111\u01b0\u1ee3c th\u00f4ng b\u00e1o r\u1eb1ng vi\u1ec7c s\u1eed d\u1ee5ng Medi-Cal c\u1ee7a tr\u1ebb c\u00f3 th\u1ec3 d\u1eabn \u0111\u1ebfn ch\u01b0\u01a1ng tr\u00ecnh Medi-Cal b\u1eaft \u0111\u1ea7u y\u00eau c\u1ea7u b\u1ed3i th\u01b0\u1eddng c\u1ee7a b\u00ean th\u1ee9 ba t\u1eeb b\u1ea3o hi\u1ec3m t\u01b0 nh\u00e2n c\u1ee7a tr\u1ebb. Vi\u1ec7c n\u00e0y c\u00f3 th\u1ec3 s\u1eed d\u1ee5ng h\u1ebft gi\u1edbi h\u1ea1n b\u1ea3o hi\u1ec3m t\u01b0 nh\u00e2n tr\u1ecdn \u0111\u1eddi ho\u1eb7c gi\u1edbi h\u1ea1n b\u1ea3o hi\u1ec3m tr\u1ecdn \u0111\u1eddi cho m\u1ed9t d\u1ecbch v\u1ee5 ho\u1eb7c \u0111i\u1ec1u tr\u1ecb c\u1ee5 th\u1ec3.<\/p>\n","protected":false},"excerpt":{"rendered":"<p>S\u1ef1 ch\u1ea5p thu\u1eadn c\u1ee7a ph\u1ee5 huynh ch\u1ec9 h\u1ee3p l\u1ec7 n\u1ebfu qu\u00fd v\u1ecb \u0111\u00e3 \u0111\u01b0\u1ee3c th\u00f4ng b\u00e1o \u0111\u1ea7y \u0111\u1ee7 v\u1ec1 t\u1ea5t c\u1ea3 c\u00e1c th\u00f4ng tin li\u00ean&hellip;<\/p>\n","protected":false},"author":1,"featured_media":0,"parent":360,"menu_order":23,"comment_status":"closed","ping_status":"closed","template":"","meta":{"footnotes":""},"class_list":["post-2973","page","type-page","status-publish","hentry"],"_links":{"self":[{"href":"https:\/\/serr.disabilityrightsca.org\/vi\/wp-json\/wp\/v2\/pages\/2973","targetHints":{"allow":["GET"]}}],"collection":[{"href":"https:\/\/serr.disabilityrightsca.org\/vi\/wp-json\/wp\/v2\/pages"}],"about":[{"href":"https:\/\/serr.disabilityrightsca.org\/vi\/wp-json\/wp\/v2\/types\/page"}],"author":[{"embeddable":true,"href":"https:\/\/serr.disabilityrightsca.org\/vi\/wp-json\/wp\/v2\/users\/1"}],"replies":[{"embeddable":true,"href":"https:\/\/serr.disabilityrightsca.org\/vi\/wp-json\/wp\/v2\/comments?post=2973"}],"version-history":[{"count":2,"href":"https:\/\/serr.disabilityrightsca.org\/vi\/wp-json\/wp\/v2\/pages\/2973\/revisions"}],"predecessor-version":[{"id":4272,"href":"https:\/\/serr.disabilityrightsca.org\/vi\/wp-json\/wp\/v2\/pages\/2973\/revisions\/4272"}],"up":[{"embeddable":true,"href":"https:\/\/serr.disabilityrightsca.org\/vi\/wp-json\/wp\/v2\/pages\/360"}],"wp:attachment":[{"href":"https:\/\/serr.disabilityrightsca.org\/vi\/wp-json\/wp\/v2\/media?parent=2973"}],"curies":[{"name":"wp","href":"https:\/\/api.w.org\/{rel}","templated":true}]}}